{"id":19986,"date":"2019-10-07T16:56:17","date_gmt":"2019-10-07T16:56:17","guid":{"rendered":"https:\/\/nestshostels.com\/politica-de-cookies\/"},"modified":"2025-10-08T10:07:59","modified_gmt":"2025-10-08T10:07:59","slug":"politica-de-cookies","status":"publish","type":"page","link":"https:\/\/nestshostels.com\/it\/politica-de-cookies\/","title":{"rendered":"Politica sui cookie"},"content":{"rendered":"\n<h1 class=\"wp-block-heading\">Politica dei Cookie<\/h1>\n\n<p><strong>Ultimo aggiornamento:<\/strong> Ottobre 2025<\/p>\n\n<hr class=\"wp-block-separator has-alpha-channel-opacity\"\/>\n\n<p><strong>Intermeal S.L.<\/strong> ti informa sull&#8217;uso dei cookie sul suo sito web: https:\/\/nestshostels.com<\/p>\n\n<hr class=\"wp-block-separator has-alpha-channel-opacity\"\/>\n\n<h2 class=\"wp-block-heading\">1. Che cosa sono i cookie?<\/h2>\n\n<p>I cookie sono file che puoi scaricare sul tuo dispositivo tramite i siti web. Sono strumenti fondamentali per offrire numerosi servizi della societ\u00e0 dell&#8217;informazione.<\/p>\n\n<p>Tra le altre cose, permettono a una pagina web di memorizzare e recuperare informazioni sui tuoi comportamenti di navigazione e, a seconda delle informazioni ottenute, possono essere usate per riconoscerti e migliorare il servizio offerto.<\/p>\n\n<hr class=\"wp-block-separator has-alpha-channel-opacity\"\/>\n\n<h2 class=\"wp-block-heading\">2. Tipi di cookie<\/h2>\n\n<h3 class=\"wp-block-heading\">2.1 In base all\u2019entit\u00e0 che le gestisce<\/h3>\n\n<p><strong>Cookie propri:<\/strong> Quelle che vengono inviate al dispositivo dell&#8217;utente da un computer o dominio gestito dallo stesso editore e da cui viene fornito il servizio richiesto dall&#8217;utente.<\/p>\n\n<p><strong>Cookie di terze parti:<\/strong> Quelli che vengono inviati al dispositivo dell&#8217;utente da un&#8217;altra macchina o dominio che non \u00e8 gestito dall&#8217;editore, ma da un&#8217;altra entit\u00e0 che tratta i dati ottenuti tramite i cookie.<\/p>\n\n<p>Nel caso in cui i cookie vengano installati da un dispositivo o dominio gestito dallo stesso editore, ma le informazioni raccolte tramite questi siano gestite da un terzo, non possono essere considerati cookie propri.<\/p>\n\n<h3 class=\"wp-block-heading\">2.2 In base al tempo a disposizione<\/h3>\n\n<p><strong>Cookies di sessione:<\/strong> Progettate per raccogliere e memorizzare dati mentre tu accedi a una pagina web. Di solito si usano per conservare informazioni che interessano solo per il servizio richiesto da te in un&#8217;unica occasione (per esempio, una lista di prodotti acquistati).<\/p>\n\n<p><strong>Cookie persistenti:<\/strong> I dati rimangono memorizzati sul dispositivo e possono essere accessibili e trattati per un periodo definito dal responsabile del cookie, che pu\u00f2 variare da pochi minuti a diversi anni.<\/p>\n\n<h3 class=\"wp-block-heading\">2.3 In base alla sua finalit\u00e0<\/h3>\n\n<p><strong>Cookie tecnici:<\/strong> Quelli che permettono all&#8217;utente di navigare su un sito web, piattaforma o applicazione e di utilizzare le diverse opzioni o servizi disponibili, come ad esempio:<\/p>\n\n<ul class=\"wp-block-list\">\n<li>Controlla il traffico e la comunicazione dei dati<\/li>\n\n\n\n<li>Identifica la sessione<\/li>\n\n\n\n<li>Accedi a zone con accesso riservato<\/li>\n\n\n\n<li>Ricordati gli elementi che fanno parte di un ordine<\/li>\n\n\n\n<li>Effettua il processo di acquisto di un ordine<\/li>\n\n\n\n<li>Fai la richiesta di iscrizione o partecipazione a un evento!<\/li>\n\n\n\n<li>Usa elementi di sicurezza mentre navighi<\/li>\n\n\n\n<li>Memorizza contenuti per la diffusione di video o audio<\/li>\n\n\n\n<li>Condividi i tuoi contenuti sui social!<\/li>\n<\/ul>\n\n<p><strong>Cookie di personalizzazione:<\/strong> Ti permettono di accedere al servizio con alcune caratteristiche generali predefinite in base a una serie di criteri sul tuo dispositivo, come ad esempio:<\/p>\n\n<ul class=\"wp-block-list\">\n<li>La lingua<\/li>\n\n\n\n<li>Il tipo di browser che usi per accedere al servizio<\/li>\n\n\n\n<li>La configurazione regionale da cui accedi al servizio<\/li>\n<\/ul>\n\n<p><strong>Cookie di analisi:<\/strong> Permettono a chi le gestisce di seguire e analizzare il comportamento degli utenti sui siti web a cui sono collegate. Le informazioni raccolte con questo tipo di cookie vengono utilizzate per misurare l&#8217;attivit\u00e0 dei siti web, delle app o delle piattaforme e per creare profili di navigazione degli utenti, in modo da apportare miglioramenti basati sull&#8217;analisi dei dati di utilizzo forniti dagli utenti del servizio.<\/p>\n\n<p><strong>Cookie pubblicitari:<\/strong> Permettono di gestire nel modo pi\u00f9 efficace possibile gli spazi pubblicitari.<\/p>\n\n<p><strong>Cookie di pubblicit\u00e0 comportamentale:<\/strong> Raccolgono informazioni sul comportamento degli utenti tramite l&#8217;osservazione continua delle loro abitudini di navigazione, permettendo di creare un profilo specifico per mostrare pubblicit\u00e0 in base a queste informazioni.<\/p>\n\n<p><strong>Cookie dei social media esterni:<\/strong> Vengono utilizzati per permettere ai visitatori di interagire con i contenuti di diverse piattaforme sociali (Facebook, YouTube, Twitter, LinkedIn, ecc.) e sono generati esclusivamente per gli utenti di queste reti sociali. Le condizioni di utilizzo di questi cookie e le informazioni raccolte sono regolate dalla politica sulla privacy della piattaforma sociale corrispondente.<\/p>\n\n<hr class=\"wp-block-separator has-alpha-channel-opacity\"\/>\n\n<h2 class=\"wp-block-heading\">3. Disattivazione e rimozione dei cookie<\/h2>\n\n<p>Hai la possibilit\u00e0 di permettere, bloccare o eliminare i cookie installati sul tuo dispositivo tramite le impostazioni del browser che hai sul tuo computer.<\/p>\n\n<p><strong>Importante:<\/strong> Disattivando i cookie, alcuni dei servizi disponibili potrebbero smettere di funzionare. Il modo per disabilitare i cookie varia da browser a browser, ma di solito puoi farlo dal menu Strumenti o Opzioni. Puoi anche dare un&#8217;occhiata al menu di Aiuto del tuo browser, dove troverai le istruzioni.<\/p>\n\n<p>Puoi scegliere in qualsiasi momento quali cookie vuoi che funzionino su questo sito web.<\/p>\n\n<h3 class=\"wp-block-heading\">3.1 Configurazione del browser<\/h3>\n\n<p>Puoi permettere, bloccare o eliminare i cookie installati sul tuo dispositivo tramite le impostazioni delle opzioni del browser:<\/p>\n\n<p><strong>Microsoft Internet Explorer o Microsoft Edge:<\/strong><br\/>http:\/\/windows.microsoft.com\/es-es\/windows-vista\/Block-or-allow-cookies<\/p>\n\n<p><strong>Mozilla Firefox:<\/strong><br\/>http:\/\/support.mozilla.org\/it\/kb\/impedire-ai-siti-web-di-salvare-le-tue-preferenze<\/p>\n\n<p><strong>Google Chrome:<\/strong><br\/>https:\/\/support.google.com\/accounts\/answer\/61416?hl=it<\/p>\n\n<p><strong>Safari:<\/strong><br\/>http:\/\/safari.helpmax.net\/es\/privacidad-y-seguridad\/come-gestire-i-cookie\/<\/p>\n\n<p><strong>Opera:<\/strong><br\/>http:\/\/help.opera.com\/Linux\/10.60\/es-ES\/cookies.html<\/p>\n\n<h3 class=\"wp-block-heading\">3.2 Strumenti di gestione dei cookie<\/h3>\n\n<p>Inoltre, puoi gestire il salvataggio dei cookie nel tuo browser tramite strumenti come i seguenti:<\/p>\n\n<p><strong>Ghostery:<\/strong><br\/>www.ghostery.com\/<\/p>\n\n<p><strong>Le tue scelte online:<\/strong><br\/>www.youronlinechoices.com\/es\/<\/p>\n\n<hr class=\"wp-block-separator has-alpha-channel-opacity\"\/>\n\n<h2 class=\"wp-block-heading\">4. Cookies utilizzate su https:\/\/nestshostels.com<\/h2>\n\n<p>Di seguito trovi le cookie utilizzate in questo portale, insieme alla loro tipologia e funzione:<\/p>\n\n<h3 class=\"wp-block-heading\">Cookie tecnici e di personalizzazione<\/h3>\n\n<h3 class=\"wp-block-heading\">Gestione del consenso sui cookie<\/h3>\n\n<p><strong>Cookie Script<\/strong><\/p>\n\n<ul class=\"wp-block-list\">\n<li>Tipo: Cookie di terze parti<\/li>\n\n\n\n<li>Fornitore: Cookie-Script.com<\/li>\n\n\n\n<li>Finalit\u00e0: Gestione del banner dei cookie e raccolta del consenso dell&#8217;utente<\/li>\n\n\n\n<li>Ulteriori informazioni: <a href=\"https:\/\/cookie-script.com\/cookie-report?identifier=823a2498c6d8f8bc9cc63c1a509111d2\" target=\"_blank\" rel=\"noreferrer noopener nofollow\">https:\/\/cookie-script.com\/<\/a><\/li>\n\n\n\n<li>Durata: 4 settimane<\/li>\n<\/ul>\n\n<p><strong>Cookie di sessione (PHPSESSID o simile)<\/strong><\/p>\n\n<ul class=\"wp-block-list\">\n<li>Tipo: Cookie di sessione, propria<\/li>\n\n\n\n<li>Finalit\u00e0: Identificare la sessione dell&#8217;utente e mantenere la navigazione<\/li>\n\n\n\n<li>Durata: Sessione<\/li>\n<\/ul>\n\n<p><strong>Cookie di lingua<\/strong><\/p>\n\n<ul class=\"wp-block-list\">\n<li>Tipo: Cookie proprio, persistente<\/li>\n\n\n\n<li>Finalit\u00e0: Ricordare la lingua selezionata dall&#8217;utente<\/li>\n\n\n\n<li>Durata: 1 anno<\/li>\n<\/ul>\n\n<p><strong>Cookie di accettazione dei cookie<\/strong><\/p>\n\n<ul class=\"wp-block-list\">\n<li>Tipo: Cookie proprio, persistente<\/li>\n\n\n\n<li>Scopo: Ricordarti che hai accettato la politica sui cookie<\/li>\n\n\n\n<li>Durata: 1 anno<\/li>\n<\/ul>\n\n<h3 class=\"wp-block-heading\">Cookie di analisi<\/h3>\n\n<p><strong>Google Analytics (_ga, _gid, _gat)<\/strong><\/p>\n\n<ul class=\"wp-block-list\">\n<li>Tipo: Cookie di terze parti, persistente<\/li>\n\n\n\n<li>Finalit\u00e0: Analisi statistica dell&#8217;utilizzo del sito web<\/li>\n\n\n\n<li>Durata: 2 anni (_ga), 24 ore (_gid), 1 minuto (_gat)<\/li>\n\n\n\n<li>Ulteriori informazioni: https:\/\/policies.google.com\/privacy<\/li>\n<\/ul>\n\n<h3 class=\"wp-block-heading\">Cookie dei social media<\/h3>\n\n<p>Quando integri widget o pulsanti dei social media, queste piattaforme possono installare i loro cookie:<\/p>\n\n<p><strong>Facebook<\/strong><\/p>\n\n<ul class=\"wp-block-list\">\n<li>Politica sui cookie: https:\/\/www.facebook.com\/policies\/cookies\/<\/li>\n<\/ul>\n\n<p><strong>Instagram<\/strong><\/p>\n\n<ul class=\"wp-block-list\">\n<li>Politica sui cookie: https:\/\/help.instagram.com\/1896641480634370<\/li>\n<\/ul>\n\n<p><strong>YouTube<\/strong><\/p>\n\n<ul class=\"wp-block-list\">\n<li>Politica sui cookie: https:\/\/policies.google.com\/technologies\/cookies<\/li>\n<\/ul>\n\n<hr class=\"wp-block-separator has-alpha-channel-opacity\"\/>\n\n<h2 class=\"wp-block-heading\">5. Accettazione della Politica sui cookie<\/h2>\n\n<p>https:\/\/nestshostels.com asume que usted acepta el uso de cookies. No obstante, muestra informaci\u00f3n sobre su Pol\u00edtica de cookies en la parte inferior o superior de cualquier p\u00e1gina del portal con cada inicio de sesi\u00f3n con el objeto de que usted sea consciente.<\/p>\n\n<p>Di fronte a queste informazioni, puoi intraprendere le seguenti azioni:<\/p>\n\n<p><strong>Accettare i cookie:<\/strong> Questo avviso non verr\u00e0 pi\u00f9 mostrato accedendo a qualsiasi pagina del portale durante la sessione attuale.<\/p>\n\n<p><strong>Chiudi:<\/strong> Nasconde l&#8217;avviso presente su questa pagina.<\/p>\n\n<p><strong>Modifica le tue impostazioni:<\/strong> Puoi scoprire di pi\u00f9 su cosa sono i cookie, leggere la Politica sui cookie di https:\/\/nestshostels.com e modificare le impostazioni del tuo browser.<\/p>\n\n<hr class=\"wp-block-separator has-alpha-channel-opacity\"\/>\n\n<h2 class=\"wp-block-heading\">6. Consenso<\/h2>\n\n<p>Navigando e continuando sul nostro sito web, acconsenti all&#8217;uso dei cookie nelle condizioni contenute in questa Politica sui Cookie.<\/p>\n\n<p><strong>Intermeal S.L.<\/strong> si riserva il diritto di modificare questa Politica sui Cookie in base a requisiti legislativi, regolamentari, o per adattare tale politica alle istruzioni fornite dall&#8217;Agenzia Spagnola per la Protezione dei Dati.<\/p>\n\n<p>Quando ci saranno cambiamenti significativi in questa Politica sui Cookie, informeremo gli utenti con un avviso sul sito web.<\/p>\n\n<hr class=\"wp-block-separator has-alpha-channel-opacity\"\/>\n\n<h2 class=\"wp-block-heading\">7. Maggiori informazioni<\/h2>\n\n<p>Per qualsiasi domanda su questa Politica dei Cookie, puoi contattarci:<\/p>\n\n<p><strong>Email:<\/strong> info@nestshostels.com<\/p>\n\n<p><strong>Indirizzo postale:<\/strong><br\/>Intermeal S.L.<br\/>Calle Viktor Machado, 12<br\/>38400 Puerto de la Cruz<br\/>Santa Cruz de Tenerife (Isole Canarie)<br\/>Spagna<\/p>\n\n<hr class=\"wp-block-separator has-alpha-channel-opacity\"\/>\n\n<p><strong>Data dell&#8217;ultimo aggiornamento:<\/strong> Ottobre 2025<\/p>\n","protected":false},"excerpt":{"rendered":"<p>Politica dei Cookie Ultimo aggiornamento: Ottobre 2025 Intermeal S.L. ti informa sull&#8217;uso dei cookie sul suo sito web: https:\/\/nestshostels.com 1. Che cosa sono i cookie? I cookie sono file che puoi scaricare sul tuo dispositivo tramite i siti web. Sono strumenti fondamentali per offrire numerosi servizi della societ\u00e0 dell&#8217;informazione. Tra le altre cose, permettono a<a href=\"https:\/\/nestshostels.com\/it\/politica-de-cookies\/\">Continue reading <span class=\"sr-only\">&#8220;Politica sui cookie&#8221;<\/span><\/a><\/p>\n","protected":false},"author":2,"featured_media":0,"parent":0,"menu_order":0,"comment_status":"closed","ping_status":"closed","template":"","meta":{"footnotes":""},"class_list":["post-19986","page","type-page","status-publish","hentry"],"acf":[],"yoast_head":"<!-- This site is optimized with the Yoast SEO plugin v27.1.1 - https:\/\/yoast.com\/product\/yoast-seo-wordpress\/ -->\n<title>Politica sui cookie | Nests Hostels<\/title>\n<meta name=\"description\" content=\"Intermeal S.L. informa sull&#039;uso dei cookie sul suo sito web: https:\/\/nestshostels.com\" \/>\n<meta name=\"robots\" content=\"index, follow, max-snippet:-1, max-image-preview:large, max-video-preview:-1\" \/>\n<link rel=\"canonical\" href=\"https:\/\/nestshostels.com\/it\/politica-de-cookies\/\" \/>\n<meta property=\"og:locale\" content=\"it_IT\" \/>\n<meta property=\"og:type\" content=\"article\" \/>\n<meta property=\"og:title\" content=\"Politica sui cookie | Nests Hostels\" \/>\n<meta property=\"og:description\" content=\"Intermeal S.L. informa sull&#039;uso dei cookie sul suo sito web: https:\/\/nestshostels.com\" \/>\n<meta property=\"og:url\" content=\"https:\/\/nestshostels.com\/it\/politica-de-cookies\/\" \/>\n<meta property=\"og:site_name\" content=\"Nests Hostels\" \/>\n<meta property=\"article:publisher\" content=\"https:\/\/www.facebook.com\/nesthosteltenerife\/\" \/>\n<meta property=\"article:modified_time\" content=\"2025-10-08T10:07:59+00:00\" \/>\n<meta property=\"og:image\" content=\"https:\/\/nestshostels.com\/wp-content\/uploads\/Nest-Pass-Islands-Map-v2.jpg\" \/>\n\t<meta property=\"og:image:width\" content=\"1850\" \/>\n\t<meta property=\"og:image:height\" content=\"1081\" \/>\n\t<meta property=\"og:image:type\" content=\"image\/jpeg\" \/>\n<meta name=\"twitter:card\" content=\"summary_large_image\" \/>\n<meta name=\"twitter:label1\" content=\"Tempo di lettura stimato\" \/>\n\t<meta name=\"twitter:data1\" content=\"6 minuti\" \/>\n<script type=\"application\/ld+json\" class=\"yoast-schema-graph\">{\"@context\":\"https:\/\/schema.org\",\"@graph\":[{\"@type\":\"WebPage\",\"@id\":\"https:\/\/nestshostels.com\/it\/politica-de-cookies\/\",\"url\":\"https:\/\/nestshostels.com\/it\/politica-de-cookies\/\",\"name\":\"Politica sui cookie | Nests Hostels\",\"isPartOf\":{\"@id\":\"https:\/\/nestshostels.com\/it\/#website\"},\"datePublished\":\"2019-10-07T16:56:17+00:00\",\"dateModified\":\"2025-10-08T10:07:59+00:00\",\"description\":\"Intermeal S.L. informa sull'uso dei cookie sul suo sito web: https:\/\/nestshostels.com\",\"breadcrumb\":{\"@id\":\"https:\/\/nestshostels.com\/it\/politica-de-cookies\/#breadcrumb\"},\"inLanguage\":\"it-IT\",\"potentialAction\":[{\"@type\":\"ReadAction\",\"target\":[\"https:\/\/nestshostels.com\/it\/politica-de-cookies\/\"]}]},{\"@type\":\"BreadcrumbList\",\"@id\":\"https:\/\/nestshostels.com\/it\/politica-de-cookies\/#breadcrumb\",\"itemListElement\":[{\"@type\":\"ListItem\",\"position\":1,\"name\":\"Portada\",\"item\":\"https:\/\/nestshostels.com\/it\/\"},{\"@type\":\"ListItem\",\"position\":2,\"name\":\"Politica sui cookie\"}]},{\"@type\":\"WebSite\",\"@id\":\"https:\/\/nestshostels.com\/it\/#website\",\"url\":\"https:\/\/nestshostels.com\/it\/\",\"name\":\"Nests Hostels\",\"description\":\"Tenerife Hostels for Travellers &amp; Digital Nomads\",\"publisher\":{\"@id\":\"https:\/\/nestshostels.com\/it\/#organization\"},\"alternateName\":\"Nest\",\"potentialAction\":[{\"@type\":\"SearchAction\",\"target\":{\"@type\":\"EntryPoint\",\"urlTemplate\":\"https:\/\/nestshostels.com\/it\/?s={search_term_string}\"},\"query-input\":{\"@type\":\"PropertyValueSpecification\",\"valueRequired\":true,\"valueName\":\"search_term_string\"}}],\"inLanguage\":\"it-IT\"},{\"@type\":\"Organization\",\"@id\":\"https:\/\/nestshostels.com\/it\/#organization\",\"name\":\"Nests Hostels\",\"alternateName\":\"Nest\",\"url\":\"https:\/\/nestshostels.com\/it\/\",\"logo\":{\"@type\":\"ImageObject\",\"inLanguage\":\"it-IT\",\"@id\":\"https:\/\/nestshostels.com\/it\/#\/schema\/logo\/image\/\",\"url\":\"https:\/\/nestshostels.com\/wp-content\/uploads\/logo-nests-hostel.webp\",\"contentUrl\":\"https:\/\/nestshostels.com\/wp-content\/uploads\/logo-nests-hostel.webp\",\"width\":200,\"height\":217,\"caption\":\"Nests Hostels\"},\"image\":{\"@id\":\"https:\/\/nestshostels.com\/it\/#\/schema\/logo\/image\/\"},\"sameAs\":[\"https:\/\/www.facebook.com\/nesthosteltenerife\/\",\"https:\/\/www.instagram.com\/nestshostels\/\",\"https:\/\/www.tiktok.com\/@nestshostels\",\"https:\/\/www.threads.com\/@nestshostels\/\",\"https:\/\/www.youtube.com\/@nestshostels\/\"]}]}<\/script>\n<!-- \/ Yoast SEO plugin. -->","yoast_head_json":{"title":"Politica sui cookie | Nests Hostels","description":"Intermeal S.L. informa sull'uso dei cookie sul suo sito web: https:\/\/nestshostels.com","robots":{"index":"index","follow":"follow","max-snippet":"max-snippet:-1","max-image-preview":"max-image-preview:large","max-video-preview":"max-video-preview:-1"},"canonical":"https:\/\/nestshostels.com\/it\/politica-de-cookies\/","og_locale":"it_IT","og_type":"article","og_title":"Politica sui cookie | Nests Hostels","og_description":"Intermeal S.L. informa sull'uso dei cookie sul suo sito web: https:\/\/nestshostels.com","og_url":"https:\/\/nestshostels.com\/it\/politica-de-cookies\/","og_site_name":"Nests Hostels","article_publisher":"https:\/\/www.facebook.com\/nesthosteltenerife\/","article_modified_time":"2025-10-08T10:07:59+00:00","og_image":[{"width":1850,"height":1081,"url":"https:\/\/nestshostels.com\/wp-content\/uploads\/Nest-Pass-Islands-Map-v2.jpg","type":"image\/jpeg"}],"twitter_card":"summary_large_image","twitter_misc":{"Tempo di lettura stimato":"6 minuti"},"schema":{"@context":"https:\/\/schema.org","@graph":[{"@type":"WebPage","@id":"https:\/\/nestshostels.com\/it\/politica-de-cookies\/","url":"https:\/\/nestshostels.com\/it\/politica-de-cookies\/","name":"Politica sui cookie | Nests Hostels","isPartOf":{"@id":"https:\/\/nestshostels.com\/it\/#website"},"datePublished":"2019-10-07T16:56:17+00:00","dateModified":"2025-10-08T10:07:59+00:00","description":"Intermeal S.L. informa sull'uso dei cookie sul suo sito web: https:\/\/nestshostels.com","breadcrumb":{"@id":"https:\/\/nestshostels.com\/it\/politica-de-cookies\/#breadcrumb"},"inLanguage":"it-IT","potentialAction":[{"@type":"ReadAction","target":["https:\/\/nestshostels.com\/it\/politica-de-cookies\/"]}]},{"@type":"BreadcrumbList","@id":"https:\/\/nestshostels.com\/it\/politica-de-cookies\/#breadcrumb","itemListElement":[{"@type":"ListItem","position":1,"name":"Portada","item":"https:\/\/nestshostels.com\/it\/"},{"@type":"ListItem","position":2,"name":"Politica sui cookie"}]},{"@type":"WebSite","@id":"https:\/\/nestshostels.com\/it\/#website","url":"https:\/\/nestshostels.com\/it\/","name":"Nests Hostels","description":"Tenerife Hostels for Travellers &amp; Digital Nomads","publisher":{"@id":"https:\/\/nestshostels.com\/it\/#organization"},"alternateName":"Nest","potentialAction":[{"@type":"SearchAction","target":{"@type":"EntryPoint","urlTemplate":"https:\/\/nestshostels.com\/it\/?s={search_term_string}"},"query-input":{"@type":"PropertyValueSpecification","valueRequired":true,"valueName":"search_term_string"}}],"inLanguage":"it-IT"},{"@type":"Organization","@id":"https:\/\/nestshostels.com\/it\/#organization","name":"Nests Hostels","alternateName":"Nest","url":"https:\/\/nestshostels.com\/it\/","logo":{"@type":"ImageObject","inLanguage":"it-IT","@id":"https:\/\/nestshostels.com\/it\/#\/schema\/logo\/image\/","url":"https:\/\/nestshostels.com\/wp-content\/uploads\/logo-nests-hostel.webp","contentUrl":"https:\/\/nestshostels.com\/wp-content\/uploads\/logo-nests-hostel.webp","width":200,"height":217,"caption":"Nests Hostels"},"image":{"@id":"https:\/\/nestshostels.com\/it\/#\/schema\/logo\/image\/"},"sameAs":["https:\/\/www.facebook.com\/nesthosteltenerife\/","https:\/\/www.instagram.com\/nestshostels\/","https:\/\/www.tiktok.com\/@nestshostels","https:\/\/www.threads.com\/@nestshostels\/","https:\/\/www.youtube.com\/@nestshostels\/"]}]}},"_links":{"self":[{"href":"https:\/\/nestshostels.com\/it\/wp-json\/wp\/v2\/pages\/19986","targetHints":{"allow":["GET"]}}],"collection":[{"href":"https:\/\/nestshostels.com\/it\/wp-json\/wp\/v2\/pages"}],"about":[{"href":"https:\/\/nestshostels.com\/it\/wp-json\/wp\/v2\/types\/page"}],"author":[{"embeddable":true,"href":"https:\/\/nestshostels.com\/it\/wp-json\/wp\/v2\/users\/2"}],"replies":[{"embeddable":true,"href":"https:\/\/nestshostels.com\/it\/wp-json\/wp\/v2\/comments?post=19986"}],"version-history":[{"count":1,"href":"https:\/\/nestshostels.com\/it\/wp-json\/wp\/v2\/pages\/19986\/revisions"}],"predecessor-version":[{"id":19987,"href":"https:\/\/nestshostels.com\/it\/wp-json\/wp\/v2\/pages\/19986\/revisions\/19987"}],"wp:attachment":[{"href":"https:\/\/nestshostels.com\/it\/wp-json\/wp\/v2\/media?parent=19986"}],"curies":[{"name":"wp","href":"https:\/\/api.w.org\/{rel}","templated":true}]}}