{"id":19938,"date":"2023-04-08T17:52:33","date_gmt":"2023-04-08T16:52:33","guid":{"rendered":"https:\/\/nestshostels.com\/ofertas-hostal-barato-tenerife\/"},"modified":"2026-02-17T09:35:39","modified_gmt":"2026-02-17T09:35:39","slug":"ofertas-hostal-barato-tenerife","status":"publish","type":"page","link":"https:\/\/nestshostels.com\/it\/ofertas-hostal-barato-tenerife\/","title":{"rendered":"Le nostre offerte di 10 ostelli economici a Tenerife e Gran Canaria"},"content":{"rendered":"\n<h1 class=\"wp-block-heading\">Le nostre offerte<\/h1>\n\n\n\n<h3 class=\"wp-block-heading\">10+ ostelli nelle isole, in 10 citt\u00e0 diverse,<br>visitali tutti con il Nest Pass!<\/h3>\n\n\n\n<p>Principalmente abbiamo <strong>due offerte<\/strong> che possiamo offrirti per farti vivere al meglio il tuo soggiorno nei nostri ostelli:<\/p>\n\n\n\n<p><strong><a href=\"#nest-pass-month\">Nest Pass Month<\/a><br><\/strong>(28 giorni o pi\u00f9)<strong><br><\/strong> <br><a href=\"#nest-pass-week\" rel=\"noopener\">Nest Pass Week<\/a><br>(7 giorni o pi\u00f9)<\/p>\n\n\n\n<p><\/p>\n\n\n\n<h2 class=\"wp-block-heading\">Nest Pass &#8211; Una prenotazione, pi\u00f9 ostelli<\/h2>\n\n\n\n<p>Il <strong>Nest Pass \u00e8 la formula che preferiamo e raccomandiamo<\/strong> ai nostri ospiti, perch\u00e9 ti permette di cambiare ostello e abbiamo 8 sull&#8217;isola di Tenerife e a Gran Canaria e Ibiza. <strong>E il Nest Pass si divide in settimanale e mensile<\/strong><\/p>\n\n\n\n<figure class=\"wp-block-image size-large\"><img loading=\"lazy\" decoding=\"async\" width=\"1024\" height=\"576\" src=\"https:\/\/nestshostels.com\/wp-content\/uploads\/2026\/02\/Nest-Pass-2026-1024x576.jpeg\" alt=\"Nest Pass The hostel pass in Canarias, with discount and freedom to move\" class=\"wp-image-21769\" srcset=\"https:\/\/nestshostels.com\/wp-content\/uploads\/2026\/02\/Nest-Pass-2026-1024x576.jpeg 1024w, https:\/\/nestshostels.com\/wp-content\/uploads\/2026\/02\/Nest-Pass-2026-300x169.jpeg 300w, https:\/\/nestshostels.com\/wp-content\/uploads\/2026\/02\/Nest-Pass-2026-768x432.jpeg 768w, https:\/\/nestshostels.com\/wp-content\/uploads\/2026\/02\/Nest-Pass-2026-1536x864.jpeg 1536w, https:\/\/nestshostels.com\/wp-content\/uploads\/2026\/02\/Nest-Pass-2026.jpeg 1600w\" sizes=\"auto, (max-width: 1024px) 100vw, 1024px\" \/><figcaption class=\"wp-element-caption\">Nest Pass The hostel pass in Canarias, with discount and freedom to move<\/figcaption><\/figure>\n\n\n\n<p><\/p>\n\n\n\n<h2 class=\"wp-block-heading\">Nest Pass Week 203 \u20ac<\/h2>\n\n\n\n<p class=\"has-text-align-left\">A partire da 7 giorni (fino a 27 giorni) al prezzo di <b>29 \u20ac al giorno<\/b><br>perfetto se hai poco tempo e <strong>vuoi muoverti tra diverse citt\u00e0 dell&#8217;isola con comodit\u00e0<\/strong> e con una sola prenotazione.<\/p>\n\n\n\n<p class=\"has-text-align-left\">Prenota con noi e quando sei in ostello chiedi alla reception di cambiarti ostello per i prossimi giorni e cos\u00ec <strong>di ostello in ostello, di citt\u00e0 in citt\u00e0.<\/strong><\/p>\n\n\n\n<p class=\"has-text-align-left\"><strong style=\"color: var( --e-global-color-97834e1 );\">Approfitta sempre di<\/strong> i nostri servizi disponibili in ogni hostel come&nbsp;asciugamani, lavanderia,<strong style=\"color: var( --e-global-color-97834e1 );\"> wifi, <\/strong>cucina<strong style=\"color: var( --e-global-color-97834e1 );\">, coworking\u2026<\/strong><\/p>\n\n\n\n<p class=\"has-text-align-left\"><strong style=\"color: var( --e-global-color-97834e1 );\">&nbsp;<\/strong><\/p>\n\n\n\n<p class=\"has-text-align-left\">Siamo un <b>ostello economico e di qualit\u00e0<\/b> perch\u00e9 vogliamo offrire ai nostri ospiti la <b>migliore esperienza<\/b>.<\/p>\n\n\n\n<p class=\"has-text-align-left\">E se pensi che sia solo economico, ti raccontiamo altre caratteristiche del Nest Pass.<\/p>\n\n\n\n<p>Hai 3 mesi di validit\u00e0 per usarlo dalla tua prenotazione. Se non utilizzi tutti i giorni, puoi sfruttarli nei prossimi 90 giorni come preferisci!<\/p>\n\n\n\n<p>\u00c8 trasferibile a un\u2019altra persona! Se non riesci a sfruttarlo, puoi regalarlo e cedere la titolarit\u00e0 del Pass&#8230; che beneficio fantastico!<\/p>\n\n\n\n<p class=\"has-text-align-left\">Si applica solo a camere con letti a castello.<\/p>\n\n\n\n<p class=\"has-text-align-left\">Non rimborsabile.<\/p>\n\n\n\n<h2 class=\"wp-block-heading\">Nest Pass Month 700 \u20ac<br>Offerta per un mese o pi\u00f9<\/h2>\n\n\n\n<p class=\"has-text-align-left\">La mensualit\u00e0 che a partire da 28 giorni (fino a 90 giorni) costa solo <strong>25 \u20ac al giorno.<\/strong><\/p>\n\n\n\n<p class=\"has-text-align-left\">Uno dei <strong>prezzi pi\u00f9 bassi per un ostello<\/strong> in tutta l&#8217;isola di Tenerife.<\/p>\n\n\n\n<p><b>Questa offerta \u00e8 per chi resta a lungo<\/b> sull&#8217;isola, come i nomadi digitali o chi \u00e8 venuto qui con la voglia di esplorare.<\/p>\n\n\n\n<p><strong>Poi puoi muoverti tra i 10 ostelli <\/strong>dell&#8217;isola di Tenerife: Costa Adeje, Los Gigantes\/Puerto Santiago, El M\u00e9dano, La Mareta, Puerto de la Cruz, Las Eras e La Laguna\/Santa Cruz de Tenerife.<\/p>\n\n\n\n<p>Con i nostri servizi come&nbsp;asciugamani, lavanderia, cucina, <strong>coworking, noleggio surf, diverse attivit\u00e0 ed esperienze<\/strong> organizzate in ognuno dei nostri <strong>economici e moderni Nests Hostels<\/strong>.<\/p>\n\n\n\n<p>Vogliamo che tu ti fermi nei <b>migliori posti al miglior prezzo<\/b> (per questo i nostri ostelli sono economici e <b>nelle citt\u00e0 pi\u00f9 popolari dell&#8217;isola<\/b> di Tenerife) e con i <b>migliori servizi e esperienze!<\/b> E <b>che tu ti senta come a casa<\/b> anche se sei in un ostello.<\/p>\n\n\n\n<p class=\"has-text-align-left\">E se pensi che sia solo economico, ti raccontiamo altre caratteristiche del Nest Pass.<\/p>\n\n\n\n<p>Ha una validit\u00e0 di 3 mesi da quando prenoti. Se non usi tutti i giorni, puoi sfruttarli nei prossimi 90 giorni come preferisci!<\/p>\n\n\n\n<p>\u00c8 trasferibile a un&#8217;altra persona! Se non puoi sfruttarlo, puoi regalarlo e cedere la titolarit\u00e0 del Pass&#8230; un beneficio spettacolare!<\/p>\n\n\n\n<p class=\"has-text-align-left\">Si applica solo a camere con letti a castello.<\/p>\n\n\n\n<p class=\"has-text-align-left\">Non rimborsabile.<\/p>\n\n\n\n<h4 class=\"wp-block-heading\">Una prenotazione, pi\u00f9 ostelli, pi\u00f9 citt\u00e0, pi\u00f9 emozioni e pi\u00f9 esperienze e persone da vivere!<br><\/h4>\n","protected":false},"excerpt":{"rendered":"<p>Le nostre offerte 10+ ostelli nelle isole, in 10 citt\u00e0 diverse,visitali tutti con il Nest Pass! Principalmente abbiamo due offerte che possiamo offrirti per farti vivere al meglio il tuo soggiorno nei nostri ostelli: Nest Pass Month(28 giorni o pi\u00f9) Nest Pass Week(7 giorni o pi\u00f9) Nest Pass &#8211; Una prenotazione, pi\u00f9 ostelli Il Nest<a href=\"https:\/\/nestshostels.com\/it\/ofertas-hostal-barato-tenerife\/\">Continue reading <span class=\"sr-only\">&#8220;Le nostre offerte di 10 ostelli economici a Tenerife e Gran Canaria&#8221;<\/span><\/a><\/p>\n","protected":false},"author":1,"featured_media":18117,"parent":0,"menu_order":0,"comment_status":"closed","ping_status":"closed","template":"","meta":{"footnotes":""},"class_list":["post-19938","page","type-page","status-publish","has-post-thumbnail","hentry"],"acf":[],"yoast_head":"<!-- This site is optimized with the Yoast SEO plugin v27.1.1 - https:\/\/yoast.com\/product\/yoast-seo-wordpress\/ -->\n<title>Le nostre offerte di 10 ostelli economici a Tenerife e Gran Canaria | Nests Hostels<\/title>\n<meta name=\"description\" content=\"Offerte di ostelli economici a Tenerife, Gran Canaria e Ibiza. Prenota uno e cambia ostello tra Costa Adeje, Puerto de la Cruz, El M\u00e9dano, Los Gigantes, La Laguna, Las Eras, Puerto de Santiago, Las Palmas, Ibiza...\" \/>\n<meta name=\"robots\" content=\"index, follow, max-snippet:-1, max-image-preview:large, max-video-preview:-1\" \/>\n<link rel=\"canonical\" href=\"https:\/\/nestshostels.com\/it\/ofertas-hostal-barato-tenerife\/\" \/>\n<meta property=\"og:locale\" content=\"it_IT\" \/>\n<meta property=\"og:type\" content=\"article\" \/>\n<meta property=\"og:title\" content=\"Le nostre offerte di ostelli economici a Tenerife, Gran Canaria e Ibiza\" \/>\n<meta property=\"og:description\" content=\"Offerte di ostelli economici a Tenerife, Gran Canaria e Ibiza. Prenota uno e cambia ostello tra Costa Adeje, Puerto de la Cruz, El M\u00e9dano, Los Gigantes, La Laguna, Las Eras, Puerto de Santiago, Las Palmas, Ibiza...\" \/>\n<meta property=\"og:url\" content=\"https:\/\/nestshostels.com\/it\/ofertas-hostal-barato-tenerife\/\" \/>\n<meta property=\"og:site_name\" content=\"Nests Hostels\" \/>\n<meta property=\"article:publisher\" content=\"https:\/\/www.facebook.com\/nesthosteltenerife\/\" \/>\n<meta property=\"article:modified_time\" content=\"2026-02-17T09:35:39+00:00\" \/>\n<meta property=\"og:image\" content=\"https:\/\/nestshostels.com\/wp-content\/uploads\/map-nests-hostels-tenerife-1024x429.png\" \/>\n<meta name=\"twitter:card\" content=\"summary_large_image\" \/>\n<meta name=\"twitter:title\" content=\"Le nostre offerte di 6 ostelli economici a Tenerife\" \/>\n<meta name=\"twitter:description\" content=\"Offerte di ostelli economici a Tenerife. Prenota uno e cambia ostello tra Costa Adeje, Puerto de la Cruz, El M\u00e9dano, Los Gigantes, La Laguna, Las Eras.\" \/>\n<meta name=\"twitter:image\" content=\"https:\/\/nestshostels.com\/wp-content\/uploads\/map-nests-hostels-tenerife-1024x429.png\" \/>\n<meta name=\"twitter:label1\" content=\"Tempo di lettura stimato\" \/>\n\t<meta name=\"twitter:data1\" content=\"4 minuti\" \/>\n<script type=\"application\/ld+json\" class=\"yoast-schema-graph\">{\"@context\":\"https:\/\/schema.org\",\"@graph\":[{\"@type\":\"WebPage\",\"@id\":\"https:\/\/nestshostels.com\/it\/ofertas-hostal-barato-tenerife\/\",\"url\":\"https:\/\/nestshostels.com\/it\/ofertas-hostal-barato-tenerife\/\",\"name\":\"Le nostre offerte di 10 ostelli economici a Tenerife e Gran Canaria | Nests Hostels\",\"isPartOf\":{\"@id\":\"https:\/\/nestshostels.com\/it\/#website\"},\"primaryImageOfPage\":{\"@id\":\"https:\/\/nestshostels.com\/it\/ofertas-hostal-barato-tenerife\/#primaryimage\"},\"image\":{\"@id\":\"https:\/\/nestshostels.com\/it\/ofertas-hostal-barato-tenerife\/#primaryimage\"},\"thumbnailUrl\":\"https:\/\/nestshostels.com\/wp-content\/uploads\/NESTPASS_bannerhome_1920x690px.png\",\"datePublished\":\"2023-04-08T16:52:33+00:00\",\"dateModified\":\"2026-02-17T09:35:39+00:00\",\"description\":\"Offerte di ostelli economici a Tenerife, Gran Canaria e Ibiza. Prenota uno e cambia ostello tra Costa Adeje, Puerto de la Cruz, El M\u00e9dano, Los Gigantes, La Laguna, Las Eras, Puerto de Santiago, Las Palmas, Ibiza...\",\"breadcrumb\":{\"@id\":\"https:\/\/nestshostels.com\/it\/ofertas-hostal-barato-tenerife\/#breadcrumb\"},\"inLanguage\":\"it-IT\",\"potentialAction\":[{\"@type\":\"ReadAction\",\"target\":[\"https:\/\/nestshostels.com\/it\/ofertas-hostal-barato-tenerife\/\"]}]},{\"@type\":\"ImageObject\",\"inLanguage\":\"it-IT\",\"@id\":\"https:\/\/nestshostels.com\/it\/ofertas-hostal-barato-tenerife\/#primaryimage\",\"url\":\"https:\/\/nestshostels.com\/wp-content\/uploads\/NESTPASS_bannerhome_1920x690px.png\",\"contentUrl\":\"https:\/\/nestshostels.com\/wp-content\/uploads\/NESTPASS_bannerhome_1920x690px.png\",\"width\":1920,\"height\":690,\"caption\":\"Nest Pass - One booking all Hostels\"},{\"@type\":\"BreadcrumbList\",\"@id\":\"https:\/\/nestshostels.com\/it\/ofertas-hostal-barato-tenerife\/#breadcrumb\",\"itemListElement\":[{\"@type\":\"ListItem\",\"position\":1,\"name\":\"Portada\",\"item\":\"https:\/\/nestshostels.com\/it\/\"},{\"@type\":\"ListItem\",\"position\":2,\"name\":\"Offertas\"}]},{\"@type\":\"WebSite\",\"@id\":\"https:\/\/nestshostels.com\/it\/#website\",\"url\":\"https:\/\/nestshostels.com\/it\/\",\"name\":\"Nests Hostels\",\"description\":\"Tenerife Hostels for Travellers &amp; Digital Nomads\",\"publisher\":{\"@id\":\"https:\/\/nestshostels.com\/it\/#organization\"},\"alternateName\":\"Nest\",\"potentialAction\":[{\"@type\":\"SearchAction\",\"target\":{\"@type\":\"EntryPoint\",\"urlTemplate\":\"https:\/\/nestshostels.com\/it\/?s={search_term_string}\"},\"query-input\":{\"@type\":\"PropertyValueSpecification\",\"valueRequired\":true,\"valueName\":\"search_term_string\"}}],\"inLanguage\":\"it-IT\"},{\"@type\":\"Organization\",\"@id\":\"https:\/\/nestshostels.com\/it\/#organization\",\"name\":\"Nests Hostels\",\"alternateName\":\"Nest\",\"url\":\"https:\/\/nestshostels.com\/it\/\",\"logo\":{\"@type\":\"ImageObject\",\"inLanguage\":\"it-IT\",\"@id\":\"https:\/\/nestshostels.com\/it\/#\/schema\/logo\/image\/\",\"url\":\"https:\/\/nestshostels.com\/wp-content\/uploads\/logo-nests-hostel.webp\",\"contentUrl\":\"https:\/\/nestshostels.com\/wp-content\/uploads\/logo-nests-hostel.webp\",\"width\":200,\"height\":217,\"caption\":\"Nests Hostels\"},\"image\":{\"@id\":\"https:\/\/nestshostels.com\/it\/#\/schema\/logo\/image\/\"},\"sameAs\":[\"https:\/\/www.facebook.com\/nesthosteltenerife\/\",\"https:\/\/www.instagram.com\/nestshostels\/\",\"https:\/\/www.tiktok.com\/@nestshostels\",\"https:\/\/www.threads.com\/@nestshostels\/\",\"https:\/\/www.youtube.com\/@nestshostels\/\"]}]}<\/script>\n<!-- \/ Yoast SEO plugin. -->","yoast_head_json":{"title":"Le nostre offerte di 10 ostelli economici a Tenerife e Gran Canaria | Nests Hostels","description":"Offerte di ostelli economici a Tenerife, Gran Canaria e Ibiza. Prenota uno e cambia ostello tra Costa Adeje, Puerto de la Cruz, El M\u00e9dano, Los Gigantes, La Laguna, Las Eras, Puerto de Santiago, Las Palmas, Ibiza...","robots":{"index":"index","follow":"follow","max-snippet":"max-snippet:-1","max-image-preview":"max-image-preview:large","max-video-preview":"max-video-preview:-1"},"canonical":"https:\/\/nestshostels.com\/it\/ofertas-hostal-barato-tenerife\/","og_locale":"it_IT","og_type":"article","og_title":"Le nostre offerte di ostelli economici a Tenerife, Gran Canaria e Ibiza","og_description":"Offerte di ostelli economici a Tenerife, Gran Canaria e Ibiza. Prenota uno e cambia ostello tra Costa Adeje, Puerto de la Cruz, El M\u00e9dano, Los Gigantes, La Laguna, Las Eras, Puerto de Santiago, Las Palmas, Ibiza...","og_url":"https:\/\/nestshostels.com\/it\/ofertas-hostal-barato-tenerife\/","og_site_name":"Nests Hostels","article_publisher":"https:\/\/www.facebook.com\/nesthosteltenerife\/","article_modified_time":"2026-02-17T09:35:39+00:00","og_image":[{"url":"https:\/\/nestshostels.com\/wp-content\/uploads\/map-nests-hostels-tenerife-1024x429.png","type":"","width":"","height":""}],"twitter_card":"summary_large_image","twitter_title":"Le nostre offerte di 6 ostelli economici a Tenerife","twitter_description":"Offerte di ostelli economici a Tenerife. Prenota uno e cambia ostello tra Costa Adeje, Puerto de la Cruz, El M\u00e9dano, Los Gigantes, La Laguna, Las Eras.","twitter_image":"https:\/\/nestshostels.com\/wp-content\/uploads\/map-nests-hostels-tenerife-1024x429.png","twitter_misc":{"Tempo di lettura stimato":"4 minuti"},"schema":{"@context":"https:\/\/schema.org","@graph":[{"@type":"WebPage","@id":"https:\/\/nestshostels.com\/it\/ofertas-hostal-barato-tenerife\/","url":"https:\/\/nestshostels.com\/it\/ofertas-hostal-barato-tenerife\/","name":"Le nostre offerte di 10 ostelli economici a Tenerife e Gran Canaria | Nests Hostels","isPartOf":{"@id":"https:\/\/nestshostels.com\/it\/#website"},"primaryImageOfPage":{"@id":"https:\/\/nestshostels.com\/it\/ofertas-hostal-barato-tenerife\/#primaryimage"},"image":{"@id":"https:\/\/nestshostels.com\/it\/ofertas-hostal-barato-tenerife\/#primaryimage"},"thumbnailUrl":"https:\/\/nestshostels.com\/wp-content\/uploads\/NESTPASS_bannerhome_1920x690px.png","datePublished":"2023-04-08T16:52:33+00:00","dateModified":"2026-02-17T09:35:39+00:00","description":"Offerte di ostelli economici a Tenerife, Gran Canaria e Ibiza. Prenota uno e cambia ostello tra Costa Adeje, Puerto de la Cruz, El M\u00e9dano, Los Gigantes, La Laguna, Las Eras, Puerto de Santiago, Las Palmas, Ibiza...","breadcrumb":{"@id":"https:\/\/nestshostels.com\/it\/ofertas-hostal-barato-tenerife\/#breadcrumb"},"inLanguage":"it-IT","potentialAction":[{"@type":"ReadAction","target":["https:\/\/nestshostels.com\/it\/ofertas-hostal-barato-tenerife\/"]}]},{"@type":"ImageObject","inLanguage":"it-IT","@id":"https:\/\/nestshostels.com\/it\/ofertas-hostal-barato-tenerife\/#primaryimage","url":"https:\/\/nestshostels.com\/wp-content\/uploads\/NESTPASS_bannerhome_1920x690px.png","contentUrl":"https:\/\/nestshostels.com\/wp-content\/uploads\/NESTPASS_bannerhome_1920x690px.png","width":1920,"height":690,"caption":"Nest Pass - One booking all Hostels"},{"@type":"BreadcrumbList","@id":"https:\/\/nestshostels.com\/it\/ofertas-hostal-barato-tenerife\/#breadcrumb","itemListElement":[{"@type":"ListItem","position":1,"name":"Portada","item":"https:\/\/nestshostels.com\/it\/"},{"@type":"ListItem","position":2,"name":"Offertas"}]},{"@type":"WebSite","@id":"https:\/\/nestshostels.com\/it\/#website","url":"https:\/\/nestshostels.com\/it\/","name":"Nests Hostels","description":"Tenerife Hostels for Travellers &amp; Digital Nomads","publisher":{"@id":"https:\/\/nestshostels.com\/it\/#organization"},"alternateName":"Nest","potentialAction":[{"@type":"SearchAction","target":{"@type":"EntryPoint","urlTemplate":"https:\/\/nestshostels.com\/it\/?s={search_term_string}"},"query-input":{"@type":"PropertyValueSpecification","valueRequired":true,"valueName":"search_term_string"}}],"inLanguage":"it-IT"},{"@type":"Organization","@id":"https:\/\/nestshostels.com\/it\/#organization","name":"Nests Hostels","alternateName":"Nest","url":"https:\/\/nestshostels.com\/it\/","logo":{"@type":"ImageObject","inLanguage":"it-IT","@id":"https:\/\/nestshostels.com\/it\/#\/schema\/logo\/image\/","url":"https:\/\/nestshostels.com\/wp-content\/uploads\/logo-nests-hostel.webp","contentUrl":"https:\/\/nestshostels.com\/wp-content\/uploads\/logo-nests-hostel.webp","width":200,"height":217,"caption":"Nests Hostels"},"image":{"@id":"https:\/\/nestshostels.com\/it\/#\/schema\/logo\/image\/"},"sameAs":["https:\/\/www.facebook.com\/nesthosteltenerife\/","https:\/\/www.instagram.com\/nestshostels\/","https:\/\/www.tiktok.com\/@nestshostels","https:\/\/www.threads.com\/@nestshostels\/","https:\/\/www.youtube.com\/@nestshostels\/"]}]}},"_links":{"self":[{"href":"https:\/\/nestshostels.com\/it\/wp-json\/wp\/v2\/pages\/19938","targetHints":{"allow":["GET"]}}],"collection":[{"href":"https:\/\/nestshostels.com\/it\/wp-json\/wp\/v2\/pages"}],"about":[{"href":"https:\/\/nestshostels.com\/it\/wp-json\/wp\/v2\/types\/page"}],"author":[{"embeddable":true,"href":"https:\/\/nestshostels.com\/it\/wp-json\/wp\/v2\/users\/1"}],"replies":[{"embeddable":true,"href":"https:\/\/nestshostels.com\/it\/wp-json\/wp\/v2\/comments?post=19938"}],"version-history":[{"count":2,"href":"https:\/\/nestshostels.com\/it\/wp-json\/wp\/v2\/pages\/19938\/revisions"}],"predecessor-version":[{"id":22026,"href":"https:\/\/nestshostels.com\/it\/wp-json\/wp\/v2\/pages\/19938\/revisions\/22026"}],"wp:featuredmedia":[{"embeddable":true,"href":"https:\/\/nestshostels.com\/it\/wp-json\/wp\/v2\/media\/18117"}],"wp:attachment":[{"href":"https:\/\/nestshostels.com\/it\/wp-json\/wp\/v2\/media?parent=19938"}],"curies":[{"name":"wp","href":"https:\/\/api.w.org\/{rel}","templated":true}]}}