{"id":19878,"date":"2025-02-11T09:57:24","date_gmt":"2025-02-11T09:57:24","guid":{"rendered":"https:\/\/nestshostels.com\/nest-pass\/"},"modified":"2025-10-08T09:59:55","modified_gmt":"2025-10-08T09:59:55","slug":"nest-pass","status":"publish","type":"page","link":"https:\/\/nestshostels.com\/it\/nest-pass\/","title":{"rendered":"Nest Pass &#8211; Risparmia a Tenerife e Gran Canaria con Nests Hostels"},"content":{"rendered":"\n<p>Ciao! \ud83d\ude0a<\/p>\n\n<p>Sei pronto per un&#8217;esperienza di viaggio senza limiti?<\/p>\n\n<p>Con il <strong>Nest Pass<\/strong>, avrai la libert\u00e0 di esplorare i nostri ostelli in modo facile, flessibile e senza complicazioni. \ud83c\udf0d\u2728<\/p>\n\n<h4 class=\"wp-block-heading\">\ud83d\ude80 Come Funziona?<\/h4>\n\n<p>\ud83d\udd39 <strong>Prima Prenotazione:<\/strong><br\/>Scegli tra <strong>7 a 28 notti (o pi\u00f9)<\/strong> nel primo ostello dove vuoi soggiornare e accedi ai vantaggi esclusivi del <strong>Pass Week -12%<\/strong> o <strong>Pass Month -28%<\/strong>.<br\/>Considerando che puoi passare da un ostello all&#8217;altro senza pagare alcun supplemento <strong>\u00e8 come se avessi pi\u00f9 del 30% di sconto!<\/strong><\/p>\n\n<h4 class=\"wp-block-heading\">\ud83d\udd39 Cambio di Ostello<\/h4>\n\n<p>Hai voglia di cambiare e scoprire un nuovo ambiente, una nuova avventura, un posto da esplorare? Basta informare alla reception dell&#8217;ostello dove sei ospitato, <strong>e loro si occuperanno del tuo cambio a un altro Nest.<\/strong><\/p>\n\n<h4 class=\"wp-block-heading\">\ud83d\udd39 Veloce e Semplice<\/h4>\n\n<p>Il nostro team controller\u00e0 la disponibilit\u00e0 nel nuovo ostello e modificher\u00e0 la tua prenotazione. Se c&#8217;\u00e8 posto, il tuo cambio sar\u00e0 confermato all&#8217;istante!<\/p>\n\n<h4 class=\"wp-block-heading\">&gt; Esempio<\/h4>\n\n<p>Hai prenotato 7 notti al Duque Nest. Dopo 3 notti, decidi di esplorare l&#8217;Arena Nest. Basta dirlo alla reception e\u2026 fatto! Loro penseranno a tutto. \ud83d\ude4c<\/p>\n\n<hr class=\"wp-block-separator has-alpha-channel-opacity\"\/>\n\n<h4 class=\"wp-block-heading\">\u00a0<\/h4>\n\n<h4 class=\"wp-block-heading\">\ud83c\udf1f Vantaggi Esclusivi del Nest Pass<\/h4>\n\n<p>\u2714 <strong>Esplora di pi\u00f9<\/strong>:<br\/>Accedi a <strong>10 ostelli a Tenerife, Gran Canaria e Ibiza<\/strong> e vivi esperienze indimenticabili.<\/p>\n\n<p>\u2714\u00a0<strong>Flessibilit\u00e0 Totale<\/strong><br\/><strong>Cambia ostello quando vuoi<\/strong> all&#8217;interno della rete, con una semplice richiesta.<\/p>\n\n<p>\u2714\u00a0<strong>Risparmia mentre viaggi<\/strong><br\/>Goditi <strong>prezzi promozionali e risparmia il 30%<\/strong> mentre scopri nuove destinazioni.<\/p>\n\n<p>\u2714\u00a0<strong>Prenotazioni Trasferibili<\/strong><br\/>Non riesci a sfruttare tutte le tue notti? Nessun problema! <strong>Puoi cederle a qualcun altro<\/strong>, mantenendo la stessa validit\u00e0.<\/p>\n\n<hr class=\"wp-block-separator has-alpha-channel-opacity\"\/>\n\n<p>\ud83d\udccc <strong>Informazioni Importanti<\/strong><\/p>\n\n<p>\ud83d\udd38 Le prenotazioni sono valide solo <strong>in camere condivise<\/strong> con letti a castello.<br\/>\ud83d\udd38 La tariffa \u00e8 *NON RIMBORSABILE*.<br\/>\ud83d\udd38 Le notti prenotate hanno una validit\u00e0 massima di <strong>3 mesi<\/strong>.<\/p>\n\n<hr class=\"wp-block-separator has-alpha-channel-opacity\"\/>\n\n<p>\ud83c\udf34 <strong>Sei pronto per iniziare la tua avventura?<\/strong><br\/>Fai la tua prenotazione ora e vivi la libert\u00e0 di esplorare al tuo ritmo con il Nest Pass! Se hai domande, il nostro team \u00e8 sempre disponibile per aiutarti.<\/p>\n\n<p>Prenota la tua avventura oggi e unisciti alla famiglia Nests Hostels! Dove ogni momento diventa un ricordo indimenticabile. <a href=\"https:\/\/nestshostels.com\/experiencias-nests-hostel-tenerife\/\"><br\/><\/a><\/p>\n\n<p><\/p>\n","protected":false},"excerpt":{"rendered":"<p>Ciao! \ud83d\ude0a Sei pronto per un&#8217;esperienza di viaggio senza limiti? Con il Nest Pass, avrai la libert\u00e0 di esplorare i nostri ostelli in modo facile, flessibile e senza complicazioni. \ud83c\udf0d\u2728 \ud83d\ude80 Come Funziona? \ud83d\udd39 Prima Prenotazione:Scegli tra 7 a 28 notti (o pi\u00f9) nel primo ostello dove vuoi soggiornare e accedi ai vantaggi esclusivi del<a href=\"https:\/\/nestshostels.com\/it\/nest-pass\/\">Continue reading <span class=\"sr-only\">&#8220;Nest Pass &#8211; Risparmia a Tenerife e Gran Canaria con Nests Hostels&#8221;<\/span><\/a><\/p>\n","protected":false},"author":3,"featured_media":18117,"parent":0,"menu_order":0,"comment_status":"closed","ping_status":"closed","template":"","meta":{"footnotes":""},"class_list":["post-19878","page","type-page","status-publish","has-post-thumbnail","hentry"],"acf":[],"yoast_head":"<!-- This site is optimized with the Yoast SEO plugin v27.1.1 - https:\/\/yoast.com\/product\/yoast-seo-wordpress\/ -->\n<title>Nest Pass - Risparmia a Tenerife e Gran Canaria con Nests Hostels<\/title>\n<meta name=\"description\" content=\"Scopri i nostri hostel nelle Canarie e vivi esperienze uniche tra spiagge, vulcani e cultura locale. Le tue vacanze ideali ti aspettano!\" \/>\n<meta name=\"robots\" content=\"index, follow, max-snippet:-1, max-image-preview:large, max-video-preview:-1\" \/>\n<link rel=\"canonical\" href=\"https:\/\/nestshostels.com\/it\/nest-pass\/\" \/>\n<meta property=\"og:locale\" content=\"it_IT\" \/>\n<meta property=\"og:type\" content=\"article\" \/>\n<meta property=\"og:title\" content=\"Nest Pass - Canarias e Baleari risparmiando con Nests Hostels\" \/>\n<meta property=\"og:description\" content=\"Scopri il nostro ostello nelle Canarie e nelle Baleari e goditi esperienze uniche tra spiagge, vulcani e cultura locale. Le tue vacanze ideali ti aspettano!\" \/>\n<meta property=\"og:url\" content=\"https:\/\/nestshostels.com\/it\/nest-pass\/\" \/>\n<meta property=\"og:site_name\" content=\"Nests Hostels\" \/>\n<meta property=\"article:publisher\" content=\"https:\/\/www.facebook.com\/nesthosteltenerife\/\" \/>\n<meta property=\"article:modified_time\" content=\"2025-10-08T09:59:55+00:00\" \/>\n<meta property=\"og:image\" content=\"https:\/\/nestshostels.com\/wp-content\/uploads\/Nest-Pass-Program-Digital-Islands-Map-1024x747.jpg\" \/>\n<meta name=\"twitter:card\" content=\"summary_large_image\" \/>\n<meta name=\"twitter:title\" content=\"Nest Pass - Risparmia nelle Isole Canarie e Ibiza con Nests Hostels\" \/>\n<meta name=\"twitter:description\" content=\"Scopri i nostri ostelli a Tenerife, Gran Canaria e Ibiza e goditi esperienze uniche tra spiagge, vulcani e cultura locale. Le tue vacanze risparmiando ti aspettano!\" \/>\n<meta name=\"twitter:image\" content=\"https:\/\/nestshostels.com\/wp-content\/uploads\/Nest-Pass-Islands-Map-v2-1024x598.jpg\" \/>\n<meta name=\"twitter:label1\" content=\"Tempo di lettura stimato\" \/>\n\t<meta name=\"twitter:data1\" content=\"2 minuti\" \/>\n<script type=\"application\/ld+json\" class=\"yoast-schema-graph\">{\"@context\":\"https:\/\/schema.org\",\"@graph\":[{\"@type\":\"WebPage\",\"@id\":\"https:\/\/nestshostels.com\/it\/nest-pass\/\",\"url\":\"https:\/\/nestshostels.com\/it\/nest-pass\/\",\"name\":\"Nest Pass - Risparmia a Tenerife e Gran Canaria con Nests Hostels\",\"isPartOf\":{\"@id\":\"https:\/\/nestshostels.com\/it\/#website\"},\"primaryImageOfPage\":{\"@id\":\"https:\/\/nestshostels.com\/it\/nest-pass\/#primaryimage\"},\"image\":{\"@id\":\"https:\/\/nestshostels.com\/it\/nest-pass\/#primaryimage\"},\"thumbnailUrl\":\"https:\/\/nestshostels.com\/wp-content\/uploads\/NESTPASS_bannerhome_1920x690px.png\",\"datePublished\":\"2025-02-11T09:57:24+00:00\",\"dateModified\":\"2025-10-08T09:59:55+00:00\",\"description\":\"Scopri i nostri hostel nelle Canarie e vivi esperienze uniche tra spiagge, vulcani e cultura locale. Le tue vacanze ideali ti aspettano!\",\"breadcrumb\":{\"@id\":\"https:\/\/nestshostels.com\/it\/nest-pass\/#breadcrumb\"},\"inLanguage\":\"it-IT\",\"potentialAction\":[{\"@type\":\"ReadAction\",\"target\":[\"https:\/\/nestshostels.com\/it\/nest-pass\/\"]}]},{\"@type\":\"ImageObject\",\"inLanguage\":\"it-IT\",\"@id\":\"https:\/\/nestshostels.com\/it\/nest-pass\/#primaryimage\",\"url\":\"https:\/\/nestshostels.com\/wp-content\/uploads\/NESTPASS_bannerhome_1920x690px.png\",\"contentUrl\":\"https:\/\/nestshostels.com\/wp-content\/uploads\/NESTPASS_bannerhome_1920x690px.png\",\"width\":1920,\"height\":690,\"caption\":\"Nest Pass - One booking all Hostels\"},{\"@type\":\"BreadcrumbList\",\"@id\":\"https:\/\/nestshostels.com\/it\/nest-pass\/#breadcrumb\",\"itemListElement\":[{\"@type\":\"ListItem\",\"position\":1,\"name\":\"Portada\",\"item\":\"https:\/\/nestshostels.com\/it\/\"},{\"@type\":\"ListItem\",\"position\":2,\"name\":\"Nest Pass\"}]},{\"@type\":\"WebSite\",\"@id\":\"https:\/\/nestshostels.com\/it\/#website\",\"url\":\"https:\/\/nestshostels.com\/it\/\",\"name\":\"Nests Hostels\",\"description\":\"Tenerife Hostels for Travellers &amp; Digital Nomads\",\"publisher\":{\"@id\":\"https:\/\/nestshostels.com\/it\/#organization\"},\"alternateName\":\"Nest\",\"potentialAction\":[{\"@type\":\"SearchAction\",\"target\":{\"@type\":\"EntryPoint\",\"urlTemplate\":\"https:\/\/nestshostels.com\/it\/?s={search_term_string}\"},\"query-input\":{\"@type\":\"PropertyValueSpecification\",\"valueRequired\":true,\"valueName\":\"search_term_string\"}}],\"inLanguage\":\"it-IT\"},{\"@type\":\"Organization\",\"@id\":\"https:\/\/nestshostels.com\/it\/#organization\",\"name\":\"Nests Hostels\",\"alternateName\":\"Nest\",\"url\":\"https:\/\/nestshostels.com\/it\/\",\"logo\":{\"@type\":\"ImageObject\",\"inLanguage\":\"it-IT\",\"@id\":\"https:\/\/nestshostels.com\/it\/#\/schema\/logo\/image\/\",\"url\":\"https:\/\/nestshostels.com\/wp-content\/uploads\/logo-nests-hostel.webp\",\"contentUrl\":\"https:\/\/nestshostels.com\/wp-content\/uploads\/logo-nests-hostel.webp\",\"width\":200,\"height\":217,\"caption\":\"Nests Hostels\"},\"image\":{\"@id\":\"https:\/\/nestshostels.com\/it\/#\/schema\/logo\/image\/\"},\"sameAs\":[\"https:\/\/www.facebook.com\/nesthosteltenerife\/\",\"https:\/\/www.instagram.com\/nestshostels\/\",\"https:\/\/www.tiktok.com\/@nestshostels\",\"https:\/\/www.threads.com\/@nestshostels\/\",\"https:\/\/www.youtube.com\/@nestshostels\/\"]}]}<\/script>\n<!-- \/ Yoast SEO plugin. -->","yoast_head_json":{"title":"Nest Pass - Risparmia a Tenerife e Gran Canaria con Nests Hostels","description":"Scopri i nostri hostel nelle Canarie e vivi esperienze uniche tra spiagge, vulcani e cultura locale. Le tue vacanze ideali ti aspettano!","robots":{"index":"index","follow":"follow","max-snippet":"max-snippet:-1","max-image-preview":"max-image-preview:large","max-video-preview":"max-video-preview:-1"},"canonical":"https:\/\/nestshostels.com\/it\/nest-pass\/","og_locale":"it_IT","og_type":"article","og_title":"Nest Pass - Canarias e Baleari risparmiando con Nests Hostels","og_description":"Scopri il nostro ostello nelle Canarie e nelle Baleari e goditi esperienze uniche tra spiagge, vulcani e cultura locale. Le tue vacanze ideali ti aspettano!","og_url":"https:\/\/nestshostels.com\/it\/nest-pass\/","og_site_name":"Nests Hostels","article_publisher":"https:\/\/www.facebook.com\/nesthosteltenerife\/","article_modified_time":"2025-10-08T09:59:55+00:00","og_image":[{"url":"https:\/\/nestshostels.com\/wp-content\/uploads\/Nest-Pass-Program-Digital-Islands-Map-1024x747.jpg","type":"","width":"","height":""}],"twitter_card":"summary_large_image","twitter_title":"Nest Pass - Risparmia nelle Isole Canarie e Ibiza con Nests Hostels","twitter_description":"Scopri i nostri ostelli a Tenerife, Gran Canaria e Ibiza e goditi esperienze uniche tra spiagge, vulcani e cultura locale. Le tue vacanze risparmiando ti aspettano!","twitter_image":"https:\/\/nestshostels.com\/wp-content\/uploads\/Nest-Pass-Islands-Map-v2-1024x598.jpg","twitter_misc":{"Tempo di lettura stimato":"2 minuti"},"schema":{"@context":"https:\/\/schema.org","@graph":[{"@type":"WebPage","@id":"https:\/\/nestshostels.com\/it\/nest-pass\/","url":"https:\/\/nestshostels.com\/it\/nest-pass\/","name":"Nest Pass - Risparmia a Tenerife e Gran Canaria con Nests Hostels","isPartOf":{"@id":"https:\/\/nestshostels.com\/it\/#website"},"primaryImageOfPage":{"@id":"https:\/\/nestshostels.com\/it\/nest-pass\/#primaryimage"},"image":{"@id":"https:\/\/nestshostels.com\/it\/nest-pass\/#primaryimage"},"thumbnailUrl":"https:\/\/nestshostels.com\/wp-content\/uploads\/NESTPASS_bannerhome_1920x690px.png","datePublished":"2025-02-11T09:57:24+00:00","dateModified":"2025-10-08T09:59:55+00:00","description":"Scopri i nostri hostel nelle Canarie e vivi esperienze uniche tra spiagge, vulcani e cultura locale. Le tue vacanze ideali ti aspettano!","breadcrumb":{"@id":"https:\/\/nestshostels.com\/it\/nest-pass\/#breadcrumb"},"inLanguage":"it-IT","potentialAction":[{"@type":"ReadAction","target":["https:\/\/nestshostels.com\/it\/nest-pass\/"]}]},{"@type":"ImageObject","inLanguage":"it-IT","@id":"https:\/\/nestshostels.com\/it\/nest-pass\/#primaryimage","url":"https:\/\/nestshostels.com\/wp-content\/uploads\/NESTPASS_bannerhome_1920x690px.png","contentUrl":"https:\/\/nestshostels.com\/wp-content\/uploads\/NESTPASS_bannerhome_1920x690px.png","width":1920,"height":690,"caption":"Nest Pass - One booking all Hostels"},{"@type":"BreadcrumbList","@id":"https:\/\/nestshostels.com\/it\/nest-pass\/#breadcrumb","itemListElement":[{"@type":"ListItem","position":1,"name":"Portada","item":"https:\/\/nestshostels.com\/it\/"},{"@type":"ListItem","position":2,"name":"Nest Pass"}]},{"@type":"WebSite","@id":"https:\/\/nestshostels.com\/it\/#website","url":"https:\/\/nestshostels.com\/it\/","name":"Nests Hostels","description":"Tenerife Hostels for Travellers &amp; Digital Nomads","publisher":{"@id":"https:\/\/nestshostels.com\/it\/#organization"},"alternateName":"Nest","potentialAction":[{"@type":"SearchAction","target":{"@type":"EntryPoint","urlTemplate":"https:\/\/nestshostels.com\/it\/?s={search_term_string}"},"query-input":{"@type":"PropertyValueSpecification","valueRequired":true,"valueName":"search_term_string"}}],"inLanguage":"it-IT"},{"@type":"Organization","@id":"https:\/\/nestshostels.com\/it\/#organization","name":"Nests Hostels","alternateName":"Nest","url":"https:\/\/nestshostels.com\/it\/","logo":{"@type":"ImageObject","inLanguage":"it-IT","@id":"https:\/\/nestshostels.com\/it\/#\/schema\/logo\/image\/","url":"https:\/\/nestshostels.com\/wp-content\/uploads\/logo-nests-hostel.webp","contentUrl":"https:\/\/nestshostels.com\/wp-content\/uploads\/logo-nests-hostel.webp","width":200,"height":217,"caption":"Nests Hostels"},"image":{"@id":"https:\/\/nestshostels.com\/it\/#\/schema\/logo\/image\/"},"sameAs":["https:\/\/www.facebook.com\/nesthosteltenerife\/","https:\/\/www.instagram.com\/nestshostels\/","https:\/\/www.tiktok.com\/@nestshostels","https:\/\/www.threads.com\/@nestshostels\/","https:\/\/www.youtube.com\/@nestshostels\/"]}]}},"_links":{"self":[{"href":"https:\/\/nestshostels.com\/it\/wp-json\/wp\/v2\/pages\/19878","targetHints":{"allow":["GET"]}}],"collection":[{"href":"https:\/\/nestshostels.com\/it\/wp-json\/wp\/v2\/pages"}],"about":[{"href":"https:\/\/nestshostels.com\/it\/wp-json\/wp\/v2\/types\/page"}],"author":[{"embeddable":true,"href":"https:\/\/nestshostels.com\/it\/wp-json\/wp\/v2\/users\/3"}],"replies":[{"embeddable":true,"href":"https:\/\/nestshostels.com\/it\/wp-json\/wp\/v2\/comments?post=19878"}],"version-history":[{"count":1,"href":"https:\/\/nestshostels.com\/it\/wp-json\/wp\/v2\/pages\/19878\/revisions"}],"predecessor-version":[{"id":19879,"href":"https:\/\/nestshostels.com\/it\/wp-json\/wp\/v2\/pages\/19878\/revisions\/19879"}],"wp:featuredmedia":[{"embeddable":true,"href":"https:\/\/nestshostels.com\/it\/wp-json\/wp\/v2\/media\/18117"}],"wp:attachment":[{"href":"https:\/\/nestshostels.com\/it\/wp-json\/wp\/v2\/media?parent=19878"}],"curies":[{"name":"wp","href":"https:\/\/api.w.org\/{rel}","templated":true}]}}