{"id":24338,"date":"2026-04-28T10:29:38","date_gmt":"2026-04-28T09:29:38","guid":{"rendered":"https:\/\/nestshostels.com\/long-stay\/"},"modified":"2026-04-28T10:29:38","modified_gmt":"2026-04-28T09:29:38","slug":"long-stay","status":"publish","type":"page","link":"https:\/\/nestshostels.com\/fr\/long-stay\/","title":{"rendered":"Auberge Long S\u00e9jour Tenerife &#038; Gran Canaria \u2014 \u00c0 partir de 400\u20ac\/mois"},"content":{"rendered":"","protected":false},"excerpt":{"rendered":"","protected":false},"author":3,"featured_media":24284,"parent":0,"menu_order":0,"comment_status":"closed","ping_status":"closed","template":"","meta":{"footnotes":""},"class_list":["post-24338","page","type-page","status-publish","has-post-thumbnail","hentry"],"acf":[],"yoast_head":"<!-- This site is optimized with the Yoast SEO plugin v27.5 - https:\/\/yoast.com\/product\/yoast-seo-wordpress\/ -->\n<title>Auberge Long S\u00e9jour Tenerife &amp; Gran Canaria \u2014 \u00c0 partir de 400\u20ac\/mois | Nests Hostels<\/title>\n<meta name=\"description\" content=\"30 nuits dans un Nest Hostel \u00e0 partir de 400\u20ac\/mois. Pas de d\u00e9p\u00f4ts, pas de contrats, toutes les commodit\u00e9s incluses. R\u00e9servez votre s\u00e9jour prolong\u00e9 au Nest \u00e0 Tenerife ou Gran Canaria.\" \/>\n<meta name=\"robots\" content=\"index, follow, max-snippet:-1, max-image-preview:large, max-video-preview:-1\" \/>\n<link rel=\"canonical\" href=\"https:\/\/nestshostels.com\/fr\/long-stay\/\" \/>\n<meta property=\"og:locale\" content=\"fr_FR\" \/>\n<meta property=\"og:type\" content=\"article\" \/>\n<meta property=\"og:title\" content=\"Nest S\u00e9jour Long \u2014 Restez un Mois \u00e0 partir de 400\u20ac. Faites-en votre Maison.\" \/>\n<meta property=\"og:description\" content=\"30 nuits dans votre Nest Hostel pr\u00e9f\u00e9r\u00e9. Pas de contrats, pas de d\u00e9p\u00f4ts. WiFi, coworking, cuisine \u2014 tout inclus. Tenerife &amp; Gran Canaria.\" \/>\n<meta property=\"og:url\" content=\"https:\/\/nestshostels.com\/fr\/long-stay\/\" \/>\n<meta property=\"og:site_name\" content=\"Nests Hostels\" \/>\n<meta property=\"article:publisher\" content=\"https:\/\/www.facebook.com\/nesthosteltenerife\/\" \/>\n<meta property=\"og:image\" content=\"https:\/\/nestshostels.com\/wp-content\/uploads\/2026\/04\/IMG_6532-1-1024x683.jpeg\" \/>\n<meta name=\"twitter:card\" content=\"summary_large_image\" \/>\n<meta name=\"twitter:title\" content=\"Nest S\u00e9jour Long \u2014 Restez un Mois \u00e0 partir de 400\u20ac. Faites-en votre Maison.\" \/>\n<meta name=\"twitter:description\" content=\"30 nuits dans votre Nest Hostel pr\u00e9f\u00e9r\u00e9. Pas de contrats, pas de d\u00e9p\u00f4ts. WiFi, coworking, cuisine \u2014 tout inclus. Tenerife &amp; Gran Canaria.\" \/>\n<meta name=\"twitter:image\" content=\"https:\/\/nestshostels.com\/wp-content\/uploads\/2026\/04\/IMG_6532-1-1024x683.jpeg\" \/>\n<script type=\"application\/ld+json\" class=\"yoast-schema-graph\">{\"@context\":\"https:\\\/\\\/schema.org\",\"@graph\":[{\"@type\":\"WebPage\",\"@id\":\"https:\\\/\\\/nestshostels.com\\\/fr\\\/long-stay\\\/\",\"url\":\"https:\\\/\\\/nestshostels.com\\\/fr\\\/long-stay\\\/\",\"name\":\"Auberge Long S\u00e9jour Tenerife & Gran Canaria \u2014 \u00c0 partir de 400\u20ac\\\/mois | Nests Hostels\",\"isPartOf\":{\"@id\":\"https:\\\/\\\/nestshostels.com\\\/fr\\\/#website\"},\"primaryImageOfPage\":{\"@id\":\"https:\\\/\\\/nestshostels.com\\\/fr\\\/long-stay\\\/#primaryimage\"},\"image\":{\"@id\":\"https:\\\/\\\/nestshostels.com\\\/fr\\\/long-stay\\\/#primaryimage\"},\"thumbnailUrl\":\"https:\\\/\\\/nestshostels.com\\\/wp-content\\\/uploads\\\/2026\\\/04\\\/IMG_6532-1-scaled.jpeg\",\"datePublished\":\"2026-04-28T09:29:38+00:00\",\"description\":\"30 nuits dans un Nest Hostel \u00e0 partir de 400\u20ac\\\/mois. Pas de d\u00e9p\u00f4ts, pas de contrats, toutes les commodit\u00e9s incluses. R\u00e9servez votre s\u00e9jour prolong\u00e9 au Nest \u00e0 Tenerife ou Gran Canaria.\",\"breadcrumb\":{\"@id\":\"https:\\\/\\\/nestshostels.com\\\/fr\\\/long-stay\\\/#breadcrumb\"},\"inLanguage\":\"fr-FR\",\"potentialAction\":[{\"@type\":\"ReadAction\",\"target\":[\"https:\\\/\\\/nestshostels.com\\\/fr\\\/long-stay\\\/\"]}]},{\"@type\":\"ImageObject\",\"inLanguage\":\"fr-FR\",\"@id\":\"https:\\\/\\\/nestshostels.com\\\/fr\\\/long-stay\\\/#primaryimage\",\"url\":\"https:\\\/\\\/nestshostels.com\\\/wp-content\\\/uploads\\\/2026\\\/04\\\/IMG_6532-1-scaled.jpeg\",\"contentUrl\":\"https:\\\/\\\/nestshostels.com\\\/wp-content\\\/uploads\\\/2026\\\/04\\\/IMG_6532-1-scaled.jpeg\",\"width\":2560,\"height\":1707,\"caption\":\"Nests Hostels | Tenerife - Gran Canria - Ibiza\"},{\"@type\":\"BreadcrumbList\",\"@id\":\"https:\\\/\\\/nestshostels.com\\\/fr\\\/long-stay\\\/#breadcrumb\",\"itemListElement\":[{\"@type\":\"ListItem\",\"position\":1,\"name\":\"Portada\",\"item\":\"https:\\\/\\\/nestshostels.com\\\/fr\\\/\"},{\"@type\":\"ListItem\",\"position\":2,\"name\":\"Auberge Long S\u00e9jour Tenerife &#038; Gran Canaria \u2014 \u00c0 partir de 400\u20ac\\\/mois\"}]},{\"@type\":\"WebSite\",\"@id\":\"https:\\\/\\\/nestshostels.com\\\/fr\\\/#website\",\"url\":\"https:\\\/\\\/nestshostels.com\\\/fr\\\/\",\"name\":\"Nests Hostels\",\"description\":\"Tenerife Hostels for Travellers &amp; Digital Nomads\",\"publisher\":{\"@id\":\"https:\\\/\\\/nestshostels.com\\\/fr\\\/#organization\"},\"alternateName\":\"Nest\",\"potentialAction\":[{\"@type\":\"SearchAction\",\"target\":{\"@type\":\"EntryPoint\",\"urlTemplate\":\"https:\\\/\\\/nestshostels.com\\\/fr\\\/?s={search_term_string}\"},\"query-input\":{\"@type\":\"PropertyValueSpecification\",\"valueRequired\":true,\"valueName\":\"search_term_string\"}}],\"inLanguage\":\"fr-FR\"},{\"@type\":\"Organization\",\"@id\":\"https:\\\/\\\/nestshostels.com\\\/fr\\\/#organization\",\"name\":\"Nests Hostels\",\"alternateName\":\"Nest\",\"url\":\"https:\\\/\\\/nestshostels.com\\\/fr\\\/\",\"logo\":{\"@type\":\"ImageObject\",\"inLanguage\":\"fr-FR\",\"@id\":\"https:\\\/\\\/nestshostels.com\\\/fr\\\/#\\\/schema\\\/logo\\\/image\\\/\",\"url\":\"https:\\\/\\\/nestshostels.com\\\/wp-content\\\/uploads\\\/logo-nests-hostel.webp\",\"contentUrl\":\"https:\\\/\\\/nestshostels.com\\\/wp-content\\\/uploads\\\/logo-nests-hostel.webp\",\"width\":200,\"height\":217,\"caption\":\"Nests Hostels\"},\"image\":{\"@id\":\"https:\\\/\\\/nestshostels.com\\\/fr\\\/#\\\/schema\\\/logo\\\/image\\\/\"},\"sameAs\":[\"https:\\\/\\\/www.facebook.com\\\/nesthosteltenerife\\\/\",\"https:\\\/\\\/www.instagram.com\\\/nestshostels\\\/\",\"https:\\\/\\\/www.tiktok.com\\\/@nestshostels\",\"https:\\\/\\\/www.threads.com\\\/@nestshostels\\\/\",\"https:\\\/\\\/www.youtube.com\\\/@nestshostels\\\/\"]}]}<\/script>\n<!-- \/ Yoast SEO plugin. -->","yoast_head_json":{"title":"Auberge Long S\u00e9jour Tenerife & Gran Canaria \u2014 \u00c0 partir de 400\u20ac\/mois | Nests Hostels","description":"30 nuits dans un Nest Hostel \u00e0 partir de 400\u20ac\/mois. Pas de d\u00e9p\u00f4ts, pas de contrats, toutes les commodit\u00e9s incluses. R\u00e9servez votre s\u00e9jour prolong\u00e9 au Nest \u00e0 Tenerife ou Gran Canaria.","robots":{"index":"index","follow":"follow","max-snippet":"max-snippet:-1","max-image-preview":"max-image-preview:large","max-video-preview":"max-video-preview:-1"},"canonical":"https:\/\/nestshostels.com\/fr\/long-stay\/","og_locale":"fr_FR","og_type":"article","og_title":"Nest S\u00e9jour Long \u2014 Restez un Mois \u00e0 partir de 400\u20ac. Faites-en votre Maison.","og_description":"30 nuits dans votre Nest Hostel pr\u00e9f\u00e9r\u00e9. Pas de contrats, pas de d\u00e9p\u00f4ts. WiFi, coworking, cuisine \u2014 tout inclus. Tenerife & Gran Canaria.","og_url":"https:\/\/nestshostels.com\/fr\/long-stay\/","og_site_name":"Nests Hostels","article_publisher":"https:\/\/www.facebook.com\/nesthosteltenerife\/","og_image":[{"url":"https:\/\/nestshostels.com\/wp-content\/uploads\/2026\/04\/IMG_6532-1-1024x683.jpeg","type":"","width":"","height":""}],"twitter_card":"summary_large_image","twitter_title":"Nest S\u00e9jour Long \u2014 Restez un Mois \u00e0 partir de 400\u20ac. Faites-en votre Maison.","twitter_description":"30 nuits dans votre Nest Hostel pr\u00e9f\u00e9r\u00e9. Pas de contrats, pas de d\u00e9p\u00f4ts. WiFi, coworking, cuisine \u2014 tout inclus. Tenerife & Gran Canaria.","twitter_image":"https:\/\/nestshostels.com\/wp-content\/uploads\/2026\/04\/IMG_6532-1-1024x683.jpeg","schema":{"@context":"https:\/\/schema.org","@graph":[{"@type":"WebPage","@id":"https:\/\/nestshostels.com\/fr\/long-stay\/","url":"https:\/\/nestshostels.com\/fr\/long-stay\/","name":"Auberge Long S\u00e9jour Tenerife & Gran Canaria \u2014 \u00c0 partir de 400\u20ac\/mois | Nests Hostels","isPartOf":{"@id":"https:\/\/nestshostels.com\/fr\/#website"},"primaryImageOfPage":{"@id":"https:\/\/nestshostels.com\/fr\/long-stay\/#primaryimage"},"image":{"@id":"https:\/\/nestshostels.com\/fr\/long-stay\/#primaryimage"},"thumbnailUrl":"https:\/\/nestshostels.com\/wp-content\/uploads\/2026\/04\/IMG_6532-1-scaled.jpeg","datePublished":"2026-04-28T09:29:38+00:00","description":"30 nuits dans un Nest Hostel \u00e0 partir de 400\u20ac\/mois. Pas de d\u00e9p\u00f4ts, pas de contrats, toutes les commodit\u00e9s incluses. R\u00e9servez votre s\u00e9jour prolong\u00e9 au Nest \u00e0 Tenerife ou Gran Canaria.","breadcrumb":{"@id":"https:\/\/nestshostels.com\/fr\/long-stay\/#breadcrumb"},"inLanguage":"fr-FR","potentialAction":[{"@type":"ReadAction","target":["https:\/\/nestshostels.com\/fr\/long-stay\/"]}]},{"@type":"ImageObject","inLanguage":"fr-FR","@id":"https:\/\/nestshostels.com\/fr\/long-stay\/#primaryimage","url":"https:\/\/nestshostels.com\/wp-content\/uploads\/2026\/04\/IMG_6532-1-scaled.jpeg","contentUrl":"https:\/\/nestshostels.com\/wp-content\/uploads\/2026\/04\/IMG_6532-1-scaled.jpeg","width":2560,"height":1707,"caption":"Nests Hostels | Tenerife - Gran Canria - Ibiza"},{"@type":"BreadcrumbList","@id":"https:\/\/nestshostels.com\/fr\/long-stay\/#breadcrumb","itemListElement":[{"@type":"ListItem","position":1,"name":"Portada","item":"https:\/\/nestshostels.com\/fr\/"},{"@type":"ListItem","position":2,"name":"Auberge Long S\u00e9jour Tenerife &#038; Gran Canaria \u2014 \u00c0 partir de 400\u20ac\/mois"}]},{"@type":"WebSite","@id":"https:\/\/nestshostels.com\/fr\/#website","url":"https:\/\/nestshostels.com\/fr\/","name":"Nests Hostels","description":"Tenerife Hostels for Travellers &amp; Digital Nomads","publisher":{"@id":"https:\/\/nestshostels.com\/fr\/#organization"},"alternateName":"Nest","potentialAction":[{"@type":"SearchAction","target":{"@type":"EntryPoint","urlTemplate":"https:\/\/nestshostels.com\/fr\/?s={search_term_string}"},"query-input":{"@type":"PropertyValueSpecification","valueRequired":true,"valueName":"search_term_string"}}],"inLanguage":"fr-FR"},{"@type":"Organization","@id":"https:\/\/nestshostels.com\/fr\/#organization","name":"Nests Hostels","alternateName":"Nest","url":"https:\/\/nestshostels.com\/fr\/","logo":{"@type":"ImageObject","inLanguage":"fr-FR","@id":"https:\/\/nestshostels.com\/fr\/#\/schema\/logo\/image\/","url":"https:\/\/nestshostels.com\/wp-content\/uploads\/logo-nests-hostel.webp","contentUrl":"https:\/\/nestshostels.com\/wp-content\/uploads\/logo-nests-hostel.webp","width":200,"height":217,"caption":"Nests Hostels"},"image":{"@id":"https:\/\/nestshostels.com\/fr\/#\/schema\/logo\/image\/"},"sameAs":["https:\/\/www.facebook.com\/nesthosteltenerife\/","https:\/\/www.instagram.com\/nestshostels\/","https:\/\/www.tiktok.com\/@nestshostels","https:\/\/www.threads.com\/@nestshostels\/","https:\/\/www.youtube.com\/@nestshostels\/"]}]}},"_links":{"self":[{"href":"https:\/\/nestshostels.com\/fr\/wp-json\/wp\/v2\/pages\/24338","targetHints":{"allow":["GET"]}}],"collection":[{"href":"https:\/\/nestshostels.com\/fr\/wp-json\/wp\/v2\/pages"}],"about":[{"href":"https:\/\/nestshostels.com\/fr\/wp-json\/wp\/v2\/types\/page"}],"author":[{"embeddable":true,"href":"https:\/\/nestshostels.com\/fr\/wp-json\/wp\/v2\/users\/3"}],"replies":[{"embeddable":true,"href":"https:\/\/nestshostels.com\/fr\/wp-json\/wp\/v2\/comments?post=24338"}],"version-history":[{"count":0,"href":"https:\/\/nestshostels.com\/fr\/wp-json\/wp\/v2\/pages\/24338\/revisions"}],"wp:featuredmedia":[{"embeddable":true,"href":"https:\/\/nestshostels.com\/fr\/wp-json\/wp\/v2\/media\/24284"}],"wp:attachment":[{"href":"https:\/\/nestshostels.com\/fr\/wp-json\/wp\/v2\/media?parent=24338"}],"curies":[{"name":"wp","href":"https:\/\/api.w.org\/{rel}","templated":true}]}}