{"id":20508,"date":"2025-10-31T12:47:25","date_gmt":"2025-10-31T12:47:25","guid":{"rendered":"https:\/\/nestshostels.com\/black-friday-gran-canaria-nests-hostels-2025\/"},"modified":"2025-11-01T13:23:53","modified_gmt":"2025-11-01T13:23:53","slug":"black-friday-gran-canaria-nests-hostels-2025","status":"publish","type":"page","link":"https:\/\/nestshostels.com\/fr\/black-friday-gran-canaria-nests-hostels-2025\/","title":{"rendered":"Le Black Friday commence \u00e0 Gran Canaria\u2026 et ce n&rsquo;est que le d\u00e9but !"},"content":{"rendered":"\n<p>Ce n&rsquo;est pas un Black Friday comme les autres \u2014 c&rsquo;est <strong>Black Friday, Nest Style<\/strong> \ud83e\udd19\ud83c\udffb Parce qu&rsquo;ici, on ne court pas apr\u00e8s les offres\u2026 on en profite au soleil !<\/p>\n\n\n\n<p>Pas de stress, pas de chaos. Juste <strong>de bonnes vibes, du soleil et de vraies r\u00e9ductions<\/strong> pour ta prochaine escapade sur l&rsquo;\u00eele.<\/p>\n\n\n\n<hr class=\"wp-block-separator has-alpha-channel-opacity\"\/>\n\n\n\n<h3 class=\"wp-block-heading\">\ud83c\udf34 <strong>Commence \u00e0 planifier tes vacances d&rsquo;\u00e9t\u00e9 d\u00e8s maintenant<\/strong><\/h3>\n\n\n\n<p>Utilise le code <strong>BF15OFF<\/strong> pour ta prochaine r\u00e9servation \u00e0 <strong>Gran Canaria<\/strong> et profite d&rsquo;une <strong>r\u00e9duction de 15%.<\/strong><\/p>\n\n\n\n<p>Voyage entre <strong>avril et octobre 2026<\/strong> et assure-toi que ton prochain \u00e9t\u00e9 commence avec du soleil, du surf et la communaut\u00e9 Nest.<\/p>\n\n\n\n<hr class=\"wp-block-separator has-alpha-channel-opacity\"\/>\n\n\n\n<h3 class=\"wp-block-heading\"><strong>Comment \u00e7a marche<\/strong><\/h3>\n\n\n\n<p>1\ufe0f\u20e3 Va sur <strong><a href=\"https:\/\/nestshostels.com\/laspalmas\" target=\"_blank\" rel=\"noreferrer noopener\">nesthostels.com\/laspalmas<\/a><\/strong><\/p>\n\n\n\n<p>2\ufe0f\u20e3 Cherche tes dates entre <strong>avril et octobre 2026<\/strong><\/p>\n\n\n\n<p>3\ufe0f\u20e3 Choisis ta chambre et ajoute le code <strong>BF15OFF<\/strong><\/p>\n\n\n\n<p>\ud83c\udf89 <strong>C&rsquo;est bon ! Ta r\u00e9duction<\/strong> s&rsquo;appliquera automatiquement.<\/p>\n\n\n\n<hr class=\"wp-block-separator has-alpha-channel-opacity\"\/>\n\n\n\n<h3 class=\"wp-block-heading\"><strong>Pourquoi profiter de cette offre<\/strong><\/h3>\n\n\n\n<p>\u2705 <strong>15% de r\u00e9duction<\/strong> sur <a href=\"https:\/\/nestshostels.com\/fr\/hostel\/las-palmas-gran-canaria\/\" target=\"_blank\" rel=\"noreferrer noopener\">Las Palmas Nest.<\/a><\/p>\n\n\n\n<p>\u2705 <strong>Dates flexibles :<\/strong> voyage entre avril et octobre 2026<\/p>\n\n\n\n<p>\u2705 <strong>Code valide :<\/strong> uniquement <span style=\"text-decoration: underline;\">du 1 au 30 novembre 2025<\/span><\/p>\n\n\n\n<p>\ud83d\udcbb <strong>Exclusif sur notre site officiel<\/strong><\/p>\n\n\n\n<p><em>(Oui, c&rsquo;est juste le premier arr\u00eat de notre Black Friday.)<\/em><\/p>\n\n\n\n<hr class=\"wp-block-separator has-alpha-channel-opacity\"\/>\n\n\n\n<h3 class=\"wp-block-heading\"><strong>R\u00e8gles de la promotion<\/strong><\/h3>\n\n\n\n<p>\ud83d\udcc5 <strong>R\u00e9servations :<\/strong> du 1er au 30 novembre 2025<\/p>\n\n\n\n<p>\ud83c\udfd6\ufe0f <strong>S\u00e9jours valides :<\/strong> entre avril et octobre 2026<\/p>\n\n\n\n<p>\ud83d\udcb0 <strong>Tarif non remboursable<\/strong><\/p>\n\n\n\n<p>\u23f3 <strong>S\u00e9jour minimum :<\/strong> 2 nuits<\/p>\n\n\n\n<p>\ud83d\udeab <strong>Non cumulable avec d&rsquo;autres promotions<\/strong><\/p>\n\n\n\n<hr class=\"wp-block-separator has-alpha-channel-opacity\"\/>\n\n\n\n<h3 class=\"wp-block-heading\">\ud83c\udf1e <strong>Ton \u00e9t\u00e9 commence maintenant<\/strong><\/h3>\n\n\n\n<p>Fais ta r\u00e9servation avant que cette vague passe \ud83c\udf0a<\/p>\n\n\n\n<p><\/p>\n\n\n\n<div class=\"wp-block-buttons is-content-justification-center is-layout-flex wp-container-core-buttons-is-layout-16018d1d wp-block-buttons-is-layout-flex\">\n<div class=\"wp-block-button has-custom-width wp-block-button__width-50 is-style-fill text-white wi\"><a class=\"wp-block-button__link has-background-color has-tertiary-background-color has-text-color has-background has-link-color has-medium-font-size has-text-align-center has-custom-font-size wp-element-button\" href=\"https:\/\/hotels.cloudbeds.com\/fr\/reservas\/AhkCX3\/?currency=eur&amp;checkin=2026-04-01&amp;checkout=2026-04-08&amp;promo=BF15OFF\" style=\"border-radius:1rem\" target=\"_blank\" rel=\"noreferrer noopener\"><strong>\ud83d\udc49 R\u00e9serve maintenant<\/strong><\/a><\/div>\n<\/div>\n","protected":false},"excerpt":{"rendered":"<p>Ce n&rsquo;est pas un Black Friday comme les autres \u2014 c&rsquo;est Black Friday, Nest Style \ud83e\udd19\ud83c\udffb Parce qu&rsquo;ici, on ne court pas apr\u00e8s les offres\u2026 on en profite au soleil ! Pas de stress, pas de chaos. Juste de bonnes vibes, du soleil et de vraies r\u00e9ductions pour ta prochaine escapade sur l&rsquo;\u00eele. \ud83c\udf34 Commence<a href=\"https:\/\/nestshostels.com\/fr\/black-friday-gran-canaria-nests-hostels-2025\/\">Continue reading <span class=\"sr-only\">\u00ab\u00a0Le Black Friday commence \u00e0 Gran Canaria\u2026 et ce n&rsquo;est que le d\u00e9but !\u00a0\u00bb<\/span><\/a><\/p>\n","protected":false},"author":1,"featured_media":20493,"parent":0,"menu_order":0,"comment_status":"closed","ping_status":"closed","template":"","meta":{"footnotes":""},"class_list":["post-20508","page","type-page","status-publish","has-post-thumbnail","hentry"],"acf":[],"yoast_head":"<!-- This site is optimized with the Yoast SEO plugin v27.1.1 - https:\/\/yoast.com\/product\/yoast-seo-wordpress\/ -->\n<title>Black Friday \u00e0 Gran Canaria \ud83c\udf34 \u2013 15% DE R\u00c9DUCTION avec Nest Hostels | Nests Hostels<\/title>\n<meta name=\"description\" content=\"Profitez du Black Friday Nest Style \ud83c\udf1e : 15% DE R\u00c9DUCTION pour vos vacances \u00e0 Gran Canaria. Soleil, plage et ambiance de hostel, uniquement sur nesthostels.com.\" \/>\n<meta name=\"robots\" content=\"index, follow, max-snippet:-1, max-image-preview:large, max-video-preview:-1\" \/>\n<link rel=\"canonical\" href=\"https:\/\/nestshostels.com\/fr\/black-friday-gran-canaria-nests-hostels-2025\/\" \/>\n<meta property=\"og:locale\" content=\"fr_FR\" \/>\n<meta property=\"og:type\" content=\"article\" \/>\n<meta property=\"og:title\" content=\"\u2600\ufe0f Black Friday arrive \u00e0 Gran Canaria \u2013 15% DE R\u00c9DUCTION uniquement chez Nest Hostels\" \/>\n<meta property=\"og:description\" content=\"Ce n&#039;est pas un Black Friday comme les autres\u2026 c&#039;est le Black Friday, \u00e0 la fa\u00e7on de Nest \ud83d\ude0e R\u00e9serve au Las Palmas Nest avec 15% de r\u00e9duction et profite de vacances pleines de soleil, de plage et de nouvelles rencontres de voyageurs \ud83c\udf34\ud83d\udc49 Utilise le code BF15OFF sur nesthostels.com\" \/>\n<meta property=\"og:url\" content=\"https:\/\/nestshostels.com\/fr\/black-friday-gran-canaria-nests-hostels-2025\/\" \/>\n<meta property=\"og:site_name\" content=\"Nests Hostels\" \/>\n<meta property=\"article:publisher\" content=\"https:\/\/www.facebook.com\/nesthosteltenerife\/\" \/>\n<meta property=\"article:modified_time\" content=\"2025-11-01T13:23:53+00:00\" \/>\n<meta property=\"og:image\" content=\"https:\/\/nestshostels.com\/wp-content\/uploads\/2025\/10\/Black-Friday-NEST-2025-discover-1024x536.jpg\" \/>\n<meta name=\"twitter:card\" content=\"summary_large_image\" \/>\n<meta name=\"twitter:title\" content=\"\ud83d\udd25 Black Friday Nest Style \u2013 15% DE R\u00c9DUCTION \u00e0 Gran Canaria \ud83c\udf1e\" \/>\n<meta name=\"twitter:description\" content=\"Ce Black Friday arrive avec du soleil, pas des chariots \ud83c\udfd6\ufe0f Profitez de 15 % de r\u00e9duction sur votre prochaine escapade au Nest de Las Palmas. Code : BF15OFF \ud83d\udc49 nesthostels.com\" \/>\n<meta name=\"twitter:image\" content=\"https:\/\/nestshostels.com\/wp-content\/uploads\/2025\/10\/Black-Friday-NEST-2025-discover-1024x536.jpg\" \/>\n<meta name=\"twitter:label1\" content=\"Dur\u00e9e de lecture estim\u00e9e\" \/>\n\t<meta name=\"twitter:data1\" content=\"2 minutes\" \/>\n<script type=\"application\/ld+json\" class=\"yoast-schema-graph\">{\"@context\":\"https:\/\/schema.org\",\"@graph\":[{\"@type\":\"WebPage\",\"@id\":\"https:\/\/nestshostels.com\/fr\/black-friday-gran-canaria-nests-hostels-2025\/\",\"url\":\"https:\/\/nestshostels.com\/fr\/black-friday-gran-canaria-nests-hostels-2025\/\",\"name\":\"Black Friday \u00e0 Gran Canaria \ud83c\udf34 \u2013 15% DE R\u00c9DUCTION avec Nest Hostels | Nests Hostels\",\"isPartOf\":{\"@id\":\"https:\/\/nestshostels.com\/fr\/#website\"},\"primaryImageOfPage\":{\"@id\":\"https:\/\/nestshostels.com\/fr\/black-friday-gran-canaria-nests-hostels-2025\/#primaryimage\"},\"image\":{\"@id\":\"https:\/\/nestshostels.com\/fr\/black-friday-gran-canaria-nests-hostels-2025\/#primaryimage\"},\"thumbnailUrl\":\"https:\/\/nestshostels.com\/wp-content\/uploads\/2025\/10\/Black-Friday-NEST-2025-discover.jpg\",\"datePublished\":\"2025-10-31T12:47:25+00:00\",\"dateModified\":\"2025-11-01T13:23:53+00:00\",\"description\":\"Profitez du Black Friday Nest Style \ud83c\udf1e : 15% DE R\u00c9DUCTION pour vos vacances \u00e0 Gran Canaria. Soleil, plage et ambiance de hostel, uniquement sur nesthostels.com.\",\"breadcrumb\":{\"@id\":\"https:\/\/nestshostels.com\/fr\/black-friday-gran-canaria-nests-hostels-2025\/#breadcrumb\"},\"inLanguage\":\"fr-FR\",\"potentialAction\":[{\"@type\":\"ReadAction\",\"target\":[\"https:\/\/nestshostels.com\/fr\/black-friday-gran-canaria-nests-hostels-2025\/\"]}]},{\"@type\":\"ImageObject\",\"inLanguage\":\"fr-FR\",\"@id\":\"https:\/\/nestshostels.com\/fr\/black-friday-gran-canaria-nests-hostels-2025\/#primaryimage\",\"url\":\"https:\/\/nestshostels.com\/wp-content\/uploads\/2025\/10\/Black-Friday-NEST-2025-discover.jpg\",\"contentUrl\":\"https:\/\/nestshostels.com\/wp-content\/uploads\/2025\/10\/Black-Friday-NEST-2025-discover.jpg\",\"width\":1200,\"height\":628,\"caption\":\"Gran Canaria Black Friday NEST 2025\"},{\"@type\":\"BreadcrumbList\",\"@id\":\"https:\/\/nestshostels.com\/fr\/black-friday-gran-canaria-nests-hostels-2025\/#breadcrumb\",\"itemListElement\":[{\"@type\":\"ListItem\",\"position\":1,\"name\":\"Portada\",\"item\":\"https:\/\/nestshostels.com\/fr\/\"},{\"@type\":\"ListItem\",\"position\":2,\"name\":\"Le Black Friday commence \u00e0 Gran Canaria\u2026 et ce n&#8217;est que le d\u00e9but !\"}]},{\"@type\":\"WebSite\",\"@id\":\"https:\/\/nestshostels.com\/fr\/#website\",\"url\":\"https:\/\/nestshostels.com\/fr\/\",\"name\":\"Nests Hostels\",\"description\":\"Tenerife Hostels for Travellers &amp; Digital Nomads\",\"publisher\":{\"@id\":\"https:\/\/nestshostels.com\/fr\/#organization\"},\"alternateName\":\"Nest\",\"potentialAction\":[{\"@type\":\"SearchAction\",\"target\":{\"@type\":\"EntryPoint\",\"urlTemplate\":\"https:\/\/nestshostels.com\/fr\/?s={search_term_string}\"},\"query-input\":{\"@type\":\"PropertyValueSpecification\",\"valueRequired\":true,\"valueName\":\"search_term_string\"}}],\"inLanguage\":\"fr-FR\"},{\"@type\":\"Organization\",\"@id\":\"https:\/\/nestshostels.com\/fr\/#organization\",\"name\":\"Nests Hostels\",\"alternateName\":\"Nest\",\"url\":\"https:\/\/nestshostels.com\/fr\/\",\"logo\":{\"@type\":\"ImageObject\",\"inLanguage\":\"fr-FR\",\"@id\":\"https:\/\/nestshostels.com\/fr\/#\/schema\/logo\/image\/\",\"url\":\"https:\/\/nestshostels.com\/wp-content\/uploads\/logo-nests-hostel.webp\",\"contentUrl\":\"https:\/\/nestshostels.com\/wp-content\/uploads\/logo-nests-hostel.webp\",\"width\":200,\"height\":217,\"caption\":\"Nests Hostels\"},\"image\":{\"@id\":\"https:\/\/nestshostels.com\/fr\/#\/schema\/logo\/image\/\"},\"sameAs\":[\"https:\/\/www.facebook.com\/nesthosteltenerife\/\",\"https:\/\/www.instagram.com\/nestshostels\/\",\"https:\/\/www.tiktok.com\/@nestshostels\",\"https:\/\/www.threads.com\/@nestshostels\/\",\"https:\/\/www.youtube.com\/@nestshostels\/\"]}]}<\/script>\n<!-- \/ Yoast SEO plugin. -->","yoast_head_json":{"title":"Black Friday \u00e0 Gran Canaria \ud83c\udf34 \u2013 15% DE R\u00c9DUCTION avec Nest Hostels | Nests Hostels","description":"Profitez du Black Friday Nest Style \ud83c\udf1e : 15% DE R\u00c9DUCTION pour vos vacances \u00e0 Gran Canaria. Soleil, plage et ambiance de hostel, uniquement sur nesthostels.com.","robots":{"index":"index","follow":"follow","max-snippet":"max-snippet:-1","max-image-preview":"max-image-preview:large","max-video-preview":"max-video-preview:-1"},"canonical":"https:\/\/nestshostels.com\/fr\/black-friday-gran-canaria-nests-hostels-2025\/","og_locale":"fr_FR","og_type":"article","og_title":"\u2600\ufe0f Black Friday arrive \u00e0 Gran Canaria \u2013 15% DE R\u00c9DUCTION uniquement chez Nest Hostels","og_description":"Ce n'est pas un Black Friday comme les autres\u2026 c'est le Black Friday, \u00e0 la fa\u00e7on de Nest \ud83d\ude0e R\u00e9serve au Las Palmas Nest avec 15% de r\u00e9duction et profite de vacances pleines de soleil, de plage et de nouvelles rencontres de voyageurs \ud83c\udf34\ud83d\udc49 Utilise le code BF15OFF sur nesthostels.com","og_url":"https:\/\/nestshostels.com\/fr\/black-friday-gran-canaria-nests-hostels-2025\/","og_site_name":"Nests Hostels","article_publisher":"https:\/\/www.facebook.com\/nesthosteltenerife\/","article_modified_time":"2025-11-01T13:23:53+00:00","og_image":[{"url":"https:\/\/nestshostels.com\/wp-content\/uploads\/2025\/10\/Black-Friday-NEST-2025-discover-1024x536.jpg","type":"","width":"","height":""}],"twitter_card":"summary_large_image","twitter_title":"\ud83d\udd25 Black Friday Nest Style \u2013 15% DE R\u00c9DUCTION \u00e0 Gran Canaria \ud83c\udf1e","twitter_description":"Ce Black Friday arrive avec du soleil, pas des chariots \ud83c\udfd6\ufe0f Profitez de 15 % de r\u00e9duction sur votre prochaine escapade au Nest de Las Palmas. Code : BF15OFF \ud83d\udc49 nesthostels.com","twitter_image":"https:\/\/nestshostels.com\/wp-content\/uploads\/2025\/10\/Black-Friday-NEST-2025-discover-1024x536.jpg","twitter_misc":{"Dur\u00e9e de lecture estim\u00e9e":"2 minutes"},"schema":{"@context":"https:\/\/schema.org","@graph":[{"@type":"WebPage","@id":"https:\/\/nestshostels.com\/fr\/black-friday-gran-canaria-nests-hostels-2025\/","url":"https:\/\/nestshostels.com\/fr\/black-friday-gran-canaria-nests-hostels-2025\/","name":"Black Friday \u00e0 Gran Canaria \ud83c\udf34 \u2013 15% DE R\u00c9DUCTION avec Nest Hostels | Nests Hostels","isPartOf":{"@id":"https:\/\/nestshostels.com\/fr\/#website"},"primaryImageOfPage":{"@id":"https:\/\/nestshostels.com\/fr\/black-friday-gran-canaria-nests-hostels-2025\/#primaryimage"},"image":{"@id":"https:\/\/nestshostels.com\/fr\/black-friday-gran-canaria-nests-hostels-2025\/#primaryimage"},"thumbnailUrl":"https:\/\/nestshostels.com\/wp-content\/uploads\/2025\/10\/Black-Friday-NEST-2025-discover.jpg","datePublished":"2025-10-31T12:47:25+00:00","dateModified":"2025-11-01T13:23:53+00:00","description":"Profitez du Black Friday Nest Style \ud83c\udf1e : 15% DE R\u00c9DUCTION pour vos vacances \u00e0 Gran Canaria. Soleil, plage et ambiance de hostel, uniquement sur nesthostels.com.","breadcrumb":{"@id":"https:\/\/nestshostels.com\/fr\/black-friday-gran-canaria-nests-hostels-2025\/#breadcrumb"},"inLanguage":"fr-FR","potentialAction":[{"@type":"ReadAction","target":["https:\/\/nestshostels.com\/fr\/black-friday-gran-canaria-nests-hostels-2025\/"]}]},{"@type":"ImageObject","inLanguage":"fr-FR","@id":"https:\/\/nestshostels.com\/fr\/black-friday-gran-canaria-nests-hostels-2025\/#primaryimage","url":"https:\/\/nestshostels.com\/wp-content\/uploads\/2025\/10\/Black-Friday-NEST-2025-discover.jpg","contentUrl":"https:\/\/nestshostels.com\/wp-content\/uploads\/2025\/10\/Black-Friday-NEST-2025-discover.jpg","width":1200,"height":628,"caption":"Gran Canaria Black Friday NEST 2025"},{"@type":"BreadcrumbList","@id":"https:\/\/nestshostels.com\/fr\/black-friday-gran-canaria-nests-hostels-2025\/#breadcrumb","itemListElement":[{"@type":"ListItem","position":1,"name":"Portada","item":"https:\/\/nestshostels.com\/fr\/"},{"@type":"ListItem","position":2,"name":"Le Black Friday commence \u00e0 Gran Canaria\u2026 et ce n&#8217;est que le d\u00e9but !"}]},{"@type":"WebSite","@id":"https:\/\/nestshostels.com\/fr\/#website","url":"https:\/\/nestshostels.com\/fr\/","name":"Nests Hostels","description":"Tenerife Hostels for Travellers &amp; Digital Nomads","publisher":{"@id":"https:\/\/nestshostels.com\/fr\/#organization"},"alternateName":"Nest","potentialAction":[{"@type":"SearchAction","target":{"@type":"EntryPoint","urlTemplate":"https:\/\/nestshostels.com\/fr\/?s={search_term_string}"},"query-input":{"@type":"PropertyValueSpecification","valueRequired":true,"valueName":"search_term_string"}}],"inLanguage":"fr-FR"},{"@type":"Organization","@id":"https:\/\/nestshostels.com\/fr\/#organization","name":"Nests Hostels","alternateName":"Nest","url":"https:\/\/nestshostels.com\/fr\/","logo":{"@type":"ImageObject","inLanguage":"fr-FR","@id":"https:\/\/nestshostels.com\/fr\/#\/schema\/logo\/image\/","url":"https:\/\/nestshostels.com\/wp-content\/uploads\/logo-nests-hostel.webp","contentUrl":"https:\/\/nestshostels.com\/wp-content\/uploads\/logo-nests-hostel.webp","width":200,"height":217,"caption":"Nests Hostels"},"image":{"@id":"https:\/\/nestshostels.com\/fr\/#\/schema\/logo\/image\/"},"sameAs":["https:\/\/www.facebook.com\/nesthosteltenerife\/","https:\/\/www.instagram.com\/nestshostels\/","https:\/\/www.tiktok.com\/@nestshostels","https:\/\/www.threads.com\/@nestshostels\/","https:\/\/www.youtube.com\/@nestshostels\/"]}]}},"_links":{"self":[{"href":"https:\/\/nestshostels.com\/fr\/wp-json\/wp\/v2\/pages\/20508","targetHints":{"allow":["GET"]}}],"collection":[{"href":"https:\/\/nestshostels.com\/fr\/wp-json\/wp\/v2\/pages"}],"about":[{"href":"https:\/\/nestshostels.com\/fr\/wp-json\/wp\/v2\/types\/page"}],"author":[{"embeddable":true,"href":"https:\/\/nestshostels.com\/fr\/wp-json\/wp\/v2\/users\/1"}],"replies":[{"embeddable":true,"href":"https:\/\/nestshostels.com\/fr\/wp-json\/wp\/v2\/comments?post=20508"}],"version-history":[{"count":3,"href":"https:\/\/nestshostels.com\/fr\/wp-json\/wp\/v2\/pages\/20508\/revisions"}],"predecessor-version":[{"id":20518,"href":"https:\/\/nestshostels.com\/fr\/wp-json\/wp\/v2\/pages\/20508\/revisions\/20518"}],"wp:featuredmedia":[{"embeddable":true,"href":"https:\/\/nestshostels.com\/fr\/wp-json\/wp\/v2\/media\/20493"}],"wp:attachment":[{"href":"https:\/\/nestshostels.com\/fr\/wp-json\/wp\/v2\/media?parent=20508"}],"curies":[{"name":"wp","href":"https:\/\/api.w.org\/{rel}","templated":true}]}}