{"id":20020,"date":"2019-10-02T17:01:20","date_gmt":"2019-10-02T17:01:20","guid":{"rendered":"https:\/\/nestshostels.com\/grupos-nest-hostel-en-tenerife\/"},"modified":"2025-10-08T10:12:04","modified_gmt":"2025-10-08T10:12:04","slug":"grupos-nest-hostel-en-tenerife","status":"publish","type":"page","link":"https:\/\/nestshostels.com\/fr\/grupos-nest-hostel-en-tenerife\/","title":{"rendered":"Voyages en groupe faciles (et amusants !)"},"content":{"rendered":"\n<h2 class=\"wp-block-heading\">La fa\u00e7on la plus simple de r\u00e9server ton voyage en groupe aux \u00celes Canaries<\/h2>\n\n<h4 class=\"wp-block-heading\">Hostel pas cher pour les groupes<\/h4>\n\n<p><\/p>\n\n<p>Tu cherches le lieu parfait pour ton <strong>voyage organis\u00e9 en groupe<\/strong>? Chez Nest Hostels, on est sp\u00e9cialis\u00e9s dans les <strong>voyages en groupe<\/strong>, avec des forfaits flexibles, des emplacements pr\u00e8s de la plage, des chambres priv\u00e9es pour ton groupe et des activit\u00e9s optionnelles comme le surf, la randonn\u00e9e ou des exp\u00e9riences culturelles. Que tu pr\u00e9pares un voyage \u00e0 <strong>Tenerife<\/strong>, <strong>Gran Canaria<\/strong> ou <strong>Ibiza<\/strong>, on a l&rsquo;endroit id\u00e9al (et le bon prix) pour ton groupe.<\/p>\n","protected":false},"excerpt":{"rendered":"<p>La fa\u00e7on la plus simple de r\u00e9server ton voyage en groupe aux \u00celes Canaries Hostel pas cher pour les groupes Tu cherches le lieu parfait pour ton voyage organis\u00e9 en groupe? Chez Nest Hostels, on est sp\u00e9cialis\u00e9s dans les voyages en groupe, avec des forfaits flexibles, des emplacements pr\u00e8s de la plage, des chambres priv\u00e9es<a href=\"https:\/\/nestshostels.com\/fr\/grupos-nest-hostel-en-tenerife\/\">Continue reading <span class=\"sr-only\">\u00ab\u00a0Voyages en groupe faciles (et amusants !)\u00a0\u00bb<\/span><\/a><\/p>\n","protected":false},"author":3,"featured_media":16151,"parent":0,"menu_order":0,"comment_status":"closed","ping_status":"closed","template":"","meta":{"footnotes":""},"class_list":["post-20020","page","type-page","status-publish","has-post-thumbnail","hentry"],"acf":[],"yoast_head":"<!-- This site is optimized with the Yoast SEO plugin v27.1.1 - https:\/\/yoast.com\/product\/yoast-seo-wordpress\/ -->\n<title>Voyages en Groupe vers des Auberges \u00e0 Tenerife, Gran Canaria et Ibiza | Nests Hostels<\/title>\n<meta name=\"description\" content=\"Vous organisez un voyage en groupe ? D\u00e9couvrez Nest Hostels : h\u00e9bergement pour groupes, activit\u00e9s comme le surf ou des excursions, et r\u00e9ductions sp\u00e9ciales. Parfait pour les groupes \u00e0 Tenerife, Gran Canaria et Ibiza.\" \/>\n<meta name=\"robots\" content=\"index, follow, max-snippet:-1, max-image-preview:large, max-video-preview:-1\" \/>\n<link rel=\"canonical\" href=\"https:\/\/nestshostels.com\/fr\/grupos-nest-hostel-en-tenerife\/\" \/>\n<meta property=\"og:locale\" content=\"fr_FR\" \/>\n<meta property=\"og:type\" content=\"article\" \/>\n<meta property=\"og:title\" content=\"\ud83c\udf0a Voyages de Groupe Organis\u00e9s aux \u00celes Canaries - Nests Hostels\" \/>\n<meta property=\"og:description\" content=\"Vous planifiez des vacances en groupe \u00e9piques ? Optez pour un hostel pour groupes \u00e0 Tenerife et Gran Canaria avec de vraies r\u00e9ductions, des chambres priv\u00e9es pour votre bande et des activit\u00e9s dont vous vous souviendrez toujours. Surf, randonn\u00e9es, beach volley et bien plus encore. \u00c0 partir de 8 personnes avec 10 % de r\u00e9duction ! \ud83c\udfc4\u200d\u2640\ufe0f\ud83c\udfd6\ufe0f\" \/>\n<meta property=\"og:url\" content=\"https:\/\/nestshostels.com\/fr\/grupos-nest-hostel-en-tenerife\/\" \/>\n<meta property=\"og:site_name\" content=\"Nests Hostels\" \/>\n<meta property=\"article:publisher\" content=\"https:\/\/www.facebook.com\/nesthosteltenerife\/\" \/>\n<meta property=\"article:modified_time\" content=\"2025-10-08T10:12:04+00:00\" \/>\n<meta property=\"og:image\" content=\"https:\/\/nestshostels.com\/wp-content\/uploads\/Nest-Hostel-Surf-Camp-2024-1024x768.jpg\" \/>\n<meta name=\"twitter:card\" content=\"summary_large_image\" \/>\n<meta name=\"twitter:title\" content=\"\ud83c\udf0a \u00c9piques voyages en groupe \u00e0 Tenerife et Gran Canaria\" \/>\n<meta name=\"twitter:description\" content=\"\u2705 10% de r\u00e9duction pour les groupes de 8+ \u2705 Chambres priv\u00e9es pour ta bande \u2705 Surf Camp et activit\u00e9s organis\u00e9es ! R\u00e9serve ton aventure en groupe ! \ud83d\udc47 #TenerifeGroups #GranCanariaHostel #ViajesGrupales #HostelCanarias\" \/>\n<meta name=\"twitter:image\" content=\"https:\/\/nestshostels.com\/wp-content\/uploads\/Nest-Hostel-Surf-Camp-2024-1024x768.jpg\" \/>\n<meta name=\"twitter:label1\" content=\"Dur\u00e9e de lecture estim\u00e9e\" \/>\n\t<meta name=\"twitter:data1\" content=\"1 minute\" \/>\n<script type=\"application\/ld+json\" class=\"yoast-schema-graph\">{\"@context\":\"https:\/\/schema.org\",\"@graph\":[{\"@type\":\"WebPage\",\"@id\":\"https:\/\/nestshostels.com\/fr\/grupos-nest-hostel-en-tenerife\/\",\"url\":\"https:\/\/nestshostels.com\/fr\/grupos-nest-hostel-en-tenerife\/\",\"name\":\"Voyages en Groupe vers des Auberges \u00e0 Tenerife, Gran Canaria et Ibiza | Nests Hostels\",\"isPartOf\":{\"@id\":\"https:\/\/nestshostels.com\/fr\/#website\"},\"primaryImageOfPage\":{\"@id\":\"https:\/\/nestshostels.com\/fr\/grupos-nest-hostel-en-tenerife\/#primaryimage\"},\"image\":{\"@id\":\"https:\/\/nestshostels.com\/fr\/grupos-nest-hostel-en-tenerife\/#primaryimage\"},\"thumbnailUrl\":\"https:\/\/nestshostels.com\/wp-content\/uploads\/experiencia-surf-camp-portada.png\",\"datePublished\":\"2019-10-02T17:01:20+00:00\",\"dateModified\":\"2025-10-08T10:12:04+00:00\",\"description\":\"Vous organisez un voyage en groupe ? D\u00e9couvrez Nest Hostels : h\u00e9bergement pour groupes, activit\u00e9s comme le surf ou des excursions, et r\u00e9ductions sp\u00e9ciales. Parfait pour les groupes \u00e0 Tenerife, Gran Canaria et Ibiza.\",\"breadcrumb\":{\"@id\":\"https:\/\/nestshostels.com\/fr\/grupos-nest-hostel-en-tenerife\/#breadcrumb\"},\"inLanguage\":\"fr-FR\",\"potentialAction\":[{\"@type\":\"ReadAction\",\"target\":[\"https:\/\/nestshostels.com\/fr\/grupos-nest-hostel-en-tenerife\/\"]}]},{\"@type\":\"ImageObject\",\"inLanguage\":\"fr-FR\",\"@id\":\"https:\/\/nestshostels.com\/fr\/grupos-nest-hostel-en-tenerife\/#primaryimage\",\"url\":\"https:\/\/nestshostels.com\/wp-content\/uploads\/experiencia-surf-camp-portada.png\",\"contentUrl\":\"https:\/\/nestshostels.com\/wp-content\/uploads\/experiencia-surf-camp-portada.png\",\"width\":1920,\"height\":1080,\"caption\":\"Surf camp y actividades organizadas \u00a1Reserva tu aventura grupal!\"},{\"@type\":\"BreadcrumbList\",\"@id\":\"https:\/\/nestshostels.com\/fr\/grupos-nest-hostel-en-tenerife\/#breadcrumb\",\"itemListElement\":[{\"@type\":\"ListItem\",\"position\":1,\"name\":\"Portada\",\"item\":\"https:\/\/nestshostels.com\/fr\/\"},{\"@type\":\"ListItem\",\"position\":2,\"name\":\"Voyages en groupe faciles (et amusants !)\"}]},{\"@type\":\"WebSite\",\"@id\":\"https:\/\/nestshostels.com\/fr\/#website\",\"url\":\"https:\/\/nestshostels.com\/fr\/\",\"name\":\"Nests Hostels\",\"description\":\"Tenerife Hostels for Travellers &amp; Digital Nomads\",\"publisher\":{\"@id\":\"https:\/\/nestshostels.com\/fr\/#organization\"},\"alternateName\":\"Nest\",\"potentialAction\":[{\"@type\":\"SearchAction\",\"target\":{\"@type\":\"EntryPoint\",\"urlTemplate\":\"https:\/\/nestshostels.com\/fr\/?s={search_term_string}\"},\"query-input\":{\"@type\":\"PropertyValueSpecification\",\"valueRequired\":true,\"valueName\":\"search_term_string\"}}],\"inLanguage\":\"fr-FR\"},{\"@type\":\"Organization\",\"@id\":\"https:\/\/nestshostels.com\/fr\/#organization\",\"name\":\"Nests Hostels\",\"alternateName\":\"Nest\",\"url\":\"https:\/\/nestshostels.com\/fr\/\",\"logo\":{\"@type\":\"ImageObject\",\"inLanguage\":\"fr-FR\",\"@id\":\"https:\/\/nestshostels.com\/fr\/#\/schema\/logo\/image\/\",\"url\":\"https:\/\/nestshostels.com\/wp-content\/uploads\/logo-nests-hostel.webp\",\"contentUrl\":\"https:\/\/nestshostels.com\/wp-content\/uploads\/logo-nests-hostel.webp\",\"width\":200,\"height\":217,\"caption\":\"Nests Hostels\"},\"image\":{\"@id\":\"https:\/\/nestshostels.com\/fr\/#\/schema\/logo\/image\/\"},\"sameAs\":[\"https:\/\/www.facebook.com\/nesthosteltenerife\/\",\"https:\/\/www.instagram.com\/nestshostels\/\",\"https:\/\/www.tiktok.com\/@nestshostels\",\"https:\/\/www.threads.com\/@nestshostels\/\",\"https:\/\/www.youtube.com\/@nestshostels\/\"]}]}<\/script>\n<!-- \/ Yoast SEO plugin. -->","yoast_head_json":{"title":"Voyages en Groupe vers des Auberges \u00e0 Tenerife, Gran Canaria et Ibiza | Nests Hostels","description":"Vous organisez un voyage en groupe ? D\u00e9couvrez Nest Hostels : h\u00e9bergement pour groupes, activit\u00e9s comme le surf ou des excursions, et r\u00e9ductions sp\u00e9ciales. Parfait pour les groupes \u00e0 Tenerife, Gran Canaria et Ibiza.","robots":{"index":"index","follow":"follow","max-snippet":"max-snippet:-1","max-image-preview":"max-image-preview:large","max-video-preview":"max-video-preview:-1"},"canonical":"https:\/\/nestshostels.com\/fr\/grupos-nest-hostel-en-tenerife\/","og_locale":"fr_FR","og_type":"article","og_title":"\ud83c\udf0a Voyages de Groupe Organis\u00e9s aux \u00celes Canaries - Nests Hostels","og_description":"Vous planifiez des vacances en groupe \u00e9piques ? Optez pour un hostel pour groupes \u00e0 Tenerife et Gran Canaria avec de vraies r\u00e9ductions, des chambres priv\u00e9es pour votre bande et des activit\u00e9s dont vous vous souviendrez toujours. Surf, randonn\u00e9es, beach volley et bien plus encore. \u00c0 partir de 8 personnes avec 10 % de r\u00e9duction ! \ud83c\udfc4\u200d\u2640\ufe0f\ud83c\udfd6\ufe0f","og_url":"https:\/\/nestshostels.com\/fr\/grupos-nest-hostel-en-tenerife\/","og_site_name":"Nests Hostels","article_publisher":"https:\/\/www.facebook.com\/nesthosteltenerife\/","article_modified_time":"2025-10-08T10:12:04+00:00","og_image":[{"url":"https:\/\/nestshostels.com\/wp-content\/uploads\/Nest-Hostel-Surf-Camp-2024-1024x768.jpg","type":"","width":"","height":""}],"twitter_card":"summary_large_image","twitter_title":"\ud83c\udf0a \u00c9piques voyages en groupe \u00e0 Tenerife et Gran Canaria","twitter_description":"\u2705 10% de r\u00e9duction pour les groupes de 8+ \u2705 Chambres priv\u00e9es pour ta bande \u2705 Surf Camp et activit\u00e9s organis\u00e9es ! R\u00e9serve ton aventure en groupe ! \ud83d\udc47 #TenerifeGroups #GranCanariaHostel #ViajesGrupales #HostelCanarias","twitter_image":"https:\/\/nestshostels.com\/wp-content\/uploads\/Nest-Hostel-Surf-Camp-2024-1024x768.jpg","twitter_misc":{"Dur\u00e9e de lecture estim\u00e9e":"1 minute"},"schema":{"@context":"https:\/\/schema.org","@graph":[{"@type":"WebPage","@id":"https:\/\/nestshostels.com\/fr\/grupos-nest-hostel-en-tenerife\/","url":"https:\/\/nestshostels.com\/fr\/grupos-nest-hostel-en-tenerife\/","name":"Voyages en Groupe vers des Auberges \u00e0 Tenerife, Gran Canaria et Ibiza | Nests Hostels","isPartOf":{"@id":"https:\/\/nestshostels.com\/fr\/#website"},"primaryImageOfPage":{"@id":"https:\/\/nestshostels.com\/fr\/grupos-nest-hostel-en-tenerife\/#primaryimage"},"image":{"@id":"https:\/\/nestshostels.com\/fr\/grupos-nest-hostel-en-tenerife\/#primaryimage"},"thumbnailUrl":"https:\/\/nestshostels.com\/wp-content\/uploads\/experiencia-surf-camp-portada.png","datePublished":"2019-10-02T17:01:20+00:00","dateModified":"2025-10-08T10:12:04+00:00","description":"Vous organisez un voyage en groupe ? D\u00e9couvrez Nest Hostels : h\u00e9bergement pour groupes, activit\u00e9s comme le surf ou des excursions, et r\u00e9ductions sp\u00e9ciales. Parfait pour les groupes \u00e0 Tenerife, Gran Canaria et Ibiza.","breadcrumb":{"@id":"https:\/\/nestshostels.com\/fr\/grupos-nest-hostel-en-tenerife\/#breadcrumb"},"inLanguage":"fr-FR","potentialAction":[{"@type":"ReadAction","target":["https:\/\/nestshostels.com\/fr\/grupos-nest-hostel-en-tenerife\/"]}]},{"@type":"ImageObject","inLanguage":"fr-FR","@id":"https:\/\/nestshostels.com\/fr\/grupos-nest-hostel-en-tenerife\/#primaryimage","url":"https:\/\/nestshostels.com\/wp-content\/uploads\/experiencia-surf-camp-portada.png","contentUrl":"https:\/\/nestshostels.com\/wp-content\/uploads\/experiencia-surf-camp-portada.png","width":1920,"height":1080,"caption":"Surf camp y actividades organizadas \u00a1Reserva tu aventura grupal!"},{"@type":"BreadcrumbList","@id":"https:\/\/nestshostels.com\/fr\/grupos-nest-hostel-en-tenerife\/#breadcrumb","itemListElement":[{"@type":"ListItem","position":1,"name":"Portada","item":"https:\/\/nestshostels.com\/fr\/"},{"@type":"ListItem","position":2,"name":"Voyages en groupe faciles (et amusants !)"}]},{"@type":"WebSite","@id":"https:\/\/nestshostels.com\/fr\/#website","url":"https:\/\/nestshostels.com\/fr\/","name":"Nests Hostels","description":"Tenerife Hostels for Travellers &amp; Digital Nomads","publisher":{"@id":"https:\/\/nestshostels.com\/fr\/#organization"},"alternateName":"Nest","potentialAction":[{"@type":"SearchAction","target":{"@type":"EntryPoint","urlTemplate":"https:\/\/nestshostels.com\/fr\/?s={search_term_string}"},"query-input":{"@type":"PropertyValueSpecification","valueRequired":true,"valueName":"search_term_string"}}],"inLanguage":"fr-FR"},{"@type":"Organization","@id":"https:\/\/nestshostels.com\/fr\/#organization","name":"Nests Hostels","alternateName":"Nest","url":"https:\/\/nestshostels.com\/fr\/","logo":{"@type":"ImageObject","inLanguage":"fr-FR","@id":"https:\/\/nestshostels.com\/fr\/#\/schema\/logo\/image\/","url":"https:\/\/nestshostels.com\/wp-content\/uploads\/logo-nests-hostel.webp","contentUrl":"https:\/\/nestshostels.com\/wp-content\/uploads\/logo-nests-hostel.webp","width":200,"height":217,"caption":"Nests Hostels"},"image":{"@id":"https:\/\/nestshostels.com\/fr\/#\/schema\/logo\/image\/"},"sameAs":["https:\/\/www.facebook.com\/nesthosteltenerife\/","https:\/\/www.instagram.com\/nestshostels\/","https:\/\/www.tiktok.com\/@nestshostels","https:\/\/www.threads.com\/@nestshostels\/","https:\/\/www.youtube.com\/@nestshostels\/"]}]}},"_links":{"self":[{"href":"https:\/\/nestshostels.com\/fr\/wp-json\/wp\/v2\/pages\/20020","targetHints":{"allow":["GET"]}}],"collection":[{"href":"https:\/\/nestshostels.com\/fr\/wp-json\/wp\/v2\/pages"}],"about":[{"href":"https:\/\/nestshostels.com\/fr\/wp-json\/wp\/v2\/types\/page"}],"author":[{"embeddable":true,"href":"https:\/\/nestshostels.com\/fr\/wp-json\/wp\/v2\/users\/3"}],"replies":[{"embeddable":true,"href":"https:\/\/nestshostels.com\/fr\/wp-json\/wp\/v2\/comments?post=20020"}],"version-history":[{"count":3,"href":"https:\/\/nestshostels.com\/fr\/wp-json\/wp\/v2\/pages\/20020\/revisions"}],"predecessor-version":[{"id":20027,"href":"https:\/\/nestshostels.com\/fr\/wp-json\/wp\/v2\/pages\/20020\/revisions\/20027"}],"wp:featuredmedia":[{"embeddable":true,"href":"https:\/\/nestshostels.com\/fr\/wp-json\/wp\/v2\/media\/16151"}],"wp:attachment":[{"href":"https:\/\/nestshostels.com\/fr\/wp-json\/wp\/v2\/media?parent=20020"}],"curies":[{"name":"wp","href":"https:\/\/api.w.org\/{rel}","templated":true}]}}