{"id":19990,"date":"2019-10-07T16:54:57","date_gmt":"2019-10-07T16:54:57","guid":{"rendered":"https:\/\/nestshostels.com\/aviso-legal\/"},"modified":"2025-10-08T10:08:34","modified_gmt":"2025-10-08T10:08:34","slug":"aviso-legal","status":"publish","type":"page","link":"https:\/\/nestshostels.com\/fr\/aviso-legal\/","title":{"rendered":"Aviso Legal"},"content":{"rendered":"\n<h1 class=\"wp-block-heading\">Aviso Legal<\/h1>\n\n<p><strong>Derni\u00e8re mise \u00e0 jour :<\/strong> Octobre 2025<\/p>\n\n<hr class=\"wp-block-separator has-alpha-channel-opacity\"\/>\n\n<h2 class=\"wp-block-heading\">1. Informations G\u00e9n\u00e9rales<\/h2>\n\n<p>En conformit\u00e9 avec la Loi 34\/2002 du 11 juillet sur les Services de la Soci\u00e9t\u00e9 de l&rsquo;Information et du Commerce \u00c9lectronique, on informe les utilisateurs du site web de l&rsquo;information suivante :<\/p>\n\n<p><strong>Titulaire du site web :<\/strong><br\/>Intermeal S.L.<\/p>\n\n<p><strong>CIF :<\/strong><br\/>B71098255<\/p>\n\n<p><strong>Domicile social :<\/strong><br\/>Calle Viktor Machado, 12<br\/>Puerto de la Cruz<br\/>Santa Cruz de Tenerife (Islas Canarias)<br\/>Espagne<\/p>\n\n<p><strong>Site web :<\/strong><br\/>https:\/\/nestshostels.com<\/p>\n\n<hr class=\"wp-block-separator has-alpha-channel-opacity\"\/>\n\n<h2 class=\"wp-block-heading\">2. Objet et Champ d&rsquo;Application<\/h2>\n\n<p>Le pr\u00e9sent avis l\u00e9gal r\u00e9gule l&rsquo;utilisation du site web https:\/\/nestshostels.com, dont le titulaire est <strong>Intermeal S.L.<\/strong> (ci-apr\u00e8s, le \u00ab\u00a0Titulaire\u00a0\u00bb).<\/p>\n\n<p>La navigation sur le site web te donne le statut d&rsquo;utilisateur et implique que tu acceptes pleinement et sans r\u00e9serve toutes les dispositions de cet Aviso Legal, qui peuvent \u00eatre modifi\u00e9es. Tu t&rsquo;engages \u00e0 utiliser le site web de mani\u00e8re correcte, en respectant les lois, la bonne foi, l&rsquo;ordre public, les usages du trafic et cet Aviso Legal.<\/p>\n\n<hr class=\"wp-block-separator has-alpha-channel-opacity\"\/>\n\n<h2 class=\"wp-block-heading\">3. Limitation de Responsabilit\u00e9<\/h2>\n\n<h3 class=\"wp-block-heading\">3.1 Responsabilit\u00e9 pour l&rsquo;utilisation du site web<\/h3>\n\n<p><strong>Intermeal S.L.<\/strong> ne peut pas assumer de responsabilit\u00e9 en cas d&rsquo;utilisation incorrecte, inappropri\u00e9e ou ill\u00e9gale des informations pr\u00e9sentes sur les pages Internet de https:\/\/nestshostels.com<\/p>\n\n<h3 class=\"wp-block-heading\">3.2 V\u00e9racit\u00e9 des informations<\/h3>\n\n<p>Dans les limites fix\u00e9es par la loi, <strong>Intermeal S.L.<\/strong> ne prend aucune responsabilit\u00e9 en cas de manque de v\u00e9racit\u00e9, d&rsquo;int\u00e9gralit\u00e9, de mise \u00e0 jour et de pr\u00e9cision des donn\u00e9es ou informations pr\u00e9sentes sur ses pages Internet.<\/p>\n\n<h3 class=\"wp-block-heading\">3.3 Caract\u00e8re informatif<\/h3>\n\n<p>Les contenus et informations ne lient pas <strong>Intermeal S.L.<\/strong> et ne constituent pas des opinions, conseils ou avis juridiques de quelque sorte que ce soit, car il s&rsquo;agit simplement d&rsquo;un service propos\u00e9 \u00e0 titre informatif et \u00e9ducatif.<\/p>\n\n<h3 class=\"wp-block-heading\">3.4 Liens externes<\/h3>\n\n<p>Le site web de https:\/\/nestshostels.com peut contenir des liens vers d&rsquo;autres pages web de tiers que <strong>Intermeal S.L.<\/strong> ne peut pas contr\u00f4ler. Par cons\u00e9quent, <strong>Intermeal S.L.<\/strong> ne peut pas assumer de responsabilit\u00e9s pour le contenu qui peut appara\u00eetre sur les pages de tiers.<\/p>\n\n<hr class=\"wp-block-separator has-alpha-channel-opacity\"\/>\n\n<h2 class=\"wp-block-heading\">4. Propri\u00e9t\u00e9 Intellectuelle et Industrielle<\/h2>\n\n<p>Tous les contenus du site web, y compris, sans limitation, les textes, images, sons, animations, logiciels et autres contenus, ainsi que leur design graphique et codes sources, sont la propri\u00e9t\u00e9 exclusive de <strong>Intermeal S.L.<\/strong> ou de ses licenci\u00e9s, et sont prot\u00e9g\u00e9s par la l\u00e9gislation nationale et internationale sur la propri\u00e9t\u00e9 intellectuelle et industrielle.<\/p>\n\n<p>Il est express\u00e9ment interdit de :<\/p>\n\n<ul class=\"wp-block-list\">\n<li>La reproduction, la distribution, la communication publique et la transformation des contenus.<\/li>\n\n\n\n<li>La transmission, cession ou stockage total ou partiel des contenus<\/li>\n\n\n\n<li>Tout usage commercial des contenus sans le consentement express et \u00e9crit de <strong>Intermeal S.L.<\/strong><\/li>\n<\/ul>\n\n<p>Tout acte de transmission, distribution, cession, reproduction, stockage ou communication publique, total ou partiel, doit avoir le consentement expr\u00e8s de <strong>Intermeal S.L.<\/strong><\/p>\n\n<hr class=\"wp-block-separator has-alpha-channel-opacity\"\/>\n\n<h2 class=\"wp-block-heading\">5. Protection des Donn\u00e9es Personnelles<\/h2>\n\n<h3 class=\"wp-block-heading\">5.1 Responsable du traitement<\/h3>\n\n<p><strong>Intermeal S.L.<\/strong> est responsable du traitement des donn\u00e9es personnelles de l&rsquo;utilisateur et t&rsquo;informe que ces donn\u00e9es seront trait\u00e9es conform\u00e9ment aux dispositions du R\u00e8glement (UE) 2016\/679, du 27 avril 2016 (RGPD), relatif \u00e0 la protection des personnes physiques concernant le traitement des donn\u00e9es personnelles et \u00e0 la libre circulation de ces donn\u00e9es.<\/p>\n\n<h3 class=\"wp-block-heading\">5.2 Objectif du traitement<\/h3>\n\n<p>Pour acc\u00e9der \u00e0 certains services que <strong>Intermeal S.L.<\/strong> propose sur le site web, tu devras fournir quelques informations personnelles. En remplissant les formulaires correspondants, tes donn\u00e9es personnelles seront int\u00e9gr\u00e9es et trait\u00e9es dans les fichiers de <strong>Intermeal S.L.<\/strong> aux fins suivantes :<\/p>\n\n<ul class=\"wp-block-list\">\n<li>Fournir et offrir nos services<\/li>\n\n\n\n<li>G\u00e9rer les r\u00e9servations et les demandes faites<\/li>\n\n\n\n<li>Te tenir au courant des am\u00e9liorations et des nouveaut\u00e9s du site web<\/li>\n\n\n\n<li>Envoyer des communications commerciales, quand il y a un consentement expr\u00e8s.<\/li>\n<\/ul>\n\n<h3 class=\"wp-block-heading\">5.3 Conservation des donn\u00e9es<\/h3>\n\n<p>Les donn\u00e9es personnelles que tu fournis seront conserv\u00e9es tant que la relation commerciale est active ou pendant les ann\u00e9es n\u00e9cessaires pour respecter les obligations l\u00e9gales.<\/p>\n\n<h3 class=\"wp-block-heading\">5.4 L\u00e9gitimit\u00e9<\/h3>\n\n<p>La base l\u00e9gale pour le traitement de tes donn\u00e9es est :<\/p>\n\n<ul class=\"wp-block-list\">\n<li>Le consentement de l&rsquo;int\u00e9ress\u00e9<\/li>\n\n\n\n<li>L&rsquo;ex\u00e9cution d&rsquo;un contrat<\/li>\n\n\n\n<li>Le respect des obligations l\u00e9gales<\/li>\n\n\n\n<li>L&rsquo;int\u00e9r\u00eat l\u00e9gitime du responsable<\/li>\n<\/ul>\n\n<h3 class=\"wp-block-heading\">5.5 Droits de l&rsquo;utilisateur<\/h3>\n\n<p>L&rsquo;utilisateur a le droit de :<\/p>\n\n<ul class=\"wp-block-list\">\n<li><strong>Acc\u00e8s :<\/strong> Savoir quelles donn\u00e9es personnelles sont trait\u00e9es<\/li>\n\n\n\n<li><strong>Rectification :<\/strong> Modifier les informations inexactes ou incompl\u00e8tes<\/li>\n\n\n\n<li><strong>Suppression :<\/strong> Demande de suppression de tes donn\u00e9es<\/li>\n\n\n\n<li><strong>Opposition :<\/strong> S&rsquo;opposer au traitement de tes donn\u00e9es<\/li>\n\n\n\n<li><strong>Limitation :<\/strong> Demande de limitation du traitement<\/li>\n\n\n\n<li><strong>Portabilit\u00e9 :<\/strong> Recevoir tes donn\u00e9es dans un format structur\u00e9<\/li>\n\n\n\n<li><strong>R\u00e9vocation du consentement :<\/strong> Retire ton consentement \u00e0 tout moment<\/li>\n<\/ul>\n\n<h3 class=\"wp-block-heading\">5.6 Exercice des droits<\/h3>\n\n<p>Pour exercer tes droits d&rsquo;acc\u00e8s, de rectification, de suppression, d&rsquo;opposition, de limitation et de portabilit\u00e9 gratuitement, tu peux te diriger vers :<\/p>\n\n<p><strong>Email :<\/strong> info@nestshostels.com<\/p>\n\n<p><strong>Adresse postale :<\/strong><br\/>Intermeal S.L.<br\/>Calle Viktor Machado, 12<br\/>Puerto de la Cruz<br\/>Santa Cruz de Tenerife (\u00celes Canaries)<br\/>Espagne<\/p>\n\n<p>De plus, tu as le droit de d\u00e9poser une plainte aupr\u00e8s de l&rsquo;Agence Espagnole de Protection des Donn\u00e9es (www.aepd.es) si tu penses que le traitement ne respecte pas la r\u00e9glementation en vigueur.<\/p>\n\n<hr class=\"wp-block-separator has-alpha-channel-opacity\"\/>\n\n<h2 class=\"wp-block-heading\">6. Logiciel et Attributions<\/h2>\n\n<p><strong>Intermeal S.L.<\/strong> utilise WordPress et d&rsquo;autres biblioth\u00e8ques de logiciels libres Open Source, ainsi que des services web sous licences Creative Commons (CC0) et d&rsquo;autres licences ouvertes.<\/p>\n\n<h3 class=\"wp-block-heading\">Attributions et logiciels utilis\u00e9s :<\/h3>\n\n<ul class=\"wp-block-list\">\n<li><strong>WordPress<\/strong> &#8211; CMS Open Source (Licence GPL)<\/li>\n\n\n\n<li><strong>Biblioth\u00e8ques JavaScript et CSS<\/strong> &#8211; Plusieurs licences Open Source<\/li>\n\n\n\n<li><strong>Services web CC0<\/strong> &#8211; Domaine public<\/li>\n\n\n\n<li>D&rsquo;autres composants de logiciel libre selon ce qui est pr\u00e9cis\u00e9 dans chaque cas<\/li>\n<\/ul>\n\n<p>Pour consulter la liste compl\u00e8te des attributions et licences, n&rsquo;h\u00e9site pas \u00e0 nous contacter via les moyens indiqu\u00e9s dans cet avis l\u00e9gal.<\/p>\n\n<hr class=\"wp-block-separator has-alpha-channel-opacity\"\/>\n\n<h2 class=\"wp-block-heading\">7. Modifications<\/h2>\n\n<p><strong>Intermeal S.L.<\/strong> se r\u00e9serve le droit d&rsquo;apporter sans pr\u00e9avis les modifications qu&rsquo;elle juge n\u00e9cessaires sur son site web. Elle peut changer, supprimer ou ajouter autant les contenus que les services offerts, ainsi que la mani\u00e8re dont ils sont pr\u00e9sent\u00e9s ou localis\u00e9s.<\/p>\n\n<hr class=\"wp-block-separator has-alpha-channel-opacity\"\/>\n\n<h2 class=\"wp-block-heading\">8. L\u00e9gislation Applicable et Juridiction<\/h2>\n\n<p>La relation entre <strong>Intermeal S.L.<\/strong> et toi sera r\u00e9gie par la l\u00e9gislation espagnole en vigueur. En cas de litige, les parties pourront soumettre leurs conflits \u00e0 un arbitrage ou se tourner vers la juridiction ordinaire, les Juges et Tribunaux de Santa Cruz de Tenerife \u00e9tant comp\u00e9tents pour r\u00e9soudre les conflits.<\/p>\n\n<hr class=\"wp-block-separator has-alpha-channel-opacity\"\/>\n\n<h2 class=\"wp-block-heading\">9. Contacte-nous<\/h2>\n\n<p>Pour toute question li\u00e9e \u00e0 cet Aviso Legal ou au site web, tu peux nous contacter \u00e0 travers :<\/p>\n\n<p><strong>Email :<\/strong> info@nestshostels.com<\/p>\n\n<p><strong>Adresse :<\/strong><br\/>Intermeal S.L.<br\/>Calle Viktor Machado, 12<br\/>Puerto de la Cruz<br\/>Santa Cruz de Tenerife (\u00celes Canaries)<br\/>Espagne<\/p>\n\n<hr class=\"wp-block-separator has-alpha-channel-opacity\"\/>\n\n<p><strong>Date de la derni\u00e8re mise \u00e0 jour :<\/strong> Octobre 2025<\/p>\n","protected":false},"excerpt":{"rendered":"<p>Aviso Legal Derni\u00e8re mise \u00e0 jour : Octobre 2025 1. Informations G\u00e9n\u00e9rales En conformit\u00e9 avec la Loi 34\/2002 du 11 juillet sur les Services de la Soci\u00e9t\u00e9 de l&rsquo;Information et du Commerce \u00c9lectronique, on informe les utilisateurs du site web de l&rsquo;information suivante : Titulaire du site web :Intermeal S.L. CIF :B71098255 Domicile social :Calle<a href=\"https:\/\/nestshostels.com\/fr\/aviso-legal\/\">Continue reading <span class=\"sr-only\">\u00ab\u00a0Aviso Legal\u00a0\u00bb<\/span><\/a><\/p>\n","protected":false},"author":2,"featured_media":0,"parent":0,"menu_order":0,"comment_status":"closed","ping_status":"closed","template":"","meta":{"footnotes":""},"class_list":["post-19990","page","type-page","status-publish","hentry"],"acf":[],"yoast_head":"<!-- This site is optimized with the Yoast SEO plugin v27.1.1 - https:\/\/yoast.com\/product\/yoast-seo-wordpress\/ -->\n<title>Aviso Legal | Nests Hostels<\/title>\n<meta name=\"description\" content=\"Derni\u00e8re mise \u00e0 jour : Octobre 2025 Conform\u00e9ment \u00e0 la Loi 34\/2002, du 11 juillet, sur les Services de la Soci\u00e9t\u00e9 de l&#039;Information et du Commerce \u00c9lectronique, les utilisateurs du site web sont inform\u00e9s des \u00e9l\u00e9ments suivants :\" \/>\n<meta name=\"robots\" content=\"index, follow, max-snippet:-1, max-image-preview:large, max-video-preview:-1\" \/>\n<link rel=\"canonical\" href=\"https:\/\/nestshostels.com\/fr\/aviso-legal\/\" \/>\n<meta property=\"og:locale\" content=\"fr_FR\" \/>\n<meta property=\"og:type\" content=\"article\" \/>\n<meta property=\"og:title\" content=\"Aviso Legal | Nests Hostels\" \/>\n<meta property=\"og:description\" content=\"Derni\u00e8re mise \u00e0 jour : Octobre 2025 Conform\u00e9ment \u00e0 la Loi 34\/2002, du 11 juillet, sur les Services de la Soci\u00e9t\u00e9 de l&#039;Information et du Commerce \u00c9lectronique, les utilisateurs du site web sont inform\u00e9s des \u00e9l\u00e9ments suivants :\" \/>\n<meta property=\"og:url\" content=\"https:\/\/nestshostels.com\/fr\/aviso-legal\/\" \/>\n<meta property=\"og:site_name\" content=\"Nests Hostels\" \/>\n<meta property=\"article:publisher\" content=\"https:\/\/www.facebook.com\/nesthosteltenerife\/\" \/>\n<meta property=\"article:modified_time\" content=\"2025-10-08T10:08:34+00:00\" \/>\n<meta property=\"og:image\" content=\"https:\/\/nestshostels.com\/wp-content\/uploads\/Nest-Pass-Islands-Map-v2.jpg\" \/>\n\t<meta property=\"og:image:width\" content=\"1850\" \/>\n\t<meta property=\"og:image:height\" content=\"1081\" \/>\n\t<meta property=\"og:image:type\" content=\"image\/jpeg\" \/>\n<meta name=\"twitter:card\" content=\"summary_large_image\" \/>\n<meta name=\"twitter:label1\" content=\"Dur\u00e9e de lecture estim\u00e9e\" \/>\n\t<meta name=\"twitter:data1\" content=\"5 minutes\" \/>\n<script type=\"application\/ld+json\" class=\"yoast-schema-graph\">{\"@context\":\"https:\/\/schema.org\",\"@graph\":[{\"@type\":\"WebPage\",\"@id\":\"https:\/\/nestshostels.com\/fr\/aviso-legal\/\",\"url\":\"https:\/\/nestshostels.com\/fr\/aviso-legal\/\",\"name\":\"Aviso Legal | Nests Hostels\",\"isPartOf\":{\"@id\":\"https:\/\/nestshostels.com\/fr\/#website\"},\"datePublished\":\"2019-10-07T16:54:57+00:00\",\"dateModified\":\"2025-10-08T10:08:34+00:00\",\"description\":\"Derni\u00e8re mise \u00e0 jour : Octobre 2025 Conform\u00e9ment \u00e0 la Loi 34\/2002, du 11 juillet, sur les Services de la Soci\u00e9t\u00e9 de l'Information et du Commerce \u00c9lectronique, les utilisateurs du site web sont inform\u00e9s des \u00e9l\u00e9ments suivants :\",\"breadcrumb\":{\"@id\":\"https:\/\/nestshostels.com\/fr\/aviso-legal\/#breadcrumb\"},\"inLanguage\":\"fr-FR\",\"potentialAction\":[{\"@type\":\"ReadAction\",\"target\":[\"https:\/\/nestshostels.com\/fr\/aviso-legal\/\"]}]},{\"@type\":\"BreadcrumbList\",\"@id\":\"https:\/\/nestshostels.com\/fr\/aviso-legal\/#breadcrumb\",\"itemListElement\":[{\"@type\":\"ListItem\",\"position\":1,\"name\":\"Portada\",\"item\":\"https:\/\/nestshostels.com\/fr\/\"},{\"@type\":\"ListItem\",\"position\":2,\"name\":\"Aviso Legal\"}]},{\"@type\":\"WebSite\",\"@id\":\"https:\/\/nestshostels.com\/fr\/#website\",\"url\":\"https:\/\/nestshostels.com\/fr\/\",\"name\":\"Nests Hostels\",\"description\":\"Tenerife Hostels for Travellers &amp; Digital Nomads\",\"publisher\":{\"@id\":\"https:\/\/nestshostels.com\/fr\/#organization\"},\"alternateName\":\"Nest\",\"potentialAction\":[{\"@type\":\"SearchAction\",\"target\":{\"@type\":\"EntryPoint\",\"urlTemplate\":\"https:\/\/nestshostels.com\/fr\/?s={search_term_string}\"},\"query-input\":{\"@type\":\"PropertyValueSpecification\",\"valueRequired\":true,\"valueName\":\"search_term_string\"}}],\"inLanguage\":\"fr-FR\"},{\"@type\":\"Organization\",\"@id\":\"https:\/\/nestshostels.com\/fr\/#organization\",\"name\":\"Nests Hostels\",\"alternateName\":\"Nest\",\"url\":\"https:\/\/nestshostels.com\/fr\/\",\"logo\":{\"@type\":\"ImageObject\",\"inLanguage\":\"fr-FR\",\"@id\":\"https:\/\/nestshostels.com\/fr\/#\/schema\/logo\/image\/\",\"url\":\"https:\/\/nestshostels.com\/wp-content\/uploads\/logo-nests-hostel.webp\",\"contentUrl\":\"https:\/\/nestshostels.com\/wp-content\/uploads\/logo-nests-hostel.webp\",\"width\":200,\"height\":217,\"caption\":\"Nests Hostels\"},\"image\":{\"@id\":\"https:\/\/nestshostels.com\/fr\/#\/schema\/logo\/image\/\"},\"sameAs\":[\"https:\/\/www.facebook.com\/nesthosteltenerife\/\",\"https:\/\/www.instagram.com\/nestshostels\/\",\"https:\/\/www.tiktok.com\/@nestshostels\",\"https:\/\/www.threads.com\/@nestshostels\/\",\"https:\/\/www.youtube.com\/@nestshostels\/\"]}]}<\/script>\n<!-- \/ Yoast SEO plugin. -->","yoast_head_json":{"title":"Aviso Legal | Nests Hostels","description":"Derni\u00e8re mise \u00e0 jour : Octobre 2025 Conform\u00e9ment \u00e0 la Loi 34\/2002, du 11 juillet, sur les Services de la Soci\u00e9t\u00e9 de l'Information et du Commerce \u00c9lectronique, les utilisateurs du site web sont inform\u00e9s des \u00e9l\u00e9ments suivants :","robots":{"index":"index","follow":"follow","max-snippet":"max-snippet:-1","max-image-preview":"max-image-preview:large","max-video-preview":"max-video-preview:-1"},"canonical":"https:\/\/nestshostels.com\/fr\/aviso-legal\/","og_locale":"fr_FR","og_type":"article","og_title":"Aviso Legal | Nests Hostels","og_description":"Derni\u00e8re mise \u00e0 jour : Octobre 2025 Conform\u00e9ment \u00e0 la Loi 34\/2002, du 11 juillet, sur les Services de la Soci\u00e9t\u00e9 de l'Information et du Commerce \u00c9lectronique, les utilisateurs du site web sont inform\u00e9s des \u00e9l\u00e9ments suivants :","og_url":"https:\/\/nestshostels.com\/fr\/aviso-legal\/","og_site_name":"Nests Hostels","article_publisher":"https:\/\/www.facebook.com\/nesthosteltenerife\/","article_modified_time":"2025-10-08T10:08:34+00:00","og_image":[{"width":1850,"height":1081,"url":"https:\/\/nestshostels.com\/wp-content\/uploads\/Nest-Pass-Islands-Map-v2.jpg","type":"image\/jpeg"}],"twitter_card":"summary_large_image","twitter_misc":{"Dur\u00e9e de lecture estim\u00e9e":"5 minutes"},"schema":{"@context":"https:\/\/schema.org","@graph":[{"@type":"WebPage","@id":"https:\/\/nestshostels.com\/fr\/aviso-legal\/","url":"https:\/\/nestshostels.com\/fr\/aviso-legal\/","name":"Aviso Legal | Nests Hostels","isPartOf":{"@id":"https:\/\/nestshostels.com\/fr\/#website"},"datePublished":"2019-10-07T16:54:57+00:00","dateModified":"2025-10-08T10:08:34+00:00","description":"Derni\u00e8re mise \u00e0 jour : Octobre 2025 Conform\u00e9ment \u00e0 la Loi 34\/2002, du 11 juillet, sur les Services de la Soci\u00e9t\u00e9 de l'Information et du Commerce \u00c9lectronique, les utilisateurs du site web sont inform\u00e9s des \u00e9l\u00e9ments suivants :","breadcrumb":{"@id":"https:\/\/nestshostels.com\/fr\/aviso-legal\/#breadcrumb"},"inLanguage":"fr-FR","potentialAction":[{"@type":"ReadAction","target":["https:\/\/nestshostels.com\/fr\/aviso-legal\/"]}]},{"@type":"BreadcrumbList","@id":"https:\/\/nestshostels.com\/fr\/aviso-legal\/#breadcrumb","itemListElement":[{"@type":"ListItem","position":1,"name":"Portada","item":"https:\/\/nestshostels.com\/fr\/"},{"@type":"ListItem","position":2,"name":"Aviso Legal"}]},{"@type":"WebSite","@id":"https:\/\/nestshostels.com\/fr\/#website","url":"https:\/\/nestshostels.com\/fr\/","name":"Nests Hostels","description":"Tenerife Hostels for Travellers &amp; Digital Nomads","publisher":{"@id":"https:\/\/nestshostels.com\/fr\/#organization"},"alternateName":"Nest","potentialAction":[{"@type":"SearchAction","target":{"@type":"EntryPoint","urlTemplate":"https:\/\/nestshostels.com\/fr\/?s={search_term_string}"},"query-input":{"@type":"PropertyValueSpecification","valueRequired":true,"valueName":"search_term_string"}}],"inLanguage":"fr-FR"},{"@type":"Organization","@id":"https:\/\/nestshostels.com\/fr\/#organization","name":"Nests Hostels","alternateName":"Nest","url":"https:\/\/nestshostels.com\/fr\/","logo":{"@type":"ImageObject","inLanguage":"fr-FR","@id":"https:\/\/nestshostels.com\/fr\/#\/schema\/logo\/image\/","url":"https:\/\/nestshostels.com\/wp-content\/uploads\/logo-nests-hostel.webp","contentUrl":"https:\/\/nestshostels.com\/wp-content\/uploads\/logo-nests-hostel.webp","width":200,"height":217,"caption":"Nests Hostels"},"image":{"@id":"https:\/\/nestshostels.com\/fr\/#\/schema\/logo\/image\/"},"sameAs":["https:\/\/www.facebook.com\/nesthosteltenerife\/","https:\/\/www.instagram.com\/nestshostels\/","https:\/\/www.tiktok.com\/@nestshostels","https:\/\/www.threads.com\/@nestshostels\/","https:\/\/www.youtube.com\/@nestshostels\/"]}]}},"_links":{"self":[{"href":"https:\/\/nestshostels.com\/fr\/wp-json\/wp\/v2\/pages\/19990","targetHints":{"allow":["GET"]}}],"collection":[{"href":"https:\/\/nestshostels.com\/fr\/wp-json\/wp\/v2\/pages"}],"about":[{"href":"https:\/\/nestshostels.com\/fr\/wp-json\/wp\/v2\/types\/page"}],"author":[{"embeddable":true,"href":"https:\/\/nestshostels.com\/fr\/wp-json\/wp\/v2\/users\/2"}],"replies":[{"embeddable":true,"href":"https:\/\/nestshostels.com\/fr\/wp-json\/wp\/v2\/comments?post=19990"}],"version-history":[{"count":1,"href":"https:\/\/nestshostels.com\/fr\/wp-json\/wp\/v2\/pages\/19990\/revisions"}],"predecessor-version":[{"id":19991,"href":"https:\/\/nestshostels.com\/fr\/wp-json\/wp\/v2\/pages\/19990\/revisions\/19991"}],"wp:attachment":[{"href":"https:\/\/nestshostels.com\/fr\/wp-json\/wp\/v2\/media?parent=19990"}],"curies":[{"name":"wp","href":"https:\/\/api.w.org\/{rel}","templated":true}]}}