{"id":19982,"date":"2019-10-07T16:56:17","date_gmt":"2019-10-07T16:56:17","guid":{"rendered":"https:\/\/nestshostels.com\/politica-de-cookies\/"},"modified":"2025-10-08T10:07:58","modified_gmt":"2025-10-08T10:07:58","slug":"politica-de-cookies","status":"publish","type":"page","link":"https:\/\/nestshostels.com\/fr\/politica-de-cookies\/","title":{"rendered":"Politique de cookies"},"content":{"rendered":"\n<h1 class=\"wp-block-heading\">Politique de Cookies<\/h1>\n\n<p><strong>Derni\u00e8re mise \u00e0 jour :<\/strong> Octobre 2025<\/p>\n\n<hr class=\"wp-block-separator has-alpha-channel-opacity\"\/>\n\n<p><strong>Intermeal S.L.<\/strong> t&rsquo;informe sur l&rsquo;utilisation des cookies sur son site web : https:\/\/nestshostels.com<\/p>\n\n<hr class=\"wp-block-separator has-alpha-channel-opacity\"\/>\n\n<h2 class=\"wp-block-heading\">1. Qu&rsquo;est-ce que les cookies ?<\/h2>\n\n<p>Les cookies sont des fichiers que tu peux t\u00e9l\u00e9charger sur ton appareil via les sites web. Ce sont des outils super importants pour offrir plein de services dans le monde num\u00e9rique.<\/p>\n\n<p>Entre autres, ils permettent \u00e0 un site web de stocker et de r\u00e9cup\u00e9rer des infos sur tes habitudes de navigation et celles de ton appareil. Selon les donn\u00e9es r\u00e9colt\u00e9es, ils peuvent \u00eatre utilis\u00e9s pour te reconna\u00eetre et am\u00e9liorer le service propos\u00e9.<\/p>\n\n<hr class=\"wp-block-separator has-alpha-channel-opacity\"\/>\n\n<h2 class=\"wp-block-heading\">2. Types de cookies<\/h2>\n\n<h3 class=\"wp-block-heading\">2.1 Selon l&rsquo;entit\u00e9 qui les g\u00e8re<\/h3>\n\n<p><strong>Cookies propres :<\/strong> Celles qui sont envoy\u00e9es sur l&rsquo;appareil de l&rsquo;utilisateur depuis un syst\u00e8me ou un domaine g\u00e9r\u00e9 par l&rsquo;\u00e9diteur lui-m\u00eame et \u00e0 partir duquel le service demand\u00e9 par l&rsquo;utilisateur est fourni.<\/p>\n\n<p><strong>Cookies tiers :<\/strong> Celles qui sont envoy\u00e9es \u00e0 l&rsquo;appareil de l&rsquo;utilisateur depuis un \u00e9quipement ou un domaine qui n&rsquo;est pas g\u00e9r\u00e9 par l&rsquo;\u00e9diteur, mais par une autre entit\u00e9 qui traite les donn\u00e9es obtenues via les cookies.<\/p>\n\n<p>Dans le cas o\u00f9 les cookies sont install\u00e9s depuis un \u00e9quipement ou un domaine g\u00e9r\u00e9 par l&rsquo;\u00e9diteur lui-m\u00eame mais que les informations recueillies par ceux-ci sont g\u00e9r\u00e9es par un tiers, ils ne peuvent pas \u00eatre consid\u00e9r\u00e9s comme des cookies propres.<\/p>\n\n<h3 class=\"wp-block-heading\">2.2 En fonction du d\u00e9lai<\/h3>\n\n<p><strong>Cookies de session :<\/strong> Con\u00e7ues pour collecter et stocker des donn\u00e9es pendant que tu acc\u00e8des \u00e0 une page web. Elles sont souvent utilis\u00e9es pour garder des infos qui n&rsquo;int\u00e9ressent qu&rsquo;une seule fois pour le service demand\u00e9 (comme une liste de produits achet\u00e9s).<\/p>\n\n<p><strong>Cookies persistantes :<\/strong> Les donn\u00e9es restent stock\u00e9es sur le terminal et peuvent \u00eatre acc\u00e9d\u00e9es et trait\u00e9es pendant une p\u00e9riode d\u00e9finie par le responsable du cookie, qui peut aller de quelques minutes \u00e0 plusieurs ann\u00e9es.<\/p>\n\n<h3 class=\"wp-block-heading\">2.3 Selon son objectif<\/h3>\n\n<p><strong>Cookies techniques :<\/strong> Celles qui permettent \u00e0 l&rsquo;utilisateur de naviguer sur une page web, une plateforme ou une application et d&rsquo;utiliser les diff\u00e9rentes options ou services qui y existent, comme par exemple :<\/p>\n\n<ul class=\"wp-block-list\">\n<li>Contr\u00f4ler le trafic et la communication des donn\u00e9es<\/li>\n\n\n\n<li>Identifier la session<\/li>\n\n\n\n<li>Acc\u00e9der \u00e0 des zones r\u00e9serv\u00e9es<\/li>\n\n\n\n<li>Se souvenir des \u00e9l\u00e9ments qui composent une commande<\/li>\n\n\n\n<li>R\u00e9aliser le processus d&rsquo;achat d&rsquo;une commande<\/li>\n\n\n\n<li>Fais ta demande d&rsquo;inscription ou de participation \u00e0 un \u00e9v\u00e9nement !<\/li>\n\n\n\n<li>Utiliser des \u00e9l\u00e9ments de s\u00e9curit\u00e9 pendant la navigation<\/li>\n\n\n\n<li>Stocker du contenu pour diffuser des vid\u00e9os ou du son<\/li>\n\n\n\n<li>Partager du contenu sur les r\u00e9seaux sociaux<\/li>\n<\/ul>\n\n<p><strong>Cookies de personnalisation :<\/strong> Ils permettent \u00e0 l&rsquo;utilisateur d&rsquo;acc\u00e9der au service avec certaines caract\u00e9ristiques g\u00e9n\u00e9rales pr\u00e9d\u00e9finies en fonction de divers crit\u00e8res sur le terminal de l&rsquo;utilisateur, comme par exemple :<\/p>\n\n<ul class=\"wp-block-list\">\n<li>La langue<\/li>\n\n\n\n<li>Le type de navigateur avec lequel tu acc\u00e8des au service<\/li>\n\n\n\n<li>La configuration r\u00e9gionale depuis laquelle tu acc\u00e8des au service<\/li>\n<\/ul>\n\n<p><strong>Cookies d&rsquo;analyse :<\/strong> Elles permettent \u00e0 celui qui les g\u00e8re de suivre et d&rsquo;analyser le comportement des utilisateurs des sites web auxquels elles sont li\u00e9es. Les infos r\u00e9colt\u00e9es gr\u00e2ce \u00e0 ces cookies servent \u00e0 mesurer l&rsquo;activit\u00e9 des sites web, des applis ou des plateformes, et \u00e0 cr\u00e9er des profils de navigation des utilisateurs de ces derniers, afin d&rsquo;apporter des am\u00e9liorations bas\u00e9es sur l&rsquo;analyse des donn\u00e9es d&rsquo;utilisation que les utilisateurs font du service.<\/p>\n\n<p><strong>Cookies publicitaires :<\/strong> Elles permettent de g\u00e9rer au mieux les espaces publicitaires.<\/p>\n\n<p><strong>Cookies de publicit\u00e9 comportementale :<\/strong> Ils stockent des informations sur le comportement des utilisateurs obtenues par l&rsquo;observation continue de leurs habitudes de navigation, ce qui permet de d\u00e9velopper un profil sp\u00e9cifique pour afficher des publicit\u00e9s en fonction de cela.<\/p>\n\n<p><strong>Cookies de r\u00e9seaux sociaux externes :<\/strong> Elles sont utilis\u00e9es pour que les visiteurs puissent interagir avec le contenu de diff\u00e9rentes plateformes sociales (Facebook, YouTube, Twitter, LinkedIn, etc.) et sont g\u00e9n\u00e9r\u00e9es uniquement pour les utilisateurs de ces r\u00e9seaux sociaux. Les conditions d&rsquo;utilisation de ces cookies et les informations collect\u00e9es sont r\u00e9gies par la politique de confidentialit\u00e9 de la plateforme sociale correspondante.<\/p>\n\n<hr class=\"wp-block-separator has-alpha-channel-opacity\"\/>\n\n<h2 class=\"wp-block-heading\">3. D\u00e9sactivation et suppression des cookies<\/h2>\n\n<p>Tu peux autoriser, bloquer ou supprimer les cookies install\u00e9s sur ton appareil en modifiant les param\u00e8tres de ton navigateur.<\/p>\n\n<p><strong>Important :<\/strong> En d\u00e9sactivant les cookies, certains services disponibles pourraient ne plus fonctionner. La fa\u00e7on de d\u00e9sactiver les cookies varie selon le navigateur, mais tu peux g\u00e9n\u00e9ralement le faire depuis le menu Outils ou Options. Tu peux aussi consulter le menu d&rsquo;Aide de ton navigateur o\u00f9 tu trouveras des instructions.<\/p>\n\n<p>Tu pourras choisir \u00e0 tout moment quelles cookies tu veux activer sur ce site web.<\/p>\n\n<h3 class=\"wp-block-heading\">3.1 Configuration par navigateur<\/h3>\n\n<p>Tu peux autoriser, bloquer ou supprimer les cookies install\u00e9s sur ton appareil en configurant les options de ton navigateur :<\/p>\n\n<p><strong>Microsoft Internet Explorer ou Microsoft Edge :<\/strong><br\/>http:\/\/windows.microsoft.com\/es-es\/windows-vista\/Block-or-allow-cookies<\/p>\n\n<p><strong>Mozilla Firefox :<\/strong><br\/>http:\/\/support.mozilla.org\/fr\/kb\/empecher-les-sites-web-de-sauvegarder-tes-preferences<\/p>\n\n<p><strong>Google Chrome :<\/strong><br\/>https:\/\/support.google.com\/accounts\/answer\/61416?hl=fr<\/p>\n\n<p><strong>Safari :<\/strong><br\/>http:\/\/safari.helpmax.net\/es\/privacidad-y-seguridad\/como-gestionar-las-cookies\/<\/p>\n\n<p><strong>Opera :<\/strong><br\/>http:\/\/help.opera.com\/Linux\/10.60\/es-ES\/cookies.html<\/p>\n\n<h3 class=\"wp-block-heading\">3.2 Outils de gestion des cookies<\/h3>\n\n<p>De plus, tu peux aussi g\u00e9rer le stockage des cookies dans ton navigateur gr\u00e2ce \u00e0 des outils comme ceux-ci :<\/p>\n\n<p><strong>Ghostery :<\/strong><br\/>www.ghostery.com\/<\/p>\n\n<p><strong>Tes choix en ligne :<\/strong><br\/>www.youronlinechoices.com\/es\/<\/p>\n\n<hr class=\"wp-block-separator has-alpha-channel-opacity\"\/>\n\n<h2 class=\"wp-block-heading\">4. Cookies utilis\u00e9es sur https:\/\/nestshostels.com<\/h2>\n\n<p>Voici les cookies utilis\u00e9es sur ce site, ainsi que leur type et leur fonction :<\/p>\n\n<h3 class=\"wp-block-heading\">Cookies techniques et de personnalisation<\/h3>\n\n<h3 class=\"wp-block-heading\">Gestion du consentement des cookies<\/h3>\n\n<p><strong>Script de cookie<\/strong><\/p>\n\n<ul class=\"wp-block-list\">\n<li>Tipo : Cookie de tiers<\/li>\n\n\n\n<li>Fournisseur : Cookie-Script.com<\/li>\n\n\n\n<li>Finalit\u00e9 : Gestion de la banni\u00e8re de cookies et stockage du consentement de l&rsquo;utilisateur<\/li>\n\n\n\n<li>Plus d&rsquo;infos : <a href=\"https:\/\/cookie-script.com\/cookie-report?identifier=823a2498c6d8f8bc9cc63c1a509111d2\" target=\"_blank\" rel=\"noreferrer noopener nofollow\">https:\/\/cookie-script.com\/<\/a><\/li>\n\n\n\n<li>Dur\u00e9e : 4 semaines<\/li>\n<\/ul>\n\n<p><strong>Cookie de session (PHPSESSID ou similaire)<\/strong><\/p>\n\n<ul class=\"wp-block-list\">\n<li>Tipo : Cookie propre, de session<\/li>\n\n\n\n<li>Objectif : Identifier la session de l&rsquo;utilisateur et garder la navigation active<\/li>\n\n\n\n<li>Dur\u00e9e : Session<\/li>\n<\/ul>\n\n<p><strong>Cookie de langue<\/strong><\/p>\n\n<ul class=\"wp-block-list\">\n<li>Tipo : Cookie propre, persistante<\/li>\n\n\n\n<li>Finalit\u00e9 : Se souvenir de la langue choisie par l&rsquo;utilisateur<\/li>\n\n\n\n<li>Dur\u00e9e : 1 an<\/li>\n<\/ul>\n\n<p><strong>Cookie d&rsquo;acceptation des cookies<\/strong><\/p>\n\n<ul class=\"wp-block-list\">\n<li>Tipo : Cookie propre, persistante<\/li>\n\n\n\n<li>But d\u2019informer : Rappelle-toi que tu as accept\u00e9 la politique de cookies.<\/li>\n\n\n\n<li>Dur\u00e9e : 1 an<\/li>\n<\/ul>\n\n<h3 class=\"wp-block-heading\">Cookies d&rsquo;analyse<\/h3>\n\n<p><strong>Google Analytics (_ga, _gid, _gat)<\/strong><\/p>\n\n<ul class=\"wp-block-list\">\n<li>Tipo : Cookie de tiers, persistant<\/li>\n\n\n\n<li>Objectif : Analyse statistique de l&rsquo;utilisation du site web<\/li>\n\n\n\n<li>Dur\u00e9e : 2 ans (_ga), 24 heures (_gid), 1 minute (_gat)<\/li>\n\n\n\n<li>Plus d&rsquo;infos : https:\/\/policies.google.com\/privacy<\/li>\n<\/ul>\n\n<h3 class=\"wp-block-heading\">Cookies de r\u00e9seaux sociaux<\/h3>\n\n<p>Quand tu int\u00e8gres des widgets ou des boutons de r\u00e9seaux sociaux, ces plateformes peuvent installer leurs propres cookies :<\/p>\n\n<p><strong>Facebook<\/strong><\/p>\n\n<ul class=\"wp-block-list\">\n<li>Politique de cookies : https:\/\/www.facebook.com\/policies\/cookies\/<\/li>\n<\/ul>\n\n<p><strong>Instagram<\/strong><\/p>\n\n<ul class=\"wp-block-list\">\n<li>Politique de cookies : https:\/\/help.instagram.com\/1896641480634370<\/li>\n<\/ul>\n\n<p><strong>YouTube<\/strong><\/p>\n\n<ul class=\"wp-block-list\">\n<li>Politique de cookies : https:\/\/policies.google.com\/technologies\/cookies<\/li>\n<\/ul>\n\n<hr class=\"wp-block-separator has-alpha-channel-opacity\"\/>\n\n<h2 class=\"wp-block-heading\">5. Acceptation de la Politique de cookies<\/h2>\n\n<p>https:\/\/nestshostels.com asume que usted acepta el uso de cookies. No obstante, muestra informaci\u00f3n sobre su Pol\u00edtica de cookies en la parte inferior o superior de cualquier p\u00e1gina del portal con cada inicio de sesi\u00f3n con el objeto de que usted sea consciente.<\/p>\n\n<p>Avec ces infos, tu peux faire les actions suivantes :<\/p>\n\n<p><strong>Accepter les cookies :<\/strong> Cet avis ne s&rsquo;affichera plus lorsque tu acc\u00e8deras \u00e0 une page du portail pendant cette session.<\/p>\n\n<p><strong>Fermer :<\/strong> L&rsquo;avertissement se cache sur cette page.<\/p>\n\n<p><strong>Modifier ta configuration :<\/strong> Tu pourras en savoir plus sur les cookies, consulter la Politique de cookies de https:\/\/nestshostels.com et modifier les param\u00e8tres de ton navigateur.<\/p>\n\n<hr class=\"wp-block-separator has-alpha-channel-opacity\"\/>\n\n<h2 class=\"wp-block-heading\">6. Consentement<\/h2>\n\n<p>En naviguant et en continuant sur notre site web, tu acceptes l&rsquo;utilisation des cookies selon les conditions \u00e9nonc\u00e9es dans cette Politique de Cookies.<\/p>\n\n<p><strong>Intermeal S.L.<\/strong> se r\u00e9serve le droit de modifier cette Politique de Cookies en fonction des exigences l\u00e9gislatives, r\u00e9glementaires, ou pour adapter cette politique aux instructions donn\u00e9es par l&rsquo;Agence Espagnole de Protection des Donn\u00e9es.<\/p>\n\n<p>Lorsque des changements significatifs seront apport\u00e9s \u00e0 cette Politique de Cookies, les utilisateurs en seront inform\u00e9s par un avis sur le site web.<\/p>\n\n<hr class=\"wp-block-separator has-alpha-channel-opacity\"\/>\n\n<h2 class=\"wp-block-heading\">7. Plus d&rsquo;infos<\/h2>\n\n<p>Pour toute question concernant cette Politique de Cookies, n&rsquo;h\u00e9site pas \u00e0 nous contacter :<\/p>\n\n<p><strong>Email :<\/strong> info@nestshostels.com<\/p>\n\n<p><strong>Adresse postale :<\/strong><br\/>Intermeal S.L.<br\/>Calle Viktor Machado, 12<br\/>38400 Puerto de la Cruz<br\/>Santa Cruz de Tenerife (\u00celes Canaries)<br\/>Espagne<\/p>\n\n<hr class=\"wp-block-separator has-alpha-channel-opacity\"\/>\n\n<p><strong>Date de la derni\u00e8re mise \u00e0 jour :<\/strong> Octobre 2025<\/p>\n","protected":false},"excerpt":{"rendered":"<p>Politique de Cookies Derni\u00e8re mise \u00e0 jour : Octobre 2025 Intermeal S.L. t&rsquo;informe sur l&rsquo;utilisation des cookies sur son site web : https:\/\/nestshostels.com 1. Qu&rsquo;est-ce que les cookies ? Les cookies sont des fichiers que tu peux t\u00e9l\u00e9charger sur ton appareil via les sites web. Ce sont des outils super importants pour offrir plein de<a href=\"https:\/\/nestshostels.com\/fr\/politica-de-cookies\/\">Continue reading <span class=\"sr-only\">\u00ab\u00a0Politique de cookies\u00a0\u00bb<\/span><\/a><\/p>\n","protected":false},"author":2,"featured_media":0,"parent":0,"menu_order":0,"comment_status":"closed","ping_status":"closed","template":"","meta":{"footnotes":""},"class_list":["post-19982","page","type-page","status-publish","hentry"],"acf":[],"yoast_head":"<!-- This site is optimized with the Yoast SEO plugin v27.1.1 - https:\/\/yoast.com\/product\/yoast-seo-wordpress\/ -->\n<title>Politique de cookies | Nests Hostels<\/title>\n<meta name=\"description\" content=\"Intermeal S.L. vous informe sur l&#039;utilisation des cookies sur son site web : https:\/\/nestshostels.com\" \/>\n<meta name=\"robots\" content=\"index, follow, max-snippet:-1, max-image-preview:large, max-video-preview:-1\" \/>\n<link rel=\"canonical\" href=\"https:\/\/nestshostels.com\/fr\/politica-de-cookies\/\" \/>\n<meta property=\"og:locale\" content=\"fr_FR\" \/>\n<meta property=\"og:type\" content=\"article\" \/>\n<meta property=\"og:title\" content=\"Politique de cookies | Nests Hostels\" \/>\n<meta property=\"og:description\" content=\"Intermeal S.L. vous informe sur l&#039;utilisation des cookies sur son site web : https:\/\/nestshostels.com\" \/>\n<meta property=\"og:url\" content=\"https:\/\/nestshostels.com\/fr\/politica-de-cookies\/\" \/>\n<meta property=\"og:site_name\" content=\"Nests Hostels\" \/>\n<meta property=\"article:publisher\" content=\"https:\/\/www.facebook.com\/nesthosteltenerife\/\" \/>\n<meta property=\"article:modified_time\" content=\"2025-10-08T10:07:58+00:00\" \/>\n<meta property=\"og:image\" content=\"https:\/\/nestshostels.com\/wp-content\/uploads\/Nest-Pass-Islands-Map-v2.jpg\" \/>\n\t<meta property=\"og:image:width\" content=\"1850\" \/>\n\t<meta property=\"og:image:height\" content=\"1081\" \/>\n\t<meta property=\"og:image:type\" content=\"image\/jpeg\" \/>\n<meta name=\"twitter:card\" content=\"summary_large_image\" \/>\n<meta name=\"twitter:label1\" content=\"Dur\u00e9e de lecture estim\u00e9e\" \/>\n\t<meta name=\"twitter:data1\" content=\"7 minutes\" \/>\n<script type=\"application\/ld+json\" class=\"yoast-schema-graph\">{\"@context\":\"https:\/\/schema.org\",\"@graph\":[{\"@type\":\"WebPage\",\"@id\":\"https:\/\/nestshostels.com\/fr\/politica-de-cookies\/\",\"url\":\"https:\/\/nestshostels.com\/fr\/politica-de-cookies\/\",\"name\":\"Politique de cookies | Nests Hostels\",\"isPartOf\":{\"@id\":\"https:\/\/nestshostels.com\/fr\/#website\"},\"datePublished\":\"2019-10-07T16:56:17+00:00\",\"dateModified\":\"2025-10-08T10:07:58+00:00\",\"description\":\"Intermeal S.L. vous informe sur l'utilisation des cookies sur son site web : https:\/\/nestshostels.com\",\"breadcrumb\":{\"@id\":\"https:\/\/nestshostels.com\/fr\/politica-de-cookies\/#breadcrumb\"},\"inLanguage\":\"fr-FR\",\"potentialAction\":[{\"@type\":\"ReadAction\",\"target\":[\"https:\/\/nestshostels.com\/fr\/politica-de-cookies\/\"]}]},{\"@type\":\"BreadcrumbList\",\"@id\":\"https:\/\/nestshostels.com\/fr\/politica-de-cookies\/#breadcrumb\",\"itemListElement\":[{\"@type\":\"ListItem\",\"position\":1,\"name\":\"Portada\",\"item\":\"https:\/\/nestshostels.com\/fr\/\"},{\"@type\":\"ListItem\",\"position\":2,\"name\":\"Politique de cookies\"}]},{\"@type\":\"WebSite\",\"@id\":\"https:\/\/nestshostels.com\/fr\/#website\",\"url\":\"https:\/\/nestshostels.com\/fr\/\",\"name\":\"Nests Hostels\",\"description\":\"Tenerife Hostels for Travellers &amp; Digital Nomads\",\"publisher\":{\"@id\":\"https:\/\/nestshostels.com\/fr\/#organization\"},\"alternateName\":\"Nest\",\"potentialAction\":[{\"@type\":\"SearchAction\",\"target\":{\"@type\":\"EntryPoint\",\"urlTemplate\":\"https:\/\/nestshostels.com\/fr\/?s={search_term_string}\"},\"query-input\":{\"@type\":\"PropertyValueSpecification\",\"valueRequired\":true,\"valueName\":\"search_term_string\"}}],\"inLanguage\":\"fr-FR\"},{\"@type\":\"Organization\",\"@id\":\"https:\/\/nestshostels.com\/fr\/#organization\",\"name\":\"Nests Hostels\",\"alternateName\":\"Nest\",\"url\":\"https:\/\/nestshostels.com\/fr\/\",\"logo\":{\"@type\":\"ImageObject\",\"inLanguage\":\"fr-FR\",\"@id\":\"https:\/\/nestshostels.com\/fr\/#\/schema\/logo\/image\/\",\"url\":\"https:\/\/nestshostels.com\/wp-content\/uploads\/logo-nests-hostel.webp\",\"contentUrl\":\"https:\/\/nestshostels.com\/wp-content\/uploads\/logo-nests-hostel.webp\",\"width\":200,\"height\":217,\"caption\":\"Nests Hostels\"},\"image\":{\"@id\":\"https:\/\/nestshostels.com\/fr\/#\/schema\/logo\/image\/\"},\"sameAs\":[\"https:\/\/www.facebook.com\/nesthosteltenerife\/\",\"https:\/\/www.instagram.com\/nestshostels\/\",\"https:\/\/www.tiktok.com\/@nestshostels\",\"https:\/\/www.threads.com\/@nestshostels\/\",\"https:\/\/www.youtube.com\/@nestshostels\/\"]}]}<\/script>\n<!-- \/ Yoast SEO plugin. -->","yoast_head_json":{"title":"Politique de cookies | Nests Hostels","description":"Intermeal S.L. vous informe sur l'utilisation des cookies sur son site web : https:\/\/nestshostels.com","robots":{"index":"index","follow":"follow","max-snippet":"max-snippet:-1","max-image-preview":"max-image-preview:large","max-video-preview":"max-video-preview:-1"},"canonical":"https:\/\/nestshostels.com\/fr\/politica-de-cookies\/","og_locale":"fr_FR","og_type":"article","og_title":"Politique de cookies | Nests Hostels","og_description":"Intermeal S.L. vous informe sur l'utilisation des cookies sur son site web : https:\/\/nestshostels.com","og_url":"https:\/\/nestshostels.com\/fr\/politica-de-cookies\/","og_site_name":"Nests Hostels","article_publisher":"https:\/\/www.facebook.com\/nesthosteltenerife\/","article_modified_time":"2025-10-08T10:07:58+00:00","og_image":[{"width":1850,"height":1081,"url":"https:\/\/nestshostels.com\/wp-content\/uploads\/Nest-Pass-Islands-Map-v2.jpg","type":"image\/jpeg"}],"twitter_card":"summary_large_image","twitter_misc":{"Dur\u00e9e de lecture estim\u00e9e":"7 minutes"},"schema":{"@context":"https:\/\/schema.org","@graph":[{"@type":"WebPage","@id":"https:\/\/nestshostels.com\/fr\/politica-de-cookies\/","url":"https:\/\/nestshostels.com\/fr\/politica-de-cookies\/","name":"Politique de cookies | Nests Hostels","isPartOf":{"@id":"https:\/\/nestshostels.com\/fr\/#website"},"datePublished":"2019-10-07T16:56:17+00:00","dateModified":"2025-10-08T10:07:58+00:00","description":"Intermeal S.L. vous informe sur l'utilisation des cookies sur son site web : https:\/\/nestshostels.com","breadcrumb":{"@id":"https:\/\/nestshostels.com\/fr\/politica-de-cookies\/#breadcrumb"},"inLanguage":"fr-FR","potentialAction":[{"@type":"ReadAction","target":["https:\/\/nestshostels.com\/fr\/politica-de-cookies\/"]}]},{"@type":"BreadcrumbList","@id":"https:\/\/nestshostels.com\/fr\/politica-de-cookies\/#breadcrumb","itemListElement":[{"@type":"ListItem","position":1,"name":"Portada","item":"https:\/\/nestshostels.com\/fr\/"},{"@type":"ListItem","position":2,"name":"Politique de cookies"}]},{"@type":"WebSite","@id":"https:\/\/nestshostels.com\/fr\/#website","url":"https:\/\/nestshostels.com\/fr\/","name":"Nests Hostels","description":"Tenerife Hostels for Travellers &amp; Digital Nomads","publisher":{"@id":"https:\/\/nestshostels.com\/fr\/#organization"},"alternateName":"Nest","potentialAction":[{"@type":"SearchAction","target":{"@type":"EntryPoint","urlTemplate":"https:\/\/nestshostels.com\/fr\/?s={search_term_string}"},"query-input":{"@type":"PropertyValueSpecification","valueRequired":true,"valueName":"search_term_string"}}],"inLanguage":"fr-FR"},{"@type":"Organization","@id":"https:\/\/nestshostels.com\/fr\/#organization","name":"Nests Hostels","alternateName":"Nest","url":"https:\/\/nestshostels.com\/fr\/","logo":{"@type":"ImageObject","inLanguage":"fr-FR","@id":"https:\/\/nestshostels.com\/fr\/#\/schema\/logo\/image\/","url":"https:\/\/nestshostels.com\/wp-content\/uploads\/logo-nests-hostel.webp","contentUrl":"https:\/\/nestshostels.com\/wp-content\/uploads\/logo-nests-hostel.webp","width":200,"height":217,"caption":"Nests Hostels"},"image":{"@id":"https:\/\/nestshostels.com\/fr\/#\/schema\/logo\/image\/"},"sameAs":["https:\/\/www.facebook.com\/nesthosteltenerife\/","https:\/\/www.instagram.com\/nestshostels\/","https:\/\/www.tiktok.com\/@nestshostels","https:\/\/www.threads.com\/@nestshostels\/","https:\/\/www.youtube.com\/@nestshostels\/"]}]}},"_links":{"self":[{"href":"https:\/\/nestshostels.com\/fr\/wp-json\/wp\/v2\/pages\/19982","targetHints":{"allow":["GET"]}}],"collection":[{"href":"https:\/\/nestshostels.com\/fr\/wp-json\/wp\/v2\/pages"}],"about":[{"href":"https:\/\/nestshostels.com\/fr\/wp-json\/wp\/v2\/types\/page"}],"author":[{"embeddable":true,"href":"https:\/\/nestshostels.com\/fr\/wp-json\/wp\/v2\/users\/2"}],"replies":[{"embeddable":true,"href":"https:\/\/nestshostels.com\/fr\/wp-json\/wp\/v2\/comments?post=19982"}],"version-history":[{"count":1,"href":"https:\/\/nestshostels.com\/fr\/wp-json\/wp\/v2\/pages\/19982\/revisions"}],"predecessor-version":[{"id":19983,"href":"https:\/\/nestshostels.com\/fr\/wp-json\/wp\/v2\/pages\/19982\/revisions\/19983"}],"wp:attachment":[{"href":"https:\/\/nestshostels.com\/fr\/wp-json\/wp\/v2\/media?parent=19982"}],"curies":[{"name":"wp","href":"https:\/\/api.w.org\/{rel}","templated":true}]}}