{"id":19958,"date":"2021-05-18T12:29:43","date_gmt":"2021-05-18T12:29:43","guid":{"rendered":"https:\/\/nestshostels.com\/digital-nomads-tenerife\/"},"modified":"2025-10-08T10:05:02","modified_gmt":"2025-10-08T10:05:02","slug":"digital-nomads-tenerife","status":"publish","type":"page","link":"https:\/\/nestshostels.com\/fr\/digital-nomads-tenerife\/","title":{"rendered":"Nomades Digitaux au Nest Hostel \u00e0 Tenerife et Gran Canaria"},"content":{"rendered":"\n<h1 class=\"wp-block-heading\">\ud83d\udcac T\u00e9moignages<\/h1>\n\n<p>Ce que disent nos invit\u00e9s<\/p>\n\n<hr class=\"wp-block-separator has-alpha-channel-opacity\"\/>\n\n<p>\ud83c\udfaf Ton avis nous rend meilleurs<\/p>\n\n<p><strong>Nest Hostels Canarias<\/strong> prend en compte les t\u00e9moignages de la diversit\u00e9 des voyageurs qui ont s\u00e9journ\u00e9 dans notre vaste r\u00e9seau de hostels.<\/p>\n\n<p><strong>Ces avis nous aident \u00e0 nous am\u00e9liorer en continu<\/strong>, pour te proposer des services toujours meilleurs.<\/p>\n\n<p>C&rsquo;est pourquoi on encourage toujours nos h\u00f4tes \u00e0 donner leur avis \u00e0 tout moment.<\/p>\n\n<hr class=\"wp-block-separator has-alpha-channel-opacity\"\/>\n\n<h2 class=\"wp-block-heading\">\u2696\ufe0f Travail + Vie = \u00c9quilibre parfait<\/h2>\n\n<p>On veut que tu profites du <strong>meilleur \u00e9quilibre possible entre le travail et la vie<\/strong> pendant ton s\u00e9jour dans un de nos <strong><a href=\"\/nests-hostels\">Nest Hostels Tenerife<\/a>.<\/strong><\/p>\n\n<h3 class=\"wp-block-heading\">\ud83d\udcbb Des espaces con\u00e7us pour bosser<\/h3>\n\n<p>\ud83d\udcf6 WiFi ultra rapide<br\/>\ud83e\ude91 Espaces de coworking pro<br\/>\ud83e\udd1d Communaut\u00e9 de nomades digitaux<br\/>\u2600\ufe0f Terrasses et espaces ext\u00e9rieurs<\/p>\n\n<hr class=\"wp-block-separator has-alpha-channel-opacity\"\/>\n\n<p>\ud83c\udfac \u00c9coute les exp\u00e9riences r\u00e9elles<\/p>\n\n<div class=\"wp-block-columns is-layout-flex wp-container-core-columns-is-layout-9d6595d7 wp-block-columns-is-layout-flex\">\n<div class=\"wp-block-column is-layout-flow wp-block-column-is-layout-flow\">\n<figure class=\"wp-block-embed is-type-video is-provider-youtube wp-block-embed-youtube wp-embed-aspect-4-3 wp-has-aspect-ratio\"><div class=\"wp-block-embed__wrapper\">\n<iframe loading=\"lazy\" title=\"Review Lisbeth\" width=\"500\" height=\"375\" src=\"https:\/\/www.youtube.com\/embed\/09RUFG-34xM?feature=oembed\" frameborder=\"0\" allow=\"accelerometer; autoplay; clipboard-write; encrypted-media; gyroscope; picture-in-picture; web-share\" referrerpolicy=\"strict-origin-when-cross-origin\" allowfullscreen><\/iframe>\n<\/div><\/figure>\n<\/div>\n\n\n\n<div class=\"wp-block-column is-layout-flow wp-block-column-is-layout-flow\">\n<figure class=\"wp-block-embed is-type-video is-provider-youtube wp-block-embed-youtube wp-embed-aspect-16-9 wp-has-aspect-ratio\"><div class=\"wp-block-embed__wrapper\">\n<iframe loading=\"lazy\" title=\"Review Stephan\" width=\"500\" height=\"281\" src=\"https:\/\/www.youtube.com\/embed\/eosj9I8AmMY?feature=oembed\" frameborder=\"0\" allow=\"accelerometer; autoplay; clipboard-write; encrypted-media; gyroscope; picture-in-picture; web-share\" referrerpolicy=\"strict-origin-when-cross-origin\" allowfullscreen><\/iframe>\n<\/div><\/figure>\n<\/div>\n\n\n\n<div class=\"wp-block-column is-layout-flow wp-block-column-is-layout-flow\">\n<figure class=\"wp-block-embed is-type-video is-provider-youtube wp-block-embed-youtube wp-embed-aspect-16-9 wp-has-aspect-ratio\"><div class=\"wp-block-embed__wrapper\">\n<iframe loading=\"lazy\" title=\"Review Damaris\" width=\"500\" height=\"281\" src=\"https:\/\/www.youtube.com\/embed\/qsS3qqg5nnw?feature=oembed\" frameborder=\"0\" allow=\"accelerometer; autoplay; clipboard-write; encrypted-media; gyroscope; picture-in-picture; web-share\" referrerpolicy=\"strict-origin-when-cross-origin\" allowfullscreen><\/iframe>\n<\/div><\/figure>\n<\/div>\n<\/div>\n\n<p><\/p>\n\n<h2 class=\"wp-block-heading\">\ud83c\udf1f Vis l&rsquo;exp\u00e9rience du nomade digital<\/h2>\n\n<p>On sait que tu aimes la vie facile, <strong>alors viens vivre l&rsquo;une des meilleures exp\u00e9riences de nomades digitaux avec nous.<\/strong><\/p>\n\n<p>\ud83d\udca1 <strong>Astuce :<\/strong> Regarde dans la section \u00ab\u00a0\u00c0 voir\u00a0\u00bb pour d\u00e9couvrir tout ce que Tenerife a \u00e0 t&rsquo;offrir. Tu ne le regretteras pas.<\/p>\n\n<hr class=\"wp-block-separator has-alpha-channel-opacity\"\/>\n\n<h2 class=\"wp-block-heading\">\ud83c\udf9f\ufe0f Pour les s\u00e9jours prolong\u00e9s : Nest Pass<\/h2>\n\n<p>Pour ton s\u00e9jour prolong\u00e9, on te propose deux <strong>options de <a href=\"https:\/\/nestshostels.com\/fr\/nest-pass\/\">Nest Pass<\/a> :<\/strong><\/p>\n\n<h3 class=\"wp-block-heading\">\ud83d\udcc5 Semaine du Nest Pass<\/h3>\n\n<p><strong>7+ nuits<\/strong> de libert\u00e9 totale<\/p>\n\n<h3 class=\"wp-block-heading\">\ud83d\udcc6 Mois du Nest Pass<\/h3>\n\n<p><strong>28+ nuits<\/strong> pour explorer l&rsquo;\u00eele<\/p>\n\n<p><strong>La libert\u00e9 de te d\u00e9placer :<\/strong> Tu peux changer de lieu entre nos hostels \u00e0 tout moment.<\/p>\n\n<p>\u2705 <strong>Tous les services de Nest sont inclus !<\/strong><\/p>\n\n<hr class=\"wp-block-separator has-alpha-channel-opacity\"\/>\n\n<h2 class=\"wp-block-heading\">\ud83d\udde3\ufe0f Tu veux partager ton exp\u00e9rience ?<\/h2>\n\n<p>Ton t\u00e9moignage aide d&rsquo;autres voyageurs et nomades num\u00e9riques \u00e0 d\u00e9couvrir Nest.<\/p>\n\n<p><strong>Laisse-nous ton avis et rejoins notre communaut\u00e9.<\/strong><\/p>\n\n<p><\/p>\n","protected":false},"excerpt":{"rendered":"<p>\ud83d\udcac T\u00e9moignages Ce que disent nos invit\u00e9s \ud83c\udfaf Ton avis nous rend meilleurs Nest Hostels Canarias prend en compte les t\u00e9moignages de la diversit\u00e9 des voyageurs qui ont s\u00e9journ\u00e9 dans notre vaste r\u00e9seau de hostels. Ces avis nous aident \u00e0 nous am\u00e9liorer en continu, pour te proposer des services toujours meilleurs. C&rsquo;est pourquoi on encourage<a href=\"https:\/\/nestshostels.com\/fr\/digital-nomads-tenerife\/\">Continue reading <span class=\"sr-only\">\u00ab\u00a0Nomades Digitaux au Nest Hostel \u00e0 Tenerife et Gran Canaria\u00a0\u00bb<\/span><\/a><\/p>\n","protected":false},"author":2,"featured_media":13571,"parent":0,"menu_order":0,"comment_status":"closed","ping_status":"closed","template":"","meta":{"footnotes":""},"class_list":["post-19958","page","type-page","status-publish","has-post-thumbnail","hentry"],"acf":[],"yoast_head":"<!-- This site is optimized with the Yoast SEO plugin v27.5 - https:\/\/yoast.com\/product\/yoast-seo-wordpress\/ -->\n<title>Nomades Digitaux au Nest Hostel \u00e0 Tenerife et Gran Canaria | Nests Hostels<\/title>\n<meta name=\"description\" content=\"Les Nests Hostels sont parfaits pour les nomades digitaux, les travailleurs \u00e0 distance et tous ceux qui ont besoin d&#039;une bonne connexion Internet et d&#039;un bureau pendant la journ\u00e9e.\" \/>\n<meta name=\"robots\" content=\"index, follow, max-snippet:-1, max-image-preview:large, max-video-preview:-1\" \/>\n<link rel=\"canonical\" href=\"https:\/\/nestshostels.com\/fr\/digital-nomads-tenerife\/\" \/>\n<meta property=\"og:locale\" content=\"fr_FR\" \/>\n<meta property=\"og:type\" content=\"article\" \/>\n<meta property=\"og:title\" content=\"Nomades Digitaux au Nest Hostel \u00e0 Tenerife et Gran Canaria\" \/>\n<meta property=\"og:description\" content=\"Les Nests Hostels sont parfaits pour les nomades digitaux, les travailleurs \u00e0 distance et tous ceux qui ont besoin d&#039;une bonne connexion Internet et d&#039;un bureau pendant la journ\u00e9e.\" \/>\n<meta property=\"og:url\" content=\"https:\/\/nestshostels.com\/fr\/digital-nomads-tenerife\/\" \/>\n<meta property=\"og:site_name\" content=\"Nests Hostels\" \/>\n<meta property=\"article:publisher\" content=\"https:\/\/www.facebook.com\/nesthosteltenerife\/\" \/>\n<meta property=\"article:modified_time\" content=\"2025-10-08T10:05:02+00:00\" \/>\n<meta property=\"og:image\" content=\"https:\/\/nestshostels.com\/wp-content\/uploads\/coworking-puerto-nest-hostel-1024x682.jpg\" \/>\n<meta name=\"twitter:card\" content=\"summary_large_image\" \/>\n<meta name=\"twitter:title\" content=\"Nomades Digitaux au Nest Hostel \u00e0 Tenerife et Gran Canaria\" \/>\n<meta name=\"twitter:description\" content=\"Les Nests Hostels sont parfaits pour les nomades digitaux, les travailleurs \u00e0 distance et tous ceux qui ont besoin d&#039;une bonne connexion Internet et d&#039;un bureau pendant la journ\u00e9e.\" \/>\n<meta name=\"twitter:image\" content=\"https:\/\/nestshostels.com\/wp-content\/uploads\/coworking-puerto-nest-hostel-1024x682.jpg\" \/>\n<meta name=\"twitter:label1\" content=\"Dur\u00e9e de lecture estim\u00e9e\" \/>\n\t<meta name=\"twitter:data1\" content=\"1 minute\" \/>\n<script type=\"application\/ld+json\" class=\"yoast-schema-graph\">{\"@context\":\"https:\\\/\\\/schema.org\",\"@graph\":[{\"@type\":\"WebPage\",\"@id\":\"https:\\\/\\\/nestshostels.com\\\/fr\\\/digital-nomads-tenerife\\\/\",\"url\":\"https:\\\/\\\/nestshostels.com\\\/fr\\\/digital-nomads-tenerife\\\/\",\"name\":\"Nomades Digitaux au Nest Hostel \u00e0 Tenerife et Gran Canaria | Nests Hostels\",\"isPartOf\":{\"@id\":\"https:\\\/\\\/nestshostels.com\\\/fr\\\/#website\"},\"primaryImageOfPage\":{\"@id\":\"https:\\\/\\\/nestshostels.com\\\/fr\\\/digital-nomads-tenerife\\\/#primaryimage\"},\"image\":{\"@id\":\"https:\\\/\\\/nestshostels.com\\\/fr\\\/digital-nomads-tenerife\\\/#primaryimage\"},\"thumbnailUrl\":\"https:\\\/\\\/nestshostels.com\\\/wp-content\\\/uploads\\\/coworking-puerto-nests-hostels.jpg\",\"datePublished\":\"2021-05-18T12:29:43+00:00\",\"dateModified\":\"2025-10-08T10:05:02+00:00\",\"description\":\"Les Nests Hostels sont parfaits pour les nomades digitaux, les travailleurs \u00e0 distance et tous ceux qui ont besoin d'une bonne connexion Internet et d'un bureau pendant la journ\u00e9e.\",\"breadcrumb\":{\"@id\":\"https:\\\/\\\/nestshostels.com\\\/fr\\\/digital-nomads-tenerife\\\/#breadcrumb\"},\"inLanguage\":\"fr-FR\",\"potentialAction\":[{\"@type\":\"ReadAction\",\"target\":[\"https:\\\/\\\/nestshostels.com\\\/fr\\\/digital-nomads-tenerife\\\/\"]}]},{\"@type\":\"ImageObject\",\"inLanguage\":\"fr-FR\",\"@id\":\"https:\\\/\\\/nestshostels.com\\\/fr\\\/digital-nomads-tenerife\\\/#primaryimage\",\"url\":\"https:\\\/\\\/nestshostels.com\\\/wp-content\\\/uploads\\\/coworking-puerto-nests-hostels.jpg\",\"contentUrl\":\"https:\\\/\\\/nestshostels.com\\\/wp-content\\\/uploads\\\/coworking-puerto-nests-hostels.jpg\",\"width\":1300,\"height\":866,\"caption\":\"Puerto Nests Hostel Coworking Area with fast wify and amenities\"},{\"@type\":\"BreadcrumbList\",\"@id\":\"https:\\\/\\\/nestshostels.com\\\/fr\\\/digital-nomads-tenerife\\\/#breadcrumb\",\"itemListElement\":[{\"@type\":\"ListItem\",\"position\":1,\"name\":\"Portada\",\"item\":\"https:\\\/\\\/nestshostels.com\\\/fr\\\/\"},{\"@type\":\"ListItem\",\"position\":2,\"name\":\"Nomades Digitaux au Nest Hostel \u00e0 Tenerife et Gran Canaria\"}]},{\"@type\":\"WebSite\",\"@id\":\"https:\\\/\\\/nestshostels.com\\\/fr\\\/#website\",\"url\":\"https:\\\/\\\/nestshostels.com\\\/fr\\\/\",\"name\":\"Nests Hostels\",\"description\":\"Tenerife Hostels for Travellers &amp; Digital Nomads\",\"publisher\":{\"@id\":\"https:\\\/\\\/nestshostels.com\\\/fr\\\/#organization\"},\"alternateName\":\"Nest\",\"potentialAction\":[{\"@type\":\"SearchAction\",\"target\":{\"@type\":\"EntryPoint\",\"urlTemplate\":\"https:\\\/\\\/nestshostels.com\\\/fr\\\/?s={search_term_string}\"},\"query-input\":{\"@type\":\"PropertyValueSpecification\",\"valueRequired\":true,\"valueName\":\"search_term_string\"}}],\"inLanguage\":\"fr-FR\"},{\"@type\":\"Organization\",\"@id\":\"https:\\\/\\\/nestshostels.com\\\/fr\\\/#organization\",\"name\":\"Nests Hostels\",\"alternateName\":\"Nest\",\"url\":\"https:\\\/\\\/nestshostels.com\\\/fr\\\/\",\"logo\":{\"@type\":\"ImageObject\",\"inLanguage\":\"fr-FR\",\"@id\":\"https:\\\/\\\/nestshostels.com\\\/fr\\\/#\\\/schema\\\/logo\\\/image\\\/\",\"url\":\"https:\\\/\\\/nestshostels.com\\\/wp-content\\\/uploads\\\/logo-nests-hostel.webp\",\"contentUrl\":\"https:\\\/\\\/nestshostels.com\\\/wp-content\\\/uploads\\\/logo-nests-hostel.webp\",\"width\":200,\"height\":217,\"caption\":\"Nests Hostels\"},\"image\":{\"@id\":\"https:\\\/\\\/nestshostels.com\\\/fr\\\/#\\\/schema\\\/logo\\\/image\\\/\"},\"sameAs\":[\"https:\\\/\\\/www.facebook.com\\\/nesthosteltenerife\\\/\",\"https:\\\/\\\/www.instagram.com\\\/nestshostels\\\/\",\"https:\\\/\\\/www.tiktok.com\\\/@nestshostels\",\"https:\\\/\\\/www.threads.com\\\/@nestshostels\\\/\",\"https:\\\/\\\/www.youtube.com\\\/@nestshostels\\\/\"]}]}<\/script>\n<!-- \/ Yoast SEO plugin. -->","yoast_head_json":{"title":"Nomades Digitaux au Nest Hostel \u00e0 Tenerife et Gran Canaria | Nests Hostels","description":"Les Nests Hostels sont parfaits pour les nomades digitaux, les travailleurs \u00e0 distance et tous ceux qui ont besoin d'une bonne connexion Internet et d'un bureau pendant la journ\u00e9e.","robots":{"index":"index","follow":"follow","max-snippet":"max-snippet:-1","max-image-preview":"max-image-preview:large","max-video-preview":"max-video-preview:-1"},"canonical":"https:\/\/nestshostels.com\/fr\/digital-nomads-tenerife\/","og_locale":"fr_FR","og_type":"article","og_title":"Nomades Digitaux au Nest Hostel \u00e0 Tenerife et Gran Canaria","og_description":"Les Nests Hostels sont parfaits pour les nomades digitaux, les travailleurs \u00e0 distance et tous ceux qui ont besoin d'une bonne connexion Internet et d'un bureau pendant la journ\u00e9e.","og_url":"https:\/\/nestshostels.com\/fr\/digital-nomads-tenerife\/","og_site_name":"Nests Hostels","article_publisher":"https:\/\/www.facebook.com\/nesthosteltenerife\/","article_modified_time":"2025-10-08T10:05:02+00:00","og_image":[{"url":"https:\/\/nestshostels.com\/wp-content\/uploads\/coworking-puerto-nest-hostel-1024x682.jpg","type":"","width":"","height":""}],"twitter_card":"summary_large_image","twitter_title":"Nomades Digitaux au Nest Hostel \u00e0 Tenerife et Gran Canaria","twitter_description":"Les Nests Hostels sont parfaits pour les nomades digitaux, les travailleurs \u00e0 distance et tous ceux qui ont besoin d'une bonne connexion Internet et d'un bureau pendant la journ\u00e9e.","twitter_image":"https:\/\/nestshostels.com\/wp-content\/uploads\/coworking-puerto-nest-hostel-1024x682.jpg","twitter_misc":{"Dur\u00e9e de lecture estim\u00e9e":"1 minute"},"schema":{"@context":"https:\/\/schema.org","@graph":[{"@type":"WebPage","@id":"https:\/\/nestshostels.com\/fr\/digital-nomads-tenerife\/","url":"https:\/\/nestshostels.com\/fr\/digital-nomads-tenerife\/","name":"Nomades Digitaux au Nest Hostel \u00e0 Tenerife et Gran Canaria | Nests Hostels","isPartOf":{"@id":"https:\/\/nestshostels.com\/fr\/#website"},"primaryImageOfPage":{"@id":"https:\/\/nestshostels.com\/fr\/digital-nomads-tenerife\/#primaryimage"},"image":{"@id":"https:\/\/nestshostels.com\/fr\/digital-nomads-tenerife\/#primaryimage"},"thumbnailUrl":"https:\/\/nestshostels.com\/wp-content\/uploads\/coworking-puerto-nests-hostels.jpg","datePublished":"2021-05-18T12:29:43+00:00","dateModified":"2025-10-08T10:05:02+00:00","description":"Les Nests Hostels sont parfaits pour les nomades digitaux, les travailleurs \u00e0 distance et tous ceux qui ont besoin d'une bonne connexion Internet et d'un bureau pendant la journ\u00e9e.","breadcrumb":{"@id":"https:\/\/nestshostels.com\/fr\/digital-nomads-tenerife\/#breadcrumb"},"inLanguage":"fr-FR","potentialAction":[{"@type":"ReadAction","target":["https:\/\/nestshostels.com\/fr\/digital-nomads-tenerife\/"]}]},{"@type":"ImageObject","inLanguage":"fr-FR","@id":"https:\/\/nestshostels.com\/fr\/digital-nomads-tenerife\/#primaryimage","url":"https:\/\/nestshostels.com\/wp-content\/uploads\/coworking-puerto-nests-hostels.jpg","contentUrl":"https:\/\/nestshostels.com\/wp-content\/uploads\/coworking-puerto-nests-hostels.jpg","width":1300,"height":866,"caption":"Puerto Nests Hostel Coworking Area with fast wify and amenities"},{"@type":"BreadcrumbList","@id":"https:\/\/nestshostels.com\/fr\/digital-nomads-tenerife\/#breadcrumb","itemListElement":[{"@type":"ListItem","position":1,"name":"Portada","item":"https:\/\/nestshostels.com\/fr\/"},{"@type":"ListItem","position":2,"name":"Nomades Digitaux au Nest Hostel \u00e0 Tenerife et Gran Canaria"}]},{"@type":"WebSite","@id":"https:\/\/nestshostels.com\/fr\/#website","url":"https:\/\/nestshostels.com\/fr\/","name":"Nests Hostels","description":"Tenerife Hostels for Travellers &amp; Digital Nomads","publisher":{"@id":"https:\/\/nestshostels.com\/fr\/#organization"},"alternateName":"Nest","potentialAction":[{"@type":"SearchAction","target":{"@type":"EntryPoint","urlTemplate":"https:\/\/nestshostels.com\/fr\/?s={search_term_string}"},"query-input":{"@type":"PropertyValueSpecification","valueRequired":true,"valueName":"search_term_string"}}],"inLanguage":"fr-FR"},{"@type":"Organization","@id":"https:\/\/nestshostels.com\/fr\/#organization","name":"Nests Hostels","alternateName":"Nest","url":"https:\/\/nestshostels.com\/fr\/","logo":{"@type":"ImageObject","inLanguage":"fr-FR","@id":"https:\/\/nestshostels.com\/fr\/#\/schema\/logo\/image\/","url":"https:\/\/nestshostels.com\/wp-content\/uploads\/logo-nests-hostel.webp","contentUrl":"https:\/\/nestshostels.com\/wp-content\/uploads\/logo-nests-hostel.webp","width":200,"height":217,"caption":"Nests Hostels"},"image":{"@id":"https:\/\/nestshostels.com\/fr\/#\/schema\/logo\/image\/"},"sameAs":["https:\/\/www.facebook.com\/nesthosteltenerife\/","https:\/\/www.instagram.com\/nestshostels\/","https:\/\/www.tiktok.com\/@nestshostels","https:\/\/www.threads.com\/@nestshostels\/","https:\/\/www.youtube.com\/@nestshostels\/"]}]}},"_links":{"self":[{"href":"https:\/\/nestshostels.com\/fr\/wp-json\/wp\/v2\/pages\/19958","targetHints":{"allow":["GET"]}}],"collection":[{"href":"https:\/\/nestshostels.com\/fr\/wp-json\/wp\/v2\/pages"}],"about":[{"href":"https:\/\/nestshostels.com\/fr\/wp-json\/wp\/v2\/types\/page"}],"author":[{"embeddable":true,"href":"https:\/\/nestshostels.com\/fr\/wp-json\/wp\/v2\/users\/2"}],"replies":[{"embeddable":true,"href":"https:\/\/nestshostels.com\/fr\/wp-json\/wp\/v2\/comments?post=19958"}],"version-history":[{"count":1,"href":"https:\/\/nestshostels.com\/fr\/wp-json\/wp\/v2\/pages\/19958\/revisions"}],"predecessor-version":[{"id":19959,"href":"https:\/\/nestshostels.com\/fr\/wp-json\/wp\/v2\/pages\/19958\/revisions\/19959"}],"wp:featuredmedia":[{"embeddable":true,"href":"https:\/\/nestshostels.com\/fr\/wp-json\/wp\/v2\/media\/13571"}],"wp:attachment":[{"href":"https:\/\/nestshostels.com\/fr\/wp-json\/wp\/v2\/media?parent=19958"}],"curies":[{"name":"wp","href":"https:\/\/api.w.org\/{rel}","templated":true}]}}