{"id":19934,"date":"2023-04-08T17:52:33","date_gmt":"2023-04-08T16:52:33","guid":{"rendered":"https:\/\/nestshostels.com\/ofertas-hostal-barato-tenerife\/"},"modified":"2025-10-08T10:04:22","modified_gmt":"2025-10-08T10:04:22","slug":"ofertas-hostal-barato-tenerife","status":"publish","type":"page","link":"https:\/\/nestshostels.com\/fr\/ofertas-hostal-barato-tenerife\/","title":{"rendered":"Nos offres de 10 auberges \u00e9conomiques \u00e0 Tenerife et Gran Canaria"},"content":{"rendered":"\n<h1 class=\"wp-block-heading\">Nos offres<\/h1>\n\n<h3 class=\"wp-block-heading\">Plus de 10 hostales dans les \u00eeles, dans 10 villes diff\u00e9rentes,<br\/>d\u00e9couvre tout avec le Nest Pass !<\/h3>\n\n<p>On a principalement <strong>deux offres<\/strong> \u00e0 te proposer pour que tu passes un super s\u00e9jour dans nos hostels :<\/p>\n\n<p><strong><a href=\"#nest-pass-month\">Nest Pass Month<\/a><br\/><\/strong>(28 jours ou plus)<strong><br\/><\/strong> <br\/><a href=\"#nest-pass-week\" rel=\"noopener\">Nest Pass Week<\/a><br\/>(7 jours ou plus)<\/p>\n\n<p><\/p>\n\n<h2 class=\"wp-block-heading\">Nest Pass &#8211; Une r\u00e9servation, plus d&rsquo;hostels<\/h2>\n\n<p>Le <strong>Nest Pass est la formule que nous pr\u00e9f\u00e9rons et recommandons<\/strong> \u00e0 nos h\u00f4tes, car il te permet de changer de hostal, et on en a 8 sur l&rsquo;\u00eele de Tenerife, \u00e0 Gran Canaria et \u00e0 Ibiza. <strong>Et le Nest Pass se divise en hebdomadaire et mensuel<\/strong><\/p>\n\n<figure class=\"wp-block-image\"><img decoding=\"async\" src=\"https:\/\/nestshostels.com\/wp-content\/uploads\/NESTPASS_bannerhome_1920x690px-1024x368.png\" alt=\"Nest Pass - Une r&#xE9;servation pour tous les Nests\"\/><\/figure>\n\n<p><\/p>\n\n<h2 class=\"wp-block-heading\">Nest Pass semaine 203 \u20ac<\/h2>\n\n<p class=\"has-text-align-left\">\u00c0 partir de 7 jours (jusqu&rsquo;\u00e0 27 jours) au prix de <b>29 \u20ac par jour<\/b><br\/>id\u00e9al si tu as peu de temps et <strong>veux te d\u00e9placer entre plusieurs villes de l&rsquo;\u00eele avec confort<\/strong> et avec une seule r\u00e9servation.<\/p>\n\n<p class=\"has-text-align-left\">R\u00e9serve avec nous et quand tu seras au hostel, demande \u00e0 la r\u00e9ception de te changer de hostel pour les prochains jours et ainsi <strong>de hostel en hostel, de ville en ville.<\/strong><\/p>\n\n<p class=\"has-text-align-left\"><strong style=\"color: var( --e-global-color-97834e1 );\">Profite toujours de<\/strong> nos services disponibles dans chaque hostel comme des serviettes, la laverie,<strong style=\"color: var( --e-global-color-97834e1 );\"> le wifi, <\/strong>la cuisine<strong style=\"color: var( --e-global-color-97834e1 );\">, le coworking\u2026<\/strong><\/p>\n\n<p class=\"has-text-align-left\"><strong style=\"color: var( --e-global-color-97834e1 );\">\u00a0<\/strong><\/p>\n\n<p class=\"has-text-align-left\">On est une <b>auberge \u00e9conomique et de qualit\u00e9<\/b> parce qu&rsquo;on veut offrir \u00e0 nos h\u00f4tes la <b>meilleure exp\u00e9rience<\/b>.<\/p>\n\n<p class=\"has-text-align-left\">Et si tu penses que c&rsquo;est juste pas cher, laisse-moi te parler d&rsquo;autres caract\u00e9ristiques du Nest Pass.<\/p>\n\n<p>Il est valable pendant 3 mois \u00e0 partir de ta r\u00e9servation. Si tu n&rsquo;utilises pas tous les jours, tu peux les utiliser comme bon te semble dans les 90 jours suivants !<\/p>\n\n<p>C&rsquo;est transf\u00e9rable \u00e0 quelqu&rsquo;un d&rsquo;autre ! Si tu peux pas en profiter, tu peux les offrir et c\u00e9der la propri\u00e9t\u00e9 du Pass&#8230; un avantage incroyable !<\/p>\n\n<p class=\"has-text-align-left\">\u00c7a s&rsquo;applique uniquement aux chambres avec lits superpos\u00e9s.<\/p>\n\n<p class=\"has-text-align-left\">C&rsquo;est non remboursable.<\/p>\n\n<h2 class=\"wp-block-heading\">Nest Pass Month 700 \u20ac<br\/>Offre pour un mois ou plus<\/h2>\n\n<p class=\"has-text-align-left\">La mensualit\u00e9 \u00e0 partir de 28 jours (jusqu&rsquo;\u00e0 90 jours) ne co\u00fbte que <strong>25 \u20ac par jour.<\/strong><\/p>\n\n<p class=\"has-text-align-left\">L&rsquo;un des <strong>meilleurs prix pour un hostel<\/strong> sur toute l&rsquo;\u00eele de Tenerife !<\/p>\n\n<p><b>Cette offre est pour ceux qui restent longtemps<\/b> sur l&rsquo;\u00eele, comme les nomades digitaux, ou ceux qui sont venus ici avec l&rsquo;id\u00e9e de d\u00e9couvrir.<\/p>\n\n<p><strong>Tu peux \u00e0 nouveau te d\u00e9placer entre les 10 hostels<\/strong> de l&rsquo;\u00eele de Tenerife : Costa Adeje, Los Gigantes\/Puerto Santiago, El M\u00e9dano, La Mareta, Puerto de la Cruz, Las Eras et La Laguna\/Santa Cruz de Tenerife.<\/p>\n\n<p>Avec nos services comme des <strong>serviettes, lavanderie, cuisine, coworking, location de surf, diff\u00e9rentes activit\u00e9s et exp\u00e9riences<\/strong> organis\u00e9es dans chacun de nos<strong> Nests Hostels<\/strong> modernes et \u00e9conomiques.<\/p>\n\n<p>On veut que tu restes dans <b>les meilleurs endroits au meilleur prix<\/b> (c&rsquo;est pourquoi nos hostels sont abordables et <b>situ\u00e9s dans les villes les plus populaires de l&rsquo;\u00eele<\/b> de Tenerife) et avec les <b>meilleurs services et exp\u00e9riences!<\/b> Et <b>que tu te sentes comme chez toi<\/b> m\u00eame si tu es dans un hostel.<\/p>\n\n<p class=\"has-text-align-left\">Et si tu penses que c&rsquo;est juste pas cher, laisse-moi te parler d&rsquo;autres caract\u00e9ristiques du Nest Pass.<\/p>\n\n<p>Il est valable 3 mois \u00e0 partir de ta r\u00e9servation. Si tu n&rsquo;utilises pas tous les jours, tu peux les utiliser dans les 90 jours suivants comme tu veux !<\/p>\n\n<p>C&rsquo;est transf\u00e9rable \u00e0 quelqu&rsquo;un d&rsquo;autre ! Si tu peux pas en profiter, tu peux les offrir et c\u00e9der la propri\u00e9t\u00e9 du Pass&#8230; un super avantage !<\/p>\n\n<p class=\"has-text-align-left\">\u00c7a s&rsquo;applique uniquement aux chambres avec lits superpos\u00e9s.<\/p>\n\n<p class=\"has-text-align-left\">C&rsquo;est non remboursable.<\/p>\n\n<h4 class=\"wp-block-heading\">Une r\u00e9servation, plus d&rsquo;auberges, plus de villes, plus d&rsquo;\u00e9motions et plus d&rsquo;exp\u00e9riences \u00e0 vivre avec des gens g\u00e9niaux !<br\/><\/h4>\n","protected":false},"excerpt":{"rendered":"<p>Nos offres Plus de 10 hostales dans les \u00eeles, dans 10 villes diff\u00e9rentes,d\u00e9couvre tout avec le Nest Pass ! On a principalement deux offres \u00e0 te proposer pour que tu passes un super s\u00e9jour dans nos hostels : Nest Pass Month(28 jours ou plus) Nest Pass Week(7 jours ou plus) Nest Pass &#8211; Une r\u00e9servation,<a href=\"https:\/\/nestshostels.com\/fr\/ofertas-hostal-barato-tenerife\/\">Continue reading <span class=\"sr-only\">\u00ab\u00a0Nos offres de 10 auberges \u00e9conomiques \u00e0 Tenerife et Gran Canaria\u00a0\u00bb<\/span><\/a><\/p>\n","protected":false},"author":1,"featured_media":18115,"parent":0,"menu_order":0,"comment_status":"closed","ping_status":"closed","template":"","meta":{"footnotes":""},"class_list":["post-19934","page","type-page","status-publish","has-post-thumbnail","hentry"],"acf":[],"yoast_head":"<!-- This site is optimized with the Yoast SEO plugin v27.1.1 - https:\/\/yoast.com\/product\/yoast-seo-wordpress\/ -->\n<title>Nos offres de 10 auberges \u00e9conomiques \u00e0 Tenerife et Gran Canaria | Nests Hostels<\/title>\n<meta name=\"description\" content=\"Offres d&#039;hostels pas chers \u00e0 Tenerife, Gran Canaria et Ibiza. R\u00e9serve un et change d&#039;hostel entre Costa Adeje, Puerto de la Cruz, El M\u00e9dano, Los Gigantes, La Laguna, Las Eras, Puerto de Santiago, Las Palmas, Ibiza...\" \/>\n<meta name=\"robots\" content=\"index, follow, max-snippet:-1, max-image-preview:large, max-video-preview:-1\" \/>\n<link rel=\"canonical\" href=\"https:\/\/nestshostels.com\/fr\/ofertas-hostal-barato-tenerife\/\" \/>\n<meta property=\"og:locale\" content=\"fr_FR\" \/>\n<meta property=\"og:type\" content=\"article\" \/>\n<meta property=\"og:title\" content=\"Nos offres d&#039;auberges \u00e9conomiques \u00e0 Tenerife, Gran Canaria et Ibiza\" \/>\n<meta property=\"og:description\" content=\"Offres d&#039;hostels pas chers \u00e0 Tenerife, Gran Canaria et Ibiza. R\u00e9serve un et change d&#039;hostel entre Costa Adeje, Puerto de la Cruz, El M\u00e9dano, Los Gigantes, La Laguna, Las Eras, Puerto de Santiago, Las Palmas, Ibiza...\" \/>\n<meta property=\"og:url\" content=\"https:\/\/nestshostels.com\/fr\/ofertas-hostal-barato-tenerife\/\" \/>\n<meta property=\"og:site_name\" content=\"Nests Hostels\" \/>\n<meta property=\"article:publisher\" content=\"https:\/\/www.facebook.com\/nesthosteltenerife\/\" \/>\n<meta property=\"article:modified_time\" content=\"2025-10-08T10:04:22+00:00\" \/>\n<meta property=\"og:image\" content=\"https:\/\/nestshostels.com\/wp-content\/uploads\/map-nests-hostels-tenerife-1024x429.png\" \/>\n<meta name=\"twitter:card\" content=\"summary_large_image\" \/>\n<meta name=\"twitter:title\" content=\"Nos offres de 6 auberges \u00e9conomiques \u00e0 Tenerife\" \/>\n<meta name=\"twitter:description\" content=\"Offres d&#039;auberges pas ch\u00e8res \u00e0 Tenerife. R\u00e9serve une et change d&#039;auberge entre Costa Adeje, Puerto de la Cruz, El M\u00e9dano, Los Gigantes, La Laguna, Las Eras.\" \/>\n<meta name=\"twitter:image\" content=\"https:\/\/nestshostels.com\/wp-content\/uploads\/map-nests-hostels-tenerife-1024x429.png\" \/>\n<meta name=\"twitter:label1\" content=\"Dur\u00e9e de lecture estim\u00e9e\" \/>\n\t<meta name=\"twitter:data1\" content=\"3 minutes\" \/>\n<script type=\"application\/ld+json\" class=\"yoast-schema-graph\">{\"@context\":\"https:\/\/schema.org\",\"@graph\":[{\"@type\":\"WebPage\",\"@id\":\"https:\/\/nestshostels.com\/fr\/ofertas-hostal-barato-tenerife\/\",\"url\":\"https:\/\/nestshostels.com\/fr\/ofertas-hostal-barato-tenerife\/\",\"name\":\"Nos offres de 10 auberges \u00e9conomiques \u00e0 Tenerife et Gran Canaria | Nests Hostels\",\"isPartOf\":{\"@id\":\"https:\/\/nestshostels.com\/fr\/#website\"},\"primaryImageOfPage\":{\"@id\":\"https:\/\/nestshostels.com\/fr\/ofertas-hostal-barato-tenerife\/#primaryimage\"},\"image\":{\"@id\":\"https:\/\/nestshostels.com\/fr\/ofertas-hostal-barato-tenerife\/#primaryimage\"},\"thumbnailUrl\":\"https:\/\/nestshostels.com\/wp-content\/uploads\/NESTPASS_bannerhome_1920x690px.png\",\"datePublished\":\"2023-04-08T16:52:33+00:00\",\"dateModified\":\"2025-10-08T10:04:22+00:00\",\"description\":\"Offres d'hostels pas chers \u00e0 Tenerife, Gran Canaria et Ibiza. R\u00e9serve un et change d'hostel entre Costa Adeje, Puerto de la Cruz, El M\u00e9dano, Los Gigantes, La Laguna, Las Eras, Puerto de Santiago, Las Palmas, Ibiza...\",\"breadcrumb\":{\"@id\":\"https:\/\/nestshostels.com\/fr\/ofertas-hostal-barato-tenerife\/#breadcrumb\"},\"inLanguage\":\"fr-FR\",\"potentialAction\":[{\"@type\":\"ReadAction\",\"target\":[\"https:\/\/nestshostels.com\/fr\/ofertas-hostal-barato-tenerife\/\"]}]},{\"@type\":\"ImageObject\",\"inLanguage\":\"fr-FR\",\"@id\":\"https:\/\/nestshostels.com\/fr\/ofertas-hostal-barato-tenerife\/#primaryimage\",\"url\":\"https:\/\/nestshostels.com\/wp-content\/uploads\/NESTPASS_bannerhome_1920x690px.png\",\"contentUrl\":\"https:\/\/nestshostels.com\/wp-content\/uploads\/NESTPASS_bannerhome_1920x690px.png\",\"width\":1920,\"height\":690,\"caption\":\"Nest Pass - One booking all Hostels\"},{\"@type\":\"BreadcrumbList\",\"@id\":\"https:\/\/nestshostels.com\/fr\/ofertas-hostal-barato-tenerife\/#breadcrumb\",\"itemListElement\":[{\"@type\":\"ListItem\",\"position\":1,\"name\":\"Portada\",\"item\":\"https:\/\/nestshostels.com\/fr\/\"},{\"@type\":\"ListItem\",\"position\":2,\"name\":\"Offertas\"}]},{\"@type\":\"WebSite\",\"@id\":\"https:\/\/nestshostels.com\/fr\/#website\",\"url\":\"https:\/\/nestshostels.com\/fr\/\",\"name\":\"Nests Hostels\",\"description\":\"Tenerife Hostels for Travellers &amp; Digital Nomads\",\"publisher\":{\"@id\":\"https:\/\/nestshostels.com\/fr\/#organization\"},\"alternateName\":\"Nest\",\"potentialAction\":[{\"@type\":\"SearchAction\",\"target\":{\"@type\":\"EntryPoint\",\"urlTemplate\":\"https:\/\/nestshostels.com\/fr\/?s={search_term_string}\"},\"query-input\":{\"@type\":\"PropertyValueSpecification\",\"valueRequired\":true,\"valueName\":\"search_term_string\"}}],\"inLanguage\":\"fr-FR\"},{\"@type\":\"Organization\",\"@id\":\"https:\/\/nestshostels.com\/fr\/#organization\",\"name\":\"Nests Hostels\",\"alternateName\":\"Nest\",\"url\":\"https:\/\/nestshostels.com\/fr\/\",\"logo\":{\"@type\":\"ImageObject\",\"inLanguage\":\"fr-FR\",\"@id\":\"https:\/\/nestshostels.com\/fr\/#\/schema\/logo\/image\/\",\"url\":\"https:\/\/nestshostels.com\/wp-content\/uploads\/logo-nests-hostel.webp\",\"contentUrl\":\"https:\/\/nestshostels.com\/wp-content\/uploads\/logo-nests-hostel.webp\",\"width\":200,\"height\":217,\"caption\":\"Nests Hostels\"},\"image\":{\"@id\":\"https:\/\/nestshostels.com\/fr\/#\/schema\/logo\/image\/\"},\"sameAs\":[\"https:\/\/www.facebook.com\/nesthosteltenerife\/\",\"https:\/\/www.instagram.com\/nestshostels\/\",\"https:\/\/www.tiktok.com\/@nestshostels\",\"https:\/\/www.threads.com\/@nestshostels\/\",\"https:\/\/www.youtube.com\/@nestshostels\/\"]}]}<\/script>\n<!-- \/ Yoast SEO plugin. -->","yoast_head_json":{"title":"Nos offres de 10 auberges \u00e9conomiques \u00e0 Tenerife et Gran Canaria | Nests Hostels","description":"Offres d'hostels pas chers \u00e0 Tenerife, Gran Canaria et Ibiza. R\u00e9serve un et change d'hostel entre Costa Adeje, Puerto de la Cruz, El M\u00e9dano, Los Gigantes, La Laguna, Las Eras, Puerto de Santiago, Las Palmas, Ibiza...","robots":{"index":"index","follow":"follow","max-snippet":"max-snippet:-1","max-image-preview":"max-image-preview:large","max-video-preview":"max-video-preview:-1"},"canonical":"https:\/\/nestshostels.com\/fr\/ofertas-hostal-barato-tenerife\/","og_locale":"fr_FR","og_type":"article","og_title":"Nos offres d'auberges \u00e9conomiques \u00e0 Tenerife, Gran Canaria et Ibiza","og_description":"Offres d'hostels pas chers \u00e0 Tenerife, Gran Canaria et Ibiza. R\u00e9serve un et change d'hostel entre Costa Adeje, Puerto de la Cruz, El M\u00e9dano, Los Gigantes, La Laguna, Las Eras, Puerto de Santiago, Las Palmas, Ibiza...","og_url":"https:\/\/nestshostels.com\/fr\/ofertas-hostal-barato-tenerife\/","og_site_name":"Nests Hostels","article_publisher":"https:\/\/www.facebook.com\/nesthosteltenerife\/","article_modified_time":"2025-10-08T10:04:22+00:00","og_image":[{"url":"https:\/\/nestshostels.com\/wp-content\/uploads\/map-nests-hostels-tenerife-1024x429.png","type":"","width":"","height":""}],"twitter_card":"summary_large_image","twitter_title":"Nos offres de 6 auberges \u00e9conomiques \u00e0 Tenerife","twitter_description":"Offres d'auberges pas ch\u00e8res \u00e0 Tenerife. R\u00e9serve une et change d'auberge entre Costa Adeje, Puerto de la Cruz, El M\u00e9dano, Los Gigantes, La Laguna, Las Eras.","twitter_image":"https:\/\/nestshostels.com\/wp-content\/uploads\/map-nests-hostels-tenerife-1024x429.png","twitter_misc":{"Dur\u00e9e de lecture estim\u00e9e":"3 minutes"},"schema":{"@context":"https:\/\/schema.org","@graph":[{"@type":"WebPage","@id":"https:\/\/nestshostels.com\/fr\/ofertas-hostal-barato-tenerife\/","url":"https:\/\/nestshostels.com\/fr\/ofertas-hostal-barato-tenerife\/","name":"Nos offres de 10 auberges \u00e9conomiques \u00e0 Tenerife et Gran Canaria | Nests Hostels","isPartOf":{"@id":"https:\/\/nestshostels.com\/fr\/#website"},"primaryImageOfPage":{"@id":"https:\/\/nestshostels.com\/fr\/ofertas-hostal-barato-tenerife\/#primaryimage"},"image":{"@id":"https:\/\/nestshostels.com\/fr\/ofertas-hostal-barato-tenerife\/#primaryimage"},"thumbnailUrl":"https:\/\/nestshostels.com\/wp-content\/uploads\/NESTPASS_bannerhome_1920x690px.png","datePublished":"2023-04-08T16:52:33+00:00","dateModified":"2025-10-08T10:04:22+00:00","description":"Offres d'hostels pas chers \u00e0 Tenerife, Gran Canaria et Ibiza. R\u00e9serve un et change d'hostel entre Costa Adeje, Puerto de la Cruz, El M\u00e9dano, Los Gigantes, La Laguna, Las Eras, Puerto de Santiago, Las Palmas, Ibiza...","breadcrumb":{"@id":"https:\/\/nestshostels.com\/fr\/ofertas-hostal-barato-tenerife\/#breadcrumb"},"inLanguage":"fr-FR","potentialAction":[{"@type":"ReadAction","target":["https:\/\/nestshostels.com\/fr\/ofertas-hostal-barato-tenerife\/"]}]},{"@type":"ImageObject","inLanguage":"fr-FR","@id":"https:\/\/nestshostels.com\/fr\/ofertas-hostal-barato-tenerife\/#primaryimage","url":"https:\/\/nestshostels.com\/wp-content\/uploads\/NESTPASS_bannerhome_1920x690px.png","contentUrl":"https:\/\/nestshostels.com\/wp-content\/uploads\/NESTPASS_bannerhome_1920x690px.png","width":1920,"height":690,"caption":"Nest Pass - One booking all Hostels"},{"@type":"BreadcrumbList","@id":"https:\/\/nestshostels.com\/fr\/ofertas-hostal-barato-tenerife\/#breadcrumb","itemListElement":[{"@type":"ListItem","position":1,"name":"Portada","item":"https:\/\/nestshostels.com\/fr\/"},{"@type":"ListItem","position":2,"name":"Offertas"}]},{"@type":"WebSite","@id":"https:\/\/nestshostels.com\/fr\/#website","url":"https:\/\/nestshostels.com\/fr\/","name":"Nests Hostels","description":"Tenerife Hostels for Travellers &amp; Digital Nomads","publisher":{"@id":"https:\/\/nestshostels.com\/fr\/#organization"},"alternateName":"Nest","potentialAction":[{"@type":"SearchAction","target":{"@type":"EntryPoint","urlTemplate":"https:\/\/nestshostels.com\/fr\/?s={search_term_string}"},"query-input":{"@type":"PropertyValueSpecification","valueRequired":true,"valueName":"search_term_string"}}],"inLanguage":"fr-FR"},{"@type":"Organization","@id":"https:\/\/nestshostels.com\/fr\/#organization","name":"Nests Hostels","alternateName":"Nest","url":"https:\/\/nestshostels.com\/fr\/","logo":{"@type":"ImageObject","inLanguage":"fr-FR","@id":"https:\/\/nestshostels.com\/fr\/#\/schema\/logo\/image\/","url":"https:\/\/nestshostels.com\/wp-content\/uploads\/logo-nests-hostel.webp","contentUrl":"https:\/\/nestshostels.com\/wp-content\/uploads\/logo-nests-hostel.webp","width":200,"height":217,"caption":"Nests Hostels"},"image":{"@id":"https:\/\/nestshostels.com\/fr\/#\/schema\/logo\/image\/"},"sameAs":["https:\/\/www.facebook.com\/nesthosteltenerife\/","https:\/\/www.instagram.com\/nestshostels\/","https:\/\/www.tiktok.com\/@nestshostels","https:\/\/www.threads.com\/@nestshostels\/","https:\/\/www.youtube.com\/@nestshostels\/"]}]}},"_links":{"self":[{"href":"https:\/\/nestshostels.com\/fr\/wp-json\/wp\/v2\/pages\/19934","targetHints":{"allow":["GET"]}}],"collection":[{"href":"https:\/\/nestshostels.com\/fr\/wp-json\/wp\/v2\/pages"}],"about":[{"href":"https:\/\/nestshostels.com\/fr\/wp-json\/wp\/v2\/types\/page"}],"author":[{"embeddable":true,"href":"https:\/\/nestshostels.com\/fr\/wp-json\/wp\/v2\/users\/1"}],"replies":[{"embeddable":true,"href":"https:\/\/nestshostels.com\/fr\/wp-json\/wp\/v2\/comments?post=19934"}],"version-history":[{"count":1,"href":"https:\/\/nestshostels.com\/fr\/wp-json\/wp\/v2\/pages\/19934\/revisions"}],"predecessor-version":[{"id":19935,"href":"https:\/\/nestshostels.com\/fr\/wp-json\/wp\/v2\/pages\/19934\/revisions\/19935"}],"wp:featuredmedia":[{"embeddable":true,"href":"https:\/\/nestshostels.com\/fr\/wp-json\/wp\/v2\/media\/18115"}],"wp:attachment":[{"href":"https:\/\/nestshostels.com\/fr\/wp-json\/wp\/v2\/media?parent=19934"}],"curies":[{"name":"wp","href":"https:\/\/api.w.org\/{rel}","templated":true}]}}