{"id":19898,"date":"2024-02-08T17:34:45","date_gmt":"2024-02-08T17:34:45","guid":{"rendered":"https:\/\/nestshostels.com\/cancellation-nests-hostels\/"},"modified":"2025-10-08T10:03:54","modified_gmt":"2025-10-08T10:03:54","slug":"cancellation-nests-hostels","status":"publish","type":"page","link":"https:\/\/nestshostels.com\/fr\/faq\/cancellation-nests-hostels\/","title":{"rendered":"Politiques d&rsquo;annulation et informations sur la propri\u00e9t\u00e9"},"content":{"rendered":"\n<h2 class=\"wp-block-heading\">Politiques d&rsquo;annulation et informations sur la propri\u00e9t\u00e9<\/h2>\n\n<p><strong><br\/>En compl\u00e9tant ta r\u00e9servation, tu reconnais avoir lu, compris et accept\u00e9 int\u00e9gralement ces Termes et Conditions.<\/strong><\/p>\n\n<p>Ces termes prennent effet imm\u00e9diatement au moment de la confirmation de la r\u00e9servation et resteront en vigueur pendant toute ta dur\u00e9e de s\u00e9jour, ainsi que pour toute communication ou gestion ult\u00e9rieure avec Nest Hostels. Pour consulter le d\u00e9tail complet, tu peux acc\u00e9der au document officiel ici : <strong><a href=\"https:\/\/nest-comunicacion.notion.site\/ebd\/2322445fb179805e86f0c581cf569801\">L\u00e9ame (T\u00e9rminos y Condiciones)<\/a><\/strong><\/p>\n\n<p><strong><u>R\u00e9sum\u00e9 des politiques cl\u00e9s :<\/u><\/strong>\n\nPROTECTION DE LA MARQUE :  \nAucun terme de marque sp\u00e9cifique d\u00e9tect\u00e9 dans ce contenu.<\/p>\n\n<p><strong>Nous nous r\u00e9servons le Droit d&rsquo;Admission<\/strong> pour garantir la s\u00e9curit\u00e9, le bien-\u00eatre et le respect de notre r\u00e8glement interne.<\/p>\n\n<p><strong>Annulation gratuite<\/strong> disponible pour les r\u00e9servations standard avec un pr\u00e9avis minimum de 48 heures avant la date d&rsquo;arriv\u00e9e, en nous le faisant savoir par nos canaux officiels.<\/p>\n\n<p><strong>Non-pr\u00e9sentation, annulations hors d\u00e9lai et tarifs promotionnels<\/strong> : aucun remboursement ne sera effectu\u00e9.<\/p>\n\n<p><strong>Promotion Nest Pass<\/strong> : valable pendant 3 mois \u00e0 partir de l&rsquo;achat, <strong>non remboursable<\/strong>, applicable uniquement dans les <strong>chambres partag\u00e9es avec des lits superpos\u00e9s<\/strong> aux <strong>\u00celes Canaries<\/strong>.<\/p>\n\n<p><strong>R\u00e9servations de groupe<\/strong> : elles sont soumises \u00e0 des conditions sp\u00e9ciales convenues avant la confirmation.<\/p>\n\n<p><strong>Consulte nos R\u00e8gles de Vie<\/strong> (section \u00ab\u00a0E\u00a0\u00bb) pour d\u00e9couvrir les comportements et situations non autoris\u00e9s dans nos h\u00e9bergements.<\/p>\n\n<p>FAQ : <a href=\"https:\/\/nestshostels.com\/fr\/faq\/\">https:\/\/nestshostels.com\/faq\/<\/a> (ChatBot d&rsquo;assistance Web)<\/p>\n\n<p><\/p>\n\n<p><strong><u>Enregistrement en ligne :<\/u><\/strong><\/p>\n\n<p>Notre \u00e9tablissement te permet de faire ton check-in avant ton arriv\u00e9e.<\/p>\n\n<p>S&rsquo;il te pla\u00eet, <strong>v\u00e9rifie ta bo\u00eete de r\u00e9ception et tes spams<\/strong>, pour ne pas manquer nos mises \u00e0 jour et pouvoir faire ton <strong>CHECK IN DIGITAL<\/strong> <strong>FACILEMENT<\/strong> et <strong>RAPIDEMENT<\/strong>.<\/p>\n\n<p><strong>Le CHECK IN DIGITAL<\/strong> sera activ\u00e9 la veille de ton arriv\u00e9e et sera dispo le jour de ton entr\u00e9e pour g\u00e9rer ta r\u00e9servation avant d&rsquo;arriver \u00e0 notre auberge.<\/p>\n\n<p><em>Ne pas faire le check-in digital ne te dispense pas de respecter les obligations d&rsquo;enregistrement l\u00e9gal, et cela pourrait retarder ou emp\u00eacher l&rsquo;acc\u00e8s \u00e0 ton logement jusqu&rsquo;\u00e0 ce que les infos soient compl\u00e9t\u00e9es.<\/em><\/p>\n\n<p><strong><u>Prix et Taxes :<\/u><\/strong><\/p>\n\n<p>Nos prix sont exprim\u00e9s en EUR et incluent les taxes correspondantes.<\/p>\n\n<p><strong><u>\u00c2ge minimum :<\/u><\/strong><\/p>\n\n<p>18 ans.<\/p>\n\n<p><strong><u>R\u00e8gles du Hostel :<\/u><\/strong><\/p>\n\n<p>Pour nous, c&rsquo;est super important que tu passes un bon moment, donc on te partage les <strong>r\u00e8gles<\/strong> qu&rsquo;on a chez nous dans la section \u00ab\u00a0E\u00a0\u00bb <strong><a href=\"https:\/\/nest-comunicacion.notion.site\/ebd\/2322445fb179805e86f0c581cf569801\">Lis-moi (Conditions G\u00e9n\u00e9rales)<\/a><\/strong><\/p>\n\n<p><strong><em>R\u00e9sum\u00e9 des r\u00e8gles cl\u00e9s :<\/em><\/strong><\/p>\n\n<ul class=\"wp-block-list\">\n<li><strong><em>Animaux de compagnie<\/em><\/strong>: Non admis.<\/li>\n\n\n\n<li><em><strong>Interdictions<\/strong><\/em> : Fumer, vapoter, consommer des drogues ou de l&rsquo;alcool en exc\u00e8s, porter des armes, faire des bruits d\u00e9rangeants, adopter des comportements violents ou perturbateurs. Manque d&rsquo;hygi\u00e8ne personnelle qui g\u00eane la cohabitation, ne pas respecter les horaires de silence, entrer avec des personnes externes non enregistr\u00e9es, c\u00e9l\u00e9brations\/f\u00eates sans autorisation de la direction, manger et\/ou boire dans les chambres, etc. Enfreindre toute r\u00e8gle de vie en communaut\u00e9 selon nos valeurs.<\/li>\n\n\n\n<li><strong><em>Bien utiliser nos espaces est essentiel pour garder tout propre et en ordre<\/em><\/strong>, lave, s\u00e8che et range ce que tu utilises dans notre cuisine et garde les toilettes propres, comme \u00e7a, on peut tous profiter d&rsquo;un environnement agr\u00e9able et bien rang\u00e9.<\/li>\n\n\n\n<li><strong><em>Le hostel n&rsquo;est pas responsable des objets perdus<\/em><\/strong> \u00e0 cause de l&rsquo;inattention des clients. Pour plus de s\u00e9curit\u00e9, garde tes affaires bien rang\u00e9es.<\/li>\n<\/ul>\n\n<p><strong>Nest Hostels se r\u00e9serve express\u00e9ment le Droit d&rsquo;Admission<\/strong> et de s\u00e9jour selon la r\u00e9glementation en vigueur (Loi 7\/1995 de R\u00e9glementation du Tourisme des Canaries \/ r\u00e9glementation touristique Bal\u00e9ares), afin de garantir la s\u00e9curit\u00e9, le bien-\u00eatre et le respect du r\u00e8glement int\u00e9rieur. Tout manquement pourra entra\u00eener l&rsquo;annulation imm\u00e9diate du s\u00e9jour sans droit au remboursement.<\/p>\n\n<p><strong>POUR TA S\u00c9CURIT\u00c9, TOUS LES ESPACES COMMUNS SONT FILM\u00c9S 24H\/24.<\/strong><\/p>\n\n<p><strong><u>Donn\u00e9es Personnelles :<\/u><\/strong><\/p>\n\n<p>Conform\u00e9ment au R\u00e8glement (UE) 2016\/679 (RGPD) et \u00e0 la Loi Organique 3\/2018 sur la Protection des Donn\u00e9es Personnelles et la Garantie des Droits Num\u00e9riques (LOPDGDD), on t&rsquo;informe que tes donn\u00e9es personnelles seront trait\u00e9es de mani\u00e8re s\u00e9curis\u00e9e et confidentielle selon la r\u00e9glementation en vigueur.<\/p>\n\n<p>Comment on prot\u00e8ge tes donn\u00e9es ?<\/p>\n\n<ul class=\"wp-block-list\">\n<li>On utilise tes infos uniquement pour g\u00e9rer ton s\u00e9jour et respecter la l\u00e9gislation.<\/li>\n\n\n\n<li>On ne partage pas tes donn\u00e9es avec des tiers, sauf si la loi l&rsquo;exige.<\/li>\n\n\n\n<li>On garde tes infos en s\u00e9curit\u00e9 et on les prot\u00e8ge contre les acc\u00e8s non autoris\u00e9s.<\/li>\n<\/ul>\n\n<p><em>Tu peux acc\u00e9der, modifier ou supprimer tes donn\u00e9es quand tu en as besoin. \u00c9cris-nous \u00e0 infodragonest@gmail.com<\/em><\/p>\n\n<p><strong><u>WhatsApp &#8211; Social<\/u><\/strong><\/p>\n\n<p>Lorsque tu confirmes ta r\u00e9servation, tu acceptes de rejoindre le groupe WhatsApp d&rsquo;Activit\u00e9s o\u00f9 tu resteras inform\u00e9 des \u00e9v\u00e9nements organis\u00e9s dans notre <strong>Comunidad Nest Hostel<\/strong>.<\/p>\n\n<p>On va partager les photos et vid\u00e9os des espaces communs ou des activit\u00e9s qu&rsquo;on a faites sur nos r\u00e9seaux sociaux.<\/p>\n\n<p><em>(Si tu pr\u00e9f\u00e8res ne pas appara\u00eetre sur les photos, fais-le savoir \u00e0 la r\u00e9ception.)<\/em><\/p>\n\n<p>Groupe WhatsApp Activit\u00e9s &amp; Discussion : <a href=\"https:\/\/tinyurl.com\/nests-whatsapp\">https:\/\/tinyurl.com\/nests-whatsapp<\/a><\/p>\n\n<p>Instagram Nests Hostels : <a href=\"https:\/\/www.instagram.com\/nestshostels\/\">https:\/\/www.instagram.com\/nestshostels\/<\/a><\/p>\n\n<p>Merci d&rsquo;\u00eatre pass\u00e9 nous voir !<\/p>\n\n<p><\/p>\n\n<p><strong>Annulation flexible :<\/strong><\/p>\n\n<p>r\u00e9serve en toute tranquillit\u00e9 et annule sans frais <strong>jusqu&rsquo;\u00e0 48 heures avant le check-in.<\/strong> (2 jours avant ton arriv\u00e9e)<\/p>\n","protected":false},"excerpt":{"rendered":"<p>Politiques d&rsquo;annulation et informations sur la propri\u00e9t\u00e9 En compl\u00e9tant ta r\u00e9servation, tu reconnais avoir lu, compris et accept\u00e9 int\u00e9gralement ces Termes et Conditions. Ces termes prennent effet imm\u00e9diatement au moment de la confirmation de la r\u00e9servation et resteront en vigueur pendant toute ta dur\u00e9e de s\u00e9jour, ainsi que pour toute communication ou gestion ult\u00e9rieure avec<a href=\"https:\/\/nestshostels.com\/fr\/faq\/cancellation-nests-hostels\/\">Continue reading <span class=\"sr-only\">\u00ab\u00a0Politiques d&rsquo;annulation et informations sur la propri\u00e9t\u00e9\u00a0\u00bb<\/span><\/a><\/p>\n","protected":false},"author":1,"featured_media":13607,"parent":19926,"menu_order":0,"comment_status":"closed","ping_status":"closed","template":"","meta":{"footnotes":""},"class_list":["post-19898","page","type-page","status-publish","has-post-thumbnail","hentry"],"acf":[],"yoast_head":"<!-- This site is optimized with the Yoast SEO plugin v27.1.1 - https:\/\/yoast.com\/product\/yoast-seo-wordpress\/ -->\n<title>Politiques d&#039;annulation et informations sur la propri\u00e9t\u00e9 | Nests Hostels<\/title>\n<meta name=\"description\" content=\"Annulation flexible : r\u00e9servez en toute tranquillit\u00e9 et annulez sans frais jusqu&#039;\u00e0 48 heures avant votre arriv\u00e9e. (2 jours avant l&#039;enregistrement)\" \/>\n<meta name=\"robots\" content=\"index, follow, max-snippet:-1, max-image-preview:large, max-video-preview:-1\" \/>\n<link rel=\"canonical\" href=\"https:\/\/nestshostels.com\/fr\/faq\/cancellation-nests-hostels\/\" \/>\n<meta property=\"og:locale\" content=\"fr_FR\" \/>\n<meta property=\"og:type\" content=\"article\" \/>\n<meta property=\"og:title\" content=\"Politiques d&#039;annulation et sur la propri\u00e9t\u00e9 | Nests Hostels\" \/>\n<meta property=\"og:description\" content=\"Annulation flexible : r\u00e9servez en toute tranquillit\u00e9 et annulez sans frais jusqu&#039;\u00e0 48 heures avant votre arriv\u00e9e. (2 jours avant l&#039;enregistrement)\" \/>\n<meta property=\"og:url\" content=\"https:\/\/nestshostels.com\/fr\/faq\/cancellation-nests-hostels\/\" \/>\n<meta property=\"og:site_name\" content=\"Nests Hostels\" \/>\n<meta property=\"article:publisher\" content=\"https:\/\/www.facebook.com\/nesthosteltenerife\/\" \/>\n<meta property=\"article:modified_time\" content=\"2025-10-08T10:03:54+00:00\" \/>\n<meta property=\"og:image\" content=\"https:\/\/nestshostels.com\/wp-content\/uploads\/recepcion-puerto-nest-hostel-recepcion-1024x683.jpg\" \/>\n<meta name=\"twitter:card\" content=\"summary_large_image\" \/>\n<meta name=\"twitter:title\" content=\"Politiques d&#039;annulation et sur la propri\u00e9t\u00e9 | Nests Hostels\" \/>\n<meta name=\"twitter:description\" content=\"Annulation flexible : r\u00e9servez en toute tranquillit\u00e9 et annulez sans frais jusqu&#039;\u00e0 48 heures avant votre arriv\u00e9e. (2 jours avant l&#039;enregistrement)\" \/>\n<meta name=\"twitter:image\" content=\"https:\/\/nestshostels.com\/wp-content\/uploads\/reception-puerto-nest-hostel-1024x682.jpg\" \/>\n<meta name=\"twitter:label1\" content=\"Dur\u00e9e de lecture estim\u00e9e\" \/>\n\t<meta name=\"twitter:data1\" content=\"4 minutes\" \/>\n<script type=\"application\/ld+json\" class=\"yoast-schema-graph\">{\"@context\":\"https:\/\/schema.org\",\"@graph\":[{\"@type\":\"WebPage\",\"@id\":\"https:\/\/nestshostels.com\/fr\/faq\/cancellation-nests-hostels\/\",\"url\":\"https:\/\/nestshostels.com\/fr\/faq\/cancellation-nests-hostels\/\",\"name\":\"Politiques d'annulation et informations sur la propri\u00e9t\u00e9 | Nests Hostels\",\"isPartOf\":{\"@id\":\"https:\/\/nestshostels.com\/fr\/#website\"},\"primaryImageOfPage\":{\"@id\":\"https:\/\/nestshostels.com\/fr\/faq\/cancellation-nests-hostels\/#primaryimage\"},\"image\":{\"@id\":\"https:\/\/nestshostels.com\/fr\/faq\/cancellation-nests-hostels\/#primaryimage\"},\"thumbnailUrl\":\"https:\/\/nestshostels.com\/wp-content\/uploads\/reception-puerto-nest-hostel.jpg\",\"datePublished\":\"2024-02-08T17:34:45+00:00\",\"dateModified\":\"2025-10-08T10:03:54+00:00\",\"description\":\"Annulation flexible : r\u00e9servez en toute tranquillit\u00e9 et annulez sans frais jusqu'\u00e0 48 heures avant votre arriv\u00e9e. (2 jours avant l'enregistrement)\",\"breadcrumb\":{\"@id\":\"https:\/\/nestshostels.com\/fr\/faq\/cancellation-nests-hostels\/#breadcrumb\"},\"inLanguage\":\"fr-FR\",\"potentialAction\":[{\"@type\":\"ReadAction\",\"target\":[\"https:\/\/nestshostels.com\/fr\/faq\/cancellation-nests-hostels\/\"]}]},{\"@type\":\"ImageObject\",\"inLanguage\":\"fr-FR\",\"@id\":\"https:\/\/nestshostels.com\/fr\/faq\/cancellation-nests-hostels\/#primaryimage\",\"url\":\"https:\/\/nestshostels.com\/wp-content\/uploads\/reception-puerto-nest-hostel.jpg\",\"contentUrl\":\"https:\/\/nestshostels.com\/wp-content\/uploads\/reception-puerto-nest-hostel.jpg\",\"width\":1280,\"height\":853,\"caption\":\"Recepci\u00f3n Hostal Puerto Nest - Tenerife\"},{\"@type\":\"BreadcrumbList\",\"@id\":\"https:\/\/nestshostels.com\/fr\/faq\/cancellation-nests-hostels\/#breadcrumb\",\"itemListElement\":[{\"@type\":\"ListItem\",\"position\":1,\"name\":\"Portada\",\"item\":\"https:\/\/nestshostels.com\/fr\/\"},{\"@type\":\"ListItem\",\"position\":2,\"name\":\"FAQ : Questions et R\u00e9ponses &#8211; Support\",\"item\":\"https:\/\/nestshostels.com\/fr\/faq\/\"},{\"@type\":\"ListItem\",\"position\":3,\"name\":\"Politiques d&#8217;annulation et informations sur la propri\u00e9t\u00e9\"}]},{\"@type\":\"WebSite\",\"@id\":\"https:\/\/nestshostels.com\/fr\/#website\",\"url\":\"https:\/\/nestshostels.com\/fr\/\",\"name\":\"Nests Hostels\",\"description\":\"Tenerife Hostels for Travellers &amp; Digital Nomads\",\"publisher\":{\"@id\":\"https:\/\/nestshostels.com\/fr\/#organization\"},\"alternateName\":\"Nest\",\"potentialAction\":[{\"@type\":\"SearchAction\",\"target\":{\"@type\":\"EntryPoint\",\"urlTemplate\":\"https:\/\/nestshostels.com\/fr\/?s={search_term_string}\"},\"query-input\":{\"@type\":\"PropertyValueSpecification\",\"valueRequired\":true,\"valueName\":\"search_term_string\"}}],\"inLanguage\":\"fr-FR\"},{\"@type\":\"Organization\",\"@id\":\"https:\/\/nestshostels.com\/fr\/#organization\",\"name\":\"Nests Hostels\",\"alternateName\":\"Nest\",\"url\":\"https:\/\/nestshostels.com\/fr\/\",\"logo\":{\"@type\":\"ImageObject\",\"inLanguage\":\"fr-FR\",\"@id\":\"https:\/\/nestshostels.com\/fr\/#\/schema\/logo\/image\/\",\"url\":\"https:\/\/nestshostels.com\/wp-content\/uploads\/logo-nests-hostel.webp\",\"contentUrl\":\"https:\/\/nestshostels.com\/wp-content\/uploads\/logo-nests-hostel.webp\",\"width\":200,\"height\":217,\"caption\":\"Nests Hostels\"},\"image\":{\"@id\":\"https:\/\/nestshostels.com\/fr\/#\/schema\/logo\/image\/\"},\"sameAs\":[\"https:\/\/www.facebook.com\/nesthosteltenerife\/\",\"https:\/\/www.instagram.com\/nestshostels\/\",\"https:\/\/www.tiktok.com\/@nestshostels\",\"https:\/\/www.threads.com\/@nestshostels\/\",\"https:\/\/www.youtube.com\/@nestshostels\/\"]}]}<\/script>\n<!-- \/ Yoast SEO plugin. -->","yoast_head_json":{"title":"Politiques d'annulation et informations sur la propri\u00e9t\u00e9 | Nests Hostels","description":"Annulation flexible : r\u00e9servez en toute tranquillit\u00e9 et annulez sans frais jusqu'\u00e0 48 heures avant votre arriv\u00e9e. (2 jours avant l'enregistrement)","robots":{"index":"index","follow":"follow","max-snippet":"max-snippet:-1","max-image-preview":"max-image-preview:large","max-video-preview":"max-video-preview:-1"},"canonical":"https:\/\/nestshostels.com\/fr\/faq\/cancellation-nests-hostels\/","og_locale":"fr_FR","og_type":"article","og_title":"Politiques d'annulation et sur la propri\u00e9t\u00e9 | Nests Hostels","og_description":"Annulation flexible : r\u00e9servez en toute tranquillit\u00e9 et annulez sans frais jusqu'\u00e0 48 heures avant votre arriv\u00e9e. (2 jours avant l'enregistrement)","og_url":"https:\/\/nestshostels.com\/fr\/faq\/cancellation-nests-hostels\/","og_site_name":"Nests Hostels","article_publisher":"https:\/\/www.facebook.com\/nesthosteltenerife\/","article_modified_time":"2025-10-08T10:03:54+00:00","og_image":[{"url":"https:\/\/nestshostels.com\/wp-content\/uploads\/recepcion-puerto-nest-hostel-recepcion-1024x683.jpg","type":"","width":"","height":""}],"twitter_card":"summary_large_image","twitter_title":"Politiques d'annulation et sur la propri\u00e9t\u00e9 | Nests Hostels","twitter_description":"Annulation flexible : r\u00e9servez en toute tranquillit\u00e9 et annulez sans frais jusqu'\u00e0 48 heures avant votre arriv\u00e9e. (2 jours avant l'enregistrement)","twitter_image":"https:\/\/nestshostels.com\/wp-content\/uploads\/reception-puerto-nest-hostel-1024x682.jpg","twitter_misc":{"Dur\u00e9e de lecture estim\u00e9e":"4 minutes"},"schema":{"@context":"https:\/\/schema.org","@graph":[{"@type":"WebPage","@id":"https:\/\/nestshostels.com\/fr\/faq\/cancellation-nests-hostels\/","url":"https:\/\/nestshostels.com\/fr\/faq\/cancellation-nests-hostels\/","name":"Politiques d'annulation et informations sur la propri\u00e9t\u00e9 | Nests Hostels","isPartOf":{"@id":"https:\/\/nestshostels.com\/fr\/#website"},"primaryImageOfPage":{"@id":"https:\/\/nestshostels.com\/fr\/faq\/cancellation-nests-hostels\/#primaryimage"},"image":{"@id":"https:\/\/nestshostels.com\/fr\/faq\/cancellation-nests-hostels\/#primaryimage"},"thumbnailUrl":"https:\/\/nestshostels.com\/wp-content\/uploads\/reception-puerto-nest-hostel.jpg","datePublished":"2024-02-08T17:34:45+00:00","dateModified":"2025-10-08T10:03:54+00:00","description":"Annulation flexible : r\u00e9servez en toute tranquillit\u00e9 et annulez sans frais jusqu'\u00e0 48 heures avant votre arriv\u00e9e. (2 jours avant l'enregistrement)","breadcrumb":{"@id":"https:\/\/nestshostels.com\/fr\/faq\/cancellation-nests-hostels\/#breadcrumb"},"inLanguage":"fr-FR","potentialAction":[{"@type":"ReadAction","target":["https:\/\/nestshostels.com\/fr\/faq\/cancellation-nests-hostels\/"]}]},{"@type":"ImageObject","inLanguage":"fr-FR","@id":"https:\/\/nestshostels.com\/fr\/faq\/cancellation-nests-hostels\/#primaryimage","url":"https:\/\/nestshostels.com\/wp-content\/uploads\/reception-puerto-nest-hostel.jpg","contentUrl":"https:\/\/nestshostels.com\/wp-content\/uploads\/reception-puerto-nest-hostel.jpg","width":1280,"height":853,"caption":"Recepci\u00f3n Hostal Puerto Nest - Tenerife"},{"@type":"BreadcrumbList","@id":"https:\/\/nestshostels.com\/fr\/faq\/cancellation-nests-hostels\/#breadcrumb","itemListElement":[{"@type":"ListItem","position":1,"name":"Portada","item":"https:\/\/nestshostels.com\/fr\/"},{"@type":"ListItem","position":2,"name":"FAQ : Questions et R\u00e9ponses &#8211; Support","item":"https:\/\/nestshostels.com\/fr\/faq\/"},{"@type":"ListItem","position":3,"name":"Politiques d&#8217;annulation et informations sur la propri\u00e9t\u00e9"}]},{"@type":"WebSite","@id":"https:\/\/nestshostels.com\/fr\/#website","url":"https:\/\/nestshostels.com\/fr\/","name":"Nests Hostels","description":"Tenerife Hostels for Travellers &amp; Digital Nomads","publisher":{"@id":"https:\/\/nestshostels.com\/fr\/#organization"},"alternateName":"Nest","potentialAction":[{"@type":"SearchAction","target":{"@type":"EntryPoint","urlTemplate":"https:\/\/nestshostels.com\/fr\/?s={search_term_string}"},"query-input":{"@type":"PropertyValueSpecification","valueRequired":true,"valueName":"search_term_string"}}],"inLanguage":"fr-FR"},{"@type":"Organization","@id":"https:\/\/nestshostels.com\/fr\/#organization","name":"Nests Hostels","alternateName":"Nest","url":"https:\/\/nestshostels.com\/fr\/","logo":{"@type":"ImageObject","inLanguage":"fr-FR","@id":"https:\/\/nestshostels.com\/fr\/#\/schema\/logo\/image\/","url":"https:\/\/nestshostels.com\/wp-content\/uploads\/logo-nests-hostel.webp","contentUrl":"https:\/\/nestshostels.com\/wp-content\/uploads\/logo-nests-hostel.webp","width":200,"height":217,"caption":"Nests Hostels"},"image":{"@id":"https:\/\/nestshostels.com\/fr\/#\/schema\/logo\/image\/"},"sameAs":["https:\/\/www.facebook.com\/nesthosteltenerife\/","https:\/\/www.instagram.com\/nestshostels\/","https:\/\/www.tiktok.com\/@nestshostels","https:\/\/www.threads.com\/@nestshostels\/","https:\/\/www.youtube.com\/@nestshostels\/"]}]}},"_links":{"self":[{"href":"https:\/\/nestshostels.com\/fr\/wp-json\/wp\/v2\/pages\/19898","targetHints":{"allow":["GET"]}}],"collection":[{"href":"https:\/\/nestshostels.com\/fr\/wp-json\/wp\/v2\/pages"}],"about":[{"href":"https:\/\/nestshostels.com\/fr\/wp-json\/wp\/v2\/types\/page"}],"author":[{"embeddable":true,"href":"https:\/\/nestshostels.com\/fr\/wp-json\/wp\/v2\/users\/1"}],"replies":[{"embeddable":true,"href":"https:\/\/nestshostels.com\/fr\/wp-json\/wp\/v2\/comments?post=19898"}],"version-history":[{"count":1,"href":"https:\/\/nestshostels.com\/fr\/wp-json\/wp\/v2\/pages\/19898\/revisions"}],"predecessor-version":[{"id":19899,"href":"https:\/\/nestshostels.com\/fr\/wp-json\/wp\/v2\/pages\/19898\/revisions\/19899"}],"up":[{"embeddable":true,"href":"https:\/\/nestshostels.com\/fr\/wp-json\/wp\/v2\/pages\/19926"}],"wp:featuredmedia":[{"embeddable":true,"href":"https:\/\/nestshostels.com\/fr\/wp-json\/wp\/v2\/media\/13607"}],"wp:attachment":[{"href":"https:\/\/nestshostels.com\/fr\/wp-json\/wp\/v2\/media?parent=19898"}],"curies":[{"name":"wp","href":"https:\/\/api.w.org\/{rel}","templated":true}]}}