{"id":19882,"date":"2024-11-14T11:41:53","date_gmt":"2024-11-14T11:41:53","guid":{"rendered":"https:\/\/nestshostels.com\/home\/"},"modified":"2026-01-05T12:22:48","modified_gmt":"2026-01-05T12:22:48","slug":"home","status":"publish","type":"page","link":"https:\/\/nestshostels.com\/fr\/","title":{"rendered":"Home"},"content":{"rendered":"\n<h1 class=\"wp-block-heading\">Bienvenue chez Nests Hostales Tenerife !<\/h1>\n\n<p>O\u00f9 chaque jour est une aventure inoubliable et pleine de fun.<\/p>\n\n<hr class=\"wp-block-separator has-alpha-channel-opacity\"\/>\n\n<h2 class=\"wp-block-heading\">Bien plus qu&rsquo;un simple endroit o\u00f9 dormir<\/h2>\n\n<p>Chez Nests, on s&rsquo;efforce d&rsquo;offrir bien plus qu&rsquo;un simple h\u00e9bergement ; on cr\u00e9e des exp\u00e9riences ! Notre \u00e9quipe sp\u00e9cialis\u00e9e organise des \u00e9v\u00e9nements et des activit\u00e9s qui transforment chaque s\u00e9jour en une aventure unique.<\/p>\n\n<hr class=\"wp-block-separator has-alpha-channel-opacity\"\/>\n\n<h2 class=\"wp-block-heading\">Pr\u00eat pour l&rsquo;aventure ?<\/h2>\n\n<p>Voici quelque chose pour tout le monde :<\/p>\n\n<p><strong>\ud83e\udd7e Excursions palpitantes<\/strong><br\/>Randonn\u00e9es, visites guid\u00e9es et bien plus encore.<\/p>\n\n<p><strong>\ud83e\uddfa Pique-niques avec des vues spectaculaires<\/strong><br\/>Profite de la nature avec les plus belles vues de Tenerife.<\/p>\n\n<p><strong>\ud83c\udfc4 Surfe les vagues !<\/strong><br\/>Des cours de surf, de kite surf et de SUP pour tous les niveaux.<\/p>\n\n<p><strong>\ud83e\udd3f Plonge dans le merveilleux monde sous-marin<\/strong><br\/>Snorkeling et plong\u00e9e pour explorer les eaux canariennes.<\/p>\n\n<p><strong>\ud83c\udf7d\ufe0f Savoure la d\u00e9licieuse cuisine locale<\/strong><br\/>D\u00e9couvre les saveurs authentiques de Tenerife.<\/p>\n\n<p><strong>\ud83c\udf89 Soir\u00e9e de danse et de pinchos !<\/strong><br\/>Une f\u00eate de saveurs et de rythmes.<\/p>\n\n<p><strong>\ud83c\udfad Fiestas th\u00e9matiques<\/strong><br\/>Fun et rires garantis !<\/p>\n\n<hr class=\"wp-block-separator has-alpha-channel-opacity\"\/>\n\n<h2 class=\"wp-block-heading\">Et ce n&rsquo;est que le d\u00e9but&#8230;<\/h2>\n\n<p>Chez Nests Hostels, chaque jour est une nouvelle aventure excitante. Viens explorer Tenerife avec nous et pr\u00e9pare-toi \u00e0 vivre des histoires que tu voudras raconter encore et encore.<\/p>\n\n<p><strong><a href=\"https:\/\/nestshostels.com\/fr\/experiencias-nests-hostel-tenerife\/\">D\u00e9couvre toutes les Exp\u00e9riences<\/a><\/strong><br\/><strong><a href=\"https:\/\/nestshostels.com\/fr\/nest-pass\/\">D\u00e9couvre le Nest Pass<\/a><\/strong><\/p>\n\n<p><\/p>\n\n<h2 class=\"wp-block-heading\">\ud83c\udf08 Un espace pour tous<\/h2>\n\n<p>Notre chez-nous est un refuge pour toutes les couleurs de l&rsquo;arc-en-ciel. Bienvenue dans l&rsquo;auberge la plus accueillante, o\u00f9 l&rsquo;amour est notre langue officielle et la diversit\u00e9 notre sp\u00e9cialit\u00e9.<\/p>\n\n<p>On est ouverts \u00e0 tous les c\u0153urs, peu importe leur forme ou leur taille.<\/p>\n\n<p><strong>Sois toi-m\u00eame, \u00a1parce qu&rsquo;ici le respect est chez nous !<\/strong><\/p>\n","protected":false},"excerpt":{"rendered":"<p>Bienvenue chez Nests Hostales Tenerife ! O\u00f9 chaque jour est une aventure inoubliable et pleine de fun. Bien plus qu&rsquo;un simple endroit o\u00f9 dormir Chez Nests, on s&rsquo;efforce d&rsquo;offrir bien plus qu&rsquo;un simple h\u00e9bergement ; on cr\u00e9e des exp\u00e9riences ! Notre \u00e9quipe sp\u00e9cialis\u00e9e organise des \u00e9v\u00e9nements et des activit\u00e9s qui transforment chaque s\u00e9jour en une<a href=\"https:\/\/nestshostels.com\/fr\/\">Continue reading <span class=\"sr-only\">\u00ab\u00a0Home\u00a0\u00bb<\/span><\/a><\/p>\n","protected":false},"author":3,"featured_media":20407,"parent":0,"menu_order":0,"comment_status":"closed","ping_status":"closed","template":"","meta":{"footnotes":""},"class_list":["post-19882","page","type-page","status-publish","has-post-thumbnail","hentry"],"acf":[],"yoast_head":"<!-- This site is optimized with the Yoast SEO plugin v27.1.1 - https:\/\/yoast.com\/product\/yoast-seo-wordpress\/ -->\n<title>Auberges Tenerife, Gran Canaria et Ibiza | Nest Pass | Nests Hostels<\/title>\n<meta name=\"description\" content=\"10+ auberges aux Canaries et \u00e0 Ibiza pour les routards et les nomades num\u00e9riques. \u00c9conomisez 30 % avec le Nest Pass. Costa Adeje, Puerto de la Cruz, Las Palmas, Ibiza et plus encore. R\u00e9servez directement, meilleur prix garanti !\" \/>\n<meta name=\"robots\" content=\"index, follow, max-snippet:-1, max-image-preview:large, max-video-preview:-1\" \/>\n<link rel=\"canonical\" href=\"https:\/\/nestshostels.com\/fr\/\" \/>\n<meta property=\"og:locale\" content=\"fr_FR\" \/>\n<meta property=\"og:type\" content=\"article\" \/>\n<meta property=\"og:title\" content=\"10+ Auberges \u00e0 Tenerife, Gran Canaria et Ibiza | Nest Pass | Nests Hostels\" \/>\n<meta property=\"og:description\" content=\"Votre communaut\u00e9 de voyage aux Canaries. 11 hostels, 1 Nest Pass, des aventures infinies. \u00c9conomisez 30 % et d\u00e9placez-vous librement entre les \u00eeles. \ud83c\udf34\u2728\" \/>\n<meta property=\"og:url\" content=\"https:\/\/nestshostels.com\/fr\/\" \/>\n<meta property=\"og:site_name\" content=\"Nests Hostels\" \/>\n<meta property=\"article:publisher\" content=\"https:\/\/www.facebook.com\/nesthosteltenerife\/\" \/>\n<meta property=\"article:modified_time\" content=\"2026-01-05T12:22:48+00:00\" \/>\n<meta property=\"og:image\" content=\"https:\/\/nestshostels.com\/wp-content\/uploads\/2025\/10\/dos_islas_one_pass.jpg\" \/>\n\t<meta property=\"og:image:width\" content=\"1200\" \/>\n\t<meta property=\"og:image:height\" content=\"628\" \/>\n\t<meta property=\"og:image:type\" content=\"image\/jpeg\" \/>\n<meta name=\"twitter:card\" content=\"summary_large_image\" \/>\n<meta name=\"twitter:title\" content=\"10+ Auberges \u00e0 Tenerife, Gran Canaria et Ibiza | Nest Pass | Nests Hostels\" \/>\n<meta name=\"twitter:description\" content=\"Votre communaut\u00e9 de voyage aux Canaries. 11 hostels, 1 Nest Pass, des aventures infinies. \u00c9conomisez 30 % et d\u00e9placez-vous librement entre les \u00eeles. \ud83c\udf34\u2728\" \/>\n<meta name=\"twitter:image\" content=\"https:\/\/nestshostels.com\/wp-content\/uploads\/2025\/10\/dos_islas_one_pass.jpg\" \/>\n<meta name=\"twitter:label1\" content=\"Dur\u00e9e de lecture estim\u00e9e\" \/>\n\t<meta name=\"twitter:data1\" content=\"2 minutes\" \/>\n<script type=\"application\/ld+json\" class=\"yoast-schema-graph\">{\"@context\":\"https:\/\/schema.org\",\"@graph\":[{\"@type\":\"WebPage\",\"@id\":\"https:\/\/nestshostels.com\/fr\/\",\"url\":\"https:\/\/nestshostels.com\/fr\/\",\"name\":\"Auberges Tenerife, Gran Canaria et Ibiza | Nest Pass | Nests Hostels\",\"isPartOf\":{\"@id\":\"https:\/\/nestshostels.com\/fr\/#website\"},\"primaryImageOfPage\":{\"@id\":\"https:\/\/nestshostels.com\/fr\/#primaryimage\"},\"image\":{\"@id\":\"https:\/\/nestshostels.com\/fr\/#primaryimage\"},\"thumbnailUrl\":\"https:\/\/nestshostels.com\/wp-content\/uploads\/2025\/10\/dos_islas_one_pass.jpg\",\"datePublished\":\"2024-11-14T11:41:53+00:00\",\"dateModified\":\"2026-01-05T12:22:48+00:00\",\"description\":\"10+ auberges aux Canaries et \u00e0 Ibiza pour les routards et les nomades num\u00e9riques. \u00c9conomisez 30 % avec le Nest Pass. Costa Adeje, Puerto de la Cruz, Las Palmas, Ibiza et plus encore. R\u00e9servez directement, meilleur prix garanti !\",\"breadcrumb\":{\"@id\":\"https:\/\/nestshostels.com\/fr\/#breadcrumb\"},\"inLanguage\":\"fr-FR\",\"potentialAction\":[{\"@type\":\"ReadAction\",\"target\":[\"https:\/\/nestshostels.com\/fr\/\"]}]},{\"@type\":\"ImageObject\",\"inLanguage\":\"fr-FR\",\"@id\":\"https:\/\/nestshostels.com\/fr\/#primaryimage\",\"url\":\"https:\/\/nestshostels.com\/wp-content\/uploads\/2025\/10\/dos_islas_one_pass.jpg\",\"contentUrl\":\"https:\/\/nestshostels.com\/wp-content\/uploads\/2025\/10\/dos_islas_one_pass.jpg\",\"width\":1200,\"height\":628,\"caption\":\"10+ Hostels en Tenerife, Gran Canaria e Ibiza | Nest Pass | Nests Hostels\"},{\"@type\":\"BreadcrumbList\",\"@id\":\"https:\/\/nestshostels.com\/fr\/#breadcrumb\",\"itemListElement\":[{\"@type\":\"ListItem\",\"position\":1,\"name\":\"Portada\",\"item\":\"https:\/\/nestshostels.com\/fr\/\"},{\"@type\":\"ListItem\",\"position\":2,\"name\":\"Home\"}]},{\"@type\":\"WebSite\",\"@id\":\"https:\/\/nestshostels.com\/fr\/#website\",\"url\":\"https:\/\/nestshostels.com\/fr\/\",\"name\":\"Nests Hostels\",\"description\":\"Tenerife Hostels for Travellers &amp; Digital Nomads\",\"publisher\":{\"@id\":\"https:\/\/nestshostels.com\/fr\/#organization\"},\"alternateName\":\"Nest\",\"potentialAction\":[{\"@type\":\"SearchAction\",\"target\":{\"@type\":\"EntryPoint\",\"urlTemplate\":\"https:\/\/nestshostels.com\/fr\/?s={search_term_string}\"},\"query-input\":{\"@type\":\"PropertyValueSpecification\",\"valueRequired\":true,\"valueName\":\"search_term_string\"}}],\"inLanguage\":\"fr-FR\"},{\"@type\":\"Organization\",\"@id\":\"https:\/\/nestshostels.com\/fr\/#organization\",\"name\":\"Nests Hostels\",\"alternateName\":\"Nest\",\"url\":\"https:\/\/nestshostels.com\/fr\/\",\"logo\":{\"@type\":\"ImageObject\",\"inLanguage\":\"fr-FR\",\"@id\":\"https:\/\/nestshostels.com\/fr\/#\/schema\/logo\/image\/\",\"url\":\"https:\/\/nestshostels.com\/wp-content\/uploads\/logo-nests-hostel.webp\",\"contentUrl\":\"https:\/\/nestshostels.com\/wp-content\/uploads\/logo-nests-hostel.webp\",\"width\":200,\"height\":217,\"caption\":\"Nests Hostels\"},\"image\":{\"@id\":\"https:\/\/nestshostels.com\/fr\/#\/schema\/logo\/image\/\"},\"sameAs\":[\"https:\/\/www.facebook.com\/nesthosteltenerife\/\",\"https:\/\/www.instagram.com\/nestshostels\/\",\"https:\/\/www.tiktok.com\/@nestshostels\",\"https:\/\/www.threads.com\/@nestshostels\/\",\"https:\/\/www.youtube.com\/@nestshostels\/\"]}]}<\/script>\n<!-- \/ Yoast SEO plugin. -->","yoast_head_json":{"title":"Auberges Tenerife, Gran Canaria et Ibiza | Nest Pass | Nests Hostels","description":"10+ auberges aux Canaries et \u00e0 Ibiza pour les routards et les nomades num\u00e9riques. \u00c9conomisez 30 % avec le Nest Pass. Costa Adeje, Puerto de la Cruz, Las Palmas, Ibiza et plus encore. R\u00e9servez directement, meilleur prix garanti !","robots":{"index":"index","follow":"follow","max-snippet":"max-snippet:-1","max-image-preview":"max-image-preview:large","max-video-preview":"max-video-preview:-1"},"canonical":"https:\/\/nestshostels.com\/fr\/","og_locale":"fr_FR","og_type":"article","og_title":"10+ Auberges \u00e0 Tenerife, Gran Canaria et Ibiza | Nest Pass | Nests Hostels","og_description":"Votre communaut\u00e9 de voyage aux Canaries. 11 hostels, 1 Nest Pass, des aventures infinies. \u00c9conomisez 30 % et d\u00e9placez-vous librement entre les \u00eeles. \ud83c\udf34\u2728","og_url":"https:\/\/nestshostels.com\/fr\/","og_site_name":"Nests Hostels","article_publisher":"https:\/\/www.facebook.com\/nesthosteltenerife\/","article_modified_time":"2026-01-05T12:22:48+00:00","og_image":[{"width":1200,"height":628,"url":"https:\/\/nestshostels.com\/wp-content\/uploads\/2025\/10\/dos_islas_one_pass.jpg","type":"image\/jpeg"}],"twitter_card":"summary_large_image","twitter_title":"10+ Auberges \u00e0 Tenerife, Gran Canaria et Ibiza | Nest Pass | Nests Hostels","twitter_description":"Votre communaut\u00e9 de voyage aux Canaries. 11 hostels, 1 Nest Pass, des aventures infinies. \u00c9conomisez 30 % et d\u00e9placez-vous librement entre les \u00eeles. \ud83c\udf34\u2728","twitter_image":"https:\/\/nestshostels.com\/wp-content\/uploads\/2025\/10\/dos_islas_one_pass.jpg","twitter_misc":{"Dur\u00e9e de lecture estim\u00e9e":"2 minutes"},"schema":{"@context":"https:\/\/schema.org","@graph":[{"@type":"WebPage","@id":"https:\/\/nestshostels.com\/fr\/","url":"https:\/\/nestshostels.com\/fr\/","name":"Auberges Tenerife, Gran Canaria et Ibiza | Nest Pass | Nests Hostels","isPartOf":{"@id":"https:\/\/nestshostels.com\/fr\/#website"},"primaryImageOfPage":{"@id":"https:\/\/nestshostels.com\/fr\/#primaryimage"},"image":{"@id":"https:\/\/nestshostels.com\/fr\/#primaryimage"},"thumbnailUrl":"https:\/\/nestshostels.com\/wp-content\/uploads\/2025\/10\/dos_islas_one_pass.jpg","datePublished":"2024-11-14T11:41:53+00:00","dateModified":"2026-01-05T12:22:48+00:00","description":"10+ auberges aux Canaries et \u00e0 Ibiza pour les routards et les nomades num\u00e9riques. \u00c9conomisez 30 % avec le Nest Pass. Costa Adeje, Puerto de la Cruz, Las Palmas, Ibiza et plus encore. R\u00e9servez directement, meilleur prix garanti !","breadcrumb":{"@id":"https:\/\/nestshostels.com\/fr\/#breadcrumb"},"inLanguage":"fr-FR","potentialAction":[{"@type":"ReadAction","target":["https:\/\/nestshostels.com\/fr\/"]}]},{"@type":"ImageObject","inLanguage":"fr-FR","@id":"https:\/\/nestshostels.com\/fr\/#primaryimage","url":"https:\/\/nestshostels.com\/wp-content\/uploads\/2025\/10\/dos_islas_one_pass.jpg","contentUrl":"https:\/\/nestshostels.com\/wp-content\/uploads\/2025\/10\/dos_islas_one_pass.jpg","width":1200,"height":628,"caption":"10+ Hostels en Tenerife, Gran Canaria e Ibiza | Nest Pass | Nests Hostels"},{"@type":"BreadcrumbList","@id":"https:\/\/nestshostels.com\/fr\/#breadcrumb","itemListElement":[{"@type":"ListItem","position":1,"name":"Portada","item":"https:\/\/nestshostels.com\/fr\/"},{"@type":"ListItem","position":2,"name":"Home"}]},{"@type":"WebSite","@id":"https:\/\/nestshostels.com\/fr\/#website","url":"https:\/\/nestshostels.com\/fr\/","name":"Nests Hostels","description":"Tenerife Hostels for Travellers &amp; Digital Nomads","publisher":{"@id":"https:\/\/nestshostels.com\/fr\/#organization"},"alternateName":"Nest","potentialAction":[{"@type":"SearchAction","target":{"@type":"EntryPoint","urlTemplate":"https:\/\/nestshostels.com\/fr\/?s={search_term_string}"},"query-input":{"@type":"PropertyValueSpecification","valueRequired":true,"valueName":"search_term_string"}}],"inLanguage":"fr-FR"},{"@type":"Organization","@id":"https:\/\/nestshostels.com\/fr\/#organization","name":"Nests Hostels","alternateName":"Nest","url":"https:\/\/nestshostels.com\/fr\/","logo":{"@type":"ImageObject","inLanguage":"fr-FR","@id":"https:\/\/nestshostels.com\/fr\/#\/schema\/logo\/image\/","url":"https:\/\/nestshostels.com\/wp-content\/uploads\/logo-nests-hostel.webp","contentUrl":"https:\/\/nestshostels.com\/wp-content\/uploads\/logo-nests-hostel.webp","width":200,"height":217,"caption":"Nests Hostels"},"image":{"@id":"https:\/\/nestshostels.com\/fr\/#\/schema\/logo\/image\/"},"sameAs":["https:\/\/www.facebook.com\/nesthosteltenerife\/","https:\/\/www.instagram.com\/nestshostels\/","https:\/\/www.tiktok.com\/@nestshostels","https:\/\/www.threads.com\/@nestshostels\/","https:\/\/www.youtube.com\/@nestshostels\/"]}]}},"_links":{"self":[{"href":"https:\/\/nestshostels.com\/fr\/wp-json\/wp\/v2\/pages\/19882","targetHints":{"allow":["GET"]}}],"collection":[{"href":"https:\/\/nestshostels.com\/fr\/wp-json\/wp\/v2\/pages"}],"about":[{"href":"https:\/\/nestshostels.com\/fr\/wp-json\/wp\/v2\/types\/page"}],"author":[{"embeddable":true,"href":"https:\/\/nestshostels.com\/fr\/wp-json\/wp\/v2\/users\/3"}],"replies":[{"embeddable":true,"href":"https:\/\/nestshostels.com\/fr\/wp-json\/wp\/v2\/comments?post=19882"}],"version-history":[{"count":2,"href":"https:\/\/nestshostels.com\/fr\/wp-json\/wp\/v2\/pages\/19882\/revisions"}],"predecessor-version":[{"id":19917,"href":"https:\/\/nestshostels.com\/fr\/wp-json\/wp\/v2\/pages\/19882\/revisions\/19917"}],"wp:featuredmedia":[{"embeddable":true,"href":"https:\/\/nestshostels.com\/fr\/wp-json\/wp\/v2\/media\/20407"}],"wp:attachment":[{"href":"https:\/\/nestshostels.com\/fr\/wp-json\/wp\/v2\/media?parent=19882"}],"curies":[{"name":"wp","href":"https:\/\/api.w.org\/{rel}","templated":true}]}}