{"id":19874,"date":"2025-02-11T09:57:24","date_gmt":"2025-02-11T09:57:24","guid":{"rendered":"https:\/\/nestshostels.com\/nest-pass\/"},"modified":"2026-04-29T14:14:41","modified_gmt":"2026-04-29T13:14:41","slug":"nest-pass","status":"publish","type":"page","link":"https:\/\/nestshostels.com\/fr\/nest-pass\/","title":{"rendered":"Nest Pass \u2014 7+ nuits, 10+ auberges \u00e0 Tenerife et Gran Canaria"},"content":{"rendered":"\n<p>Salut ! \ud83d\ude0a<\/p>\n\n<p>Es-tu pr\u00eat pour une exp\u00e9rience de voyage inoubliable ?<\/p>\n\n<p>Avec le <strong>Nest Pass<\/strong>, tu pourras explorer nos hostels facilement, de mani\u00e8re flexible et sans tracas. \ud83c\udf0d\u2728<\/p>\n\n<h4 class=\"wp-block-heading\">\ud83d\ude80 Comment \u00e7a marche ?<\/h4>\n\n<p>\ud83d\udd39 <strong>Premi\u00e8re r\u00e9servation :<\/strong><br\/>Choisis entre <strong>7 \u00e0 28 nuits (ou plus)<\/strong> dans la premi\u00e8re auberge o\u00f9 tu veux s\u00e9journer et profites d&rsquo;avantages exclusifs avec le <strong>Pass Semaine -12%<\/strong> ou le <strong>Pass Mois -28%<\/strong>.<br\/>Comme tu peux sauter d&rsquo;une auberge \u00e0 l&rsquo;autre sans frais suppl\u00e9mentaires, <strong>c&rsquo;est comme avoir plus de 30% de r\u00e9duction !<\/strong><\/p>\n\n<h4 class=\"wp-block-heading\">\ud83d\udd39 Changement d&rsquo;auberge<\/h4>\n\n<p>Tu as envie de changer de d\u00e9cor et de plonger dans une nouvelle ambiance, une aventure fra\u00eeche ou un nouvel endroit \u00e0 explorer ? Fais-le savoir \u00e0 la r\u00e9ception de ton hostel actuel, <strong>et ils s&rsquo;occuperont de ton transfert vers un autre Nest.<\/strong><\/p>\n\n<h4 class=\"wp-block-heading\">\ud83d\udd39 Rapide et Facile<\/h4>\n\n<p>L&rsquo;\u00e9quipe va v\u00e9rifier la disponibilit\u00e9 au nouveau hostel et ajuster ta r\u00e9servation. S&rsquo;il y a de la place, ton changement sera confirm\u00e9 tout de suite !<\/p>\n\n<h4 class=\"wp-block-heading\">Example<\/h4>\n\n<p>Tu as r\u00e9serv\u00e9 7 nuits g\u00e9niales au Duque Nest. Apr\u00e8s 3 nuits, tu d\u00e9cides de jeter un \u0153il \u00e0 l&rsquo;Arena Nest. Il te suffit de le dire \u00e0 la r\u00e9ception et\u2026 c&rsquo;est fait ! Ils s&rsquo;occupent de tout. \ud83d\ude4c<\/p>\n\n<hr class=\"wp-block-separator has-alpha-channel-opacity\"\/>\n\n<h4 class=\"wp-block-heading\">\u00a0<\/h4>\n\n<h4 class=\"wp-block-heading\">\ud83c\udf1f Avantages Exclusifs du Nest Pass<\/h4>\n\n<p>\u2714 <strong>Explore Plus<\/strong>:<br\/>Acc\u00e8de \u00e0 <strong>10 auberges \u00e0 Tenerife, Gran Canaria et Ibiza<\/strong> et plonge dans des exp\u00e9riences inoubliables.<\/p>\n\n<p>\u2714\u00a0<strong>Compl\u00e8tement Flexible<\/strong><br\/><strong>Change d&rsquo;auberge \u00e0 tout moment<\/strong> dans notre r\u00e9seau, il te suffit de nous envoyer une demande.<\/p>\n\n<p>\u2714\u00a0<strong>\u00c9conomise pendant que tu voyages<\/strong><br\/>Profite de <strong>prix promotionnels et \u00e9conomise 30%<\/strong> tout en explorant de nouvelles destinations.<\/p>\n\n<p>\u2714\u00a0<strong>R\u00e9servations Transf\u00e9rables<\/strong><br\/>Tu peux pas utiliser toutes tes nuits ? Pas de souci ! <strong>Tu peux les passer \u00e0 quelqu&rsquo;un d&rsquo;autre<\/strong>, et elles seront toujours valables.<\/p>\n\n<hr class=\"wp-block-separator has-alpha-channel-opacity\"\/>\n\n<p>\ud83d\udccc <strong>Informations Importantes<\/strong><\/p>\n\n<p>\ud83d\udd38 Les r\u00e9servations ne sont valables que pour des <strong>chambres partag\u00e9es<\/strong> avec des lits superpos\u00e9s.<br\/>\ud83d\udd38 Le tarif est *NON REMBOURSABLE*.<br\/>\ud83d\udd38 Les nuits r\u00e9serv\u00e9es sont valables pour un maximum de <strong>3 mois<\/strong>.<\/p>\n\n<hr class=\"wp-block-separator has-alpha-channel-opacity\"\/>\n\n<p>\ud83c\udf34 <strong>Pr\u00eat \u00e0 commencer ton aventure ?<\/strong><br\/>R\u00e9serve maintenant et profite de la libert\u00e9 d&rsquo;explorer \u00e0 ton rythme avec le Nest Pass ! Si tu as des questions, notre \u00e9quipe est toujours l\u00e0 pour t&rsquo;aider.<\/p>\n\n<p>R\u00e9serve ton aventure aujourd&rsquo;hui et rejoins la famille Nests Hostels ! Chaque moment se transforme en un souvenir inoubliable. <a href=\"https:\/\/nestshostels.com\/fr\/experiencias-nests-hostel-tenerife\/\"><br\/><\/a><\/p>\n\n<p><\/p>\n","protected":false},"excerpt":{"rendered":"<p>Salut ! \ud83d\ude0a Es-tu pr\u00eat pour une exp\u00e9rience de voyage inoubliable ? Avec le Nest Pass, tu pourras explorer nos hostels facilement, de mani\u00e8re flexible et sans tracas. \ud83c\udf0d\u2728 \ud83d\ude80 Comment \u00e7a marche ? \ud83d\udd39 Premi\u00e8re r\u00e9servation :Choisis entre 7 \u00e0 28 nuits (ou plus) dans la premi\u00e8re auberge o\u00f9 tu veux s\u00e9journer et profites<a href=\"https:\/\/nestshostels.com\/fr\/nest-pass\/\">Continue reading <span class=\"sr-only\">\u00ab\u00a0Nest Pass \u2014 7+ nuits, 10+ auberges \u00e0 Tenerife et Gran Canaria\u00a0\u00bb<\/span><\/a><\/p>\n","protected":false},"author":3,"featured_media":18115,"parent":0,"menu_order":0,"comment_status":"closed","ping_status":"closed","template":"","meta":{"footnotes":""},"class_list":["post-19874","page","type-page","status-publish","has-post-thumbnail","hentry"],"acf":[],"yoast_head":"<!-- This site is optimized with the Yoast SEO plugin v27.5 - https:\/\/yoast.com\/product\/yoast-seo-wordpress\/ -->\n<title>Nest Pass \u2014 7+ nuits, 10+ auberges \u00e0 Tenerife et Gran Canaria | Nests Hostels<\/title>\n<meta name=\"description\" content=\"20\u20ac\/nuit pour 7 nuits dans plus de 10 auberges \u00e0 Tenerife et Gran Canaria. Changez de lieu librement, une seule r\u00e9servation. Obtenez le Nest Pass de Nests Hostels.\" \/>\n<meta name=\"robots\" content=\"index, follow, max-snippet:-1, max-image-preview:large, max-video-preview:-1\" \/>\n<link rel=\"canonical\" href=\"https:\/\/nestshostels.com\/fr\/nest-pass\/\" \/>\n<meta property=\"og:locale\" content=\"fr_FR\" \/>\n<meta property=\"og:type\" content=\"article\" \/>\n<meta property=\"og:title\" content=\"Nest Pass \u2014 7+ nuits dans 10+ auberges d&#039;\u00eele pour 140\u20ac\" \/>\n<meta property=\"og:description\" content=\"Une r\u00e9servation, une libert\u00e9 totale. Changez de Nests Hostel \u00e0 Tenerife et Gran Canaria quand vous le souhaitez. 20 \u20ac\/nuit, 3 mois.\" \/>\n<meta property=\"og:url\" content=\"https:\/\/nestshostels.com\/fr\/nest-pass\/\" \/>\n<meta property=\"og:site_name\" content=\"Nests Hostels\" \/>\n<meta property=\"article:publisher\" content=\"https:\/\/www.facebook.com\/nesthosteltenerife\/\" \/>\n<meta property=\"article:modified_time\" content=\"2026-04-29T13:14:41+00:00\" \/>\n<meta property=\"og:image\" content=\"https:\/\/nestshostels.com\/wp-content\/uploads\/Nest-Pass-Program-Digital-Islands-Map-1024x747.jpg\" \/>\n<meta name=\"twitter:card\" content=\"summary_large_image\" \/>\n<meta name=\"twitter:title\" content=\"Nest Pass \u2014 7+ nuits dans 10+ auberges d&#039;\u00eele pour 140\u20ac\" \/>\n<meta name=\"twitter:description\" content=\"Une r\u00e9servation, une libert\u00e9 totale. Changez de Nests Hostel \u00e0 Tenerife et Gran Canaria quand vous le souhaitez. 20 \u20ac\/nuit, 3 mois.\" \/>\n<meta name=\"twitter:image\" content=\"https:\/\/nestshostels.com\/wp-content\/uploads\/Nest-Pass-Islands-Map-v2-1024x598.jpg\" \/>\n<meta name=\"twitter:label1\" content=\"Dur\u00e9e de lecture estim\u00e9e\" \/>\n\t<meta name=\"twitter:data1\" content=\"2 minutes\" \/>\n<script type=\"application\/ld+json\" class=\"yoast-schema-graph\">{\"@context\":\"https:\\\/\\\/schema.org\",\"@graph\":[{\"@type\":\"WebPage\",\"@id\":\"https:\\\/\\\/nestshostels.com\\\/fr\\\/nest-pass\\\/\",\"url\":\"https:\\\/\\\/nestshostels.com\\\/fr\\\/nest-pass\\\/\",\"name\":\"Nest Pass \u2014 7+ nuits, 10+ auberges \u00e0 Tenerife et Gran Canaria | Nests Hostels\",\"isPartOf\":{\"@id\":\"https:\\\/\\\/nestshostels.com\\\/fr\\\/#website\"},\"primaryImageOfPage\":{\"@id\":\"https:\\\/\\\/nestshostels.com\\\/fr\\\/nest-pass\\\/#primaryimage\"},\"image\":{\"@id\":\"https:\\\/\\\/nestshostels.com\\\/fr\\\/nest-pass\\\/#primaryimage\"},\"thumbnailUrl\":\"https:\\\/\\\/nestshostels.com\\\/wp-content\\\/uploads\\\/NESTPASS_bannerhome_1920x690px.png\",\"datePublished\":\"2025-02-11T09:57:24+00:00\",\"dateModified\":\"2026-04-29T13:14:41+00:00\",\"description\":\"20\u20ac\\\/nuit pour 7 nuits dans plus de 10 auberges \u00e0 Tenerife et Gran Canaria. Changez de lieu librement, une seule r\u00e9servation. Obtenez le Nest Pass de Nests Hostels.\",\"breadcrumb\":{\"@id\":\"https:\\\/\\\/nestshostels.com\\\/fr\\\/nest-pass\\\/#breadcrumb\"},\"inLanguage\":\"fr-FR\",\"potentialAction\":[{\"@type\":\"ReadAction\",\"target\":[\"https:\\\/\\\/nestshostels.com\\\/fr\\\/nest-pass\\\/\"]}]},{\"@type\":\"ImageObject\",\"inLanguage\":\"fr-FR\",\"@id\":\"https:\\\/\\\/nestshostels.com\\\/fr\\\/nest-pass\\\/#primaryimage\",\"url\":\"https:\\\/\\\/nestshostels.com\\\/wp-content\\\/uploads\\\/NESTPASS_bannerhome_1920x690px.png\",\"contentUrl\":\"https:\\\/\\\/nestshostels.com\\\/wp-content\\\/uploads\\\/NESTPASS_bannerhome_1920x690px.png\",\"width\":1920,\"height\":690,\"caption\":\"Nest Pass - One booking all Hostels\"},{\"@type\":\"BreadcrumbList\",\"@id\":\"https:\\\/\\\/nestshostels.com\\\/fr\\\/nest-pass\\\/#breadcrumb\",\"itemListElement\":[{\"@type\":\"ListItem\",\"position\":1,\"name\":\"Portada\",\"item\":\"https:\\\/\\\/nestshostels.com\\\/fr\\\/\"},{\"@type\":\"ListItem\",\"position\":2,\"name\":\"Nest Pass Tu cherches l'exp\u00e9rience de voyage ultime ? Le Nest Pass est ton ticket pour explorer toutes les activit\u00e9s et attractions incroyables que nos auberges ont \u00e0 offrir. C\u2019est ton pass tout acc\u00e8s pour l'aventure, rendant ton s\u00e9jour dans notre Nest encore plus excitant. Avec le Nest Pass, tu peux profiter de r\u00e9ductions exclusives sur des visites locales, des sports nautiques et d'autres activit\u00e9s fun qui rendront ton voyage inoubliable. Que tu sois fan de surf, de randonn\u00e9e ou que tu souhaites t\u2019impr\u00e9gner de la culture locale, le Nest Pass est fait pour toi. Ne manque pas la chance de profiter au maximum de ton s\u00e9jour. Prends ton Nest Pass et pr\u00e9pare-toi pour une aventure \u00e9pique !\"}]},{\"@type\":\"WebSite\",\"@id\":\"https:\\\/\\\/nestshostels.com\\\/fr\\\/#website\",\"url\":\"https:\\\/\\\/nestshostels.com\\\/fr\\\/\",\"name\":\"Nests Hostels\",\"description\":\"Tenerife Hostels for Travellers &amp; Digital Nomads\",\"publisher\":{\"@id\":\"https:\\\/\\\/nestshostels.com\\\/fr\\\/#organization\"},\"alternateName\":\"Nest\",\"potentialAction\":[{\"@type\":\"SearchAction\",\"target\":{\"@type\":\"EntryPoint\",\"urlTemplate\":\"https:\\\/\\\/nestshostels.com\\\/fr\\\/?s={search_term_string}\"},\"query-input\":{\"@type\":\"PropertyValueSpecification\",\"valueRequired\":true,\"valueName\":\"search_term_string\"}}],\"inLanguage\":\"fr-FR\"},{\"@type\":\"Organization\",\"@id\":\"https:\\\/\\\/nestshostels.com\\\/fr\\\/#organization\",\"name\":\"Nests Hostels\",\"alternateName\":\"Nest\",\"url\":\"https:\\\/\\\/nestshostels.com\\\/fr\\\/\",\"logo\":{\"@type\":\"ImageObject\",\"inLanguage\":\"fr-FR\",\"@id\":\"https:\\\/\\\/nestshostels.com\\\/fr\\\/#\\\/schema\\\/logo\\\/image\\\/\",\"url\":\"https:\\\/\\\/nestshostels.com\\\/wp-content\\\/uploads\\\/logo-nests-hostel.webp\",\"contentUrl\":\"https:\\\/\\\/nestshostels.com\\\/wp-content\\\/uploads\\\/logo-nests-hostel.webp\",\"width\":200,\"height\":217,\"caption\":\"Nests Hostels\"},\"image\":{\"@id\":\"https:\\\/\\\/nestshostels.com\\\/fr\\\/#\\\/schema\\\/logo\\\/image\\\/\"},\"sameAs\":[\"https:\\\/\\\/www.facebook.com\\\/nesthosteltenerife\\\/\",\"https:\\\/\\\/www.instagram.com\\\/nestshostels\\\/\",\"https:\\\/\\\/www.tiktok.com\\\/@nestshostels\",\"https:\\\/\\\/www.threads.com\\\/@nestshostels\\\/\",\"https:\\\/\\\/www.youtube.com\\\/@nestshostels\\\/\"]}]}<\/script>\n<!-- \/ Yoast SEO plugin. -->","yoast_head_json":{"title":"Nest Pass \u2014 7+ nuits, 10+ auberges \u00e0 Tenerife et Gran Canaria | Nests Hostels","description":"20\u20ac\/nuit pour 7 nuits dans plus de 10 auberges \u00e0 Tenerife et Gran Canaria. Changez de lieu librement, une seule r\u00e9servation. Obtenez le Nest Pass de Nests Hostels.","robots":{"index":"index","follow":"follow","max-snippet":"max-snippet:-1","max-image-preview":"max-image-preview:large","max-video-preview":"max-video-preview:-1"},"canonical":"https:\/\/nestshostels.com\/fr\/nest-pass\/","og_locale":"fr_FR","og_type":"article","og_title":"Nest Pass \u2014 7+ nuits dans 10+ auberges d'\u00eele pour 140\u20ac","og_description":"Une r\u00e9servation, une libert\u00e9 totale. Changez de Nests Hostel \u00e0 Tenerife et Gran Canaria quand vous le souhaitez. 20 \u20ac\/nuit, 3 mois.","og_url":"https:\/\/nestshostels.com\/fr\/nest-pass\/","og_site_name":"Nests Hostels","article_publisher":"https:\/\/www.facebook.com\/nesthosteltenerife\/","article_modified_time":"2026-04-29T13:14:41+00:00","og_image":[{"url":"https:\/\/nestshostels.com\/wp-content\/uploads\/Nest-Pass-Program-Digital-Islands-Map-1024x747.jpg","type":"","width":"","height":""}],"twitter_card":"summary_large_image","twitter_title":"Nest Pass \u2014 7+ nuits dans 10+ auberges d'\u00eele pour 140\u20ac","twitter_description":"Une r\u00e9servation, une libert\u00e9 totale. Changez de Nests Hostel \u00e0 Tenerife et Gran Canaria quand vous le souhaitez. 20 \u20ac\/nuit, 3 mois.","twitter_image":"https:\/\/nestshostels.com\/wp-content\/uploads\/Nest-Pass-Islands-Map-v2-1024x598.jpg","twitter_misc":{"Dur\u00e9e de lecture estim\u00e9e":"2 minutes"},"schema":{"@context":"https:\/\/schema.org","@graph":[{"@type":"WebPage","@id":"https:\/\/nestshostels.com\/fr\/nest-pass\/","url":"https:\/\/nestshostels.com\/fr\/nest-pass\/","name":"Nest Pass \u2014 7+ nuits, 10+ auberges \u00e0 Tenerife et Gran Canaria | Nests Hostels","isPartOf":{"@id":"https:\/\/nestshostels.com\/fr\/#website"},"primaryImageOfPage":{"@id":"https:\/\/nestshostels.com\/fr\/nest-pass\/#primaryimage"},"image":{"@id":"https:\/\/nestshostels.com\/fr\/nest-pass\/#primaryimage"},"thumbnailUrl":"https:\/\/nestshostels.com\/wp-content\/uploads\/NESTPASS_bannerhome_1920x690px.png","datePublished":"2025-02-11T09:57:24+00:00","dateModified":"2026-04-29T13:14:41+00:00","description":"20\u20ac\/nuit pour 7 nuits dans plus de 10 auberges \u00e0 Tenerife et Gran Canaria. Changez de lieu librement, une seule r\u00e9servation. Obtenez le Nest Pass de Nests Hostels.","breadcrumb":{"@id":"https:\/\/nestshostels.com\/fr\/nest-pass\/#breadcrumb"},"inLanguage":"fr-FR","potentialAction":[{"@type":"ReadAction","target":["https:\/\/nestshostels.com\/fr\/nest-pass\/"]}]},{"@type":"ImageObject","inLanguage":"fr-FR","@id":"https:\/\/nestshostels.com\/fr\/nest-pass\/#primaryimage","url":"https:\/\/nestshostels.com\/wp-content\/uploads\/NESTPASS_bannerhome_1920x690px.png","contentUrl":"https:\/\/nestshostels.com\/wp-content\/uploads\/NESTPASS_bannerhome_1920x690px.png","width":1920,"height":690,"caption":"Nest Pass - One booking all Hostels"},{"@type":"BreadcrumbList","@id":"https:\/\/nestshostels.com\/fr\/nest-pass\/#breadcrumb","itemListElement":[{"@type":"ListItem","position":1,"name":"Portada","item":"https:\/\/nestshostels.com\/fr\/"},{"@type":"ListItem","position":2,"name":"Nest Pass Tu cherches l'exp\u00e9rience de voyage ultime ? Le Nest Pass est ton ticket pour explorer toutes les activit\u00e9s et attractions incroyables que nos auberges ont \u00e0 offrir. C\u2019est ton pass tout acc\u00e8s pour l'aventure, rendant ton s\u00e9jour dans notre Nest encore plus excitant. Avec le Nest Pass, tu peux profiter de r\u00e9ductions exclusives sur des visites locales, des sports nautiques et d'autres activit\u00e9s fun qui rendront ton voyage inoubliable. Que tu sois fan de surf, de randonn\u00e9e ou que tu souhaites t\u2019impr\u00e9gner de la culture locale, le Nest Pass est fait pour toi. Ne manque pas la chance de profiter au maximum de ton s\u00e9jour. Prends ton Nest Pass et pr\u00e9pare-toi pour une aventure \u00e9pique !"}]},{"@type":"WebSite","@id":"https:\/\/nestshostels.com\/fr\/#website","url":"https:\/\/nestshostels.com\/fr\/","name":"Nests Hostels","description":"Tenerife Hostels for Travellers &amp; Digital Nomads","publisher":{"@id":"https:\/\/nestshostels.com\/fr\/#organization"},"alternateName":"Nest","potentialAction":[{"@type":"SearchAction","target":{"@type":"EntryPoint","urlTemplate":"https:\/\/nestshostels.com\/fr\/?s={search_term_string}"},"query-input":{"@type":"PropertyValueSpecification","valueRequired":true,"valueName":"search_term_string"}}],"inLanguage":"fr-FR"},{"@type":"Organization","@id":"https:\/\/nestshostels.com\/fr\/#organization","name":"Nests Hostels","alternateName":"Nest","url":"https:\/\/nestshostels.com\/fr\/","logo":{"@type":"ImageObject","inLanguage":"fr-FR","@id":"https:\/\/nestshostels.com\/fr\/#\/schema\/logo\/image\/","url":"https:\/\/nestshostels.com\/wp-content\/uploads\/logo-nests-hostel.webp","contentUrl":"https:\/\/nestshostels.com\/wp-content\/uploads\/logo-nests-hostel.webp","width":200,"height":217,"caption":"Nests Hostels"},"image":{"@id":"https:\/\/nestshostels.com\/fr\/#\/schema\/logo\/image\/"},"sameAs":["https:\/\/www.facebook.com\/nesthosteltenerife\/","https:\/\/www.instagram.com\/nestshostels\/","https:\/\/www.tiktok.com\/@nestshostels","https:\/\/www.threads.com\/@nestshostels\/","https:\/\/www.youtube.com\/@nestshostels\/"]}]}},"_links":{"self":[{"href":"https:\/\/nestshostels.com\/fr\/wp-json\/wp\/v2\/pages\/19874","targetHints":{"allow":["GET"]}}],"collection":[{"href":"https:\/\/nestshostels.com\/fr\/wp-json\/wp\/v2\/pages"}],"about":[{"href":"https:\/\/nestshostels.com\/fr\/wp-json\/wp\/v2\/types\/page"}],"author":[{"embeddable":true,"href":"https:\/\/nestshostels.com\/fr\/wp-json\/wp\/v2\/users\/3"}],"replies":[{"embeddable":true,"href":"https:\/\/nestshostels.com\/fr\/wp-json\/wp\/v2\/comments?post=19874"}],"version-history":[{"count":4,"href":"https:\/\/nestshostels.com\/fr\/wp-json\/wp\/v2\/pages\/19874\/revisions"}],"predecessor-version":[{"id":24343,"href":"https:\/\/nestshostels.com\/fr\/wp-json\/wp\/v2\/pages\/19874\/revisions\/24343"}],"wp:featuredmedia":[{"embeddable":true,"href":"https:\/\/nestshostels.com\/fr\/wp-json\/wp\/v2\/media\/18115"}],"wp:attachment":[{"href":"https:\/\/nestshostels.com\/fr\/wp-json\/wp\/v2\/media?parent=19874"}],"curies":[{"name":"wp","href":"https:\/\/api.w.org\/{rel}","templated":true}]}}