{"id":18487,"date":"2022-08-29T07:06:33","date_gmt":"2022-08-29T07:06:33","guid":{"rendered":"https:\/\/nestshostels.com\/nomadas-digitales\/"},"modified":"2025-10-08T10:04:39","modified_gmt":"2025-10-08T10:04:39","slug":"nomadas-digitales","status":"publish","type":"page","link":"https:\/\/nestshostels.com\/fr\/nomadas-digitales\/","title":{"rendered":"N\u00f3mades Digitaux"},"content":{"rendered":"\n<p>Cher nomade digital, ici tu peux exprimer ta cr\u00e9ativit\u00e9 avec Nest Hostel, la <strong>calme et tranquillit\u00e9 de Tenerife<\/strong> entour\u00e9e par les sons de la nature et au loin, la mer avec sa vue panoramique et le bruit des vagues qui caressent tes oreilles.<\/p>\n\n<p>Si tu cherches la symbiose parfaite entre bosser et profiter, <strong>on t&rsquo;invite \u00e0 d\u00e9couvrir Nest!<\/strong><\/p>\n\n<p>Lis en dessous tout sur nos <strong>commodit\u00e9s pour le travail \u00e0 distance<\/strong> et nos forfaits sp\u00e9ciaux pour les s\u00e9jours prolong\u00e9s.<\/p>\n\n<h2 class=\"wp-block-heading\">Wifi ultra rapide<\/h2>\n\n<p>Notre connexion est <strong>parfaite pour ton travail<\/strong>, tu peux juste t\u00e9l\u00e9charger des documents et les envoyer.<\/p>\n\n<p>On te propose le wifi dans <strong>toutes les zones communes, toutes les chambres priv\u00e9es<\/strong> et la plupart des dortoirs dans tous les hostels.<\/p>\n\n<figure class=\"wp-block-image\"><a href=\"https:\/\/www.submarinecablemap.com\/\" target=\"_blank\" rel=\"noopener\"><img decoding=\"async\" src=\"https:\/\/nestshostels.com\/wp-content\/uploads\/map-of-internet-connection-tenerife-digital-nomad-1024x552.png\" alt=\"Carte de la connexion Internet &#xE0; Tenerife pour nomades digitaux\"\/><\/a><figcaption class=\"wp-element-caption\">Carte de la connexion Internet \u00e0 Tenerife pour nomades digitaux<\/figcaption><\/figure>\n\n<h2 class=\"wp-block-heading\">Choisis ta auberge pr\u00e9f\u00e9r\u00e9e<\/h2>\n\n<p>Si tu veux le <strong>NEST PASS week, 203 \u20ac une semaine<\/strong> <u>29 \u20ac par jour<\/u>, clique sur n&rsquo;importe quel hostel.<br\/>En r\u00e9servant pour <strong><u>plus de 7 jours<\/u>, le rabais sera appliqu\u00e9<\/strong> et une fois que tu arriveras \u00e0 la r\u00e9ception ou en appelant avec les d\u00e9tails de ta r\u00e9servation, <strong>tu peux aussi demander ton transfert vers un autre de nos hostels<\/strong>.<\/p>\n\n<p>Et si tu r\u00e9serves pour <strong>plus de 28 jours, le prix par jour est de 25 \u20ac\/jour<\/strong> (<a href=\"https:\/\/nestshostels.com\/fr\/ofertas-hostal-barato-tenerife\/\" target=\"_blank\" rel=\"noopener\">Nest Pass month<\/a> 700 \u20ac).<\/p>\n\n<p><a href=\"https:\/\/nestshostels.cloudbeds.com\" target=\"_blank\" rel=\"noopener\"><br\/>R\u00e9serve maintenant un Nests Hostels<br\/><\/a><br\/><img decoding=\"async\" title=\"\" src=\"https:\/\/nestshostels.com\/wp-content\/uploads\/map-nests-hostels-tenerife.png\" alt=\"Nos six hostels sont r&#xE9;partis dans toute l'&#xEE;le aux endroits les plus embl&#xE9;matiques\"\/><\/p>\n\n<h3 class=\"wp-block-heading\">Tenerife est l&rsquo;endroit id\u00e9al pour te d\u00e9tendre, on est dans une zone calme, parfaite pour te concentrer sur ton travail<br\/><\/h3>\n\n<h2 class=\"wp-block-heading\">Espaces de travail<\/h2>\n\n<p>Chaque hostel est \u00e9quip\u00e9 d&rsquo;espaces int\u00e9rieurs et ext\u00e9rieurs pour bosser et profiter de ton temps libre.<\/p>\n\n<p>Si tu as besoin d&rsquo;une <strong>bureaux tranquille pendant un moment<\/strong>, on sera ravis de te proposer l&rsquo;espace disponible.<\/p>\n\n<p>On veut que tu profites du <strong>meilleur \u00e9quilibre possible entre le travail et la vie<\/strong> pendant ton s\u00e9jour de Digital Nomad au Nest !<br\/><\/p>\n","protected":false},"excerpt":{"rendered":"<p>Cher nomade digital, ici tu peux exprimer ta cr\u00e9ativit\u00e9 avec Nest Hostel, la calme et tranquillit\u00e9 de Tenerife entour\u00e9e par les sons de la nature et au loin, la mer avec sa vue panoramique et le bruit des vagues qui caressent tes oreilles. Si tu cherches la symbiose parfaite entre bosser et profiter, on t&rsquo;invite<a href=\"https:\/\/nestshostels.com\/fr\/nomadas-digitales\/\">Continue reading <span class=\"sr-only\">\u00ab\u00a0N\u00f3mades Digitaux\u00a0\u00bb<\/span><\/a><\/p>\n","protected":false},"author":2,"featured_media":11807,"parent":0,"menu_order":0,"comment_status":"closed","ping_status":"closed","template":"","meta":{"footnotes":""},"class_list":["post-18487","page","type-page","status-publish","has-post-thumbnail","hentry"],"acf":[],"yoast_head":"<!-- This site is optimized with the Yoast SEO plugin v27.1.1 - https:\/\/yoast.com\/product\/yoast-seo-wordpress\/ -->\n<title>N\u00f3mades Digitaux | Nests Hostels<\/title>\n<meta name=\"description\" content=\"Les Nests Hostels sont parfaits pour les nomades digitaux, les travailleurs \u00e0 distance et tous ceux qui ont besoin d&#039;une bonne connexion Internet et d&#039;un bureau pendant la journ\u00e9e.\" \/>\n<meta name=\"robots\" content=\"index, follow, max-snippet:-1, max-image-preview:large, max-video-preview:-1\" \/>\n<link rel=\"canonical\" href=\"https:\/\/nestshostels.com\/fr\/nomadas-digitales\/\" \/>\n<meta property=\"og:locale\" content=\"fr_FR\" \/>\n<meta property=\"og:type\" content=\"article\" \/>\n<meta property=\"og:title\" content=\"N\u00f3mades Digitaux | Nests Hostels\" \/>\n<meta property=\"og:description\" content=\"Les Nests Hostels sont parfaits pour les nomades digitaux, les travailleurs \u00e0 distance et tous ceux qui ont besoin d&#039;une bonne connexion Internet et d&#039;un bureau pendant la journ\u00e9e.\" \/>\n<meta property=\"og:url\" content=\"https:\/\/nestshostels.com\/fr\/nomadas-digitales\/\" \/>\n<meta property=\"og:site_name\" content=\"Nests Hostels\" \/>\n<meta property=\"article:publisher\" content=\"https:\/\/www.facebook.com\/nesthosteltenerife\/\" \/>\n<meta property=\"article:modified_time\" content=\"2025-10-08T10:04:39+00:00\" \/>\n<meta property=\"og:image\" content=\"https:\/\/nestshostels.com\/wp-content\/uploads\/2019\/10\/nest-hostels-tenerife-contacto.jpg\" \/>\n\t<meta property=\"og:image:width\" content=\"1920\" \/>\n\t<meta property=\"og:image:height\" content=\"800\" \/>\n\t<meta property=\"og:image:type\" content=\"image\/jpeg\" \/>\n<meta name=\"twitter:card\" content=\"summary_large_image\" \/>\n<meta name=\"twitter:label1\" content=\"Dur\u00e9e de lecture estim\u00e9e\" \/>\n\t<meta name=\"twitter:data1\" content=\"2 minutes\" \/>\n<script type=\"application\/ld+json\" class=\"yoast-schema-graph\">{\"@context\":\"https:\/\/schema.org\",\"@graph\":[{\"@type\":\"WebPage\",\"@id\":\"https:\/\/nestshostels.com\/fr\/nomadas-digitales\/\",\"url\":\"https:\/\/nestshostels.com\/fr\/nomadas-digitales\/\",\"name\":\"N\u00f3mades Digitaux | Nests Hostels\",\"isPartOf\":{\"@id\":\"https:\/\/nestshostels.com\/fr\/#website\"},\"primaryImageOfPage\":{\"@id\":\"https:\/\/nestshostels.com\/fr\/nomadas-digitales\/#primaryimage\"},\"image\":{\"@id\":\"https:\/\/nestshostels.com\/fr\/nomadas-digitales\/#primaryimage\"},\"thumbnailUrl\":\"https:\/\/nestshostels.com\/wp-content\/uploads\/2019\/10\/nest-hostels-tenerife-contacto.jpg\",\"datePublished\":\"2022-08-29T07:06:33+00:00\",\"dateModified\":\"2025-10-08T10:04:39+00:00\",\"description\":\"Les Nests Hostels sont parfaits pour les nomades digitaux, les travailleurs \u00e0 distance et tous ceux qui ont besoin d'une bonne connexion Internet et d'un bureau pendant la journ\u00e9e.\",\"breadcrumb\":{\"@id\":\"https:\/\/nestshostels.com\/fr\/nomadas-digitales\/#breadcrumb\"},\"inLanguage\":\"fr-FR\",\"potentialAction\":[{\"@type\":\"ReadAction\",\"target\":[\"https:\/\/nestshostels.com\/fr\/nomadas-digitales\/\"]}]},{\"@type\":\"ImageObject\",\"inLanguage\":\"fr-FR\",\"@id\":\"https:\/\/nestshostels.com\/fr\/nomadas-digitales\/#primaryimage\",\"url\":\"https:\/\/nestshostels.com\/wp-content\/uploads\/2019\/10\/nest-hostels-tenerife-contacto.jpg\",\"contentUrl\":\"https:\/\/nestshostels.com\/wp-content\/uploads\/2019\/10\/nest-hostels-tenerife-contacto.jpg\",\"width\":1920,\"height\":800,\"caption\":\"nest hostels tenerife contacto\"},{\"@type\":\"BreadcrumbList\",\"@id\":\"https:\/\/nestshostels.com\/fr\/nomadas-digitales\/#breadcrumb\",\"itemListElement\":[{\"@type\":\"ListItem\",\"position\":1,\"name\":\"Portada\",\"item\":\"https:\/\/nestshostels.com\/fr\/\"},{\"@type\":\"ListItem\",\"position\":2,\"name\":\"N\u00f3mades Digitaux\"}]},{\"@type\":\"WebSite\",\"@id\":\"https:\/\/nestshostels.com\/fr\/#website\",\"url\":\"https:\/\/nestshostels.com\/fr\/\",\"name\":\"Nests Hostels\",\"description\":\"Tenerife Hostels for Travellers &amp; Digital Nomads\",\"publisher\":{\"@id\":\"https:\/\/nestshostels.com\/fr\/#organization\"},\"alternateName\":\"Nest\",\"potentialAction\":[{\"@type\":\"SearchAction\",\"target\":{\"@type\":\"EntryPoint\",\"urlTemplate\":\"https:\/\/nestshostels.com\/fr\/?s={search_term_string}\"},\"query-input\":{\"@type\":\"PropertyValueSpecification\",\"valueRequired\":true,\"valueName\":\"search_term_string\"}}],\"inLanguage\":\"fr-FR\"},{\"@type\":\"Organization\",\"@id\":\"https:\/\/nestshostels.com\/fr\/#organization\",\"name\":\"Nests Hostels\",\"alternateName\":\"Nest\",\"url\":\"https:\/\/nestshostels.com\/fr\/\",\"logo\":{\"@type\":\"ImageObject\",\"inLanguage\":\"fr-FR\",\"@id\":\"https:\/\/nestshostels.com\/fr\/#\/schema\/logo\/image\/\",\"url\":\"https:\/\/nestshostels.com\/wp-content\/uploads\/logo-nests-hostel.webp\",\"contentUrl\":\"https:\/\/nestshostels.com\/wp-content\/uploads\/logo-nests-hostel.webp\",\"width\":200,\"height\":217,\"caption\":\"Nests Hostels\"},\"image\":{\"@id\":\"https:\/\/nestshostels.com\/fr\/#\/schema\/logo\/image\/\"},\"sameAs\":[\"https:\/\/www.facebook.com\/nesthosteltenerife\/\",\"https:\/\/www.instagram.com\/nestshostels\/\",\"https:\/\/www.tiktok.com\/@nestshostels\",\"https:\/\/www.threads.com\/@nestshostels\/\",\"https:\/\/www.youtube.com\/@nestshostels\/\"]}]}<\/script>\n<!-- \/ Yoast SEO plugin. -->","yoast_head_json":{"title":"N\u00f3mades Digitaux | Nests Hostels","description":"Les Nests Hostels sont parfaits pour les nomades digitaux, les travailleurs \u00e0 distance et tous ceux qui ont besoin d'une bonne connexion Internet et d'un bureau pendant la journ\u00e9e.","robots":{"index":"index","follow":"follow","max-snippet":"max-snippet:-1","max-image-preview":"max-image-preview:large","max-video-preview":"max-video-preview:-1"},"canonical":"https:\/\/nestshostels.com\/fr\/nomadas-digitales\/","og_locale":"fr_FR","og_type":"article","og_title":"N\u00f3mades Digitaux | Nests Hostels","og_description":"Les Nests Hostels sont parfaits pour les nomades digitaux, les travailleurs \u00e0 distance et tous ceux qui ont besoin d'une bonne connexion Internet et d'un bureau pendant la journ\u00e9e.","og_url":"https:\/\/nestshostels.com\/fr\/nomadas-digitales\/","og_site_name":"Nests Hostels","article_publisher":"https:\/\/www.facebook.com\/nesthosteltenerife\/","article_modified_time":"2025-10-08T10:04:39+00:00","og_image":[{"width":1920,"height":800,"url":"https:\/\/nestshostels.com\/wp-content\/uploads\/2019\/10\/nest-hostels-tenerife-contacto.jpg","type":"image\/jpeg"}],"twitter_card":"summary_large_image","twitter_misc":{"Dur\u00e9e de lecture estim\u00e9e":"2 minutes"},"schema":{"@context":"https:\/\/schema.org","@graph":[{"@type":"WebPage","@id":"https:\/\/nestshostels.com\/fr\/nomadas-digitales\/","url":"https:\/\/nestshostels.com\/fr\/nomadas-digitales\/","name":"N\u00f3mades Digitaux | Nests Hostels","isPartOf":{"@id":"https:\/\/nestshostels.com\/fr\/#website"},"primaryImageOfPage":{"@id":"https:\/\/nestshostels.com\/fr\/nomadas-digitales\/#primaryimage"},"image":{"@id":"https:\/\/nestshostels.com\/fr\/nomadas-digitales\/#primaryimage"},"thumbnailUrl":"https:\/\/nestshostels.com\/wp-content\/uploads\/2019\/10\/nest-hostels-tenerife-contacto.jpg","datePublished":"2022-08-29T07:06:33+00:00","dateModified":"2025-10-08T10:04:39+00:00","description":"Les Nests Hostels sont parfaits pour les nomades digitaux, les travailleurs \u00e0 distance et tous ceux qui ont besoin d'une bonne connexion Internet et d'un bureau pendant la journ\u00e9e.","breadcrumb":{"@id":"https:\/\/nestshostels.com\/fr\/nomadas-digitales\/#breadcrumb"},"inLanguage":"fr-FR","potentialAction":[{"@type":"ReadAction","target":["https:\/\/nestshostels.com\/fr\/nomadas-digitales\/"]}]},{"@type":"ImageObject","inLanguage":"fr-FR","@id":"https:\/\/nestshostels.com\/fr\/nomadas-digitales\/#primaryimage","url":"https:\/\/nestshostels.com\/wp-content\/uploads\/2019\/10\/nest-hostels-tenerife-contacto.jpg","contentUrl":"https:\/\/nestshostels.com\/wp-content\/uploads\/2019\/10\/nest-hostels-tenerife-contacto.jpg","width":1920,"height":800,"caption":"nest hostels tenerife contacto"},{"@type":"BreadcrumbList","@id":"https:\/\/nestshostels.com\/fr\/nomadas-digitales\/#breadcrumb","itemListElement":[{"@type":"ListItem","position":1,"name":"Portada","item":"https:\/\/nestshostels.com\/fr\/"},{"@type":"ListItem","position":2,"name":"N\u00f3mades Digitaux"}]},{"@type":"WebSite","@id":"https:\/\/nestshostels.com\/fr\/#website","url":"https:\/\/nestshostels.com\/fr\/","name":"Nests Hostels","description":"Tenerife Hostels for Travellers &amp; Digital Nomads","publisher":{"@id":"https:\/\/nestshostels.com\/fr\/#organization"},"alternateName":"Nest","potentialAction":[{"@type":"SearchAction","target":{"@type":"EntryPoint","urlTemplate":"https:\/\/nestshostels.com\/fr\/?s={search_term_string}"},"query-input":{"@type":"PropertyValueSpecification","valueRequired":true,"valueName":"search_term_string"}}],"inLanguage":"fr-FR"},{"@type":"Organization","@id":"https:\/\/nestshostels.com\/fr\/#organization","name":"Nests Hostels","alternateName":"Nest","url":"https:\/\/nestshostels.com\/fr\/","logo":{"@type":"ImageObject","inLanguage":"fr-FR","@id":"https:\/\/nestshostels.com\/fr\/#\/schema\/logo\/image\/","url":"https:\/\/nestshostels.com\/wp-content\/uploads\/logo-nests-hostel.webp","contentUrl":"https:\/\/nestshostels.com\/wp-content\/uploads\/logo-nests-hostel.webp","width":200,"height":217,"caption":"Nests Hostels"},"image":{"@id":"https:\/\/nestshostels.com\/fr\/#\/schema\/logo\/image\/"},"sameAs":["https:\/\/www.facebook.com\/nesthosteltenerife\/","https:\/\/www.instagram.com\/nestshostels\/","https:\/\/www.tiktok.com\/@nestshostels","https:\/\/www.threads.com\/@nestshostels\/","https:\/\/www.youtube.com\/@nestshostels\/"]}]}},"_links":{"self":[{"href":"https:\/\/nestshostels.com\/fr\/wp-json\/wp\/v2\/pages\/18487","targetHints":{"allow":["GET"]}}],"collection":[{"href":"https:\/\/nestshostels.com\/fr\/wp-json\/wp\/v2\/pages"}],"about":[{"href":"https:\/\/nestshostels.com\/fr\/wp-json\/wp\/v2\/types\/page"}],"author":[{"embeddable":true,"href":"https:\/\/nestshostels.com\/fr\/wp-json\/wp\/v2\/users\/2"}],"replies":[{"embeddable":true,"href":"https:\/\/nestshostels.com\/fr\/wp-json\/wp\/v2\/comments?post=18487"}],"version-history":[{"count":6,"href":"https:\/\/nestshostels.com\/fr\/wp-json\/wp\/v2\/pages\/18487\/revisions"}],"predecessor-version":[{"id":19951,"href":"https:\/\/nestshostels.com\/fr\/wp-json\/wp\/v2\/pages\/18487\/revisions\/19951"}],"wp:featuredmedia":[{"embeddable":true,"href":"https:\/\/nestshostels.com\/fr\/wp-json\/wp\/v2\/media\/11807"}],"wp:attachment":[{"href":"https:\/\/nestshostels.com\/fr\/wp-json\/wp\/v2\/media?parent=18487"}],"curies":[{"name":"wp","href":"https:\/\/api.w.org\/{rel}","templated":true}]}}