{"id":20658,"date":"2025-11-27T08:20:22","date_gmt":"2025-11-27T08:20:22","guid":{"rendered":"https:\/\/nestshostels.com\/black-friday-week-10-los-amigos-15-gran-canaria\/"},"modified":"2025-11-29T11:50:49","modified_gmt":"2025-11-29T11:50:49","slug":"black-friday-week-10-los-amigos-15-gran-canaria","status":"publish","type":"page","link":"https:\/\/nestshostels.com\/de\/black-friday-week-10-los-amigos-15-gran-canaria\/","title":{"rendered":"\ud83d\udd25 Black Friday Woche: 10% auf Los Amigos &#038; 15% auf Gran Canaria"},"content":{"rendered":"\n<p>Wenn du deinen n\u00e4chsten Trip noch nicht gebucht hast, <strong>das ist dein Zeichen<\/strong>.<\/p>\n\n<h3 class=\"wp-block-heading\">\ud83c\udfaf Zwei Angebote, Ein Moment:<\/h3>\n\n<p><strong>Hast du Lust auf Tenerife jetzt?<\/strong><br\/>\ud83d\udc49 <strong>10% RABATT auf <a href=\"https:\/\/nestshostels.com\/en\/hostel\/hostal-los-amigos-tenerife\/\">Los Amigos Nest<\/a><\/strong><br\/>\ud83d\udcbb Code: <strong><mark style=\"background-color:#222222\" class=\"has-inline-color has-primary-color\">AMIGOS10<\/mark><\/strong><br\/>\ud83d\udcc5 Buch bis zum: <strong>5. Dezember<\/strong><br\/>\ud83c\udfd6\ufe0f F\u00fcr deinen Aufenthalt: <strong><strong>vor dem 5. Dezember<\/strong><br\/>                                            (Last Minute Angebot)<\/strong><\/p>\n\n<div class=\"wp-block-buttons is-content-justification-center is-layout-flex wp-container-core-buttons-is-layout-16018d1d wp-block-buttons-is-layout-flex\">\n<div class=\"wp-block-button is-style-fill text-white wi\"><a class=\"wp-block-button__link has-background-color has-tertiary-background-color has-text-color has-background has-link-color has-medium-font-size has-text-align-center has-custom-font-size wp-element-button\" href=\"https:\/\/hotels.cloudbeds.com\/reservation\/2syF2Y\/?currency=eur&amp;promo=AMIGOS10\" style=\"border-radius:1rem\" target=\"_blank\" rel=\"noreferrer noopener\"><strong>\ud83d\udc49 Jetzt buchen <\/strong>| AMIGOS10\u2728<\/a><\/div>\n<\/div>\n\n<p><strong>Planst du den Sommer 2026?<\/strong><br\/>\ud83d\udc49 <strong>15% RABATT auf <\/strong><a href=\"https:\/\/nestshostels.com\/en\/hostel\/las-palmas-gran-canaria\/\"><strong>Las Palmas Nest Hostel<\/strong><br\/><strong> auf Gran Canaria<\/strong><\/a><br\/>\ud83d\udcbb Code: <strong><mark style=\"background-color:#222222\" class=\"has-inline-color has-primary-color\">BF15OFF<\/mark><\/strong><br\/>\ud83d\udcc5 Buch bis zum: <strong>30. November<\/strong> \u23f0<br\/>\ud83c\udfd6\ufe0f F\u00fcr deinen Aufenthalt: <strong>April \u2013 Oktober 2026<\/strong><\/p>\n\n<div class=\"wp-block-buttons is-content-justification-center is-layout-flex wp-container-core-buttons-is-layout-16018d1d wp-block-buttons-is-layout-flex\">\n<div class=\"wp-block-button is-style-fill text-white wi\"><a class=\"wp-block-button__link has-background-color has-tertiary-background-color has-text-color has-background has-link-color has-medium-font-size has-text-align-center has-custom-font-size wp-element-button\" href=\"https:\/\/hotels.cloudbeds.com\/reservas\/AhkCX3\/?currency=eur&amp;checkin=2026-04-01&amp;checkout=2026-04-08&amp;promo=BF15OFF\" style=\"border-radius:1rem\" target=\"_blank\" rel=\"noreferrer noopener\"><strong>\ud83d\udc49 Jetzt buchen <\/strong>| BF15OFF \u2728<\/a><\/div>\n<\/div>\n\n<p><\/p>\n\n<h2 class=\"wp-block-heading\">\ud83c\udf0a Black Friday Woche bei Nests&#8230; und die Sonne scheint weiter!<\/h2>\n\n<h3 class=\"wp-block-heading\">\ud83d\udca1 Wie funktioniert das?<\/h3>\n\n<p>Super einfach: Geh auf <strong><a href=\"https:\/\/nestshostels.com\/de\/\">nestshostels.com<\/a><\/strong>, w\u00e4hl dein Ziel aus und nutz den passenden Code, wenn du deine Buchung abschlie\u00dft.<\/p>\n\n<p><strong>Nur direkt \u00fcber unsere Website buchen<\/strong> \u2014 keine Zwischenh\u00e4ndler, keine Geb\u00fchren, nur du und dein n\u00e4chstes Abenteuer.<\/p>\n\n<p>Sag nicht, wir h\u00e4tten dich nicht gewarnt \ud83d\ude09<br\/>Diese Angebote kommen nicht zur\u00fcck.<\/p>\n\n<p>\ud83d\udcac Black Friday, Nest Style \u2014 weniger Chaos, mehr Sonne. \ud83c\udf34<\/p>\n\n<p><\/p>\n\n<div class=\"wp-block-columns is-layout-flex wp-container-core-columns-is-layout-9d6595d7 wp-block-columns-is-layout-flex\">\n<div class=\"wp-block-column is-vertically-aligned-stretch is-layout-flow wp-block-column-is-layout-flow\" style=\"flex-basis:100%\">\n<div class=\"wp-block-group is-layout-constrained wp-block-group-is-layout-constrained\">\n<div class=\"wp-block-columns is-layout-flex wp-container-core-columns-is-layout-9d6595d7 wp-block-columns-is-layout-flex\">\n<div class=\"wp-block-column is-vertically-aligned-center is-layout-flow wp-block-column-is-layout-flow\" style=\"flex-basis:50%\">\n<figure class=\"wp-block-image size-large\"><img loading=\"lazy\" decoding=\"async\" width=\"1024\" height=\"768\" src=\"https:\/\/nestshostels.com\/wp-content\/uploads\/amigos-drone-6-1024x768.jpg\" alt=\"Los Amigos Hostels Tenerife La Mareta El Medano\" class=\"wp-image-9902\" srcset=\"https:\/\/nestshostels.com\/wp-content\/uploads\/amigos-drone-6-1024x768.jpg 1024w, https:\/\/nestshostels.com\/wp-content\/uploads\/amigos-drone-6-300x225.jpg 300w, https:\/\/nestshostels.com\/wp-content\/uploads\/amigos-drone-6-768x576.jpg 768w, https:\/\/nestshostels.com\/wp-content\/uploads\/amigos-drone-6-1536x1152.jpg 1536w, https:\/\/nestshostels.com\/wp-content\/uploads\/amigos-drone-6.jpg 2048w\" sizes=\"auto, (max-width: 1024px) 100vw, 1024px\" \/><figcaption class=\"wp-element-caption\">Sur Tenerife &#8211; La Mareta \/ El Medano<\/figcaption><\/figure>\n\n\n\n<p class=\"has-small-font-size\"><strong>Es tu destino si quieres\u2026<\/strong><br>\ud83c\udf1e Buen rollo y comunidad<br>\ud83c\udf0a Aventuras naturales<br>\ud83c\udfa8 Vibe art\u00edstico, yoga y chill<br>\ud83c\udfb6 Social relajado<\/p>\n<\/div>\n\n\n\n<div class=\"wp-block-column is-vertically-aligned-center h-full is-layout-flow wp-block-column-is-layout-flow\" style=\"flex-basis:50%\">\n<h4 class=\"wp-block-heading has-text-align-center no-underline-imp text-black-imp\"><a href=\"https:\/\/nestshostels.com\/hostel\/hostal-los-amigos-tenerife\/\">Los Amigos Nest Hostel<\/a><\/h4>\n\n\n\n<p class=\"has-text-align-center is-style-lead has-medium-font-size\">Cerquita de las piscinas naturales de Los Abrigos, con un ambiente relajado perfecto para conocer viajeros, echarte en la piscina y disfrutar de la costa sur. \u00a1Una experiencia que no olvidar\u00e1s! \ud83c\udf0a<\/p>\n\n\n\n<div class=\"wp-block-buttons is-content-justification-center is-layout-flex wp-container-core-buttons-is-layout-16018d1d wp-block-buttons-is-layout-flex\">\n<div class=\"wp-block-button has-custom-width wp-block-button__width-100 is-style-outline wi is-style-outline--1\"><a class=\"wp-block-button__link has-tertiary-color has-white-background-color has-text-color has-background has-small-font-size has-custom-font-size wp-element-button\" href=\"https:\/\/hotels.cloudbeds.com\/en\/reservas\/2syF2Y\/?currency=eur&amp;promo=AMIGOS10\" style=\"border-radius:7px\" target=\"_blank\" rel=\"noreferrer noopener\">Reserva directa <\/a><\/div>\n<\/div>\n\n\n\n<p class=\"has-text-align-center has-small-font-size\">es m\u00e1s conveniente<\/p>\n<\/div>\n<\/div>\n<\/div>\n<\/div>\n<\/div>\n","protected":false},"excerpt":{"rendered":"<p>Wenn du deinen n\u00e4chsten Trip noch nicht gebucht hast, das ist dein Zeichen. \ud83c\udfaf Zwei Angebote, Ein Moment: Hast du Lust auf Tenerife jetzt?\ud83d\udc49 10% RABATT auf Los Amigos Nest\ud83d\udcbb Code: AMIGOS10\ud83d\udcc5 Buch bis zum: 5. Dezember\ud83c\udfd6\ufe0f F\u00fcr deinen Aufenthalt: vor dem 5. Dezember (Last Minute Angebot) Planst du den Sommer 2026?\ud83d\udc49 15% RABATT auf<a href=\"https:\/\/nestshostels.com\/de\/black-friday-week-10-los-amigos-15-gran-canaria\/\">Continue reading <span class=\"sr-only\">&#8222;\ud83d\udd25 Black Friday Woche: 10% auf Los Amigos &#038; 15% auf Gran Canaria&#8220;<\/span><\/a><\/p>\n","protected":false},"author":1,"featured_media":20620,"parent":0,"menu_order":0,"comment_status":"closed","ping_status":"closed","template":"","meta":{"footnotes":""},"class_list":["post-20658","page","type-page","status-publish","has-post-thumbnail","hentry"],"acf":[],"yoast_head":"<!-- This site is optimized with the Yoast SEO plugin v27.1.1 - https:\/\/yoast.com\/product\/yoast-seo-wordpress\/ -->\n<title>\ud83d\udd25 Black Friday Woche: 10% auf Los Amigos &amp; 15% auf Gran Canaria | Nests Hostels<\/title>\n<meta name=\"description\" content=\"\u00a1Black Friday Woche bei Nests! Nutze unseren Rabattcode AMIGOS10 und BF15OFF und spare 10% bzw. 15% auf g\u00fcnstige Unterk\u00fcnfte in Teneriffa und Gran Canaria.\" \/>\n<meta name=\"robots\" content=\"index, follow, max-snippet:-1, max-image-preview:large, max-video-preview:-1\" \/>\n<link rel=\"canonical\" href=\"https:\/\/nestshostels.com\/de\/black-friday-week-10-los-amigos-15-gran-canaria\/\" \/>\n<meta property=\"og:locale\" content=\"de_DE\" \/>\n<meta property=\"og:type\" content=\"article\" \/>\n<meta property=\"og:title\" content=\"\ud83c\udf0a Black Friday Woche bei Nests... und die Sonne scheint weiter!\" \/>\n<meta property=\"og:description\" content=\"\u00a1Black Friday Woche bei Nests! Nutze unseren Rabattcode AMIGOS10 und BF15OFF und spare 10% bzw. 15% auf g\u00fcnstige Unterk\u00fcnfte in Teneriffa und Gran Canaria.\" \/>\n<meta property=\"og:url\" content=\"https:\/\/nestshostels.com\/de\/black-friday-week-10-los-amigos-15-gran-canaria\/\" \/>\n<meta property=\"og:site_name\" content=\"Nests Hostels\" \/>\n<meta property=\"article:publisher\" content=\"https:\/\/www.facebook.com\/nesthosteltenerife\/\" \/>\n<meta property=\"article:modified_time\" content=\"2025-11-29T11:50:49+00:00\" \/>\n<meta property=\"og:image\" content=\"https:\/\/nestshostels.com\/wp-content\/uploads\/2025\/11\/BLACK-FRIDAY-INSTAGRAM-POST-1200-x-628-px-1024x536.jpg\" \/>\n<meta name=\"twitter:card\" content=\"summary_large_image\" \/>\n<meta name=\"twitter:title\" content=\"\ud83c\udf0a Black Friday Woche bei Nests... und die Sonne scheint weiter!\" \/>\n<meta name=\"twitter:description\" content=\"\u00a1Black Friday Woche bei Nests! Nutze unseren Rabattcode AMIGOS10 und BF15OFF und spare 10% bzw. 15% auf g\u00fcnstige Unterk\u00fcnfte in Teneriffa und Gran Canaria.\" \/>\n<meta name=\"twitter:image\" content=\"https:\/\/nestshostels.com\/wp-content\/uploads\/2025\/11\/BLACK-FRIDAY-INSTAGRAM-POST-1200-x-628-px-1024x536.jpg\" \/>\n<meta name=\"twitter:label1\" content=\"Gesch\u00e4tzte Lesezeit\" \/>\n\t<meta name=\"twitter:data1\" content=\"1\u00a0Minute\" \/>\n<script type=\"application\/ld+json\" class=\"yoast-schema-graph\">{\"@context\":\"https:\/\/schema.org\",\"@graph\":[{\"@type\":\"WebPage\",\"@id\":\"https:\/\/nestshostels.com\/de\/black-friday-week-10-los-amigos-15-gran-canaria\/\",\"url\":\"https:\/\/nestshostels.com\/de\/black-friday-week-10-los-amigos-15-gran-canaria\/\",\"name\":\"\ud83d\udd25 Black Friday Woche: 10% auf Los Amigos & 15% auf Gran Canaria | Nests Hostels\",\"isPartOf\":{\"@id\":\"https:\/\/nestshostels.com\/de\/#website\"},\"primaryImageOfPage\":{\"@id\":\"https:\/\/nestshostels.com\/de\/black-friday-week-10-los-amigos-15-gran-canaria\/#primaryimage\"},\"image\":{\"@id\":\"https:\/\/nestshostels.com\/de\/black-friday-week-10-los-amigos-15-gran-canaria\/#primaryimage\"},\"thumbnailUrl\":\"https:\/\/nestshostels.com\/wp-content\/uploads\/2025\/11\/BLACK-FRIDAY-INSTAGRAM-POST-1200-x-628-px.jpg\",\"datePublished\":\"2025-11-27T08:20:22+00:00\",\"dateModified\":\"2025-11-29T11:50:49+00:00\",\"description\":\"\u00a1Black Friday Woche bei Nests! Nutze unseren Rabattcode AMIGOS10 und BF15OFF und spare 10% bzw. 15% auf g\u00fcnstige Unterk\u00fcnfte in Teneriffa und Gran Canaria.\",\"breadcrumb\":{\"@id\":\"https:\/\/nestshostels.com\/de\/black-friday-week-10-los-amigos-15-gran-canaria\/#breadcrumb\"},\"inLanguage\":\"de\",\"potentialAction\":[{\"@type\":\"ReadAction\",\"target\":[\"https:\/\/nestshostels.com\/de\/black-friday-week-10-los-amigos-15-gran-canaria\/\"]}]},{\"@type\":\"ImageObject\",\"inLanguage\":\"de\",\"@id\":\"https:\/\/nestshostels.com\/de\/black-friday-week-10-los-amigos-15-gran-canaria\/#primaryimage\",\"url\":\"https:\/\/nestshostels.com\/wp-content\/uploads\/2025\/11\/BLACK-FRIDAY-INSTAGRAM-POST-1200-x-628-px.jpg\",\"contentUrl\":\"https:\/\/nestshostels.com\/wp-content\/uploads\/2025\/11\/BLACK-FRIDAY-INSTAGRAM-POST-1200-x-628-px.jpg\",\"width\":1200,\"height\":628,\"caption\":\"Black Friday Week in Nests Hostels - Spacial Offer Los Amigos Nes\"},{\"@type\":\"BreadcrumbList\",\"@id\":\"https:\/\/nestshostels.com\/de\/black-friday-week-10-los-amigos-15-gran-canaria\/#breadcrumb\",\"itemListElement\":[{\"@type\":\"ListItem\",\"position\":1,\"name\":\"Portada\",\"item\":\"https:\/\/nestshostels.com\/de\/\"},{\"@type\":\"ListItem\",\"position\":2,\"name\":\"\ud83d\udd25 Black Friday Woche: 10% auf Los Amigos &#038; 15% auf Gran Canaria\"}]},{\"@type\":\"WebSite\",\"@id\":\"https:\/\/nestshostels.com\/de\/#website\",\"url\":\"https:\/\/nestshostels.com\/de\/\",\"name\":\"Nests Hostels\",\"description\":\"Tenerife Hostels for Travellers &amp; Digital Nomads\",\"publisher\":{\"@id\":\"https:\/\/nestshostels.com\/de\/#organization\"},\"alternateName\":\"Nest\",\"potentialAction\":[{\"@type\":\"SearchAction\",\"target\":{\"@type\":\"EntryPoint\",\"urlTemplate\":\"https:\/\/nestshostels.com\/de\/?s={search_term_string}\"},\"query-input\":{\"@type\":\"PropertyValueSpecification\",\"valueRequired\":true,\"valueName\":\"search_term_string\"}}],\"inLanguage\":\"de\"},{\"@type\":\"Organization\",\"@id\":\"https:\/\/nestshostels.com\/de\/#organization\",\"name\":\"Nests Hostels\",\"alternateName\":\"Nest\",\"url\":\"https:\/\/nestshostels.com\/de\/\",\"logo\":{\"@type\":\"ImageObject\",\"inLanguage\":\"de\",\"@id\":\"https:\/\/nestshostels.com\/de\/#\/schema\/logo\/image\/\",\"url\":\"https:\/\/nestshostels.com\/wp-content\/uploads\/logo-nests-hostel.webp\",\"contentUrl\":\"https:\/\/nestshostels.com\/wp-content\/uploads\/logo-nests-hostel.webp\",\"width\":200,\"height\":217,\"caption\":\"Nests Hostels\"},\"image\":{\"@id\":\"https:\/\/nestshostels.com\/de\/#\/schema\/logo\/image\/\"},\"sameAs\":[\"https:\/\/www.facebook.com\/nesthosteltenerife\/\",\"https:\/\/www.instagram.com\/nestshostels\/\",\"https:\/\/www.tiktok.com\/@nestshostels\",\"https:\/\/www.threads.com\/@nestshostels\/\",\"https:\/\/www.youtube.com\/@nestshostels\/\"]}]}<\/script>\n<!-- \/ Yoast SEO plugin. -->","yoast_head_json":{"title":"\ud83d\udd25 Black Friday Woche: 10% auf Los Amigos & 15% auf Gran Canaria | Nests Hostels","description":"\u00a1Black Friday Woche bei Nests! Nutze unseren Rabattcode AMIGOS10 und BF15OFF und spare 10% bzw. 15% auf g\u00fcnstige Unterk\u00fcnfte in Teneriffa und Gran Canaria.","robots":{"index":"index","follow":"follow","max-snippet":"max-snippet:-1","max-image-preview":"max-image-preview:large","max-video-preview":"max-video-preview:-1"},"canonical":"https:\/\/nestshostels.com\/de\/black-friday-week-10-los-amigos-15-gran-canaria\/","og_locale":"de_DE","og_type":"article","og_title":"\ud83c\udf0a Black Friday Woche bei Nests... und die Sonne scheint weiter!","og_description":"\u00a1Black Friday Woche bei Nests! Nutze unseren Rabattcode AMIGOS10 und BF15OFF und spare 10% bzw. 15% auf g\u00fcnstige Unterk\u00fcnfte in Teneriffa und Gran Canaria.","og_url":"https:\/\/nestshostels.com\/de\/black-friday-week-10-los-amigos-15-gran-canaria\/","og_site_name":"Nests Hostels","article_publisher":"https:\/\/www.facebook.com\/nesthosteltenerife\/","article_modified_time":"2025-11-29T11:50:49+00:00","og_image":[{"url":"https:\/\/nestshostels.com\/wp-content\/uploads\/2025\/11\/BLACK-FRIDAY-INSTAGRAM-POST-1200-x-628-px-1024x536.jpg","type":"","width":"","height":""}],"twitter_card":"summary_large_image","twitter_title":"\ud83c\udf0a Black Friday Woche bei Nests... und die Sonne scheint weiter!","twitter_description":"\u00a1Black Friday Woche bei Nests! Nutze unseren Rabattcode AMIGOS10 und BF15OFF und spare 10% bzw. 15% auf g\u00fcnstige Unterk\u00fcnfte in Teneriffa und Gran Canaria.","twitter_image":"https:\/\/nestshostels.com\/wp-content\/uploads\/2025\/11\/BLACK-FRIDAY-INSTAGRAM-POST-1200-x-628-px-1024x536.jpg","twitter_misc":{"Gesch\u00e4tzte Lesezeit":"1\u00a0Minute"},"schema":{"@context":"https:\/\/schema.org","@graph":[{"@type":"WebPage","@id":"https:\/\/nestshostels.com\/de\/black-friday-week-10-los-amigos-15-gran-canaria\/","url":"https:\/\/nestshostels.com\/de\/black-friday-week-10-los-amigos-15-gran-canaria\/","name":"\ud83d\udd25 Black Friday Woche: 10% auf Los Amigos & 15% auf Gran Canaria | Nests Hostels","isPartOf":{"@id":"https:\/\/nestshostels.com\/de\/#website"},"primaryImageOfPage":{"@id":"https:\/\/nestshostels.com\/de\/black-friday-week-10-los-amigos-15-gran-canaria\/#primaryimage"},"image":{"@id":"https:\/\/nestshostels.com\/de\/black-friday-week-10-los-amigos-15-gran-canaria\/#primaryimage"},"thumbnailUrl":"https:\/\/nestshostels.com\/wp-content\/uploads\/2025\/11\/BLACK-FRIDAY-INSTAGRAM-POST-1200-x-628-px.jpg","datePublished":"2025-11-27T08:20:22+00:00","dateModified":"2025-11-29T11:50:49+00:00","description":"\u00a1Black Friday Woche bei Nests! Nutze unseren Rabattcode AMIGOS10 und BF15OFF und spare 10% bzw. 15% auf g\u00fcnstige Unterk\u00fcnfte in Teneriffa und Gran Canaria.","breadcrumb":{"@id":"https:\/\/nestshostels.com\/de\/black-friday-week-10-los-amigos-15-gran-canaria\/#breadcrumb"},"inLanguage":"de","potentialAction":[{"@type":"ReadAction","target":["https:\/\/nestshostels.com\/de\/black-friday-week-10-los-amigos-15-gran-canaria\/"]}]},{"@type":"ImageObject","inLanguage":"de","@id":"https:\/\/nestshostels.com\/de\/black-friday-week-10-los-amigos-15-gran-canaria\/#primaryimage","url":"https:\/\/nestshostels.com\/wp-content\/uploads\/2025\/11\/BLACK-FRIDAY-INSTAGRAM-POST-1200-x-628-px.jpg","contentUrl":"https:\/\/nestshostels.com\/wp-content\/uploads\/2025\/11\/BLACK-FRIDAY-INSTAGRAM-POST-1200-x-628-px.jpg","width":1200,"height":628,"caption":"Black Friday Week in Nests Hostels - Spacial Offer Los Amigos Nes"},{"@type":"BreadcrumbList","@id":"https:\/\/nestshostels.com\/de\/black-friday-week-10-los-amigos-15-gran-canaria\/#breadcrumb","itemListElement":[{"@type":"ListItem","position":1,"name":"Portada","item":"https:\/\/nestshostels.com\/de\/"},{"@type":"ListItem","position":2,"name":"\ud83d\udd25 Black Friday Woche: 10% auf Los Amigos &#038; 15% auf Gran Canaria"}]},{"@type":"WebSite","@id":"https:\/\/nestshostels.com\/de\/#website","url":"https:\/\/nestshostels.com\/de\/","name":"Nests Hostels","description":"Tenerife Hostels for Travellers &amp; Digital Nomads","publisher":{"@id":"https:\/\/nestshostels.com\/de\/#organization"},"alternateName":"Nest","potentialAction":[{"@type":"SearchAction","target":{"@type":"EntryPoint","urlTemplate":"https:\/\/nestshostels.com\/de\/?s={search_term_string}"},"query-input":{"@type":"PropertyValueSpecification","valueRequired":true,"valueName":"search_term_string"}}],"inLanguage":"de"},{"@type":"Organization","@id":"https:\/\/nestshostels.com\/de\/#organization","name":"Nests Hostels","alternateName":"Nest","url":"https:\/\/nestshostels.com\/de\/","logo":{"@type":"ImageObject","inLanguage":"de","@id":"https:\/\/nestshostels.com\/de\/#\/schema\/logo\/image\/","url":"https:\/\/nestshostels.com\/wp-content\/uploads\/logo-nests-hostel.webp","contentUrl":"https:\/\/nestshostels.com\/wp-content\/uploads\/logo-nests-hostel.webp","width":200,"height":217,"caption":"Nests Hostels"},"image":{"@id":"https:\/\/nestshostels.com\/de\/#\/schema\/logo\/image\/"},"sameAs":["https:\/\/www.facebook.com\/nesthosteltenerife\/","https:\/\/www.instagram.com\/nestshostels\/","https:\/\/www.tiktok.com\/@nestshostels","https:\/\/www.threads.com\/@nestshostels\/","https:\/\/www.youtube.com\/@nestshostels\/"]}]}},"_links":{"self":[{"href":"https:\/\/nestshostels.com\/de\/wp-json\/wp\/v2\/pages\/20658","targetHints":{"allow":["GET"]}}],"collection":[{"href":"https:\/\/nestshostels.com\/de\/wp-json\/wp\/v2\/pages"}],"about":[{"href":"https:\/\/nestshostels.com\/de\/wp-json\/wp\/v2\/types\/page"}],"author":[{"embeddable":true,"href":"https:\/\/nestshostels.com\/de\/wp-json\/wp\/v2\/users\/1"}],"replies":[{"embeddable":true,"href":"https:\/\/nestshostels.com\/de\/wp-json\/wp\/v2\/comments?post=20658"}],"version-history":[{"count":2,"href":"https:\/\/nestshostels.com\/de\/wp-json\/wp\/v2\/pages\/20658\/revisions"}],"predecessor-version":[{"id":20692,"href":"https:\/\/nestshostels.com\/de\/wp-json\/wp\/v2\/pages\/20658\/revisions\/20692"}],"wp:featuredmedia":[{"embeddable":true,"href":"https:\/\/nestshostels.com\/de\/wp-json\/wp\/v2\/media\/20620"}],"wp:attachment":[{"href":"https:\/\/nestshostels.com\/de\/wp-json\/wp\/v2\/media?parent=20658"}],"curies":[{"name":"wp","href":"https:\/\/api.w.org\/{rel}","templated":true}]}}