{"id":20510,"date":"2025-10-31T12:47:25","date_gmt":"2025-10-31T12:47:25","guid":{"rendered":"https:\/\/nestshostels.com\/black-friday-gran-canaria-nests-hostels-2025\/"},"modified":"2025-11-01T13:23:00","modified_gmt":"2025-11-01T13:23:00","slug":"black-friday-gran-canaria-nests-hostels-2025","status":"publish","type":"page","link":"https:\/\/nestshostels.com\/de\/black-friday-gran-canaria-nests-hostels-2025\/","title":{"rendered":"Black Friday startet auf Gran Canaria\u2026 und das ist erst der Anfang!"},"content":{"rendered":"\n<p>Das ist nicht irgendein Black Friday \u2014 es ist <strong>Black Friday, Nest Style<\/strong> \ud83e\udd19\ud83c\udffb Denn hier jagen wir nicht nach Angeboten\u2026 wir genie\u00dfen sie in der Sonne!<\/p>\n\n\n\n<p>Keine Hektik, kein Chaos. Nur <strong>gute Vibes, Sonne und echte Rabatte<\/strong> f\u00fcr deinen n\u00e4chsten Inselausflug.<\/p>\n\n\n\n<hr class=\"wp-block-separator has-alpha-channel-opacity\"\/>\n\n\n\n<h3 class=\"wp-block-heading\">\ud83c\udf34 <strong>Fang jetzt an, deinen Sommerurlaub zu planen<\/strong><\/h3>\n\n\n\n<p>Nutze den Code <strong>BF15OFF<\/strong> bei deiner n\u00e4chsten Buchung in <strong>Gran Canaria<\/strong> und sicher dir <strong>15% Rabatt.<\/strong><\/p>\n\n\n\n<p>Reise zwischen <strong>April und Oktober 2026<\/strong> und sorge daf\u00fcr, dass dein n\u00e4chster Sommer mit Sonne, Surfen und der Nest-Community beginnt.<\/p>\n\n\n\n<hr class=\"wp-block-separator has-alpha-channel-opacity\"\/>\n\n\n\n<h3 class=\"wp-block-heading\"><strong>So funktioniert&#8217;s<\/strong><\/h3>\n\n\n\n<p>1\ufe0f\u20e3 Geh auf <strong><a href=\"https:\/\/nestshostels.com\/laspalmas\" target=\"_blank\" rel=\"noreferrer noopener\">nesthostels.com\/laspalmas<\/a><\/strong><\/p>\n\n\n\n<p>2\ufe0f\u20e3 Such dir deine Daten zwischen <strong>April und Oktober 2026<\/strong> aus!<\/p>\n\n\n\n<p>3\ufe0f\u20e3 W\u00e4hl dein Zimmer und gib den Code <strong>BF15OFF<\/strong> ein!<\/p>\n\n\n\n<p>\ud83c\udf89 <strong>Fertig! Dein Rabatt<\/strong> wird automatisch angewendet.<\/p>\n\n\n\n<hr class=\"wp-block-separator has-alpha-channel-opacity\"\/>\n\n\n\n<h3 class=\"wp-block-heading\"><strong>Warum du dieses Angebot nutzen solltest<\/strong><\/h3>\n\n\n\n<p>\u2705 <strong>15% Rabatt<\/strong> auf <a href=\"https:\/\/nestshostels.com\/de\/hostel\/las-palmas-gran-canaria\/\" target=\"_blank\" rel=\"noreferrer noopener\">Las Palmas Nest.<\/a><\/p>\n\n\n\n<p>\u2705 <strong>Flexible Daten:<\/strong> Reise zwischen April und Oktober 2026<\/p>\n\n\n\n<p>\u2705 <strong>G\u00fcltiger Code:<\/strong> nur <span style=\"text-decoration: underline;\">vom 1. bis 30. November 2025<\/span><\/p>\n\n\n\n<p>\ud83d\udcbb <strong>Exklusiv auf unserer offiziellen Webseite<\/strong><\/p>\n\n\n\n<p><em>(Ja, das ist nur der erste Halt unseres Black Friday.)<\/em><\/p>\n\n\n\n<hr class=\"wp-block-separator has-alpha-channel-opacity\"\/>\n\n\n\n<h3 class=\"wp-block-heading\"><strong>Aktionsregeln<\/strong><\/h3>\n\n\n\n<p>\ud83d\udcc5 <strong>Reservierungen:<\/strong> vom 1. bis 30. November 2025<\/p>\n\n\n\n<p>\ud83c\udfd6\ufe0f <strong>G\u00fcltige Aufenthalte:<\/strong> von April bis Oktober 2026<\/p>\n\n\n\n<p>\ud83d\udcb0 <strong>Nicht erstattungsf\u00e4higer Tarif<\/strong><\/p>\n\n\n\n<p>\u23f3 <strong>Mindestaufenthalt:<\/strong> 2 N\u00e4chte<\/p>\n\n\n\n<p>\ud83d\udeab <strong>Nicht mit anderen Aktionen kombinierbar<\/strong><\/p>\n\n\n\n<hr class=\"wp-block-separator has-alpha-channel-opacity\"\/>\n\n\n\n<h3 class=\"wp-block-heading\">\ud83c\udf1e <strong>Dein Sommer beginnt jetzt<\/strong><\/h3>\n\n\n\n<p>Mach deine Reservierung, bevor diese Welle vorbei ist \ud83c\udf0a<\/p>\n\n\n\n<p><\/p>\n\n\n\n<div class=\"wp-block-buttons is-content-justification-center is-layout-flex wp-container-core-buttons-is-layout-16018d1d wp-block-buttons-is-layout-flex\">\n<div class=\"wp-block-button has-custom-width wp-block-button__width-50 is-style-fill text-white wi\"><a class=\"wp-block-button__link has-background-color has-tertiary-background-color has-text-color has-background has-link-color has-medium-font-size has-text-align-center has-custom-font-size wp-element-button\" href=\"https:\/\/hotels.cloudbeds.com\/de\/reservas\/AhkCX3\/?currency=eur&amp;checkin=2026-04-01&amp;checkout=2026-04-08&amp;promo=BF15OFF\" style=\"border-radius:1rem\" target=\"_blank\" rel=\"noreferrer noopener\"><strong>\ud83d\udc49 Jetzt buchen<\/strong><\/a><\/div>\n<\/div>\n","protected":false},"excerpt":{"rendered":"<p>Das ist nicht irgendein Black Friday \u2014 es ist Black Friday, Nest Style \ud83e\udd19\ud83c\udffb Denn hier jagen wir nicht nach Angeboten\u2026 wir genie\u00dfen sie in der Sonne! Keine Hektik, kein Chaos. Nur gute Vibes, Sonne und echte Rabatte f\u00fcr deinen n\u00e4chsten Inselausflug. \ud83c\udf34 Fang jetzt an, deinen Sommerurlaub zu planen Nutze den Code BF15OFF bei<a href=\"https:\/\/nestshostels.com\/de\/black-friday-gran-canaria-nests-hostels-2025\/\">Continue reading <span class=\"sr-only\">&#8222;Black Friday startet auf Gran Canaria\u2026 und das ist erst der Anfang!&#8220;<\/span><\/a><\/p>\n","protected":false},"author":1,"featured_media":20494,"parent":0,"menu_order":0,"comment_status":"closed","ping_status":"closed","template":"","meta":{"footnotes":""},"class_list":["post-20510","page","type-page","status-publish","has-post-thumbnail","hentry"],"acf":[],"yoast_head":"<!-- This site is optimized with the Yoast SEO plugin v27.1.1 - https:\/\/yoast.com\/product\/yoast-seo-wordpress\/ -->\n<title>Black Friday auf Gran Canaria \ud83c\udf34 \u2013 15% RABATT mit Nest Hostels | Nests Hostels<\/title>\n<meta name=\"description\" content=\"Nutze den Black Friday Nest Style \ud83c\udf1e: 15% RABATT f\u00fcr deinen Urlaub auf Gran Canaria. Sonne, Strand und Hostel-Vibes nur auf nesthostels.com.\" \/>\n<meta name=\"robots\" content=\"index, follow, max-snippet:-1, max-image-preview:large, max-video-preview:-1\" \/>\n<link rel=\"canonical\" href=\"https:\/\/nestshostels.com\/de\/black-friday-gran-canaria-nests-hostels-2025\/\" \/>\n<meta property=\"og:locale\" content=\"de_DE\" \/>\n<meta property=\"og:type\" content=\"article\" \/>\n<meta property=\"og:title\" content=\"\u2600\ufe0f Black Friday kommt nach Gran Canaria \u2013 15% Rabatt nur bei Nest Hostels\" \/>\n<meta property=\"og:description\" content=\"Es ist nicht irgendein Black Friday\u2026 es ist Black Friday, Nest Style \ud83d\ude0e Buche im Las Palmas Nest mit 15% Rabatt und erlebe einen Urlaub voller Sonne, Strand und neuer reiselustiger Leute \ud83c\udf34\ud83d\udc49 Nutze den Code BF15OFF auf nesthostels.com\" \/>\n<meta property=\"og:url\" content=\"https:\/\/nestshostels.com\/de\/black-friday-gran-canaria-nests-hostels-2025\/\" \/>\n<meta property=\"og:site_name\" content=\"Nests Hostels\" \/>\n<meta property=\"article:publisher\" content=\"https:\/\/www.facebook.com\/nesthosteltenerife\/\" \/>\n<meta property=\"article:modified_time\" content=\"2025-11-01T13:23:00+00:00\" \/>\n<meta property=\"og:image\" content=\"https:\/\/nestshostels.com\/wp-content\/uploads\/2025\/10\/Black-Friday-NEST-2025-discover-1024x536.jpg\" \/>\n<meta name=\"twitter:card\" content=\"summary_large_image\" \/>\n<meta name=\"twitter:title\" content=\"\ud83d\udd25 Black Friday Nest Stil \u2013 15% RABATT auf Gran Canaria \ud83c\udf1e\" \/>\n<meta name=\"twitter:description\" content=\"Dieser Black Friday kommt mit Sonne, nicht mit Einkaufswagen \ud83c\udfd6\ufe0f Sichere dir 15% RABATT auf deinen n\u00e4chsten Trip zum Las Palmas Nest. Code: BF15OFF \ud83d\udc49 nesthostels.com\" \/>\n<meta name=\"twitter:image\" content=\"https:\/\/nestshostels.com\/wp-content\/uploads\/2025\/10\/Black-Friday-NEST-2025-discover-1024x536.jpg\" \/>\n<meta name=\"twitter:label1\" content=\"Gesch\u00e4tzte Lesezeit\" \/>\n\t<meta name=\"twitter:data1\" content=\"2\u00a0Minuten\" \/>\n<script type=\"application\/ld+json\" class=\"yoast-schema-graph\">{\"@context\":\"https:\/\/schema.org\",\"@graph\":[{\"@type\":\"WebPage\",\"@id\":\"https:\/\/nestshostels.com\/de\/black-friday-gran-canaria-nests-hostels-2025\/\",\"url\":\"https:\/\/nestshostels.com\/de\/black-friday-gran-canaria-nests-hostels-2025\/\",\"name\":\"Black Friday auf Gran Canaria \ud83c\udf34 \u2013 15% RABATT mit Nest Hostels | Nests Hostels\",\"isPartOf\":{\"@id\":\"https:\/\/nestshostels.com\/de\/#website\"},\"primaryImageOfPage\":{\"@id\":\"https:\/\/nestshostels.com\/de\/black-friday-gran-canaria-nests-hostels-2025\/#primaryimage\"},\"image\":{\"@id\":\"https:\/\/nestshostels.com\/de\/black-friday-gran-canaria-nests-hostels-2025\/#primaryimage\"},\"thumbnailUrl\":\"https:\/\/nestshostels.com\/wp-content\/uploads\/2025\/10\/Black-Friday-NEST-2025-discover.jpg\",\"datePublished\":\"2025-10-31T12:47:25+00:00\",\"dateModified\":\"2025-11-01T13:23:00+00:00\",\"description\":\"Nutze den Black Friday Nest Style \ud83c\udf1e: 15% RABATT f\u00fcr deinen Urlaub auf Gran Canaria. Sonne, Strand und Hostel-Vibes nur auf nesthostels.com.\",\"breadcrumb\":{\"@id\":\"https:\/\/nestshostels.com\/de\/black-friday-gran-canaria-nests-hostels-2025\/#breadcrumb\"},\"inLanguage\":\"de\",\"potentialAction\":[{\"@type\":\"ReadAction\",\"target\":[\"https:\/\/nestshostels.com\/de\/black-friday-gran-canaria-nests-hostels-2025\/\"]}]},{\"@type\":\"ImageObject\",\"inLanguage\":\"de\",\"@id\":\"https:\/\/nestshostels.com\/de\/black-friday-gran-canaria-nests-hostels-2025\/#primaryimage\",\"url\":\"https:\/\/nestshostels.com\/wp-content\/uploads\/2025\/10\/Black-Friday-NEST-2025-discover.jpg\",\"contentUrl\":\"https:\/\/nestshostels.com\/wp-content\/uploads\/2025\/10\/Black-Friday-NEST-2025-discover.jpg\",\"width\":1200,\"height\":628,\"caption\":\"Gran Canaria Black Friday NEST 2025\"},{\"@type\":\"BreadcrumbList\",\"@id\":\"https:\/\/nestshostels.com\/de\/black-friday-gran-canaria-nests-hostels-2025\/#breadcrumb\",\"itemListElement\":[{\"@type\":\"ListItem\",\"position\":1,\"name\":\"Portada\",\"item\":\"https:\/\/nestshostels.com\/de\/\"},{\"@type\":\"ListItem\",\"position\":2,\"name\":\"Black Friday startet auf Gran Canaria\u2026 und das ist erst der Anfang!\"}]},{\"@type\":\"WebSite\",\"@id\":\"https:\/\/nestshostels.com\/de\/#website\",\"url\":\"https:\/\/nestshostels.com\/de\/\",\"name\":\"Nests Hostels\",\"description\":\"Tenerife Hostels for Travellers &amp; Digital Nomads\",\"publisher\":{\"@id\":\"https:\/\/nestshostels.com\/de\/#organization\"},\"alternateName\":\"Nest\",\"potentialAction\":[{\"@type\":\"SearchAction\",\"target\":{\"@type\":\"EntryPoint\",\"urlTemplate\":\"https:\/\/nestshostels.com\/de\/?s={search_term_string}\"},\"query-input\":{\"@type\":\"PropertyValueSpecification\",\"valueRequired\":true,\"valueName\":\"search_term_string\"}}],\"inLanguage\":\"de\"},{\"@type\":\"Organization\",\"@id\":\"https:\/\/nestshostels.com\/de\/#organization\",\"name\":\"Nests Hostels\",\"alternateName\":\"Nest\",\"url\":\"https:\/\/nestshostels.com\/de\/\",\"logo\":{\"@type\":\"ImageObject\",\"inLanguage\":\"de\",\"@id\":\"https:\/\/nestshostels.com\/de\/#\/schema\/logo\/image\/\",\"url\":\"https:\/\/nestshostels.com\/wp-content\/uploads\/logo-nests-hostel.webp\",\"contentUrl\":\"https:\/\/nestshostels.com\/wp-content\/uploads\/logo-nests-hostel.webp\",\"width\":200,\"height\":217,\"caption\":\"Nests Hostels\"},\"image\":{\"@id\":\"https:\/\/nestshostels.com\/de\/#\/schema\/logo\/image\/\"},\"sameAs\":[\"https:\/\/www.facebook.com\/nesthosteltenerife\/\",\"https:\/\/www.instagram.com\/nestshostels\/\",\"https:\/\/www.tiktok.com\/@nestshostels\",\"https:\/\/www.threads.com\/@nestshostels\/\",\"https:\/\/www.youtube.com\/@nestshostels\/\"]}]}<\/script>\n<!-- \/ Yoast SEO plugin. -->","yoast_head_json":{"title":"Black Friday auf Gran Canaria \ud83c\udf34 \u2013 15% RABATT mit Nest Hostels | Nests Hostels","description":"Nutze den Black Friday Nest Style \ud83c\udf1e: 15% RABATT f\u00fcr deinen Urlaub auf Gran Canaria. Sonne, Strand und Hostel-Vibes nur auf nesthostels.com.","robots":{"index":"index","follow":"follow","max-snippet":"max-snippet:-1","max-image-preview":"max-image-preview:large","max-video-preview":"max-video-preview:-1"},"canonical":"https:\/\/nestshostels.com\/de\/black-friday-gran-canaria-nests-hostels-2025\/","og_locale":"de_DE","og_type":"article","og_title":"\u2600\ufe0f Black Friday kommt nach Gran Canaria \u2013 15% Rabatt nur bei Nest Hostels","og_description":"Es ist nicht irgendein Black Friday\u2026 es ist Black Friday, Nest Style \ud83d\ude0e Buche im Las Palmas Nest mit 15% Rabatt und erlebe einen Urlaub voller Sonne, Strand und neuer reiselustiger Leute \ud83c\udf34\ud83d\udc49 Nutze den Code BF15OFF auf nesthostels.com","og_url":"https:\/\/nestshostels.com\/de\/black-friday-gran-canaria-nests-hostels-2025\/","og_site_name":"Nests Hostels","article_publisher":"https:\/\/www.facebook.com\/nesthosteltenerife\/","article_modified_time":"2025-11-01T13:23:00+00:00","og_image":[{"url":"https:\/\/nestshostels.com\/wp-content\/uploads\/2025\/10\/Black-Friday-NEST-2025-discover-1024x536.jpg","type":"","width":"","height":""}],"twitter_card":"summary_large_image","twitter_title":"\ud83d\udd25 Black Friday Nest Stil \u2013 15% RABATT auf Gran Canaria \ud83c\udf1e","twitter_description":"Dieser Black Friday kommt mit Sonne, nicht mit Einkaufswagen \ud83c\udfd6\ufe0f Sichere dir 15% RABATT auf deinen n\u00e4chsten Trip zum Las Palmas Nest. Code: BF15OFF \ud83d\udc49 nesthostels.com","twitter_image":"https:\/\/nestshostels.com\/wp-content\/uploads\/2025\/10\/Black-Friday-NEST-2025-discover-1024x536.jpg","twitter_misc":{"Gesch\u00e4tzte Lesezeit":"2\u00a0Minuten"},"schema":{"@context":"https:\/\/schema.org","@graph":[{"@type":"WebPage","@id":"https:\/\/nestshostels.com\/de\/black-friday-gran-canaria-nests-hostels-2025\/","url":"https:\/\/nestshostels.com\/de\/black-friday-gran-canaria-nests-hostels-2025\/","name":"Black Friday auf Gran Canaria \ud83c\udf34 \u2013 15% RABATT mit Nest Hostels | Nests Hostels","isPartOf":{"@id":"https:\/\/nestshostels.com\/de\/#website"},"primaryImageOfPage":{"@id":"https:\/\/nestshostels.com\/de\/black-friday-gran-canaria-nests-hostels-2025\/#primaryimage"},"image":{"@id":"https:\/\/nestshostels.com\/de\/black-friday-gran-canaria-nests-hostels-2025\/#primaryimage"},"thumbnailUrl":"https:\/\/nestshostels.com\/wp-content\/uploads\/2025\/10\/Black-Friday-NEST-2025-discover.jpg","datePublished":"2025-10-31T12:47:25+00:00","dateModified":"2025-11-01T13:23:00+00:00","description":"Nutze den Black Friday Nest Style \ud83c\udf1e: 15% RABATT f\u00fcr deinen Urlaub auf Gran Canaria. Sonne, Strand und Hostel-Vibes nur auf nesthostels.com.","breadcrumb":{"@id":"https:\/\/nestshostels.com\/de\/black-friday-gran-canaria-nests-hostels-2025\/#breadcrumb"},"inLanguage":"de","potentialAction":[{"@type":"ReadAction","target":["https:\/\/nestshostels.com\/de\/black-friday-gran-canaria-nests-hostels-2025\/"]}]},{"@type":"ImageObject","inLanguage":"de","@id":"https:\/\/nestshostels.com\/de\/black-friday-gran-canaria-nests-hostels-2025\/#primaryimage","url":"https:\/\/nestshostels.com\/wp-content\/uploads\/2025\/10\/Black-Friday-NEST-2025-discover.jpg","contentUrl":"https:\/\/nestshostels.com\/wp-content\/uploads\/2025\/10\/Black-Friday-NEST-2025-discover.jpg","width":1200,"height":628,"caption":"Gran Canaria Black Friday NEST 2025"},{"@type":"BreadcrumbList","@id":"https:\/\/nestshostels.com\/de\/black-friday-gran-canaria-nests-hostels-2025\/#breadcrumb","itemListElement":[{"@type":"ListItem","position":1,"name":"Portada","item":"https:\/\/nestshostels.com\/de\/"},{"@type":"ListItem","position":2,"name":"Black Friday startet auf Gran Canaria\u2026 und das ist erst der Anfang!"}]},{"@type":"WebSite","@id":"https:\/\/nestshostels.com\/de\/#website","url":"https:\/\/nestshostels.com\/de\/","name":"Nests Hostels","description":"Tenerife Hostels for Travellers &amp; Digital Nomads","publisher":{"@id":"https:\/\/nestshostels.com\/de\/#organization"},"alternateName":"Nest","potentialAction":[{"@type":"SearchAction","target":{"@type":"EntryPoint","urlTemplate":"https:\/\/nestshostels.com\/de\/?s={search_term_string}"},"query-input":{"@type":"PropertyValueSpecification","valueRequired":true,"valueName":"search_term_string"}}],"inLanguage":"de"},{"@type":"Organization","@id":"https:\/\/nestshostels.com\/de\/#organization","name":"Nests Hostels","alternateName":"Nest","url":"https:\/\/nestshostels.com\/de\/","logo":{"@type":"ImageObject","inLanguage":"de","@id":"https:\/\/nestshostels.com\/de\/#\/schema\/logo\/image\/","url":"https:\/\/nestshostels.com\/wp-content\/uploads\/logo-nests-hostel.webp","contentUrl":"https:\/\/nestshostels.com\/wp-content\/uploads\/logo-nests-hostel.webp","width":200,"height":217,"caption":"Nests Hostels"},"image":{"@id":"https:\/\/nestshostels.com\/de\/#\/schema\/logo\/image\/"},"sameAs":["https:\/\/www.facebook.com\/nesthosteltenerife\/","https:\/\/www.instagram.com\/nestshostels\/","https:\/\/www.tiktok.com\/@nestshostels","https:\/\/www.threads.com\/@nestshostels\/","https:\/\/www.youtube.com\/@nestshostels\/"]}]}},"_links":{"self":[{"href":"https:\/\/nestshostels.com\/de\/wp-json\/wp\/v2\/pages\/20510","targetHints":{"allow":["GET"]}}],"collection":[{"href":"https:\/\/nestshostels.com\/de\/wp-json\/wp\/v2\/pages"}],"about":[{"href":"https:\/\/nestshostels.com\/de\/wp-json\/wp\/v2\/types\/page"}],"author":[{"embeddable":true,"href":"https:\/\/nestshostels.com\/de\/wp-json\/wp\/v2\/users\/1"}],"replies":[{"embeddable":true,"href":"https:\/\/nestshostels.com\/de\/wp-json\/wp\/v2\/comments?post=20510"}],"version-history":[{"count":2,"href":"https:\/\/nestshostels.com\/de\/wp-json\/wp\/v2\/pages\/20510\/revisions"}],"predecessor-version":[{"id":20516,"href":"https:\/\/nestshostels.com\/de\/wp-json\/wp\/v2\/pages\/20510\/revisions\/20516"}],"wp:featuredmedia":[{"embeddable":true,"href":"https:\/\/nestshostels.com\/de\/wp-json\/wp\/v2\/media\/20494"}],"wp:attachment":[{"href":"https:\/\/nestshostels.com\/de\/wp-json\/wp\/v2\/media?parent=20510"}],"curies":[{"name":"wp","href":"https:\/\/api.w.org\/{rel}","templated":true}]}}