{"id":20028,"date":"2019-10-02T17:01:20","date_gmt":"2019-10-02T17:01:20","guid":{"rendered":"https:\/\/nestshostels.com\/grupos-nest-hostel-en-tenerife\/"},"modified":"2025-10-08T10:12:20","modified_gmt":"2025-10-08T10:12:20","slug":"grupos-nest-hostel-en-tenerife","status":"publish","type":"page","link":"https:\/\/nestshostels.com\/de\/grupos-nest-hostel-en-tenerife\/","title":{"rendered":"Einfache (und spa\u00dfige!) Gruppenreisen"},"content":{"rendered":"\n<h2 class=\"wp-block-heading\">Die einfachste Art, deine Gruppenreise zu den Kanarischen Inseln zu buchen!<\/h2>\n\n<h4 class=\"wp-block-heading\">G\u00fcnstige Unterkunft f\u00fcr Gruppen<\/h4>\n\n<p><\/p>\n\n<p>Suchst du den perfekten Ort f\u00fcr deine <strong>Gruppenreise<\/strong>? Bei Nest Hostels sind wir Spezialisten f\u00fcr <strong>Gruppenreisen<\/strong>. Wir bieten flexible Pakete, Locations nah am Strand, private Zimmer f\u00fcr deine Gruppe und optionale Aktivit\u00e4ten wie Surfen, Wandern oder kulturelle Erlebnisse. Egal, ob du eine Reise nach <strong>Tenerife<\/strong>, <strong>Gran Canaria<\/strong> oder <strong>Ibiza<\/strong> planst, wir haben den idealen Ort (und den richtigen Preis) f\u00fcr deine Gruppe.<\/p>\n","protected":false},"excerpt":{"rendered":"<p>Die einfachste Art, deine Gruppenreise zu den Kanarischen Inseln zu buchen! G\u00fcnstige Unterkunft f\u00fcr Gruppen Suchst du den perfekten Ort f\u00fcr deine Gruppenreise? Bei Nest Hostels sind wir Spezialisten f\u00fcr Gruppenreisen. Wir bieten flexible Pakete, Locations nah am Strand, private Zimmer f\u00fcr deine Gruppe und optionale Aktivit\u00e4ten wie Surfen, Wandern oder kulturelle Erlebnisse. Egal, ob<a href=\"https:\/\/nestshostels.com\/de\/grupos-nest-hostel-en-tenerife\/\">Continue reading <span class=\"sr-only\">&#8222;Einfache (und spa\u00dfige!) Gruppenreisen&#8220;<\/span><\/a><\/p>\n","protected":false},"author":3,"featured_media":16152,"parent":0,"menu_order":0,"comment_status":"closed","ping_status":"closed","template":"","meta":{"footnotes":""},"class_list":["post-20028","page","type-page","status-publish","has-post-thumbnail","hentry"],"acf":[],"yoast_head":"<!-- This site is optimized with the Yoast SEO plugin v27.1.1 - https:\/\/yoast.com\/product\/yoast-seo-wordpress\/ -->\n<title>Gruppenreisen zu Hostels in Teneriffa, Gran Canaria und Ibiza | Nests Hostels<\/title>\n<meta name=\"description\" content=\"Planst du eine Gruppenreise? Entdecke Nest Hostels: Unterkunft f\u00fcr Gruppen, Aktivit\u00e4ten wie Surfen oder Ausfl\u00fcge und spezielle Rabatte. Ideal f\u00fcr Gruppen in Teneriffa, Gran Canaria und Ibiza.\" \/>\n<meta name=\"robots\" content=\"index, follow, max-snippet:-1, max-image-preview:large, max-video-preview:-1\" \/>\n<link rel=\"canonical\" href=\"https:\/\/nestshostels.com\/de\/grupos-nest-hostel-en-tenerife\/\" \/>\n<meta property=\"og:locale\" content=\"de_DE\" \/>\n<meta property=\"og:type\" content=\"article\" \/>\n<meta property=\"og:title\" content=\"\ud83c\udf0a Organisierte Gruppenreisen in den Kanarischen Inseln - Nests Hostels\" \/>\n<meta property=\"og:description\" content=\"Planst du epische Gruppenurlaube? Hostels f\u00fcr Gruppen in Teneriffa und Gran Canaria mit echten Rabatten, privaten Zimmern f\u00fcr deine Crew und Aktivit\u00e4ten, die ihr nie vergessen werdet. Surfen, Wandern, Beachvolleyball und vieles mehr. Ab 8 Personen mit 10% Rabatt! \ud83c\udfc4\u200d\u2640\ufe0f\ud83c\udfd6\ufe0f\" \/>\n<meta property=\"og:url\" content=\"https:\/\/nestshostels.com\/de\/grupos-nest-hostel-en-tenerife\/\" \/>\n<meta property=\"og:site_name\" content=\"Nests Hostels\" \/>\n<meta property=\"article:publisher\" content=\"https:\/\/www.facebook.com\/nesthosteltenerife\/\" \/>\n<meta property=\"article:modified_time\" content=\"2025-10-08T10:12:20+00:00\" \/>\n<meta property=\"og:image\" content=\"https:\/\/nestshostels.com\/wp-content\/uploads\/Nest-Hostel-Surf-Camp-2024-1024x768.jpg\" \/>\n<meta name=\"twitter:card\" content=\"summary_large_image\" \/>\n<meta name=\"twitter:title\" content=\"\ud83c\udf0a Epische Gruppenreisen in Teneriffa und Gran Canaria\" \/>\n<meta name=\"twitter:description\" content=\"\u2705 10% Rabatt f\u00fcr Gruppen ab 8 Personen \u2705 Private Zimmer f\u00fcr deine Crew \u2705 Surf Camp und organisierte Aktivit\u00e4ten! Buche dein Gruppenabenteuer! \ud83d\udc47#TenerifeGroups #GranCanariaHostel #Gruppenreisen #HostelCanarias\" \/>\n<meta name=\"twitter:image\" content=\"https:\/\/nestshostels.com\/wp-content\/uploads\/Nest-Hostel-Surf-Camp-2024-1024x768.jpg\" \/>\n<script type=\"application\/ld+json\" class=\"yoast-schema-graph\">{\"@context\":\"https:\/\/schema.org\",\"@graph\":[{\"@type\":\"WebPage\",\"@id\":\"https:\/\/nestshostels.com\/de\/grupos-nest-hostel-en-tenerife\/\",\"url\":\"https:\/\/nestshostels.com\/de\/grupos-nest-hostel-en-tenerife\/\",\"name\":\"Gruppenreisen zu Hostels in Teneriffa, Gran Canaria und Ibiza | Nests Hostels\",\"isPartOf\":{\"@id\":\"https:\/\/nestshostels.com\/de\/#website\"},\"primaryImageOfPage\":{\"@id\":\"https:\/\/nestshostels.com\/de\/grupos-nest-hostel-en-tenerife\/#primaryimage\"},\"image\":{\"@id\":\"https:\/\/nestshostels.com\/de\/grupos-nest-hostel-en-tenerife\/#primaryimage\"},\"thumbnailUrl\":\"https:\/\/nestshostels.com\/wp-content\/uploads\/experiencia-surf-camp-portada.png\",\"datePublished\":\"2019-10-02T17:01:20+00:00\",\"dateModified\":\"2025-10-08T10:12:20+00:00\",\"description\":\"Planst du eine Gruppenreise? Entdecke Nest Hostels: Unterkunft f\u00fcr Gruppen, Aktivit\u00e4ten wie Surfen oder Ausfl\u00fcge und spezielle Rabatte. Ideal f\u00fcr Gruppen in Teneriffa, Gran Canaria und Ibiza.\",\"breadcrumb\":{\"@id\":\"https:\/\/nestshostels.com\/de\/grupos-nest-hostel-en-tenerife\/#breadcrumb\"},\"inLanguage\":\"de\",\"potentialAction\":[{\"@type\":\"ReadAction\",\"target\":[\"https:\/\/nestshostels.com\/de\/grupos-nest-hostel-en-tenerife\/\"]}]},{\"@type\":\"ImageObject\",\"inLanguage\":\"de\",\"@id\":\"https:\/\/nestshostels.com\/de\/grupos-nest-hostel-en-tenerife\/#primaryimage\",\"url\":\"https:\/\/nestshostels.com\/wp-content\/uploads\/experiencia-surf-camp-portada.png\",\"contentUrl\":\"https:\/\/nestshostels.com\/wp-content\/uploads\/experiencia-surf-camp-portada.png\",\"width\":1920,\"height\":1080,\"caption\":\"Surf camp y actividades organizadas \u00a1Reserva tu aventura grupal!\"},{\"@type\":\"BreadcrumbList\",\"@id\":\"https:\/\/nestshostels.com\/de\/grupos-nest-hostel-en-tenerife\/#breadcrumb\",\"itemListElement\":[{\"@type\":\"ListItem\",\"position\":1,\"name\":\"Portada\",\"item\":\"https:\/\/nestshostels.com\/de\/\"},{\"@type\":\"ListItem\",\"position\":2,\"name\":\"Einfache (und spa\u00dfige!) Gruppenreisen\"}]},{\"@type\":\"WebSite\",\"@id\":\"https:\/\/nestshostels.com\/de\/#website\",\"url\":\"https:\/\/nestshostels.com\/de\/\",\"name\":\"Nests Hostels\",\"description\":\"Tenerife Hostels for Travellers &amp; Digital Nomads\",\"publisher\":{\"@id\":\"https:\/\/nestshostels.com\/de\/#organization\"},\"alternateName\":\"Nest\",\"potentialAction\":[{\"@type\":\"SearchAction\",\"target\":{\"@type\":\"EntryPoint\",\"urlTemplate\":\"https:\/\/nestshostels.com\/de\/?s={search_term_string}\"},\"query-input\":{\"@type\":\"PropertyValueSpecification\",\"valueRequired\":true,\"valueName\":\"search_term_string\"}}],\"inLanguage\":\"de\"},{\"@type\":\"Organization\",\"@id\":\"https:\/\/nestshostels.com\/de\/#organization\",\"name\":\"Nests Hostels\",\"alternateName\":\"Nest\",\"url\":\"https:\/\/nestshostels.com\/de\/\",\"logo\":{\"@type\":\"ImageObject\",\"inLanguage\":\"de\",\"@id\":\"https:\/\/nestshostels.com\/de\/#\/schema\/logo\/image\/\",\"url\":\"https:\/\/nestshostels.com\/wp-content\/uploads\/logo-nests-hostel.webp\",\"contentUrl\":\"https:\/\/nestshostels.com\/wp-content\/uploads\/logo-nests-hostel.webp\",\"width\":200,\"height\":217,\"caption\":\"Nests Hostels\"},\"image\":{\"@id\":\"https:\/\/nestshostels.com\/de\/#\/schema\/logo\/image\/\"},\"sameAs\":[\"https:\/\/www.facebook.com\/nesthosteltenerife\/\",\"https:\/\/www.instagram.com\/nestshostels\/\",\"https:\/\/www.tiktok.com\/@nestshostels\",\"https:\/\/www.threads.com\/@nestshostels\/\",\"https:\/\/www.youtube.com\/@nestshostels\/\"]}]}<\/script>\n<!-- \/ Yoast SEO plugin. -->","yoast_head_json":{"title":"Gruppenreisen zu Hostels in Teneriffa, Gran Canaria und Ibiza | Nests Hostels","description":"Planst du eine Gruppenreise? Entdecke Nest Hostels: Unterkunft f\u00fcr Gruppen, Aktivit\u00e4ten wie Surfen oder Ausfl\u00fcge und spezielle Rabatte. Ideal f\u00fcr Gruppen in Teneriffa, Gran Canaria und Ibiza.","robots":{"index":"index","follow":"follow","max-snippet":"max-snippet:-1","max-image-preview":"max-image-preview:large","max-video-preview":"max-video-preview:-1"},"canonical":"https:\/\/nestshostels.com\/de\/grupos-nest-hostel-en-tenerife\/","og_locale":"de_DE","og_type":"article","og_title":"\ud83c\udf0a Organisierte Gruppenreisen in den Kanarischen Inseln - Nests Hostels","og_description":"Planst du epische Gruppenurlaube? Hostels f\u00fcr Gruppen in Teneriffa und Gran Canaria mit echten Rabatten, privaten Zimmern f\u00fcr deine Crew und Aktivit\u00e4ten, die ihr nie vergessen werdet. Surfen, Wandern, Beachvolleyball und vieles mehr. Ab 8 Personen mit 10% Rabatt! \ud83c\udfc4\u200d\u2640\ufe0f\ud83c\udfd6\ufe0f","og_url":"https:\/\/nestshostels.com\/de\/grupos-nest-hostel-en-tenerife\/","og_site_name":"Nests Hostels","article_publisher":"https:\/\/www.facebook.com\/nesthosteltenerife\/","article_modified_time":"2025-10-08T10:12:20+00:00","og_image":[{"url":"https:\/\/nestshostels.com\/wp-content\/uploads\/Nest-Hostel-Surf-Camp-2024-1024x768.jpg","type":"","width":"","height":""}],"twitter_card":"summary_large_image","twitter_title":"\ud83c\udf0a Epische Gruppenreisen in Teneriffa und Gran Canaria","twitter_description":"\u2705 10% Rabatt f\u00fcr Gruppen ab 8 Personen \u2705 Private Zimmer f\u00fcr deine Crew \u2705 Surf Camp und organisierte Aktivit\u00e4ten! Buche dein Gruppenabenteuer! \ud83d\udc47#TenerifeGroups #GranCanariaHostel #Gruppenreisen #HostelCanarias","twitter_image":"https:\/\/nestshostels.com\/wp-content\/uploads\/Nest-Hostel-Surf-Camp-2024-1024x768.jpg","schema":{"@context":"https:\/\/schema.org","@graph":[{"@type":"WebPage","@id":"https:\/\/nestshostels.com\/de\/grupos-nest-hostel-en-tenerife\/","url":"https:\/\/nestshostels.com\/de\/grupos-nest-hostel-en-tenerife\/","name":"Gruppenreisen zu Hostels in Teneriffa, Gran Canaria und Ibiza | Nests Hostels","isPartOf":{"@id":"https:\/\/nestshostels.com\/de\/#website"},"primaryImageOfPage":{"@id":"https:\/\/nestshostels.com\/de\/grupos-nest-hostel-en-tenerife\/#primaryimage"},"image":{"@id":"https:\/\/nestshostels.com\/de\/grupos-nest-hostel-en-tenerife\/#primaryimage"},"thumbnailUrl":"https:\/\/nestshostels.com\/wp-content\/uploads\/experiencia-surf-camp-portada.png","datePublished":"2019-10-02T17:01:20+00:00","dateModified":"2025-10-08T10:12:20+00:00","description":"Planst du eine Gruppenreise? Entdecke Nest Hostels: Unterkunft f\u00fcr Gruppen, Aktivit\u00e4ten wie Surfen oder Ausfl\u00fcge und spezielle Rabatte. Ideal f\u00fcr Gruppen in Teneriffa, Gran Canaria und Ibiza.","breadcrumb":{"@id":"https:\/\/nestshostels.com\/de\/grupos-nest-hostel-en-tenerife\/#breadcrumb"},"inLanguage":"de","potentialAction":[{"@type":"ReadAction","target":["https:\/\/nestshostels.com\/de\/grupos-nest-hostel-en-tenerife\/"]}]},{"@type":"ImageObject","inLanguage":"de","@id":"https:\/\/nestshostels.com\/de\/grupos-nest-hostel-en-tenerife\/#primaryimage","url":"https:\/\/nestshostels.com\/wp-content\/uploads\/experiencia-surf-camp-portada.png","contentUrl":"https:\/\/nestshostels.com\/wp-content\/uploads\/experiencia-surf-camp-portada.png","width":1920,"height":1080,"caption":"Surf camp y actividades organizadas \u00a1Reserva tu aventura grupal!"},{"@type":"BreadcrumbList","@id":"https:\/\/nestshostels.com\/de\/grupos-nest-hostel-en-tenerife\/#breadcrumb","itemListElement":[{"@type":"ListItem","position":1,"name":"Portada","item":"https:\/\/nestshostels.com\/de\/"},{"@type":"ListItem","position":2,"name":"Einfache (und spa\u00dfige!) Gruppenreisen"}]},{"@type":"WebSite","@id":"https:\/\/nestshostels.com\/de\/#website","url":"https:\/\/nestshostels.com\/de\/","name":"Nests Hostels","description":"Tenerife Hostels for Travellers &amp; Digital Nomads","publisher":{"@id":"https:\/\/nestshostels.com\/de\/#organization"},"alternateName":"Nest","potentialAction":[{"@type":"SearchAction","target":{"@type":"EntryPoint","urlTemplate":"https:\/\/nestshostels.com\/de\/?s={search_term_string}"},"query-input":{"@type":"PropertyValueSpecification","valueRequired":true,"valueName":"search_term_string"}}],"inLanguage":"de"},{"@type":"Organization","@id":"https:\/\/nestshostels.com\/de\/#organization","name":"Nests Hostels","alternateName":"Nest","url":"https:\/\/nestshostels.com\/de\/","logo":{"@type":"ImageObject","inLanguage":"de","@id":"https:\/\/nestshostels.com\/de\/#\/schema\/logo\/image\/","url":"https:\/\/nestshostels.com\/wp-content\/uploads\/logo-nests-hostel.webp","contentUrl":"https:\/\/nestshostels.com\/wp-content\/uploads\/logo-nests-hostel.webp","width":200,"height":217,"caption":"Nests Hostels"},"image":{"@id":"https:\/\/nestshostels.com\/de\/#\/schema\/logo\/image\/"},"sameAs":["https:\/\/www.facebook.com\/nesthosteltenerife\/","https:\/\/www.instagram.com\/nestshostels\/","https:\/\/www.tiktok.com\/@nestshostels","https:\/\/www.threads.com\/@nestshostels\/","https:\/\/www.youtube.com\/@nestshostels\/"]}]}},"_links":{"self":[{"href":"https:\/\/nestshostels.com\/de\/wp-json\/wp\/v2\/pages\/20028","targetHints":{"allow":["GET"]}}],"collection":[{"href":"https:\/\/nestshostels.com\/de\/wp-json\/wp\/v2\/pages"}],"about":[{"href":"https:\/\/nestshostels.com\/de\/wp-json\/wp\/v2\/types\/page"}],"author":[{"embeddable":true,"href":"https:\/\/nestshostels.com\/de\/wp-json\/wp\/v2\/users\/3"}],"replies":[{"embeddable":true,"href":"https:\/\/nestshostels.com\/de\/wp-json\/wp\/v2\/comments?post=20028"}],"version-history":[{"count":1,"href":"https:\/\/nestshostels.com\/de\/wp-json\/wp\/v2\/pages\/20028\/revisions"}],"predecessor-version":[{"id":20029,"href":"https:\/\/nestshostels.com\/de\/wp-json\/wp\/v2\/pages\/20028\/revisions\/20029"}],"wp:featuredmedia":[{"embeddable":true,"href":"https:\/\/nestshostels.com\/de\/wp-json\/wp\/v2\/media\/16152"}],"wp:attachment":[{"href":"https:\/\/nestshostels.com\/de\/wp-json\/wp\/v2\/media?parent=20028"}],"curies":[{"name":"wp","href":"https:\/\/api.w.org\/{rel}","templated":true}]}}