{"id":19992,"date":"2019-10-07T16:54:57","date_gmt":"2019-10-07T16:54:57","guid":{"rendered":"https:\/\/nestshostels.com\/aviso-legal\/"},"modified":"2025-10-08T10:08:35","modified_gmt":"2025-10-08T10:08:35","slug":"aviso-legal","status":"publish","type":"page","link":"https:\/\/nestshostels.com\/de\/aviso-legal\/","title":{"rendered":"Rechtliche Hinweise"},"content":{"rendered":"\n<h1 class=\"wp-block-heading\">Rechtliche Hinweise<\/h1>\n\n<p><strong>Letzte Aktualisierung:<\/strong> Oktober 2025<\/p>\n\n<hr class=\"wp-block-separator has-alpha-channel-opacity\"\/>\n\n<h2 class=\"wp-block-heading\">1. Allgemeine Informationen<\/h2>\n\n<p>Im Einklang mit dem Gesetz 34\/2002 vom 11. Juli \u00fcber Dienstleistungen der Informationsgesellschaft und den elektronischen Handel informieren wir die Nutzer der Website \u00fcber folgende Informationen:<\/p>\n\n<p><strong>Titular der Webseite:<\/strong><br\/>Intermeal S.L.<\/p>\n\n<p><strong>CIF:<\/strong><br\/>B71098255<\/p>\n\n<p><strong>Firmensitz:<\/strong><br\/>Calle Viktor Machado, 12<br\/>Puerto de la Cruz<br\/>Santa Cruz de Tenerife (Islas Canarias)<br\/>Spanien<\/p>\n\n<p><strong>Webseite:<\/strong><br\/>https:\/\/nestshostels.com<\/p>\n\n<hr class=\"wp-block-separator has-alpha-channel-opacity\"\/>\n\n<h2 class=\"wp-block-heading\">2. Zweck und Anwendungsbereich<\/h2>\n\n<p>Der vorliegende rechtliche Hinweis regelt die Nutzung der Website https:\/\/nestshostels.com, die im Besitz von <strong>Intermeal S.L.<\/strong> ist (nachfolgend &#8222;der Inhaber&#8220;).<\/p>\n\n<p>Die Nutzung der Website macht dich zum Nutzer und bedeutet, dass du alle Bedingungen in diesem rechtlichen Hinweis vollst\u00e4ndig und ohne Vorbehalte akzeptierst, die \u00c4nderungen unterliegen k\u00f6nnen. Du verpflichtest dich, die Website korrekt zu nutzen, gem\u00e4\u00df den Gesetzen, dem guten Glauben, der \u00f6ffentlichen Ordnung, den Gepflogenheiten und diesem rechtlichen Hinweis.<\/p>\n\n<hr class=\"wp-block-separator has-alpha-channel-opacity\"\/>\n\n<h2 class=\"wp-block-heading\">3. Haftungsbeschr\u00e4nkung<\/h2>\n\n<h3 class=\"wp-block-heading\">3.1 Verantwortung f\u00fcr die Nutzung der Website<\/h3>\n\n<p><strong>Intermeal S.L.<\/strong> kann keine Verantwortung f\u00fcr die falsche, unangemessene oder illegale Nutzung der Informationen auf den Webseiten von https:\/\/nestshostels.com \u00fcbernehmen.<\/p>\n\n<h3 class=\"wp-block-heading\">3.2 Richtigkeit der Informationen<\/h3>\n\n<p>Im Rahmen der gesetzlichen Vorgaben \u00fcbernimmt <strong>Intermeal S.L.<\/strong> keine Haftung f\u00fcr die Unwahrheit, Unvollst\u00e4ndigkeit, Aktualit\u00e4t und Genauigkeit der Daten oder Informationen auf seinen Internetseiten.<\/p>\n\n<h3 class=\"wp-block-heading\">3.3 Informative Charakter<\/h3>\n\n<p>Die Inhalte und Informationen binden <strong>Intermeal S.L.<\/strong> nicht und stellen keine Meinungen, Ratschl\u00e4ge oder rechtliche Empfehlungen dar. Es handelt sich lediglich um einen Service, der informativ und aufkl\u00e4rend ist.<\/p>\n\n<h3 class=\"wp-block-heading\">3.4 Externe Links<\/h3>\n\n<p>Die Website https:\/\/nestshostels.com kann Links zu anderen Webseiten von Drittanbietern enthalten, die <strong>Intermeal S.L.<\/strong> nicht kontrollieren kann. Daher kann <strong>Intermeal S.L.<\/strong> keine Verantwortung f\u00fcr Inhalte \u00fcbernehmen, die auf Seiten von Dritten erscheinen.<\/p>\n\n<hr class=\"wp-block-separator has-alpha-channel-opacity\"\/>\n\n<h2 class=\"wp-block-heading\">4. Geistiges Eigentum und Industrie<\/h2>\n\n<p>Alle Inhalte der Webseite, einschlie\u00dflich, aber nicht beschr\u00e4nkt auf Texte, Bilder, T\u00f6ne, Animationen, Software und andere Inhalte sowie deren grafisches Design und Quellcodes, sind das ausschlie\u00dfliche Eigentum von <strong>Intermeal S.L.<\/strong> oder deren Lizenzgebern und sind durch nationale und internationale Gesetze zum geistigen Eigentum und zum gewerblichen Schutz gesch\u00fctzt.<\/p>\n\n<p>Es ist ausdr\u00fccklich verboten:<\/p>\n\n<ul class=\"wp-block-list\">\n<li>Die Vervielf\u00e4ltigung, Verteilung, \u00f6ffentliche Kommunikation und Transformation der Inhalte<\/li>\n\n\n\n<li>Die \u00dcbertragung, Abtretung oder Speicherung von Inhalten, ganz oder teilweise.<\/li>\n\n\n\n<li>Jede kommerzielle Nutzung der Inhalte ohne die ausdr\u00fcckliche und schriftliche Zustimmung von <strong>Intermeal S.L.<\/strong> ist nicht erlaubt.<\/li>\n<\/ul>\n\n<p>Jede Art der \u00dcbertragung, Verbreitung, Abtretung, Vervielf\u00e4ltigung, Speicherung oder \u00f6ffentlichen Kommunikation, ganz oder teilweise, ben\u00f6tigt die ausdr\u00fcckliche Zustimmung von <strong>Intermeal S.L.<\/strong><\/p>\n\n<hr class=\"wp-block-separator has-alpha-channel-opacity\"\/>\n\n<h2 class=\"wp-block-heading\">5. Schutz von personenbezogenen Daten<\/h2>\n\n<h3 class=\"wp-block-heading\">5.1 Verantwortlicher f\u00fcr die Datenverarbeitung<\/h3>\n\n<p><strong>Intermeal S.L.<\/strong> ist verantwortlich f\u00fcr die Verarbeitung deiner personenbezogenen Daten und informiert dich, dass diese Daten gem\u00e4\u00df der Verordnung (EU) 2016\/679 vom 27. April 2016 (DSGVO) verarbeitet werden, die den Schutz nat\u00fcrlicher Personen im Hinblick auf die Verarbeitung personenbezogener Daten und den freien Datenverkehr regelt.<\/p>\n\n<h3 class=\"wp-block-heading\">5.2 Zweck der Verarbeitung<\/h3>\n\n<p>Um auf einige der Dienste zuzugreifen, die <strong>Intermeal S.L.<\/strong> \u00fcber die Website anbietet, musst du einige pers\u00f6nliche Daten angeben. Wenn du die entsprechenden Formulare ausf\u00fcllst, werden deine pers\u00f6nlichen Daten in die Dateien von <strong>Intermeal S.L.<\/strong> aufgenommen und f\u00fcr folgende Zwecke verarbeitet:<\/p>\n\n<ul class=\"wp-block-list\">\n<li>Unsere Services f\u00fcr dich bereitstellen und anbieten<\/li>\n\n\n\n<li>Verwalte deine Buchungen und Anfragen.<\/li>\n\n\n\n<li>Wir m\u00f6chten dir die Verbesserungen und Neuigkeiten auf unserer Website vorstellen!<\/li>\n\n\n\n<li>Sende kommerzielle Mitteilungen, wenn eine ausdr\u00fcckliche Zustimmung vorliegt.<\/li>\n<\/ul>\n\n<h3 class=\"wp-block-heading\">5.3 Datenschutz<\/h3>\n\n<p>Die bereitgestellten pers\u00f6nlichen Daten werden so lange gespeichert, wie die Gesch\u00e4ftsbeziehung besteht oder solange es n\u00f6tig ist, um gesetzlichen Verpflichtungen nachzukommen.<\/p>\n\n<h3 class=\"wp-block-heading\">5.4 Legitimierung<\/h3>\n\n<p>Die rechtliche Grundlage f\u00fcr die Verarbeitung deiner Daten ist:<\/p>\n\n<ul class=\"wp-block-list\">\n<li>Die Zustimmung des Betroffenen<\/li>\n\n\n\n<li>Die Ausf\u00fchrung eines Vertrags<\/li>\n\n\n\n<li>Die Einhaltung von gesetzlichen Verpflichtungen<\/li>\n\n\n\n<li>Das legitime Interesse des Verantwortlichen<\/li>\n<\/ul>\n\n<h3 class=\"wp-block-heading\">5.5 Rechte des Nutzers<\/h3>\n\n<p>Der Nutzer hat das Recht auf:<\/p>\n\n<ul class=\"wp-block-list\">\n<li><strong>Zugang:<\/strong> Finde heraus, welche pers\u00f6nlichen Daten verarbeitet werden<\/li>\n\n\n\n<li><strong>Korrektur:<\/strong> \u00c4ndere ungenaue oder unvollst\u00e4ndige Daten<\/li>\n\n\n\n<li><strong>L\u00f6schung:<\/strong> Fordere die Entfernung deiner Daten an<\/li>\n\n\n\n<li><strong>Widerspruch:<\/strong> Gegen die Verarbeitung deiner Daten widersprechen<\/li>\n\n\n\n<li><strong>Einschr\u00e4nkung:<\/strong> Fordere die Einschr\u00e4nkung der Verarbeitung an<\/li>\n\n\n\n<li><strong>Portabilit\u00e4t:<\/strong> Deine Daten in einem strukturierten Format erhalten<\/li>\n\n\n\n<li><strong>Widerruf der Einwilligung:<\/strong> Du kannst deine Einwilligung jederzeit zur\u00fcckziehen.<\/li>\n<\/ul>\n\n<h3 class=\"wp-block-heading\">5.6 Aus\u00fcbung von Rechten<\/h3>\n\n<p>Um deine Rechte auf Zugang, Berichtigung, L\u00f6schung, Widerspruch, Einschr\u00e4nkung und Daten\u00fcbertragbarkeit kostenlos auszu\u00fcben, kannst du dich an folgende Adresse wenden:<\/p>\n\n<p><strong>E-Mail:<\/strong> info@nestshostels.com<\/p>\n\n<p><strong>Postanschrift:<\/strong><br\/>Intermeal S.L.<br\/>Calle Viktor Machado, 12<br\/>Puerto de la Cruz<br\/>Santa Cruz de Tenerife (Islas Canarias)<br\/>Spanien<\/p>\n\n<p>Au\u00dferdem informieren wir dich \u00fcber dein Recht, eine Beschwerde bei der spanischen Datenschutzbeh\u00f6rde (www.aepd.es) einzureichen, wenn du denkst, dass die Verarbeitung nicht den geltenden Vorschriften entspricht.<\/p>\n\n<hr class=\"wp-block-separator has-alpha-channel-opacity\"\/>\n\n<h2 class=\"wp-block-heading\">6. Software und Zuschreibungen<\/h2>\n\n<p><strong>Intermeal S.L.<\/strong> nutzt WordPress und andere Open Source-Softwarebibliotheken sowie Webdienste unter Creative Commons-Lizenzen (CC0) und anderen offenen Lizenzen.<\/p>\n\n<h3 class=\"wp-block-heading\">Zuweisungen und verwendete Software:<\/h3>\n\n<ul class=\"wp-block-list\">\n<li><strong>WordPress<\/strong> &#8211; CMS Open Source (GPL-Lizenz)<\/li>\n\n\n\n<li><strong>JavaScript- und CSS-Bibliotheken<\/strong> &#8211; Verschiedene Open Source Lizenzen<\/li>\n\n\n\n<li><strong>Webdienste CC0<\/strong> &#8211; \u00d6ffentliches Dom\u00e4nenangebot<\/li>\n\n\n\n<li>Andere Komponenten von Freeware, wie in jedem Fall angegeben.<\/li>\n<\/ul>\n\n<p>Um die komplette Liste der Berechtigungen und Lizenzen zu erhalten, kannst du uns \u00fcber die im Impressum angegebenen Kontaktm\u00f6glichkeiten erreichen.<\/p>\n\n<hr class=\"wp-block-separator has-alpha-channel-opacity\"\/>\n\n<h2 class=\"wp-block-heading\">7. \u00c4nderungen<\/h2>\n\n<p><strong>Intermeal S.L.<\/strong> beh\u00e4lt sich das Recht vor, ohne vorherige Ank\u00fcndigung \u00c4nderungen auf ihrer Website vorzunehmen. Das bedeutet, dass Inhalte und Dienstleistungen ge\u00e4ndert, entfernt oder hinzugef\u00fcgt werden k\u00f6nnen, sowie die Art und Weise, wie sie pr\u00e4sentiert oder lokalisiert sind.<\/p>\n\n<hr class=\"wp-block-separator has-alpha-channel-opacity\"\/>\n\n<h2 class=\"wp-block-heading\">8. Anwendbares Recht und Gerichtsstand<\/h2>\n\n<p>Die Beziehung zwischen <strong>Intermeal S.L.<\/strong> und dir unterliegt dem geltenden spanischen Recht. Bei Streitigkeiten k\u00f6nnen die Parteien ihre Konflikte durch Schiedsverfahren oder \u00fcber die ordentliche Gerichtsbarkeit kl\u00e4ren. F\u00fcr die Konfliktl\u00f6sung sind die Gerichte und Tribunale von Santa Cruz de Tenerife (Spanien) zust\u00e4ndig.<\/p>\n\n<hr class=\"wp-block-separator has-alpha-channel-opacity\"\/>\n\n<h2 class=\"wp-block-heading\">9. Kontakt<\/h2>\n\n<p>Bei Fragen zu diesem Impressum oder zur Website kannst du uns gerne kontaktieren \u00fcber:<\/p>\n\n<p><strong>E-Mail:<\/strong> info@nestshostels.com<\/p>\n\n<p><strong>Adresse:<\/strong><br\/>Intermeal S.L.<br\/>Calle Viktor Machado, 12<br\/>Puerto de la Cruz<br\/>Santa Cruz de Tenerife (Islas Canarias)<br\/>Spanien<\/p>\n\n<hr class=\"wp-block-separator has-alpha-channel-opacity\"\/>\n\n<p><strong>Letzte Aktualisierung:<\/strong> Oktober 2025<\/p>\n","protected":false},"excerpt":{"rendered":"<p>Rechtliche Hinweise Letzte Aktualisierung: Oktober 2025 1. Allgemeine Informationen Im Einklang mit dem Gesetz 34\/2002 vom 11. Juli \u00fcber Dienstleistungen der Informationsgesellschaft und den elektronischen Handel informieren wir die Nutzer der Website \u00fcber folgende Informationen: Titular der Webseite:Intermeal S.L. CIF:B71098255 Firmensitz:Calle Viktor Machado, 12Puerto de la CruzSanta Cruz de Tenerife (Islas Canarias)Spanien Webseite:https:\/\/nestshostels.com 2. Zweck<a href=\"https:\/\/nestshostels.com\/de\/aviso-legal\/\">Continue reading <span class=\"sr-only\">&#8222;Rechtliche Hinweise&#8220;<\/span><\/a><\/p>\n","protected":false},"author":2,"featured_media":0,"parent":0,"menu_order":0,"comment_status":"closed","ping_status":"closed","template":"","meta":{"footnotes":""},"class_list":["post-19992","page","type-page","status-publish","hentry"],"acf":[],"yoast_head":"<!-- This site is optimized with the Yoast SEO plugin v27.1.1 - https:\/\/yoast.com\/product\/yoast-seo-wordpress\/ -->\n<title>Rechtliche Hinweise | Nests Hostels<\/title>\n<meta name=\"description\" content=\"Letzte Aktualisierung: Oktober 2025 In \u00dcbereinstimmung mit dem Gesetz 34\/2002 vom 11. Juli \u00fcber Dienstleistungen der Informationsgesellschaft und des elektronischen Handels, informieren wir die Nutzer der Website \u00fcber folgende Informationen:\" \/>\n<meta name=\"robots\" content=\"index, follow, max-snippet:-1, max-image-preview:large, max-video-preview:-1\" \/>\n<link rel=\"canonical\" href=\"https:\/\/nestshostels.com\/de\/aviso-legal\/\" \/>\n<meta property=\"og:locale\" content=\"de_DE\" \/>\n<meta property=\"og:type\" content=\"article\" \/>\n<meta property=\"og:title\" content=\"Rechtliche Hinweise | Nests Hostels\" \/>\n<meta property=\"og:description\" content=\"Letzte Aktualisierung: Oktober 2025 In \u00dcbereinstimmung mit dem Gesetz 34\/2002 vom 11. Juli \u00fcber Dienstleistungen der Informationsgesellschaft und des elektronischen Handels, informieren wir die Nutzer der Website \u00fcber folgende Informationen:\" \/>\n<meta property=\"og:url\" content=\"https:\/\/nestshostels.com\/de\/aviso-legal\/\" \/>\n<meta property=\"og:site_name\" content=\"Nests Hostels\" \/>\n<meta property=\"article:publisher\" content=\"https:\/\/www.facebook.com\/nesthosteltenerife\/\" \/>\n<meta property=\"article:modified_time\" content=\"2025-10-08T10:08:35+00:00\" \/>\n<meta property=\"og:image\" content=\"https:\/\/nestshostels.com\/wp-content\/uploads\/Nest-Pass-Islands-Map-v2.jpg\" \/>\n\t<meta property=\"og:image:width\" content=\"1850\" \/>\n\t<meta property=\"og:image:height\" content=\"1081\" \/>\n\t<meta property=\"og:image:type\" content=\"image\/jpeg\" \/>\n<meta name=\"twitter:card\" content=\"summary_large_image\" \/>\n<meta name=\"twitter:label1\" content=\"Gesch\u00e4tzte Lesezeit\" \/>\n\t<meta name=\"twitter:data1\" content=\"5\u00a0Minuten\" \/>\n<script type=\"application\/ld+json\" class=\"yoast-schema-graph\">{\"@context\":\"https:\/\/schema.org\",\"@graph\":[{\"@type\":\"WebPage\",\"@id\":\"https:\/\/nestshostels.com\/de\/aviso-legal\/\",\"url\":\"https:\/\/nestshostels.com\/de\/aviso-legal\/\",\"name\":\"Rechtliche Hinweise | Nests Hostels\",\"isPartOf\":{\"@id\":\"https:\/\/nestshostels.com\/de\/#website\"},\"datePublished\":\"2019-10-07T16:54:57+00:00\",\"dateModified\":\"2025-10-08T10:08:35+00:00\",\"description\":\"Letzte Aktualisierung: Oktober 2025 In \u00dcbereinstimmung mit dem Gesetz 34\/2002 vom 11. Juli \u00fcber Dienstleistungen der Informationsgesellschaft und des elektronischen Handels, informieren wir die Nutzer der Website \u00fcber folgende Informationen:\",\"breadcrumb\":{\"@id\":\"https:\/\/nestshostels.com\/de\/aviso-legal\/#breadcrumb\"},\"inLanguage\":\"de\",\"potentialAction\":[{\"@type\":\"ReadAction\",\"target\":[\"https:\/\/nestshostels.com\/de\/aviso-legal\/\"]}]},{\"@type\":\"BreadcrumbList\",\"@id\":\"https:\/\/nestshostels.com\/de\/aviso-legal\/#breadcrumb\",\"itemListElement\":[{\"@type\":\"ListItem\",\"position\":1,\"name\":\"Portada\",\"item\":\"https:\/\/nestshostels.com\/de\/\"},{\"@type\":\"ListItem\",\"position\":2,\"name\":\"Rechtliche Hinweise\"}]},{\"@type\":\"WebSite\",\"@id\":\"https:\/\/nestshostels.com\/de\/#website\",\"url\":\"https:\/\/nestshostels.com\/de\/\",\"name\":\"Nests Hostels\",\"description\":\"Tenerife Hostels for Travellers &amp; Digital Nomads\",\"publisher\":{\"@id\":\"https:\/\/nestshostels.com\/de\/#organization\"},\"alternateName\":\"Nest\",\"potentialAction\":[{\"@type\":\"SearchAction\",\"target\":{\"@type\":\"EntryPoint\",\"urlTemplate\":\"https:\/\/nestshostels.com\/de\/?s={search_term_string}\"},\"query-input\":{\"@type\":\"PropertyValueSpecification\",\"valueRequired\":true,\"valueName\":\"search_term_string\"}}],\"inLanguage\":\"de\"},{\"@type\":\"Organization\",\"@id\":\"https:\/\/nestshostels.com\/de\/#organization\",\"name\":\"Nests Hostels\",\"alternateName\":\"Nest\",\"url\":\"https:\/\/nestshostels.com\/de\/\",\"logo\":{\"@type\":\"ImageObject\",\"inLanguage\":\"de\",\"@id\":\"https:\/\/nestshostels.com\/de\/#\/schema\/logo\/image\/\",\"url\":\"https:\/\/nestshostels.com\/wp-content\/uploads\/logo-nests-hostel.webp\",\"contentUrl\":\"https:\/\/nestshostels.com\/wp-content\/uploads\/logo-nests-hostel.webp\",\"width\":200,\"height\":217,\"caption\":\"Nests Hostels\"},\"image\":{\"@id\":\"https:\/\/nestshostels.com\/de\/#\/schema\/logo\/image\/\"},\"sameAs\":[\"https:\/\/www.facebook.com\/nesthosteltenerife\/\",\"https:\/\/www.instagram.com\/nestshostels\/\",\"https:\/\/www.tiktok.com\/@nestshostels\",\"https:\/\/www.threads.com\/@nestshostels\/\",\"https:\/\/www.youtube.com\/@nestshostels\/\"]}]}<\/script>\n<!-- \/ Yoast SEO plugin. -->","yoast_head_json":{"title":"Rechtliche Hinweise | Nests Hostels","description":"Letzte Aktualisierung: Oktober 2025 In \u00dcbereinstimmung mit dem Gesetz 34\/2002 vom 11. Juli \u00fcber Dienstleistungen der Informationsgesellschaft und des elektronischen Handels, informieren wir die Nutzer der Website \u00fcber folgende Informationen:","robots":{"index":"index","follow":"follow","max-snippet":"max-snippet:-1","max-image-preview":"max-image-preview:large","max-video-preview":"max-video-preview:-1"},"canonical":"https:\/\/nestshostels.com\/de\/aviso-legal\/","og_locale":"de_DE","og_type":"article","og_title":"Rechtliche Hinweise | Nests Hostels","og_description":"Letzte Aktualisierung: Oktober 2025 In \u00dcbereinstimmung mit dem Gesetz 34\/2002 vom 11. Juli \u00fcber Dienstleistungen der Informationsgesellschaft und des elektronischen Handels, informieren wir die Nutzer der Website \u00fcber folgende Informationen:","og_url":"https:\/\/nestshostels.com\/de\/aviso-legal\/","og_site_name":"Nests Hostels","article_publisher":"https:\/\/www.facebook.com\/nesthosteltenerife\/","article_modified_time":"2025-10-08T10:08:35+00:00","og_image":[{"width":1850,"height":1081,"url":"https:\/\/nestshostels.com\/wp-content\/uploads\/Nest-Pass-Islands-Map-v2.jpg","type":"image\/jpeg"}],"twitter_card":"summary_large_image","twitter_misc":{"Gesch\u00e4tzte Lesezeit":"5\u00a0Minuten"},"schema":{"@context":"https:\/\/schema.org","@graph":[{"@type":"WebPage","@id":"https:\/\/nestshostels.com\/de\/aviso-legal\/","url":"https:\/\/nestshostels.com\/de\/aviso-legal\/","name":"Rechtliche Hinweise | Nests Hostels","isPartOf":{"@id":"https:\/\/nestshostels.com\/de\/#website"},"datePublished":"2019-10-07T16:54:57+00:00","dateModified":"2025-10-08T10:08:35+00:00","description":"Letzte Aktualisierung: Oktober 2025 In \u00dcbereinstimmung mit dem Gesetz 34\/2002 vom 11. Juli \u00fcber Dienstleistungen der Informationsgesellschaft und des elektronischen Handels, informieren wir die Nutzer der Website \u00fcber folgende Informationen:","breadcrumb":{"@id":"https:\/\/nestshostels.com\/de\/aviso-legal\/#breadcrumb"},"inLanguage":"de","potentialAction":[{"@type":"ReadAction","target":["https:\/\/nestshostels.com\/de\/aviso-legal\/"]}]},{"@type":"BreadcrumbList","@id":"https:\/\/nestshostels.com\/de\/aviso-legal\/#breadcrumb","itemListElement":[{"@type":"ListItem","position":1,"name":"Portada","item":"https:\/\/nestshostels.com\/de\/"},{"@type":"ListItem","position":2,"name":"Rechtliche Hinweise"}]},{"@type":"WebSite","@id":"https:\/\/nestshostels.com\/de\/#website","url":"https:\/\/nestshostels.com\/de\/","name":"Nests Hostels","description":"Tenerife Hostels for Travellers &amp; Digital Nomads","publisher":{"@id":"https:\/\/nestshostels.com\/de\/#organization"},"alternateName":"Nest","potentialAction":[{"@type":"SearchAction","target":{"@type":"EntryPoint","urlTemplate":"https:\/\/nestshostels.com\/de\/?s={search_term_string}"},"query-input":{"@type":"PropertyValueSpecification","valueRequired":true,"valueName":"search_term_string"}}],"inLanguage":"de"},{"@type":"Organization","@id":"https:\/\/nestshostels.com\/de\/#organization","name":"Nests Hostels","alternateName":"Nest","url":"https:\/\/nestshostels.com\/de\/","logo":{"@type":"ImageObject","inLanguage":"de","@id":"https:\/\/nestshostels.com\/de\/#\/schema\/logo\/image\/","url":"https:\/\/nestshostels.com\/wp-content\/uploads\/logo-nests-hostel.webp","contentUrl":"https:\/\/nestshostels.com\/wp-content\/uploads\/logo-nests-hostel.webp","width":200,"height":217,"caption":"Nests Hostels"},"image":{"@id":"https:\/\/nestshostels.com\/de\/#\/schema\/logo\/image\/"},"sameAs":["https:\/\/www.facebook.com\/nesthosteltenerife\/","https:\/\/www.instagram.com\/nestshostels\/","https:\/\/www.tiktok.com\/@nestshostels","https:\/\/www.threads.com\/@nestshostels\/","https:\/\/www.youtube.com\/@nestshostels\/"]}]}},"_links":{"self":[{"href":"https:\/\/nestshostels.com\/de\/wp-json\/wp\/v2\/pages\/19992","targetHints":{"allow":["GET"]}}],"collection":[{"href":"https:\/\/nestshostels.com\/de\/wp-json\/wp\/v2\/pages"}],"about":[{"href":"https:\/\/nestshostels.com\/de\/wp-json\/wp\/v2\/types\/page"}],"author":[{"embeddable":true,"href":"https:\/\/nestshostels.com\/de\/wp-json\/wp\/v2\/users\/2"}],"replies":[{"embeddable":true,"href":"https:\/\/nestshostels.com\/de\/wp-json\/wp\/v2\/comments?post=19992"}],"version-history":[{"count":1,"href":"https:\/\/nestshostels.com\/de\/wp-json\/wp\/v2\/pages\/19992\/revisions"}],"predecessor-version":[{"id":19993,"href":"https:\/\/nestshostels.com\/de\/wp-json\/wp\/v2\/pages\/19992\/revisions\/19993"}],"wp:attachment":[{"href":"https:\/\/nestshostels.com\/de\/wp-json\/wp\/v2\/media?parent=19992"}],"curies":[{"name":"wp","href":"https:\/\/api.w.org\/{rel}","templated":true}]}}