{"id":19960,"date":"2021-05-18T12:29:43","date_gmt":"2021-05-18T12:29:43","guid":{"rendered":"https:\/\/nestshostels.com\/digital-nomads-tenerife\/"},"modified":"2025-10-08T10:05:03","modified_gmt":"2025-10-08T10:05:03","slug":"digital-nomads-tenerife","status":"publish","type":"page","link":"https:\/\/nestshostels.com\/de\/digital-nomads-tenerife\/","title":{"rendered":"Digitale Nomaden im Nest Hostel auf Teneriffa und Gran Canaria"},"content":{"rendered":"\n<h1 class=\"wp-block-heading\">\ud83d\udcac Erfahrungsberichte<\/h1>\n\n<p>Was unsere G\u00e4ste sagen<\/p>\n\n<hr class=\"wp-block-separator has-alpha-channel-opacity\"\/>\n\n<p>\ud83c\udfaf Deine Meinung macht uns besser<\/p>\n\n<p><strong>Nest Hostels Canarias<\/strong> ber\u00fccksichtigt die Erfahrungen der vielf\u00e4ltigen G\u00e4ste, die durch unser gro\u00dfes Netzwerk von Hostels gereist sind.<\/p>\n\n<p><strong>Deine Meinungen helfen uns, st\u00e4ndig besser zu werden<\/strong>, um dir immer bessere Services zu bieten.<\/p>\n\n<p>Deshalb ermutigen wir unsere G\u00e4ste, jederzeit ihre Meinung einzubringen.<\/p>\n\n<hr class=\"wp-block-separator has-alpha-channel-opacity\"\/>\n\n<h2 class=\"wp-block-heading\">\u2696\ufe0f Arbeit + Leben = Perfektes Gleichgewicht<\/h2>\n\n<p>Wir wollen, dass du das <strong>beste Gleichgewicht zwischen Arbeit und Freizeit<\/strong> w\u00e4hrend deines Aufenthalts in einem unserer <strong><a href=\"\/nests-hostels\">Nest Hostels Tenerife<\/a>.<\/strong><\/p>\n\n<h3 class=\"wp-block-heading\">\ud83d\udcbb Arbeitsfreundliche Spaces<\/h3>\n\n<p>\ud83d\udcf6 Highspeed-WiFi<br\/>\ud83e\ude91 Professionelle Coworking-Bereiche<br\/>\ud83e\udd1d Community von digitalen Nomaden<br\/>\u2600\ufe0f Terrassen und Au\u00dfenbereiche<\/p>\n\n<hr class=\"wp-block-separator has-alpha-channel-opacity\"\/>\n\n<p>\ud83c\udfac H\u00f6r dir die echten Erfahrungen an<\/p>\n\n<div class=\"wp-block-columns is-layout-flex wp-container-core-columns-is-layout-9d6595d7 wp-block-columns-is-layout-flex\">\n<div class=\"wp-block-column is-layout-flow wp-block-column-is-layout-flow\">\n<figure class=\"wp-block-embed is-type-video is-provider-youtube wp-block-embed-youtube wp-embed-aspect-4-3 wp-has-aspect-ratio\"><div class=\"wp-block-embed__wrapper\">\n<iframe loading=\"lazy\" title=\"Review Lisbeth\" width=\"500\" height=\"375\" src=\"https:\/\/www.youtube.com\/embed\/09RUFG-34xM?feature=oembed\" frameborder=\"0\" allow=\"accelerometer; autoplay; clipboard-write; encrypted-media; gyroscope; picture-in-picture; web-share\" referrerpolicy=\"strict-origin-when-cross-origin\" allowfullscreen><\/iframe>\n<\/div><\/figure>\n<\/div>\n\n\n\n<div class=\"wp-block-column is-layout-flow wp-block-column-is-layout-flow\">\n<figure class=\"wp-block-embed is-type-video is-provider-youtube wp-block-embed-youtube wp-embed-aspect-16-9 wp-has-aspect-ratio\"><div class=\"wp-block-embed__wrapper\">\n<iframe loading=\"lazy\" title=\"Review Stephan\" width=\"500\" height=\"281\" src=\"https:\/\/www.youtube.com\/embed\/eosj9I8AmMY?feature=oembed\" frameborder=\"0\" allow=\"accelerometer; autoplay; clipboard-write; encrypted-media; gyroscope; picture-in-picture; web-share\" referrerpolicy=\"strict-origin-when-cross-origin\" allowfullscreen><\/iframe>\n<\/div><\/figure>\n<\/div>\n\n\n\n<div class=\"wp-block-column is-layout-flow wp-block-column-is-layout-flow\">\n<figure class=\"wp-block-embed is-type-video is-provider-youtube wp-block-embed-youtube wp-embed-aspect-16-9 wp-has-aspect-ratio\"><div class=\"wp-block-embed__wrapper\">\n<iframe loading=\"lazy\" title=\"Review Damaris\" width=\"500\" height=\"281\" src=\"https:\/\/www.youtube.com\/embed\/qsS3qqg5nnw?feature=oembed\" frameborder=\"0\" allow=\"accelerometer; autoplay; clipboard-write; encrypted-media; gyroscope; picture-in-picture; web-share\" referrerpolicy=\"strict-origin-when-cross-origin\" allowfullscreen><\/iframe>\n<\/div><\/figure>\n<\/div>\n<\/div>\n\n<p><\/p>\n\n<h2 class=\"wp-block-heading\">\ud83c\udf1f Erlebe das Abenteuer eines digitalen Nomaden<\/h2>\n\n<p>Wir wissen, dass du das einfache Leben magst, <strong>also komm zu uns und erlebe eine der besten Erfahrungen f\u00fcr digitale Nomaden.<\/strong><\/p>\n\n<p>\ud83d\udca1 <strong>Tipp:<\/strong> Schau dir den Bereich &#8222;Was zu sehen&#8220; an, um alles zu entdecken, was Teneriffa f\u00fcr dich bereith\u00e4lt. Du wirst es nicht bereuen.<\/p>\n\n<hr class=\"wp-block-separator has-alpha-channel-opacity\"\/>\n\n<h2 class=\"wp-block-heading\">\ud83c\udf9f\ufe0f F\u00fcr l\u00e4ngere Aufenthalte: Nest Pass<\/h2>\n\n<p>F\u00fcr deinen l\u00e4ngeren Aufenthalt bieten wir zwei <strong>Optionen f\u00fcr den <a href=\"https:\/\/nestshostels.com\/de\/nest-pass\/\">Nest Pass<\/a>:<\/strong><\/p>\n\n<h3 class=\"wp-block-heading\">\ud83d\udcc5 Nest Pass Woche<\/h3>\n\n<p><strong>7+ N\u00e4chte<\/strong> voller Freiheit<\/p>\n\n<h3 class=\"wp-block-heading\">\ud83d\udcc6 Nest Pass Monat<\/h3>\n\n<p><strong>28+ N\u00e4chte<\/strong> um die Insel zu erkunden<\/p>\n\n<p><strong>Die Freiheit, dich zu bewegen:<\/strong> Du kannst jederzeit zu einem anderen unserer Hostels wechseln.<\/p>\n\n<p>\u2705 <strong>Alle Dienste von Nest sind inklusive!<\/strong><\/p>\n\n<hr class=\"wp-block-separator has-alpha-channel-opacity\"\/>\n\n<h2 class=\"wp-block-heading\">\ud83d\udde3\ufe0f Willst du deine Erfahrungen teilen?<\/h2>\n\n<p>Dein Testimonial hilft anderen Reisenden und digitalen Nomaden, Nest zu entdecken.<\/p>\n\n<p><strong>Hinterlass uns deine Bewertung und werde Teil unserer Community.<\/strong><\/p>\n\n<p><\/p>\n","protected":false},"excerpt":{"rendered":"<p>\ud83d\udcac Erfahrungsberichte Was unsere G\u00e4ste sagen \ud83c\udfaf Deine Meinung macht uns besser Nest Hostels Canarias ber\u00fccksichtigt die Erfahrungen der vielf\u00e4ltigen G\u00e4ste, die durch unser gro\u00dfes Netzwerk von Hostels gereist sind. Deine Meinungen helfen uns, st\u00e4ndig besser zu werden, um dir immer bessere Services zu bieten. Deshalb ermutigen wir unsere G\u00e4ste, jederzeit ihre Meinung einzubringen. \u2696\ufe0f<a href=\"https:\/\/nestshostels.com\/de\/digital-nomads-tenerife\/\">Continue reading <span class=\"sr-only\">&#8222;Digitale Nomaden im Nest Hostel auf Teneriffa und Gran Canaria&#8220;<\/span><\/a><\/p>\n","protected":false},"author":2,"featured_media":13572,"parent":0,"menu_order":0,"comment_status":"closed","ping_status":"closed","template":"","meta":{"footnotes":""},"class_list":["post-19960","page","type-page","status-publish","has-post-thumbnail","hentry"],"acf":[],"yoast_head":"<!-- This site is optimized with the Yoast SEO plugin v27.5 - https:\/\/yoast.com\/product\/yoast-seo-wordpress\/ -->\n<title>Digitale Nomaden im Nest Hostel auf Teneriffa und Gran Canaria | Nests Hostels<\/title>\n<meta name=\"description\" content=\"Nest Hostels sind perfekt f\u00fcr digitale Nomaden, Remote-Arbeiter und alle, die tags\u00fcber eine gute Internetverbindung und einen Schreibtisch brauchen.\" \/>\n<meta name=\"robots\" content=\"index, follow, max-snippet:-1, max-image-preview:large, max-video-preview:-1\" \/>\n<link rel=\"canonical\" href=\"https:\/\/nestshostels.com\/de\/digital-nomads-tenerife\/\" \/>\n<meta property=\"og:locale\" content=\"de_DE\" \/>\n<meta property=\"og:type\" content=\"article\" \/>\n<meta property=\"og:title\" content=\"Digitale Nomaden im Nest Hostel auf Teneriffa und Gran Canaria\" \/>\n<meta property=\"og:description\" content=\"Nest Hostels sind perfekt f\u00fcr digitale Nomaden, Remote-Arbeiter und alle, die tags\u00fcber eine gute Internetverbindung und einen Schreibtisch brauchen.\" \/>\n<meta property=\"og:url\" content=\"https:\/\/nestshostels.com\/de\/digital-nomads-tenerife\/\" \/>\n<meta property=\"og:site_name\" content=\"Nests Hostels\" \/>\n<meta property=\"article:publisher\" content=\"https:\/\/www.facebook.com\/nesthosteltenerife\/\" \/>\n<meta property=\"article:modified_time\" content=\"2025-10-08T10:05:03+00:00\" \/>\n<meta property=\"og:image\" content=\"https:\/\/nestshostels.com\/wp-content\/uploads\/coworking-puerto-nest-hostel-1024x682.jpg\" \/>\n<meta name=\"twitter:card\" content=\"summary_large_image\" \/>\n<meta name=\"twitter:title\" content=\"Digitale Nomaden im Nest Hostel auf Teneriffa und Gran Canaria\" \/>\n<meta name=\"twitter:description\" content=\"Nest Hostels sind perfekt f\u00fcr digitale Nomaden, Remote-Arbeiter und alle, die tags\u00fcber eine gute Internetverbindung und einen Schreibtisch brauchen.\" \/>\n<meta name=\"twitter:image\" content=\"https:\/\/nestshostels.com\/wp-content\/uploads\/coworking-puerto-nest-hostel-1024x682.jpg\" \/>\n<meta name=\"twitter:label1\" content=\"Gesch\u00e4tzte Lesezeit\" \/>\n\t<meta name=\"twitter:data1\" content=\"1\u00a0Minute\" \/>\n<script type=\"application\/ld+json\" class=\"yoast-schema-graph\">{\"@context\":\"https:\\\/\\\/schema.org\",\"@graph\":[{\"@type\":\"WebPage\",\"@id\":\"https:\\\/\\\/nestshostels.com\\\/de\\\/digital-nomads-tenerife\\\/\",\"url\":\"https:\\\/\\\/nestshostels.com\\\/de\\\/digital-nomads-tenerife\\\/\",\"name\":\"Digitale Nomaden im Nest Hostel auf Teneriffa und Gran Canaria | Nests Hostels\",\"isPartOf\":{\"@id\":\"https:\\\/\\\/nestshostels.com\\\/de\\\/#website\"},\"primaryImageOfPage\":{\"@id\":\"https:\\\/\\\/nestshostels.com\\\/de\\\/digital-nomads-tenerife\\\/#primaryimage\"},\"image\":{\"@id\":\"https:\\\/\\\/nestshostels.com\\\/de\\\/digital-nomads-tenerife\\\/#primaryimage\"},\"thumbnailUrl\":\"https:\\\/\\\/nestshostels.com\\\/wp-content\\\/uploads\\\/coworking-puerto-nests-hostels.jpg\",\"datePublished\":\"2021-05-18T12:29:43+00:00\",\"dateModified\":\"2025-10-08T10:05:03+00:00\",\"description\":\"Nest Hostels sind perfekt f\u00fcr digitale Nomaden, Remote-Arbeiter und alle, die tags\u00fcber eine gute Internetverbindung und einen Schreibtisch brauchen.\",\"breadcrumb\":{\"@id\":\"https:\\\/\\\/nestshostels.com\\\/de\\\/digital-nomads-tenerife\\\/#breadcrumb\"},\"inLanguage\":\"de\",\"potentialAction\":[{\"@type\":\"ReadAction\",\"target\":[\"https:\\\/\\\/nestshostels.com\\\/de\\\/digital-nomads-tenerife\\\/\"]}]},{\"@type\":\"ImageObject\",\"inLanguage\":\"de\",\"@id\":\"https:\\\/\\\/nestshostels.com\\\/de\\\/digital-nomads-tenerife\\\/#primaryimage\",\"url\":\"https:\\\/\\\/nestshostels.com\\\/wp-content\\\/uploads\\\/coworking-puerto-nests-hostels.jpg\",\"contentUrl\":\"https:\\\/\\\/nestshostels.com\\\/wp-content\\\/uploads\\\/coworking-puerto-nests-hostels.jpg\",\"width\":1300,\"height\":866,\"caption\":\"Puerto Nests Hostel Coworking Area with fast wify and amenities\"},{\"@type\":\"BreadcrumbList\",\"@id\":\"https:\\\/\\\/nestshostels.com\\\/de\\\/digital-nomads-tenerife\\\/#breadcrumb\",\"itemListElement\":[{\"@type\":\"ListItem\",\"position\":1,\"name\":\"Portada\",\"item\":\"https:\\\/\\\/nestshostels.com\\\/de\\\/\"},{\"@type\":\"ListItem\",\"position\":2,\"name\":\"Digitale Nomaden im Nest Hostel auf Teneriffa und Gran Canaria\"}]},{\"@type\":\"WebSite\",\"@id\":\"https:\\\/\\\/nestshostels.com\\\/de\\\/#website\",\"url\":\"https:\\\/\\\/nestshostels.com\\\/de\\\/\",\"name\":\"Nests Hostels\",\"description\":\"Tenerife Hostels for Travellers &amp; Digital Nomads\",\"publisher\":{\"@id\":\"https:\\\/\\\/nestshostels.com\\\/de\\\/#organization\"},\"alternateName\":\"Nest\",\"potentialAction\":[{\"@type\":\"SearchAction\",\"target\":{\"@type\":\"EntryPoint\",\"urlTemplate\":\"https:\\\/\\\/nestshostels.com\\\/de\\\/?s={search_term_string}\"},\"query-input\":{\"@type\":\"PropertyValueSpecification\",\"valueRequired\":true,\"valueName\":\"search_term_string\"}}],\"inLanguage\":\"de\"},{\"@type\":\"Organization\",\"@id\":\"https:\\\/\\\/nestshostels.com\\\/de\\\/#organization\",\"name\":\"Nests Hostels\",\"alternateName\":\"Nest\",\"url\":\"https:\\\/\\\/nestshostels.com\\\/de\\\/\",\"logo\":{\"@type\":\"ImageObject\",\"inLanguage\":\"de\",\"@id\":\"https:\\\/\\\/nestshostels.com\\\/de\\\/#\\\/schema\\\/logo\\\/image\\\/\",\"url\":\"https:\\\/\\\/nestshostels.com\\\/wp-content\\\/uploads\\\/logo-nests-hostel.webp\",\"contentUrl\":\"https:\\\/\\\/nestshostels.com\\\/wp-content\\\/uploads\\\/logo-nests-hostel.webp\",\"width\":200,\"height\":217,\"caption\":\"Nests Hostels\"},\"image\":{\"@id\":\"https:\\\/\\\/nestshostels.com\\\/de\\\/#\\\/schema\\\/logo\\\/image\\\/\"},\"sameAs\":[\"https:\\\/\\\/www.facebook.com\\\/nesthosteltenerife\\\/\",\"https:\\\/\\\/www.instagram.com\\\/nestshostels\\\/\",\"https:\\\/\\\/www.tiktok.com\\\/@nestshostels\",\"https:\\\/\\\/www.threads.com\\\/@nestshostels\\\/\",\"https:\\\/\\\/www.youtube.com\\\/@nestshostels\\\/\"]}]}<\/script>\n<!-- \/ Yoast SEO plugin. -->","yoast_head_json":{"title":"Digitale Nomaden im Nest Hostel auf Teneriffa und Gran Canaria | Nests Hostels","description":"Nest Hostels sind perfekt f\u00fcr digitale Nomaden, Remote-Arbeiter und alle, die tags\u00fcber eine gute Internetverbindung und einen Schreibtisch brauchen.","robots":{"index":"index","follow":"follow","max-snippet":"max-snippet:-1","max-image-preview":"max-image-preview:large","max-video-preview":"max-video-preview:-1"},"canonical":"https:\/\/nestshostels.com\/de\/digital-nomads-tenerife\/","og_locale":"de_DE","og_type":"article","og_title":"Digitale Nomaden im Nest Hostel auf Teneriffa und Gran Canaria","og_description":"Nest Hostels sind perfekt f\u00fcr digitale Nomaden, Remote-Arbeiter und alle, die tags\u00fcber eine gute Internetverbindung und einen Schreibtisch brauchen.","og_url":"https:\/\/nestshostels.com\/de\/digital-nomads-tenerife\/","og_site_name":"Nests Hostels","article_publisher":"https:\/\/www.facebook.com\/nesthosteltenerife\/","article_modified_time":"2025-10-08T10:05:03+00:00","og_image":[{"url":"https:\/\/nestshostels.com\/wp-content\/uploads\/coworking-puerto-nest-hostel-1024x682.jpg","type":"","width":"","height":""}],"twitter_card":"summary_large_image","twitter_title":"Digitale Nomaden im Nest Hostel auf Teneriffa und Gran Canaria","twitter_description":"Nest Hostels sind perfekt f\u00fcr digitale Nomaden, Remote-Arbeiter und alle, die tags\u00fcber eine gute Internetverbindung und einen Schreibtisch brauchen.","twitter_image":"https:\/\/nestshostels.com\/wp-content\/uploads\/coworking-puerto-nest-hostel-1024x682.jpg","twitter_misc":{"Gesch\u00e4tzte Lesezeit":"1\u00a0Minute"},"schema":{"@context":"https:\/\/schema.org","@graph":[{"@type":"WebPage","@id":"https:\/\/nestshostels.com\/de\/digital-nomads-tenerife\/","url":"https:\/\/nestshostels.com\/de\/digital-nomads-tenerife\/","name":"Digitale Nomaden im Nest Hostel auf Teneriffa und Gran Canaria | Nests Hostels","isPartOf":{"@id":"https:\/\/nestshostels.com\/de\/#website"},"primaryImageOfPage":{"@id":"https:\/\/nestshostels.com\/de\/digital-nomads-tenerife\/#primaryimage"},"image":{"@id":"https:\/\/nestshostels.com\/de\/digital-nomads-tenerife\/#primaryimage"},"thumbnailUrl":"https:\/\/nestshostels.com\/wp-content\/uploads\/coworking-puerto-nests-hostels.jpg","datePublished":"2021-05-18T12:29:43+00:00","dateModified":"2025-10-08T10:05:03+00:00","description":"Nest Hostels sind perfekt f\u00fcr digitale Nomaden, Remote-Arbeiter und alle, die tags\u00fcber eine gute Internetverbindung und einen Schreibtisch brauchen.","breadcrumb":{"@id":"https:\/\/nestshostels.com\/de\/digital-nomads-tenerife\/#breadcrumb"},"inLanguage":"de","potentialAction":[{"@type":"ReadAction","target":["https:\/\/nestshostels.com\/de\/digital-nomads-tenerife\/"]}]},{"@type":"ImageObject","inLanguage":"de","@id":"https:\/\/nestshostels.com\/de\/digital-nomads-tenerife\/#primaryimage","url":"https:\/\/nestshostels.com\/wp-content\/uploads\/coworking-puerto-nests-hostels.jpg","contentUrl":"https:\/\/nestshostels.com\/wp-content\/uploads\/coworking-puerto-nests-hostels.jpg","width":1300,"height":866,"caption":"Puerto Nests Hostel Coworking Area with fast wify and amenities"},{"@type":"BreadcrumbList","@id":"https:\/\/nestshostels.com\/de\/digital-nomads-tenerife\/#breadcrumb","itemListElement":[{"@type":"ListItem","position":1,"name":"Portada","item":"https:\/\/nestshostels.com\/de\/"},{"@type":"ListItem","position":2,"name":"Digitale Nomaden im Nest Hostel auf Teneriffa und Gran Canaria"}]},{"@type":"WebSite","@id":"https:\/\/nestshostels.com\/de\/#website","url":"https:\/\/nestshostels.com\/de\/","name":"Nests Hostels","description":"Tenerife Hostels for Travellers &amp; Digital Nomads","publisher":{"@id":"https:\/\/nestshostels.com\/de\/#organization"},"alternateName":"Nest","potentialAction":[{"@type":"SearchAction","target":{"@type":"EntryPoint","urlTemplate":"https:\/\/nestshostels.com\/de\/?s={search_term_string}"},"query-input":{"@type":"PropertyValueSpecification","valueRequired":true,"valueName":"search_term_string"}}],"inLanguage":"de"},{"@type":"Organization","@id":"https:\/\/nestshostels.com\/de\/#organization","name":"Nests Hostels","alternateName":"Nest","url":"https:\/\/nestshostels.com\/de\/","logo":{"@type":"ImageObject","inLanguage":"de","@id":"https:\/\/nestshostels.com\/de\/#\/schema\/logo\/image\/","url":"https:\/\/nestshostels.com\/wp-content\/uploads\/logo-nests-hostel.webp","contentUrl":"https:\/\/nestshostels.com\/wp-content\/uploads\/logo-nests-hostel.webp","width":200,"height":217,"caption":"Nests Hostels"},"image":{"@id":"https:\/\/nestshostels.com\/de\/#\/schema\/logo\/image\/"},"sameAs":["https:\/\/www.facebook.com\/nesthosteltenerife\/","https:\/\/www.instagram.com\/nestshostels\/","https:\/\/www.tiktok.com\/@nestshostels","https:\/\/www.threads.com\/@nestshostels\/","https:\/\/www.youtube.com\/@nestshostels\/"]}]}},"_links":{"self":[{"href":"https:\/\/nestshostels.com\/de\/wp-json\/wp\/v2\/pages\/19960","targetHints":{"allow":["GET"]}}],"collection":[{"href":"https:\/\/nestshostels.com\/de\/wp-json\/wp\/v2\/pages"}],"about":[{"href":"https:\/\/nestshostels.com\/de\/wp-json\/wp\/v2\/types\/page"}],"author":[{"embeddable":true,"href":"https:\/\/nestshostels.com\/de\/wp-json\/wp\/v2\/users\/2"}],"replies":[{"embeddable":true,"href":"https:\/\/nestshostels.com\/de\/wp-json\/wp\/v2\/comments?post=19960"}],"version-history":[{"count":1,"href":"https:\/\/nestshostels.com\/de\/wp-json\/wp\/v2\/pages\/19960\/revisions"}],"predecessor-version":[{"id":19961,"href":"https:\/\/nestshostels.com\/de\/wp-json\/wp\/v2\/pages\/19960\/revisions\/19961"}],"wp:featuredmedia":[{"embeddable":true,"href":"https:\/\/nestshostels.com\/de\/wp-json\/wp\/v2\/media\/13572"}],"wp:attachment":[{"href":"https:\/\/nestshostels.com\/de\/wp-json\/wp\/v2\/media?parent=19960"}],"curies":[{"name":"wp","href":"https:\/\/api.w.org\/{rel}","templated":true}]}}