{"id":19900,"date":"2024-02-08T17:34:45","date_gmt":"2024-02-08T17:34:45","guid":{"rendered":"https:\/\/nestshostels.com\/cancellation-nests-hostels\/"},"modified":"2025-10-08T10:03:56","modified_gmt":"2025-10-08T10:03:56","slug":"cancellation-nests-hostels","status":"publish","type":"page","link":"https:\/\/nestshostels.com\/de\/faq\/cancellation-nests-hostels\/","title":{"rendered":"Stornierungsrichtlinien und Informationen zur Unterkunft"},"content":{"rendered":"\n<h2 class=\"wp-block-heading\">Stornierungsrichtlinien und Informationen zur Unterkunft<\/h2>\n\n<p><strong><br\/>Mit deiner Buchung best\u00e4tigst du, dass du diese Allgemeinen Gesch\u00e4ftsbedingungen gelesen, verstanden und akzeptiert hast.<\/strong><\/p>\n\n<p>Diese Bedingungen treten sofort mit der Best\u00e4tigung der Buchung in Kraft und gelten w\u00e4hrend deines gesamten Aufenthalts sowie f\u00fcr alle sp\u00e4teren Kommunikationen oder Anliegen mit Nest Hostels. Um die vollst\u00e4ndigen Details einzusehen, kannst du das offizielle Dokument hier abrufen: <strong><a href=\"https:\/\/nest-comunicacion.notion.site\/ebd\/2322445fb179805e86f0c581cf569801\">Lies mich (Allgemeine Gesch\u00e4ftsbedingungen)<\/a><\/strong><\/p>\n\n<p><strong><u>Zusammenfassung der wichtigsten Richtlinien:<\/u><\/strong><\/p>\n\n<p><strong>Wir behalten uns das Hausrecht vor<\/strong>, um die Sicherheit, das Wohlbefinden und die Einhaltung der Hausordnung zu gew\u00e4hrleisten.<\/p>\n\n<p><strong>Kostenlose Stornierung<\/strong> ist bei Standardbuchungen m\u00f6glich, wenn du uns mindestens 48 Stunden vor deinem Ankunftsdatum \u00fcber unsere offiziellen Kan\u00e4le informierst.<\/p>\n\n<p><strong>Keine Show, versp\u00e4tete Stornierungen und Aktionspreise<\/strong>: Es gibt keine R\u00fcckerstattung.<\/p>\n\n<p><strong>Aktion Nest Pass<\/strong>: g\u00fcltig f\u00fcr 3 Monate ab Kauf, <strong>nicht erstattungsf\u00e4hig<\/strong>, gilt nur f\u00fcr <strong>Gemeinschaftszimmer mit Etagenbetten<\/strong> in <strong>den Kanarischen Inseln<\/strong>.<\/p>\n\n<p><strong>Gruppenbuchungen<\/strong>: unterliegen speziellen Bedingungen, die vor der Best\u00e4tigung vereinbart werden.<\/p>\n\n<p><strong>Schau dir unsere Hausordnung<\/strong> (Abschnitt &#8222;E&#8220;) an, um zu erfahren, welche Verhaltensweisen und Situationen in unseren Unterk\u00fcnften nicht erlaubt sind.<\/p>\n\n<p>FAQ: <a href=\"https:\/\/nestshostels.com\/de\/faq\/\">https:\/\/nestshostels.com\/faq\/<\/a> (ChatBot zur Unterst\u00fctzung)<\/p>\n\n<p><\/p>\n\n<p><strong><u>Online Einchecken:<\/u><\/strong><\/p>\n\n<p>Unser Hostel erm\u00f6glicht dir, dich schon vor deiner Ankunft einzuchecken.<\/p>\n\n<p>Bitte <strong>\u00fcberpr\u00fcfe dein Postfach und den Spam-Ordner<\/strong>, damit du keine Updates von uns verpasst und dein <strong>CHECK IN DIGITAL<\/strong> <strong>EINFACH<\/strong> und <strong>SCHNELL<\/strong> erledigen kannst.<\/p>\n\n<p><strong>Der DIGITALE CHECK-IN<\/strong> wird am Tag vor deiner Ankunft freigeschaltet und ist am Ankunftstag verf\u00fcgbar, damit du deine Buchung noch vor der Ankunft in unserem Hostel verwalten kannst.<\/p>\n\n<p><em>Wenn du das digitale Check-in nicht machst, hei\u00dft das nicht, dass du die gesetzlichen Registrierungsanforderungen ignorieren kannst. Das k\u00f6nnte deinen Zugang zur Unterkunft verz\u00f6gern oder sogar verhindern, bis alle Informationen ausgef\u00fcllt sind.<\/em><\/p>\n\n<p><strong><u>Preise und Steuern:<\/u><\/strong><\/p>\n\n<p>Unsere Preise sind in EUR angegeben und beinhalten die entsprechenden Steuern.<\/p>\n\n<p><strong><u>Mindestalter:<\/u><\/strong><\/p>\n\n<p>18 Jahre alt.<\/p>\n\n<p><strong><u>Regeln f\u00fcr das Hostel:<\/u><\/strong><\/p>\n\n<p>F\u00fcr uns ist es super wichtig, dass du eine tolle Erfahrung hast. Deshalb teilen wir die <strong>Regeln<\/strong>, die wir hier im Abschnitt &#8222;E&#8220; <strong><a href=\"https:\/\/nest-comunicacion.notion.site\/ebd\/2322445fb179805e86f0c581cf569801\">Lies mich (Allgemeine Gesch\u00e4ftsbedingungen)<\/a><\/strong>.<\/p>\n\n<p><strong><em>Zusammenfassung der wichtigsten Regeln:<\/em><\/strong><\/p>\n\n<ul class=\"wp-block-list\">\n<li><strong><em>Haustiere<\/em><\/strong>: Sind nicht erlaubt.<\/li>\n\n\n\n<li><em><strong>Verbote<\/strong><\/em>: Rauchen, dampfen, Drogen oder \u00fcberm\u00e4\u00dfig Alkohol konsumieren, Waffen mitbringen, L\u00e4rm verursachen, der st\u00f6rt, gewaltt\u00e4tiges oder st\u00f6rendes Verhalten. Mangelnde pers\u00f6nliche Hygiene, die das Zusammenleben beeintr\u00e4chtigt, die Ruhezeiten nicht respektieren, mit nicht registrierten externen Personen hereinkommen, Feiern\/Feste ohne Genehmigung der Leitung, Essen und\/oder Trinken in den Zimmern, usw. Jegliche Regel des gemeinschaftlichen Zusammenlebens, die unseren Werten widerspricht, missachten.<\/li>\n\n\n\n<li><strong><em>Die gute Nutzung unserer R\u00e4ume ist entscheidend f\u00fcr Sauberkeit und Funktionalit\u00e4t<\/em><\/strong>, wasch, trockne und r\u00e4um alles, was du in unserer K\u00fcche benutzt, wieder weg und halte die Toiletten sauber. So k\u00f6nnen wir alle eine saubere und ordentliche Umgebung genie\u00dfen.<\/li>\n\n\n\n<li><strong><em>Das Hostel \u00fcbernimmt keine Verantwortung f\u00fcr verlorene Gegenst\u00e4nde<\/em><\/strong> durch Nachl\u00e4ssigkeit der G\u00e4ste. Zur Sicherheit, bewahre deine Sachen gut auf.<\/li>\n<\/ul>\n\n<p><strong>Nest Hostels beh\u00e4lt sich ausdr\u00fccklich das Recht auf Zugang<\/strong> und Aufenthalt gem\u00e4\u00df der geltenden Vorschriften (Gesetz 7\/1995 zur Regelung des Tourismus der Kanaren \/ balearische Tourismusvorschriften) vor, um Sicherheit, Wohlbefinden und die Einhaltung der Hausordnung zu gew\u00e4hrleisten. Bei Nichteinhaltung kann der Aufenthalt sofort ohne R\u00fcckerstattung storniert werden.<\/p>\n\n<p><strong>ZU DEINER SICHERHEIT WERDEN ALLE GEMEINSCHAFTSR\u00c4UME 24 STUNDEN AM TAG \u00dcBERWACHT.<\/strong><\/p>\n\n<p><strong><u>Pers\u00f6nliche Daten:<\/u><\/strong><\/p>\n\n<p>Um den Vorschriften der Verordnung (EU) 2016\/679 (DSGVO) und dem Gesetz 3\/2018 zum Schutz personenbezogener Daten und zur Gew\u00e4hrleistung digitaler Rechte (LOPDGDD) nachzukommen, informieren wir dich, dass deine pers\u00f6nlichen Daten sicher und vertraulich gem\u00e4\u00df den geltenden Vorschriften behandelt werden.<\/p>\n\n<p>Wie sch\u00fctzen wir deine Daten?<\/p>\n\n<ul class=\"wp-block-list\">\n<li>Wir nutzen deine Informationen nur, um deinen Aufenthalt zu verwalten und gesetzlichen Anforderungen nachzukommen.<\/li>\n\n\n\n<li>Wir geben deine Daten nicht an Dritte weiter, es sei denn, das Gesetz verlangt es.<\/li>\n\n\n\n<li>Wir speichern deine Informationen sicher und sch\u00fctzen sie vor unbefugtem Zugriff.<\/li>\n<\/ul>\n\n<p><em>Du kannst deine Daten jederzeit einsehen, \u00e4ndern oder l\u00f6schen. Schreib uns an infodragonest@gmail.com<\/em><\/p>\n\n<p><strong><u>WhatsApp &#8211; Social<\/u><\/strong>\n\nBleib in Kontakt mit deinen Reisebuddy \u00fcber <strong>WhatsApp<\/strong>! Hier kannst du Fragen stellen, Tipps austauschen oder einfach nur die neuesten Abenteuer teilen. Es ist der perfekte Weg, um alle auf dem Laufenden zu halten!<\/p>\n\n<p>Wenn du deine Buchung best\u00e4tigst, nimmst du am WhatsApp-Gruppe f\u00fcr Aktivit\u00e4ten teil, wo du \u00fcber die Events in unserer <strong>Comunidad Nest Hostel<\/strong> informiert bleibst.<\/p>\n\n<p>Wir teilen Fotos und Videos von den Gemeinschaftsbereichen oder Aktivit\u00e4ten auch auf unseren sozialen Medien.<\/p>\n\n<p><em>(Wenn du nicht darauf erscheinen m\u00f6chtest, sag bitte an der Rezeption Bescheid.)<\/em><\/p>\n\n<p>WhatsApp Aktivit\u00e4ten &amp; Chat-Gruppe: <a href=\"https:\/\/tinyurl.com\/nests-whatsapp\">https:\/\/tinyurl.com\/nests-whatsapp<\/a><\/p>\n\n<p>Instagram Nests Hostels: <a href=\"https:\/\/www.instagram.com\/nestshostels\/\">https:\/\/www.instagram.com\/nestshostels\/<\/a><\/p>\n\n<p>Danke, dass du uns besucht hast!<\/p>\n\n<p><\/p>\n\n<p><strong>Flexible Stornierung:<\/strong><\/p>\n\n<p>Reserviere entspannt und storniere kostenlos <strong>bis zu 48 Stunden vor dem Check-in.<\/strong> (2 Tage vor der Ankunft)<\/p>\n","protected":false},"excerpt":{"rendered":"<p>Stornierungsrichtlinien und Informationen zur Unterkunft Mit deiner Buchung best\u00e4tigst du, dass du diese Allgemeinen Gesch\u00e4ftsbedingungen gelesen, verstanden und akzeptiert hast. Diese Bedingungen treten sofort mit der Best\u00e4tigung der Buchung in Kraft und gelten w\u00e4hrend deines gesamten Aufenthalts sowie f\u00fcr alle sp\u00e4teren Kommunikationen oder Anliegen mit Nest Hostels. Um die vollst\u00e4ndigen Details einzusehen, kannst du das<a href=\"https:\/\/nestshostels.com\/de\/faq\/cancellation-nests-hostels\/\">Continue reading <span class=\"sr-only\">&#8222;Stornierungsrichtlinien und Informationen zur Unterkunft&#8220;<\/span><\/a><\/p>\n","protected":false},"author":1,"featured_media":13608,"parent":19928,"menu_order":0,"comment_status":"closed","ping_status":"closed","template":"","meta":{"footnotes":""},"class_list":["post-19900","page","type-page","status-publish","has-post-thumbnail","hentry"],"acf":[],"yoast_head":"<!-- This site is optimized with the Yoast SEO plugin v27.1.1 - https:\/\/yoast.com\/product\/yoast-seo-wordpress\/ -->\n<title>Stornierungsrichtlinien und Informationen zur Unterkunft | Nests Hostels<\/title>\n<meta name=\"description\" content=\"Flexible Stornierung: Reserviere entspannt und cancelle bis zu 48 Stunden vor dem Check-in kostenlos. (2 Tage vor der Ankunft)\" \/>\n<meta name=\"robots\" content=\"index, follow, max-snippet:-1, max-image-preview:large, max-video-preview:-1\" \/>\n<link rel=\"canonical\" href=\"https:\/\/nestshostels.com\/de\/faq\/cancellation-nests-hostels\/\" \/>\n<meta property=\"og:locale\" content=\"de_DE\" \/>\n<meta property=\"og:type\" content=\"article\" \/>\n<meta property=\"og:title\" content=\"Stornierungsbedingungen und Informationen zur Unterkunft | Nests Hostels\" \/>\n<meta property=\"og:description\" content=\"Flexible Stornierung: Reserviere entspannt und cancelle bis zu 48 Stunden vor dem Check-in kostenlos. (2 Tage vor der Ankunft)\" \/>\n<meta property=\"og:url\" content=\"https:\/\/nestshostels.com\/de\/faq\/cancellation-nests-hostels\/\" \/>\n<meta property=\"og:site_name\" content=\"Nests Hostels\" \/>\n<meta property=\"article:publisher\" content=\"https:\/\/www.facebook.com\/nesthosteltenerife\/\" \/>\n<meta property=\"article:modified_time\" content=\"2025-10-08T10:03:56+00:00\" \/>\n<meta property=\"og:image\" content=\"https:\/\/nestshostels.com\/wp-content\/uploads\/recepcion-puerto-nest-hostel-recepcion-1024x683.jpg\" \/>\n<meta name=\"twitter:card\" content=\"summary_large_image\" \/>\n<meta name=\"twitter:title\" content=\"Stornierungsbedingungen und Informationen zur Unterkunft | Nests Hostels\" \/>\n<meta name=\"twitter:description\" content=\"Flexible Stornierung: Reserviere entspannt und cancelle bis zu 48 Stunden vor dem Check-in kostenlos. (2 Tage vor der Ankunft)\" \/>\n<meta name=\"twitter:image\" content=\"https:\/\/nestshostels.com\/wp-content\/uploads\/reception-puerto-nest-hostel-1024x682.jpg\" \/>\n<meta name=\"twitter:label1\" content=\"Gesch\u00e4tzte Lesezeit\" \/>\n\t<meta name=\"twitter:data1\" content=\"4\u00a0Minuten\" \/>\n<script type=\"application\/ld+json\" class=\"yoast-schema-graph\">{\"@context\":\"https:\/\/schema.org\",\"@graph\":[{\"@type\":\"WebPage\",\"@id\":\"https:\/\/nestshostels.com\/de\/faq\/cancellation-nests-hostels\/\",\"url\":\"https:\/\/nestshostels.com\/de\/faq\/cancellation-nests-hostels\/\",\"name\":\"Stornierungsrichtlinien und Informationen zur Unterkunft | Nests Hostels\",\"isPartOf\":{\"@id\":\"https:\/\/nestshostels.com\/de\/#website\"},\"primaryImageOfPage\":{\"@id\":\"https:\/\/nestshostels.com\/de\/faq\/cancellation-nests-hostels\/#primaryimage\"},\"image\":{\"@id\":\"https:\/\/nestshostels.com\/de\/faq\/cancellation-nests-hostels\/#primaryimage\"},\"thumbnailUrl\":\"https:\/\/nestshostels.com\/wp-content\/uploads\/reception-puerto-nest-hostel.jpg\",\"datePublished\":\"2024-02-08T17:34:45+00:00\",\"dateModified\":\"2025-10-08T10:03:56+00:00\",\"description\":\"Flexible Stornierung: Reserviere entspannt und cancelle bis zu 48 Stunden vor dem Check-in kostenlos. (2 Tage vor der Ankunft)\",\"breadcrumb\":{\"@id\":\"https:\/\/nestshostels.com\/de\/faq\/cancellation-nests-hostels\/#breadcrumb\"},\"inLanguage\":\"de\",\"potentialAction\":[{\"@type\":\"ReadAction\",\"target\":[\"https:\/\/nestshostels.com\/de\/faq\/cancellation-nests-hostels\/\"]}]},{\"@type\":\"ImageObject\",\"inLanguage\":\"de\",\"@id\":\"https:\/\/nestshostels.com\/de\/faq\/cancellation-nests-hostels\/#primaryimage\",\"url\":\"https:\/\/nestshostels.com\/wp-content\/uploads\/reception-puerto-nest-hostel.jpg\",\"contentUrl\":\"https:\/\/nestshostels.com\/wp-content\/uploads\/reception-puerto-nest-hostel.jpg\",\"width\":1280,\"height\":853,\"caption\":\"Recepci\u00f3n Hostal Puerto Nest - Tenerife\"},{\"@type\":\"BreadcrumbList\",\"@id\":\"https:\/\/nestshostels.com\/de\/faq\/cancellation-nests-hostels\/#breadcrumb\",\"itemListElement\":[{\"@type\":\"ListItem\",\"position\":1,\"name\":\"Portada\",\"item\":\"https:\/\/nestshostels.com\/de\/\"},{\"@type\":\"ListItem\",\"position\":2,\"name\":\"FAQ: Fragen und Antworten &#8211; Unterst\u00fctzung\",\"item\":\"https:\/\/nestshostels.com\/de\/faq\/\"},{\"@type\":\"ListItem\",\"position\":3,\"name\":\"Stornierungsrichtlinien und Informationen zur Unterkunft\"}]},{\"@type\":\"WebSite\",\"@id\":\"https:\/\/nestshostels.com\/de\/#website\",\"url\":\"https:\/\/nestshostels.com\/de\/\",\"name\":\"Nests Hostels\",\"description\":\"Tenerife Hostels for Travellers &amp; Digital Nomads\",\"publisher\":{\"@id\":\"https:\/\/nestshostels.com\/de\/#organization\"},\"alternateName\":\"Nest\",\"potentialAction\":[{\"@type\":\"SearchAction\",\"target\":{\"@type\":\"EntryPoint\",\"urlTemplate\":\"https:\/\/nestshostels.com\/de\/?s={search_term_string}\"},\"query-input\":{\"@type\":\"PropertyValueSpecification\",\"valueRequired\":true,\"valueName\":\"search_term_string\"}}],\"inLanguage\":\"de\"},{\"@type\":\"Organization\",\"@id\":\"https:\/\/nestshostels.com\/de\/#organization\",\"name\":\"Nests Hostels\",\"alternateName\":\"Nest\",\"url\":\"https:\/\/nestshostels.com\/de\/\",\"logo\":{\"@type\":\"ImageObject\",\"inLanguage\":\"de\",\"@id\":\"https:\/\/nestshostels.com\/de\/#\/schema\/logo\/image\/\",\"url\":\"https:\/\/nestshostels.com\/wp-content\/uploads\/logo-nests-hostel.webp\",\"contentUrl\":\"https:\/\/nestshostels.com\/wp-content\/uploads\/logo-nests-hostel.webp\",\"width\":200,\"height\":217,\"caption\":\"Nests Hostels\"},\"image\":{\"@id\":\"https:\/\/nestshostels.com\/de\/#\/schema\/logo\/image\/\"},\"sameAs\":[\"https:\/\/www.facebook.com\/nesthosteltenerife\/\",\"https:\/\/www.instagram.com\/nestshostels\/\",\"https:\/\/www.tiktok.com\/@nestshostels\",\"https:\/\/www.threads.com\/@nestshostels\/\",\"https:\/\/www.youtube.com\/@nestshostels\/\"]}]}<\/script>\n<!-- \/ Yoast SEO plugin. -->","yoast_head_json":{"title":"Stornierungsrichtlinien und Informationen zur Unterkunft | Nests Hostels","description":"Flexible Stornierung: Reserviere entspannt und cancelle bis zu 48 Stunden vor dem Check-in kostenlos. (2 Tage vor der Ankunft)","robots":{"index":"index","follow":"follow","max-snippet":"max-snippet:-1","max-image-preview":"max-image-preview:large","max-video-preview":"max-video-preview:-1"},"canonical":"https:\/\/nestshostels.com\/de\/faq\/cancellation-nests-hostels\/","og_locale":"de_DE","og_type":"article","og_title":"Stornierungsbedingungen und Informationen zur Unterkunft | Nests Hostels","og_description":"Flexible Stornierung: Reserviere entspannt und cancelle bis zu 48 Stunden vor dem Check-in kostenlos. (2 Tage vor der Ankunft)","og_url":"https:\/\/nestshostels.com\/de\/faq\/cancellation-nests-hostels\/","og_site_name":"Nests Hostels","article_publisher":"https:\/\/www.facebook.com\/nesthosteltenerife\/","article_modified_time":"2025-10-08T10:03:56+00:00","og_image":[{"url":"https:\/\/nestshostels.com\/wp-content\/uploads\/recepcion-puerto-nest-hostel-recepcion-1024x683.jpg","type":"","width":"","height":""}],"twitter_card":"summary_large_image","twitter_title":"Stornierungsbedingungen und Informationen zur Unterkunft | Nests Hostels","twitter_description":"Flexible Stornierung: Reserviere entspannt und cancelle bis zu 48 Stunden vor dem Check-in kostenlos. (2 Tage vor der Ankunft)","twitter_image":"https:\/\/nestshostels.com\/wp-content\/uploads\/reception-puerto-nest-hostel-1024x682.jpg","twitter_misc":{"Gesch\u00e4tzte Lesezeit":"4\u00a0Minuten"},"schema":{"@context":"https:\/\/schema.org","@graph":[{"@type":"WebPage","@id":"https:\/\/nestshostels.com\/de\/faq\/cancellation-nests-hostels\/","url":"https:\/\/nestshostels.com\/de\/faq\/cancellation-nests-hostels\/","name":"Stornierungsrichtlinien und Informationen zur Unterkunft | Nests Hostels","isPartOf":{"@id":"https:\/\/nestshostels.com\/de\/#website"},"primaryImageOfPage":{"@id":"https:\/\/nestshostels.com\/de\/faq\/cancellation-nests-hostels\/#primaryimage"},"image":{"@id":"https:\/\/nestshostels.com\/de\/faq\/cancellation-nests-hostels\/#primaryimage"},"thumbnailUrl":"https:\/\/nestshostels.com\/wp-content\/uploads\/reception-puerto-nest-hostel.jpg","datePublished":"2024-02-08T17:34:45+00:00","dateModified":"2025-10-08T10:03:56+00:00","description":"Flexible Stornierung: Reserviere entspannt und cancelle bis zu 48 Stunden vor dem Check-in kostenlos. (2 Tage vor der Ankunft)","breadcrumb":{"@id":"https:\/\/nestshostels.com\/de\/faq\/cancellation-nests-hostels\/#breadcrumb"},"inLanguage":"de","potentialAction":[{"@type":"ReadAction","target":["https:\/\/nestshostels.com\/de\/faq\/cancellation-nests-hostels\/"]}]},{"@type":"ImageObject","inLanguage":"de","@id":"https:\/\/nestshostels.com\/de\/faq\/cancellation-nests-hostels\/#primaryimage","url":"https:\/\/nestshostels.com\/wp-content\/uploads\/reception-puerto-nest-hostel.jpg","contentUrl":"https:\/\/nestshostels.com\/wp-content\/uploads\/reception-puerto-nest-hostel.jpg","width":1280,"height":853,"caption":"Recepci\u00f3n Hostal Puerto Nest - Tenerife"},{"@type":"BreadcrumbList","@id":"https:\/\/nestshostels.com\/de\/faq\/cancellation-nests-hostels\/#breadcrumb","itemListElement":[{"@type":"ListItem","position":1,"name":"Portada","item":"https:\/\/nestshostels.com\/de\/"},{"@type":"ListItem","position":2,"name":"FAQ: Fragen und Antworten &#8211; Unterst\u00fctzung","item":"https:\/\/nestshostels.com\/de\/faq\/"},{"@type":"ListItem","position":3,"name":"Stornierungsrichtlinien und Informationen zur Unterkunft"}]},{"@type":"WebSite","@id":"https:\/\/nestshostels.com\/de\/#website","url":"https:\/\/nestshostels.com\/de\/","name":"Nests Hostels","description":"Tenerife Hostels for Travellers &amp; Digital Nomads","publisher":{"@id":"https:\/\/nestshostels.com\/de\/#organization"},"alternateName":"Nest","potentialAction":[{"@type":"SearchAction","target":{"@type":"EntryPoint","urlTemplate":"https:\/\/nestshostels.com\/de\/?s={search_term_string}"},"query-input":{"@type":"PropertyValueSpecification","valueRequired":true,"valueName":"search_term_string"}}],"inLanguage":"de"},{"@type":"Organization","@id":"https:\/\/nestshostels.com\/de\/#organization","name":"Nests Hostels","alternateName":"Nest","url":"https:\/\/nestshostels.com\/de\/","logo":{"@type":"ImageObject","inLanguage":"de","@id":"https:\/\/nestshostels.com\/de\/#\/schema\/logo\/image\/","url":"https:\/\/nestshostels.com\/wp-content\/uploads\/logo-nests-hostel.webp","contentUrl":"https:\/\/nestshostels.com\/wp-content\/uploads\/logo-nests-hostel.webp","width":200,"height":217,"caption":"Nests Hostels"},"image":{"@id":"https:\/\/nestshostels.com\/de\/#\/schema\/logo\/image\/"},"sameAs":["https:\/\/www.facebook.com\/nesthosteltenerife\/","https:\/\/www.instagram.com\/nestshostels\/","https:\/\/www.tiktok.com\/@nestshostels","https:\/\/www.threads.com\/@nestshostels\/","https:\/\/www.youtube.com\/@nestshostels\/"]}]}},"_links":{"self":[{"href":"https:\/\/nestshostels.com\/de\/wp-json\/wp\/v2\/pages\/19900","targetHints":{"allow":["GET"]}}],"collection":[{"href":"https:\/\/nestshostels.com\/de\/wp-json\/wp\/v2\/pages"}],"about":[{"href":"https:\/\/nestshostels.com\/de\/wp-json\/wp\/v2\/types\/page"}],"author":[{"embeddable":true,"href":"https:\/\/nestshostels.com\/de\/wp-json\/wp\/v2\/users\/1"}],"replies":[{"embeddable":true,"href":"https:\/\/nestshostels.com\/de\/wp-json\/wp\/v2\/comments?post=19900"}],"version-history":[{"count":1,"href":"https:\/\/nestshostels.com\/de\/wp-json\/wp\/v2\/pages\/19900\/revisions"}],"predecessor-version":[{"id":19901,"href":"https:\/\/nestshostels.com\/de\/wp-json\/wp\/v2\/pages\/19900\/revisions\/19901"}],"up":[{"embeddable":true,"href":"https:\/\/nestshostels.com\/de\/wp-json\/wp\/v2\/pages\/19928"}],"wp:featuredmedia":[{"embeddable":true,"href":"https:\/\/nestshostels.com\/de\/wp-json\/wp\/v2\/media\/13608"}],"wp:attachment":[{"href":"https:\/\/nestshostels.com\/de\/wp-json\/wp\/v2\/media?parent=19900"}],"curies":[{"name":"wp","href":"https:\/\/api.w.org\/{rel}","templated":true}]}}