{"id":19876,"date":"2025-02-11T09:57:24","date_gmt":"2025-02-11T09:57:24","guid":{"rendered":"https:\/\/nestshostels.com\/nest-pass\/"},"modified":"2025-12-10T12:51:46","modified_gmt":"2025-12-10T12:51:46","slug":"nest-pass","status":"publish","type":"page","link":"https:\/\/nestshostels.com\/de\/nest-pass\/","title":{"rendered":"Nest Pass &#8211; Tenerife und Gran Canaria sparen mit Nests Hostels"},"content":{"rendered":"\n<p>Hallo! \ud83d\ude0a<\/p>\n\n<p>Bist du bereit f\u00fcr ein grenzenloses Reiseerlebnis?<\/p>\n\n<p>Mit dem <strong>Nest Pass<\/strong> hast du die Freiheit, unsere Hostels ganz einfach, flexibel und unkompliziert zu erkunden. \ud83c\udf0d\u2728<\/p>\n\n<h4 class=\"wp-block-heading\">\ud83d\ude80 Wie funktioniert&#8217;s?<\/h4>\n\n<p>\ud83d\udd39 <strong>Erste Buchung:<\/strong><br\/>W\u00e4hle zwischen <strong>7 und 28 N\u00e4chten (oder mehr)<\/strong> im ersten Hostel, in dem du \u00fcbernachten m\u00f6chtest, und sichere dir die exklusiven Vorteile des <strong>Pass Week -12%<\/strong> oder <strong>Pass Month -28%<\/strong>.<br\/>Da du ohne Aufpreis zwischen den Hostels wechseln kannst, <strong>f\u00fchlt es sich an, als h\u00e4ttest du mehr als 30% Rabatt!<\/strong><\/p>\n\n<h4 class=\"wp-block-heading\">\ud83d\udd39 Wechsel zum Hostel<\/h4>\n\n<p>Hast du Lust auf einen Tapetenwechsel, ein neues Abenteuer und einen neuen Ort zum Entdecken? Sag einfach an der Rezeption des Hostels Bescheid, in dem du bist, <strong>und sie k\u00fcmmern sich um deinen Wechsel zu einem anderen Nest.<\/strong><\/p>\n\n<h4 class=\"wp-block-heading\">\ud83d\udd39 Schnell und Einfach<\/h4>\n\n<p>Das Team pr\u00fcft die Verf\u00fcgbarkeit im neuen Hostel und passt deine Buchung an. Wenn Platz ist, wird deine \u00c4nderung sofort best\u00e4tigt!<\/p>\n\n<h4 class=\"wp-block-heading\">&gt; Beispiel<\/h4>\n\n<p>Du hast 7 N\u00e4chte im Duque Nest reserviert. Nach 3 N\u00e4chten entscheidest du dich, das Arena Nest zu erkunden. Sag einfach an der Rezeption Bescheid und\u2026 fertig! Sie k\u00fcmmern sich um alles. \ud83d\ude4c<\/p>\n\n<hr class=\"wp-block-separator has-alpha-channel-opacity\"\/>\n\n<h4 class=\"wp-block-heading\">\u00a0<\/h4>\n\n<h4 class=\"wp-block-heading\">\ud83c\udf1f Exklusive Vorteile des Nest Pass<\/h4>\n\n<p>\u2714 <strong>Entdecke Mehr<\/strong>:<br\/>Zugriff auf <strong>10 Hostels auf Teneriffa, Gran Canaria und Ibiza<\/strong> und erlebe unvergessliche Abenteuer.<\/p>\n\n<p>\u2714\u00a0<strong>Vollst\u00e4ndige Flexibilit\u00e4t<\/strong><br\/><strong>Wechsel einfach das Hostel<\/strong> innerhalb des Netzwerks, mit nur einer Anfrage.<\/p>\n\n<p>\u2714\u00a0<strong>Spare beim Reisen<\/strong><br\/>Genie\u00df<strong> Aktionspreise und spare 30%<\/strong>, w\u00e4hrend du neue Ziele entdeckst.<\/p>\n\n<p>\u2714\u00a0<strong>\u00dcbertragbare Reservierungen<\/strong><br\/>Kannst du nicht alle N\u00e4chte nutzen? Kein Problem! <strong>Du kannst sie an eine andere Person abgeben<\/strong>, und sie bleiben g\u00fcltig.<\/p>\n\n<hr class=\"wp-block-separator has-alpha-channel-opacity\"\/>\n\n<p>\ud83d\udccc <strong>Wichtige Informationen<\/strong><\/p>\n\n<p>\ud83d\udd38 Buchungen sind nur <strong>f\u00fcr Mehrbettzimmer<\/strong> mit Etagenbetten g\u00fcltig.<br\/>\ud83d\udd38 Die Geb\u00fchr ist *NICHT R\u00dcCKERSTATTBAR*.<br\/>\ud83d\udd38 Die gebuchten N\u00e4chte sind maximal <strong>3 Monate<\/strong> g\u00fcltig.<\/p>\n\n<hr class=\"wp-block-separator has-alpha-channel-opacity\"\/>\n\n<p>\ud83c\udf34 <strong>Bereit, dein Abenteuer zu starten?<\/strong><br\/>Mach jetzt deine Buchung und erlebe die Freiheit, mit dem Nest Pass in deinem eigenen Tempo zu erkunden! Wenn du Fragen hast, ist unser Team immer da, um dir zu helfen.<\/p>\n\n<p>Buche dein Abenteuer noch heute und werde Teil der Nests Hostels Familie! Wo jeder Moment zu einer unvergesslichen Erinnerung wird. <a href=\"https:\/\/nestshostels.com\/de\/experiencias-nests-hostel-tenerife\/\"><br\/><\/a><\/p>\n\n<p><\/p>\n","protected":false},"excerpt":{"rendered":"<p>Hallo! \ud83d\ude0a Bist du bereit f\u00fcr ein grenzenloses Reiseerlebnis? Mit dem Nest Pass hast du die Freiheit, unsere Hostels ganz einfach, flexibel und unkompliziert zu erkunden. \ud83c\udf0d\u2728 \ud83d\ude80 Wie funktioniert&#8217;s? \ud83d\udd39 Erste Buchung:W\u00e4hle zwischen 7 und 28 N\u00e4chten (oder mehr) im ersten Hostel, in dem du \u00fcbernachten m\u00f6chtest, und sichere dir die exklusiven Vorteile des<a href=\"https:\/\/nestshostels.com\/de\/nest-pass\/\">Continue reading <span class=\"sr-only\">&#8222;Nest Pass &#8211; Tenerife und Gran Canaria sparen mit Nests Hostels&#8220;<\/span><\/a><\/p>\n","protected":false},"author":3,"featured_media":18116,"parent":0,"menu_order":0,"comment_status":"closed","ping_status":"closed","template":"","meta":{"footnotes":""},"class_list":["post-19876","page","type-page","status-publish","has-post-thumbnail","hentry"],"acf":[],"yoast_head":"<!-- This site is optimized with the Yoast SEO plugin v27.1.1 - https:\/\/yoast.com\/product\/yoast-seo-wordpress\/ -->\n<title>Nest Pass - Tenerife und Gran Canaria sparen mit Nests Hostels<\/title>\n<meta name=\"description\" content=\"Entdecke unsere Hostels auf den Kanaren und genie\u00dfe einzigartige Erlebnisse zwischen Str\u00e4nden, Vulkanen und lokaler Kultur. Deine idealen Ferien warten auf dich!\" \/>\n<meta name=\"robots\" content=\"index, follow, max-snippet:-1, max-image-preview:large, max-video-preview:-1\" \/>\n<link rel=\"canonical\" href=\"https:\/\/nestshostels.com\/de\/nest-pass\/\" \/>\n<meta property=\"og:locale\" content=\"de_DE\" \/>\n<meta property=\"og:type\" content=\"article\" \/>\n<meta property=\"og:title\" content=\"Nest Pass - Tenerife und Gran Canaria sparen mit Nests Hostels\" \/>\n<meta property=\"og:description\" content=\"Entdecke unser Hostel auf den Kanaren und Balearen und genie\u00dfe einzigartige Erlebnisse zwischen Str\u00e4nden, Vulkanen und lokaler Kultur. Deine idealen Ferien warten auf dich!\" \/>\n<meta property=\"og:url\" content=\"https:\/\/nestshostels.com\/de\/nest-pass\/\" \/>\n<meta property=\"og:site_name\" content=\"Nests Hostels\" \/>\n<meta property=\"article:publisher\" content=\"https:\/\/www.facebook.com\/nesthosteltenerife\/\" \/>\n<meta property=\"article:modified_time\" content=\"2025-12-10T12:51:46+00:00\" \/>\n<meta property=\"og:image\" content=\"https:\/\/nestshostels.com\/wp-content\/uploads\/Nest-Pass-Program-Digital-Islands-Map-1024x747.jpg\" \/>\n<meta name=\"twitter:card\" content=\"summary_large_image\" \/>\n<meta name=\"twitter:title\" content=\"Nest Pass - Tenerife und Gran Canaria sparen mit Nests Hostels\" \/>\n<meta name=\"twitter:description\" content=\"Entdecke unsere Hostels auf Teneriffa, Gran Canaria und Ibiza und genie\u00dfe einzigartige Erlebnisse zwischen Str\u00e4nden, Vulkanen und lokaler Kultur. Deine erholsamen Urlaubstage zum Sparpreis warten auf dich!\" \/>\n<meta name=\"twitter:image\" content=\"https:\/\/nestshostels.com\/wp-content\/uploads\/Nest-Pass-Islands-Map-v2-1024x598.jpg\" \/>\n<meta name=\"twitter:label1\" content=\"Gesch\u00e4tzte Lesezeit\" \/>\n\t<meta name=\"twitter:data1\" content=\"2\u00a0Minuten\" \/>\n<script type=\"application\/ld+json\" class=\"yoast-schema-graph\">{\"@context\":\"https:\/\/schema.org\",\"@graph\":[{\"@type\":\"WebPage\",\"@id\":\"https:\/\/nestshostels.com\/de\/nest-pass\/\",\"url\":\"https:\/\/nestshostels.com\/de\/nest-pass\/\",\"name\":\"Nest Pass - Tenerife und Gran Canaria sparen mit Nests Hostels\",\"isPartOf\":{\"@id\":\"https:\/\/nestshostels.com\/de\/#website\"},\"primaryImageOfPage\":{\"@id\":\"https:\/\/nestshostels.com\/de\/nest-pass\/#primaryimage\"},\"image\":{\"@id\":\"https:\/\/nestshostels.com\/de\/nest-pass\/#primaryimage\"},\"thumbnailUrl\":\"https:\/\/nestshostels.com\/wp-content\/uploads\/NESTPASS_bannerhome_1920x690px.png\",\"datePublished\":\"2025-02-11T09:57:24+00:00\",\"dateModified\":\"2025-12-10T12:51:46+00:00\",\"description\":\"Entdecke unsere Hostels auf den Kanaren und genie\u00dfe einzigartige Erlebnisse zwischen Str\u00e4nden, Vulkanen und lokaler Kultur. Deine idealen Ferien warten auf dich!\",\"breadcrumb\":{\"@id\":\"https:\/\/nestshostels.com\/de\/nest-pass\/#breadcrumb\"},\"inLanguage\":\"de\",\"potentialAction\":[{\"@type\":\"ReadAction\",\"target\":[\"https:\/\/nestshostels.com\/de\/nest-pass\/\"]}]},{\"@type\":\"ImageObject\",\"inLanguage\":\"de\",\"@id\":\"https:\/\/nestshostels.com\/de\/nest-pass\/#primaryimage\",\"url\":\"https:\/\/nestshostels.com\/wp-content\/uploads\/NESTPASS_bannerhome_1920x690px.png\",\"contentUrl\":\"https:\/\/nestshostels.com\/wp-content\/uploads\/NESTPASS_bannerhome_1920x690px.png\",\"width\":1920,\"height\":690,\"caption\":\"Nest Pass - One booking all Hostels\"},{\"@type\":\"BreadcrumbList\",\"@id\":\"https:\/\/nestshostels.com\/de\/nest-pass\/#breadcrumb\",\"itemListElement\":[{\"@type\":\"ListItem\",\"position\":1,\"name\":\"Portada\",\"item\":\"https:\/\/nestshostels.com\/de\/\"},{\"@type\":\"ListItem\",\"position\":2,\"name\":\"Nest Pass\"}]},{\"@type\":\"WebSite\",\"@id\":\"https:\/\/nestshostels.com\/de\/#website\",\"url\":\"https:\/\/nestshostels.com\/de\/\",\"name\":\"Nests Hostels\",\"description\":\"Tenerife Hostels for Travellers &amp; Digital Nomads\",\"publisher\":{\"@id\":\"https:\/\/nestshostels.com\/de\/#organization\"},\"alternateName\":\"Nest\",\"potentialAction\":[{\"@type\":\"SearchAction\",\"target\":{\"@type\":\"EntryPoint\",\"urlTemplate\":\"https:\/\/nestshostels.com\/de\/?s={search_term_string}\"},\"query-input\":{\"@type\":\"PropertyValueSpecification\",\"valueRequired\":true,\"valueName\":\"search_term_string\"}}],\"inLanguage\":\"de\"},{\"@type\":\"Organization\",\"@id\":\"https:\/\/nestshostels.com\/de\/#organization\",\"name\":\"Nests Hostels\",\"alternateName\":\"Nest\",\"url\":\"https:\/\/nestshostels.com\/de\/\",\"logo\":{\"@type\":\"ImageObject\",\"inLanguage\":\"de\",\"@id\":\"https:\/\/nestshostels.com\/de\/#\/schema\/logo\/image\/\",\"url\":\"https:\/\/nestshostels.com\/wp-content\/uploads\/logo-nests-hostel.webp\",\"contentUrl\":\"https:\/\/nestshostels.com\/wp-content\/uploads\/logo-nests-hostel.webp\",\"width\":200,\"height\":217,\"caption\":\"Nests Hostels\"},\"image\":{\"@id\":\"https:\/\/nestshostels.com\/de\/#\/schema\/logo\/image\/\"},\"sameAs\":[\"https:\/\/www.facebook.com\/nesthosteltenerife\/\",\"https:\/\/www.instagram.com\/nestshostels\/\",\"https:\/\/www.tiktok.com\/@nestshostels\",\"https:\/\/www.threads.com\/@nestshostels\/\",\"https:\/\/www.youtube.com\/@nestshostels\/\"]}]}<\/script>\n<!-- \/ Yoast SEO plugin. -->","yoast_head_json":{"title":"Nest Pass - Tenerife und Gran Canaria sparen mit Nests Hostels","description":"Entdecke unsere Hostels auf den Kanaren und genie\u00dfe einzigartige Erlebnisse zwischen Str\u00e4nden, Vulkanen und lokaler Kultur. Deine idealen Ferien warten auf dich!","robots":{"index":"index","follow":"follow","max-snippet":"max-snippet:-1","max-image-preview":"max-image-preview:large","max-video-preview":"max-video-preview:-1"},"canonical":"https:\/\/nestshostels.com\/de\/nest-pass\/","og_locale":"de_DE","og_type":"article","og_title":"Nest Pass - Tenerife und Gran Canaria sparen mit Nests Hostels","og_description":"Entdecke unser Hostel auf den Kanaren und Balearen und genie\u00dfe einzigartige Erlebnisse zwischen Str\u00e4nden, Vulkanen und lokaler Kultur. Deine idealen Ferien warten auf dich!","og_url":"https:\/\/nestshostels.com\/de\/nest-pass\/","og_site_name":"Nests Hostels","article_publisher":"https:\/\/www.facebook.com\/nesthosteltenerife\/","article_modified_time":"2025-12-10T12:51:46+00:00","og_image":[{"url":"https:\/\/nestshostels.com\/wp-content\/uploads\/Nest-Pass-Program-Digital-Islands-Map-1024x747.jpg","type":"","width":"","height":""}],"twitter_card":"summary_large_image","twitter_title":"Nest Pass - Tenerife und Gran Canaria sparen mit Nests Hostels","twitter_description":"Entdecke unsere Hostels auf Teneriffa, Gran Canaria und Ibiza und genie\u00dfe einzigartige Erlebnisse zwischen Str\u00e4nden, Vulkanen und lokaler Kultur. Deine erholsamen Urlaubstage zum Sparpreis warten auf dich!","twitter_image":"https:\/\/nestshostels.com\/wp-content\/uploads\/Nest-Pass-Islands-Map-v2-1024x598.jpg","twitter_misc":{"Gesch\u00e4tzte Lesezeit":"2\u00a0Minuten"},"schema":{"@context":"https:\/\/schema.org","@graph":[{"@type":"WebPage","@id":"https:\/\/nestshostels.com\/de\/nest-pass\/","url":"https:\/\/nestshostels.com\/de\/nest-pass\/","name":"Nest Pass - Tenerife und Gran Canaria sparen mit Nests Hostels","isPartOf":{"@id":"https:\/\/nestshostels.com\/de\/#website"},"primaryImageOfPage":{"@id":"https:\/\/nestshostels.com\/de\/nest-pass\/#primaryimage"},"image":{"@id":"https:\/\/nestshostels.com\/de\/nest-pass\/#primaryimage"},"thumbnailUrl":"https:\/\/nestshostels.com\/wp-content\/uploads\/NESTPASS_bannerhome_1920x690px.png","datePublished":"2025-02-11T09:57:24+00:00","dateModified":"2025-12-10T12:51:46+00:00","description":"Entdecke unsere Hostels auf den Kanaren und genie\u00dfe einzigartige Erlebnisse zwischen Str\u00e4nden, Vulkanen und lokaler Kultur. Deine idealen Ferien warten auf dich!","breadcrumb":{"@id":"https:\/\/nestshostels.com\/de\/nest-pass\/#breadcrumb"},"inLanguage":"de","potentialAction":[{"@type":"ReadAction","target":["https:\/\/nestshostels.com\/de\/nest-pass\/"]}]},{"@type":"ImageObject","inLanguage":"de","@id":"https:\/\/nestshostels.com\/de\/nest-pass\/#primaryimage","url":"https:\/\/nestshostels.com\/wp-content\/uploads\/NESTPASS_bannerhome_1920x690px.png","contentUrl":"https:\/\/nestshostels.com\/wp-content\/uploads\/NESTPASS_bannerhome_1920x690px.png","width":1920,"height":690,"caption":"Nest Pass - One booking all Hostels"},{"@type":"BreadcrumbList","@id":"https:\/\/nestshostels.com\/de\/nest-pass\/#breadcrumb","itemListElement":[{"@type":"ListItem","position":1,"name":"Portada","item":"https:\/\/nestshostels.com\/de\/"},{"@type":"ListItem","position":2,"name":"Nest Pass"}]},{"@type":"WebSite","@id":"https:\/\/nestshostels.com\/de\/#website","url":"https:\/\/nestshostels.com\/de\/","name":"Nests Hostels","description":"Tenerife Hostels for Travellers &amp; Digital Nomads","publisher":{"@id":"https:\/\/nestshostels.com\/de\/#organization"},"alternateName":"Nest","potentialAction":[{"@type":"SearchAction","target":{"@type":"EntryPoint","urlTemplate":"https:\/\/nestshostels.com\/de\/?s={search_term_string}"},"query-input":{"@type":"PropertyValueSpecification","valueRequired":true,"valueName":"search_term_string"}}],"inLanguage":"de"},{"@type":"Organization","@id":"https:\/\/nestshostels.com\/de\/#organization","name":"Nests Hostels","alternateName":"Nest","url":"https:\/\/nestshostels.com\/de\/","logo":{"@type":"ImageObject","inLanguage":"de","@id":"https:\/\/nestshostels.com\/de\/#\/schema\/logo\/image\/","url":"https:\/\/nestshostels.com\/wp-content\/uploads\/logo-nests-hostel.webp","contentUrl":"https:\/\/nestshostels.com\/wp-content\/uploads\/logo-nests-hostel.webp","width":200,"height":217,"caption":"Nests Hostels"},"image":{"@id":"https:\/\/nestshostels.com\/de\/#\/schema\/logo\/image\/"},"sameAs":["https:\/\/www.facebook.com\/nesthosteltenerife\/","https:\/\/www.instagram.com\/nestshostels\/","https:\/\/www.tiktok.com\/@nestshostels","https:\/\/www.threads.com\/@nestshostels\/","https:\/\/www.youtube.com\/@nestshostels\/"]}]}},"_links":{"self":[{"href":"https:\/\/nestshostels.com\/de\/wp-json\/wp\/v2\/pages\/19876","targetHints":{"allow":["GET"]}}],"collection":[{"href":"https:\/\/nestshostels.com\/de\/wp-json\/wp\/v2\/pages"}],"about":[{"href":"https:\/\/nestshostels.com\/de\/wp-json\/wp\/v2\/types\/page"}],"author":[{"embeddable":true,"href":"https:\/\/nestshostels.com\/de\/wp-json\/wp\/v2\/users\/3"}],"replies":[{"embeddable":true,"href":"https:\/\/nestshostels.com\/de\/wp-json\/wp\/v2\/comments?post=19876"}],"version-history":[{"count":2,"href":"https:\/\/nestshostels.com\/de\/wp-json\/wp\/v2\/pages\/19876\/revisions"}],"predecessor-version":[{"id":20880,"href":"https:\/\/nestshostels.com\/de\/wp-json\/wp\/v2\/pages\/19876\/revisions\/20880"}],"wp:featuredmedia":[{"embeddable":true,"href":"https:\/\/nestshostels.com\/de\/wp-json\/wp\/v2\/media\/18116"}],"wp:attachment":[{"href":"https:\/\/nestshostels.com\/de\/wp-json\/wp\/v2\/media?parent=19876"}],"curies":[{"name":"wp","href":"https:\/\/api.w.org\/{rel}","templated":true}]}}