{"id":18547,"date":"2022-08-29T07:06:33","date_gmt":"2022-08-29T07:06:33","guid":{"rendered":"https:\/\/nestshostels.com\/nomadas-digitales\/"},"modified":"2025-10-08T10:04:39","modified_gmt":"2025-10-08T10:04:39","slug":"nomadas-digitales","status":"publish","type":"page","link":"https:\/\/nestshostels.com\/de\/nomadas-digitales\/","title":{"rendered":"Digitale Nomaden"},"content":{"rendered":"\n<p>Lieber digitaler Nomade, hier kannst du deine Kreativit\u00e4t im Nest Hostel ausleben, umgeben von der <strong>Ruhe und Gelassenheit Teneriffas<\/strong>, mit den Kl\u00e4ngen der Natur und dem Meer in der Ferne, das dir mit dem Rauschen der Wellen ins Ohr fl\u00fcstert.<\/p>\n\n<p>Wenn du die perfekte Symbiose aus Arbeiten und Genie\u00dfen suchst, <strong>laden wir dich ein, Nest kennenzulernen!<\/strong><\/p>\n\n<p>Lies weiter unten \u00fcber unsere <strong>Komfortangebote f\u00fcr Remote-Arbeit<\/strong> und unsere speziellen Pakete f\u00fcr l\u00e4ngere Aufenthalte.<\/p>\n\n<h2 class=\"wp-block-heading\">Highspeed-Wifi<\/h2>\n\n<p>Unsere Verbindung ist <strong>perfekt f\u00fcr deine Arbeit<\/strong>, du kannst einfach Dokumente herunterladen und sie versenden.<\/p>\n\n<p>Wir bieten WLAN in <strong>allen Gemeinschaftsbereichen, allen privaten Zimmern<\/strong> und den meisten Schlafs\u00e4len in allen Hostels an.<\/p>\n\n<figure class=\"wp-block-image\"><a href=\"https:\/\/www.submarinecablemap.com\/\" target=\"_blank\" rel=\"noopener\"><img decoding=\"async\" src=\"https:\/\/nestshostels.com\/wp-content\/uploads\/map-of-internet-connection-tenerife-digital-nomad-1024x552.png\" alt=\"Karte der Internetverbindung f&#xFC;r digitale Nomaden in Teneriffa\"\/><\/a><figcaption class=\"wp-element-caption\">Karte der Internetverbindung f\u00fcr digitale Nomaden in Teneriffa<\/figcaption><\/figure>\n\n<h2 class=\"wp-block-heading\">W\u00e4hl dein Lieblingshostel aus!<\/h2>\n\n<p>Wenn du den <strong>NEST PASS week, 203 \u20ac eine Woche<\/strong> <u>29 \u20ac pro Tag<\/u> haben m\u00f6chtest, klick einfach auf eines der Hostels.<br\/>Bei einer Buchung von <strong><u>mehr als 7 Tagen<\/u> erh\u00e4ltst du einen Rabatt<\/strong> und sobald du an der Rezeption ankommst oder anrufst, um deine Buchungsdetails mitzuteilen, <strong>kannst du auch deinen Transfer zu einem anderen unserer Hostels anfragen<\/strong>.<\/p>\n\n<p>Und wenn du f\u00fcr <strong>mehr als 28 Tage buchst, betr\u00e4gt der Preis pro Tag 25 \u20ac\/Tag<\/strong> (<a href=\"https:\/\/nestshostels.com\/de\/ofertas-hostal-barato-tenerife\/\" target=\"_blank\" rel=\"noopener\">Nest Pass Monat<\/a> 700 \u20ac).<\/p>\n\n<p><a href=\"https:\/\/nestshostels.cloudbeds.com\" target=\"_blank\" rel=\"noopener\"><br\/>Buche jetzt ein Nests Hostel<br\/><\/a><br\/><img decoding=\"async\" title=\"\" src=\"https:\/\/nestshostels.com\/wp-content\/uploads\/map-nests-hostels-tenerife.png\" alt=\"Unsere sechs Hostels sind &#xFC;ber die ganze Insel verteilt und in den bekanntesten Orten\"\/><\/p>\n\n<h3 class=\"wp-block-heading\">Teneriffa ist der perfekte Ort, um entspannt zu sein. Wir sind in einer ruhigen Gegend, ideal, um dich auf deine Arbeit zu konzentrieren.<br\/><\/h3>\n\n<h2 class=\"wp-block-heading\">Arbeitsbereiche<\/h2>\n\n<p>Jedes Hostel hat Innen- und Au\u00dfenbereiche, die du zum Arbeiten oder f\u00fcr deine Freizeit nutzen kannst.<\/p>\n\n<p>Wenn du einen <strong>ruhigen Ort zum Arbeiten<\/strong> brauchst, freuen wir uns, dir den verf\u00fcgbaren Platz anzubieten.<\/p>\n\n<p>Wir wollen, dass du das <strong>beste Gleichgewicht zwischen Arbeit und Leben<\/strong> w\u00e4hrend deines Digital Nomad Aufenthalts im Nest genie\u00dft!<br\/><\/p>\n","protected":false},"excerpt":{"rendered":"<p>Lieber digitaler Nomade, hier kannst du deine Kreativit\u00e4t im Nest Hostel ausleben, umgeben von der Ruhe und Gelassenheit Teneriffas, mit den Kl\u00e4ngen der Natur und dem Meer in der Ferne, das dir mit dem Rauschen der Wellen ins Ohr fl\u00fcstert. Wenn du die perfekte Symbiose aus Arbeiten und Genie\u00dfen suchst, laden wir dich ein, Nest<a href=\"https:\/\/nestshostels.com\/de\/nomadas-digitales\/\">Continue reading <span class=\"sr-only\">&#8222;Digitale Nomaden&#8220;<\/span><\/a><\/p>\n","protected":false},"author":2,"featured_media":11808,"parent":0,"menu_order":0,"comment_status":"closed","ping_status":"closed","template":"","meta":{"footnotes":""},"class_list":["post-18547","page","type-page","status-publish","has-post-thumbnail","hentry"],"acf":[],"yoast_head":"<!-- This site is optimized with the Yoast SEO plugin v27.1.1 - https:\/\/yoast.com\/product\/yoast-seo-wordpress\/ -->\n<title>Digitale Nomaden | Nests Hostels<\/title>\n<meta name=\"description\" content=\"Nest Hostels sind perfekt f\u00fcr digitale Nomaden, Remote-Arbeiter und alle, die tags\u00fcber eine gute Internetverbindung und einen Schreibtisch brauchen.\" \/>\n<meta name=\"robots\" content=\"index, follow, max-snippet:-1, max-image-preview:large, max-video-preview:-1\" \/>\n<link rel=\"canonical\" href=\"https:\/\/nestshostels.com\/de\/nomadas-digitales\/\" \/>\n<meta property=\"og:locale\" content=\"de_DE\" \/>\n<meta property=\"og:type\" content=\"article\" \/>\n<meta property=\"og:title\" content=\"Digitale Nomaden | Nests Hostels\" \/>\n<meta property=\"og:description\" content=\"Nest Hostels sind perfekt f\u00fcr digitale Nomaden, Remote-Arbeiter und alle, die tags\u00fcber eine gute Internetverbindung und einen Schreibtisch brauchen.\" \/>\n<meta property=\"og:url\" content=\"https:\/\/nestshostels.com\/de\/nomadas-digitales\/\" \/>\n<meta property=\"og:site_name\" content=\"Nests Hostels\" \/>\n<meta property=\"article:publisher\" content=\"https:\/\/www.facebook.com\/nesthosteltenerife\/\" \/>\n<meta property=\"article:modified_time\" content=\"2025-10-08T10:04:39+00:00\" \/>\n<meta property=\"og:image\" content=\"https:\/\/nestshostels.com\/wp-content\/uploads\/2019\/10\/nest-hostels-tenerife-contacto.jpg\" \/>\n\t<meta property=\"og:image:width\" content=\"1920\" \/>\n\t<meta property=\"og:image:height\" content=\"800\" \/>\n\t<meta property=\"og:image:type\" content=\"image\/jpeg\" \/>\n<meta name=\"twitter:card\" content=\"summary_large_image\" \/>\n<meta name=\"twitter:label1\" content=\"Gesch\u00e4tzte Lesezeit\" \/>\n\t<meta name=\"twitter:data1\" content=\"1\u00a0Minute\" \/>\n<script type=\"application\/ld+json\" class=\"yoast-schema-graph\">{\"@context\":\"https:\/\/schema.org\",\"@graph\":[{\"@type\":\"WebPage\",\"@id\":\"https:\/\/nestshostels.com\/de\/nomadas-digitales\/\",\"url\":\"https:\/\/nestshostels.com\/de\/nomadas-digitales\/\",\"name\":\"Digitale Nomaden | Nests Hostels\",\"isPartOf\":{\"@id\":\"https:\/\/nestshostels.com\/de\/#website\"},\"primaryImageOfPage\":{\"@id\":\"https:\/\/nestshostels.com\/de\/nomadas-digitales\/#primaryimage\"},\"image\":{\"@id\":\"https:\/\/nestshostels.com\/de\/nomadas-digitales\/#primaryimage\"},\"thumbnailUrl\":\"https:\/\/nestshostels.com\/wp-content\/uploads\/2019\/10\/nest-hostels-tenerife-contacto.jpg\",\"datePublished\":\"2022-08-29T07:06:33+00:00\",\"dateModified\":\"2025-10-08T10:04:39+00:00\",\"description\":\"Nest Hostels sind perfekt f\u00fcr digitale Nomaden, Remote-Arbeiter und alle, die tags\u00fcber eine gute Internetverbindung und einen Schreibtisch brauchen.\",\"breadcrumb\":{\"@id\":\"https:\/\/nestshostels.com\/de\/nomadas-digitales\/#breadcrumb\"},\"inLanguage\":\"de\",\"potentialAction\":[{\"@type\":\"ReadAction\",\"target\":[\"https:\/\/nestshostels.com\/de\/nomadas-digitales\/\"]}]},{\"@type\":\"ImageObject\",\"inLanguage\":\"de\",\"@id\":\"https:\/\/nestshostels.com\/de\/nomadas-digitales\/#primaryimage\",\"url\":\"https:\/\/nestshostels.com\/wp-content\/uploads\/2019\/10\/nest-hostels-tenerife-contacto.jpg\",\"contentUrl\":\"https:\/\/nestshostels.com\/wp-content\/uploads\/2019\/10\/nest-hostels-tenerife-contacto.jpg\",\"width\":1920,\"height\":800,\"caption\":\"nest hostels tenerife contacto\"},{\"@type\":\"BreadcrumbList\",\"@id\":\"https:\/\/nestshostels.com\/de\/nomadas-digitales\/#breadcrumb\",\"itemListElement\":[{\"@type\":\"ListItem\",\"position\":1,\"name\":\"Portada\",\"item\":\"https:\/\/nestshostels.com\/de\/\"},{\"@type\":\"ListItem\",\"position\":2,\"name\":\"Digitale Nomaden\"}]},{\"@type\":\"WebSite\",\"@id\":\"https:\/\/nestshostels.com\/de\/#website\",\"url\":\"https:\/\/nestshostels.com\/de\/\",\"name\":\"Nests Hostels\",\"description\":\"Tenerife Hostels for Travellers &amp; Digital Nomads\",\"publisher\":{\"@id\":\"https:\/\/nestshostels.com\/de\/#organization\"},\"alternateName\":\"Nest\",\"potentialAction\":[{\"@type\":\"SearchAction\",\"target\":{\"@type\":\"EntryPoint\",\"urlTemplate\":\"https:\/\/nestshostels.com\/de\/?s={search_term_string}\"},\"query-input\":{\"@type\":\"PropertyValueSpecification\",\"valueRequired\":true,\"valueName\":\"search_term_string\"}}],\"inLanguage\":\"de\"},{\"@type\":\"Organization\",\"@id\":\"https:\/\/nestshostels.com\/de\/#organization\",\"name\":\"Nests Hostels\",\"alternateName\":\"Nest\",\"url\":\"https:\/\/nestshostels.com\/de\/\",\"logo\":{\"@type\":\"ImageObject\",\"inLanguage\":\"de\",\"@id\":\"https:\/\/nestshostels.com\/de\/#\/schema\/logo\/image\/\",\"url\":\"https:\/\/nestshostels.com\/wp-content\/uploads\/logo-nests-hostel.webp\",\"contentUrl\":\"https:\/\/nestshostels.com\/wp-content\/uploads\/logo-nests-hostel.webp\",\"width\":200,\"height\":217,\"caption\":\"Nests Hostels\"},\"image\":{\"@id\":\"https:\/\/nestshostels.com\/de\/#\/schema\/logo\/image\/\"},\"sameAs\":[\"https:\/\/www.facebook.com\/nesthosteltenerife\/\",\"https:\/\/www.instagram.com\/nestshostels\/\",\"https:\/\/www.tiktok.com\/@nestshostels\",\"https:\/\/www.threads.com\/@nestshostels\/\",\"https:\/\/www.youtube.com\/@nestshostels\/\"]}]}<\/script>\n<!-- \/ Yoast SEO plugin. -->","yoast_head_json":{"title":"Digitale Nomaden | Nests Hostels","description":"Nest Hostels sind perfekt f\u00fcr digitale Nomaden, Remote-Arbeiter und alle, die tags\u00fcber eine gute Internetverbindung und einen Schreibtisch brauchen.","robots":{"index":"index","follow":"follow","max-snippet":"max-snippet:-1","max-image-preview":"max-image-preview:large","max-video-preview":"max-video-preview:-1"},"canonical":"https:\/\/nestshostels.com\/de\/nomadas-digitales\/","og_locale":"de_DE","og_type":"article","og_title":"Digitale Nomaden | Nests Hostels","og_description":"Nest Hostels sind perfekt f\u00fcr digitale Nomaden, Remote-Arbeiter und alle, die tags\u00fcber eine gute Internetverbindung und einen Schreibtisch brauchen.","og_url":"https:\/\/nestshostels.com\/de\/nomadas-digitales\/","og_site_name":"Nests Hostels","article_publisher":"https:\/\/www.facebook.com\/nesthosteltenerife\/","article_modified_time":"2025-10-08T10:04:39+00:00","og_image":[{"width":1920,"height":800,"url":"https:\/\/nestshostels.com\/wp-content\/uploads\/2019\/10\/nest-hostels-tenerife-contacto.jpg","type":"image\/jpeg"}],"twitter_card":"summary_large_image","twitter_misc":{"Gesch\u00e4tzte Lesezeit":"1\u00a0Minute"},"schema":{"@context":"https:\/\/schema.org","@graph":[{"@type":"WebPage","@id":"https:\/\/nestshostels.com\/de\/nomadas-digitales\/","url":"https:\/\/nestshostels.com\/de\/nomadas-digitales\/","name":"Digitale Nomaden | Nests Hostels","isPartOf":{"@id":"https:\/\/nestshostels.com\/de\/#website"},"primaryImageOfPage":{"@id":"https:\/\/nestshostels.com\/de\/nomadas-digitales\/#primaryimage"},"image":{"@id":"https:\/\/nestshostels.com\/de\/nomadas-digitales\/#primaryimage"},"thumbnailUrl":"https:\/\/nestshostels.com\/wp-content\/uploads\/2019\/10\/nest-hostels-tenerife-contacto.jpg","datePublished":"2022-08-29T07:06:33+00:00","dateModified":"2025-10-08T10:04:39+00:00","description":"Nest Hostels sind perfekt f\u00fcr digitale Nomaden, Remote-Arbeiter und alle, die tags\u00fcber eine gute Internetverbindung und einen Schreibtisch brauchen.","breadcrumb":{"@id":"https:\/\/nestshostels.com\/de\/nomadas-digitales\/#breadcrumb"},"inLanguage":"de","potentialAction":[{"@type":"ReadAction","target":["https:\/\/nestshostels.com\/de\/nomadas-digitales\/"]}]},{"@type":"ImageObject","inLanguage":"de","@id":"https:\/\/nestshostels.com\/de\/nomadas-digitales\/#primaryimage","url":"https:\/\/nestshostels.com\/wp-content\/uploads\/2019\/10\/nest-hostels-tenerife-contacto.jpg","contentUrl":"https:\/\/nestshostels.com\/wp-content\/uploads\/2019\/10\/nest-hostels-tenerife-contacto.jpg","width":1920,"height":800,"caption":"nest hostels tenerife contacto"},{"@type":"BreadcrumbList","@id":"https:\/\/nestshostels.com\/de\/nomadas-digitales\/#breadcrumb","itemListElement":[{"@type":"ListItem","position":1,"name":"Portada","item":"https:\/\/nestshostels.com\/de\/"},{"@type":"ListItem","position":2,"name":"Digitale Nomaden"}]},{"@type":"WebSite","@id":"https:\/\/nestshostels.com\/de\/#website","url":"https:\/\/nestshostels.com\/de\/","name":"Nests Hostels","description":"Tenerife Hostels for Travellers &amp; Digital Nomads","publisher":{"@id":"https:\/\/nestshostels.com\/de\/#organization"},"alternateName":"Nest","potentialAction":[{"@type":"SearchAction","target":{"@type":"EntryPoint","urlTemplate":"https:\/\/nestshostels.com\/de\/?s={search_term_string}"},"query-input":{"@type":"PropertyValueSpecification","valueRequired":true,"valueName":"search_term_string"}}],"inLanguage":"de"},{"@type":"Organization","@id":"https:\/\/nestshostels.com\/de\/#organization","name":"Nests Hostels","alternateName":"Nest","url":"https:\/\/nestshostels.com\/de\/","logo":{"@type":"ImageObject","inLanguage":"de","@id":"https:\/\/nestshostels.com\/de\/#\/schema\/logo\/image\/","url":"https:\/\/nestshostels.com\/wp-content\/uploads\/logo-nests-hostel.webp","contentUrl":"https:\/\/nestshostels.com\/wp-content\/uploads\/logo-nests-hostel.webp","width":200,"height":217,"caption":"Nests Hostels"},"image":{"@id":"https:\/\/nestshostels.com\/de\/#\/schema\/logo\/image\/"},"sameAs":["https:\/\/www.facebook.com\/nesthosteltenerife\/","https:\/\/www.instagram.com\/nestshostels\/","https:\/\/www.tiktok.com\/@nestshostels","https:\/\/www.threads.com\/@nestshostels\/","https:\/\/www.youtube.com\/@nestshostels\/"]}]}},"_links":{"self":[{"href":"https:\/\/nestshostels.com\/de\/wp-json\/wp\/v2\/pages\/18547","targetHints":{"allow":["GET"]}}],"collection":[{"href":"https:\/\/nestshostels.com\/de\/wp-json\/wp\/v2\/pages"}],"about":[{"href":"https:\/\/nestshostels.com\/de\/wp-json\/wp\/v2\/types\/page"}],"author":[{"embeddable":true,"href":"https:\/\/nestshostels.com\/de\/wp-json\/wp\/v2\/users\/2"}],"replies":[{"embeddable":true,"href":"https:\/\/nestshostels.com\/de\/wp-json\/wp\/v2\/comments?post=18547"}],"version-history":[{"count":6,"href":"https:\/\/nestshostels.com\/de\/wp-json\/wp\/v2\/pages\/18547\/revisions"}],"predecessor-version":[{"id":19953,"href":"https:\/\/nestshostels.com\/de\/wp-json\/wp\/v2\/pages\/18547\/revisions\/19953"}],"wp:featuredmedia":[{"embeddable":true,"href":"https:\/\/nestshostels.com\/de\/wp-json\/wp\/v2\/media\/11808"}],"wp:attachment":[{"href":"https:\/\/nestshostels.com\/de\/wp-json\/wp\/v2\/media?parent=18547"}],"curies":[{"name":"wp","href":"https:\/\/api.w.org\/{rel}","templated":true}]}}