{"id":11168,"date":"2019-10-04T10:16:10","date_gmt":"2019-10-04T08:16:10","guid":{"rendered":"https:\/\/wpml.nestshostels.com\/tenerife\/"},"modified":"2025-10-08T10:09:00","modified_gmt":"2025-10-08T10:09:00","slug":"tenerife","status":"publish","type":"page","link":"https:\/\/nestshostels.com\/de\/tenerife\/","title":{"rendered":"Teneriffa von Nests Hostels und mit Nest Pass"},"content":{"rendered":"<p>\u00a1Hola! \ud83d\ude0a<\/p>\n<p>\u00bfEst\u00e1s listo para una experiencia de viaje sin l\u00edmites?<\/p>\n<p>Con el <strong>Nest Pass<\/strong>, tendr\u00e1s la libertad de explorar nuestros hostales de forma f\u00e1cil, flexible y sin complicaciones. \ud83c\udf0d\u2728<\/p>\n<p>\u00a0<\/p>\n<h4>\ud83d\ude80 \u00bfC\u00f3mo Funciona?<\/h4>\n<p>\ud83d\udd39 <strong>Primera Reserva:<\/strong><br \/>Elige entre <strong>7 a 28 noches (o mas)<\/strong> en el primer hostal donde deseas alojarte y accede a los beneficios exclusivos del <strong>Pass Week -12%<\/strong> o <strong>Pass Month -28%<\/strong>.<br \/>Teniendo en cuenta que puedes cambiar de albergue en albergue sin pagar ning\u00fan suplemento <strong>\u00a1es como si tuvieras m\u00e1s del 30% de descuento!<\/strong><\/p>\n<p>\u00a0<\/p>\n<h4>\ud83d\udd39 Cambio de Hostal<\/h4>\n<p>\u00bfTe apetece cambiar y conocer otro ambiente, una nueva aventura, un nuevo lugar que explorar? Solo informa en la recepci\u00f3n del hostal donde est\u00e1s hospedado, <strong>y ellos gestionar\u00e1n tu cambio a otro Nest.<\/strong><\/p>\n<p>\u00a0<\/p>\n<h4>\ud83d\udd39 R\u00e1pido y Sencillo<\/h4>\n<p>El equipo verificar\u00e1 la disponibilidad en el nuevo hostal y ajustar\u00e1 tu reserva. \u00a1Si hay espacio, tu cambio ser\u00e1 confirmado al instante!<\/p>\n<p>\u00a0<\/p>\n<h4>&gt; Ejemplo<\/h4>\n<p>Reservaste 7 omas noches en Duque Nest. Tras 3 noches, decides explorar Arena Nest. Solo av\u00edsalo en recepci\u00f3n y\u2026 \u00a1listo! Ellos se encargar\u00e1n de todo. \ud83d\ude4c<\/p>\n<p>\u00a0<\/p>\n<hr \/>\n<h4>\u00a0<\/h4>\n<h4>\ud83c\udf1f Ventajas Exclusivas del Nest Pass<\/h4>\n<p>\u2714 <strong>Explora M\u00e1s<\/strong>:<br \/>Accede a <strong>10 hostales en Tenerife, Gran Canaria e Ibiza<\/strong> y vive experiencias inolvidables.<\/p>\n<p>\u2714\u00a0 <strong>Flexibilidad Total<\/strong><br \/><strong>Cambia de hostal cuando quieras<\/strong> dentro de la red, con solo una solicitud.<\/p>\n<p>\u2714\u00a0 <strong>Ahorra Mientras Viajas<\/strong><br \/>Disfruta de <strong>precios promocionales y ahorra 30%<\/strong> mientras descubres nuevos destinos.<\/p>\n<p>\u2714\u00a0 <strong>Reservas Transferibles<\/strong><br \/>\u00bfNo puedes usar todas tus noches? \u00a1No hay problema! <strong>Puedes cederlas a otra persona<\/strong>, manteniendo la misma validez.<\/p>\n<p>\u00a0<\/p>\n<hr \/>\n<p>\u00a0<\/p>\n<p>\ud83d\udccc <strong>Informaci\u00f3n Importante<\/strong><\/p>\n<p>\ud83d\udd38 Las reservas son v\u00e1lidas \u00fanicamente <strong>en habitaciones compartidas<\/strong> con literas.<br \/>\ud83d\udd38 La tarifa es *NO REEMBOLSABLE*.<br \/>\ud83d\udd38 Las noches reservadas tienen una validez m\u00e1xima de <strong>3 meses<\/strong>.<\/p>\n<hr \/>\n<p>\ud83c\udf34 <strong>\u00bfListo para empezar tu aventura?<\/strong><br \/>\u00a1Haz tu reserva ahora y vive la libertad de explorar a tu ritmo con el Nest Pass! Si tienes alguna pregunta, nuestro equipo est\u00e1 siempre disponible para\u00a0ayudarte.<\/p>\n<p>\u00a1Reserva tu aventura hoy y \u00fanete a la familia Nests Hostels!\u00a0 Donde cada momento se convierte en un recuerdo inolvidable.\u00a0\u00a0<a href=\"https:\/\/nestshostels.com\/de\/experiencias-nests-hostel-tenerife\/\"><br \/><\/a><\/p>\n\n<p><\/p>\n","protected":false},"excerpt":{"rendered":"<p>\u00a1Hola! \ud83d\ude0a \u00bfEst\u00e1s listo para una experiencia de viaje sin l\u00edmites? Con el Nest Pass, tendr\u00e1s la libertad de explorar nuestros hostales de forma f\u00e1cil, flexible y sin complicaciones. \ud83c\udf0d\u2728 \u00a0 \ud83d\ude80 \u00bfC\u00f3mo Funciona? \ud83d\udd39 Primera Reserva:Elige entre 7 a 28 noches (o mas) en el primer hostal donde deseas alojarte y accede a los<a href=\"https:\/\/nestshostels.com\/de\/tenerife\/\">Continue reading <span class=\"sr-only\">&#8222;Teneriffa von Nests Hostels und mit Nest Pass&#8220;<\/span><\/a><\/p>\n","protected":false},"author":2,"featured_media":16492,"parent":0,"menu_order":0,"comment_status":"closed","ping_status":"closed","template":"","meta":{"footnotes":""},"class_list":["post-11168","page","type-page","status-publish","has-post-thumbnail","hentry"],"acf":[],"yoast_head":"<!-- This site is optimized with the Yoast SEO plugin v27.1.1 - https:\/\/yoast.com\/product\/yoast-seo-wordpress\/ -->\n<title>Teneriffa von Nests Hostels und mit Nest Pass | Nests Hostels<\/title>\n<meta name=\"description\" content=\"Entdecke unser Hostel auf Teneriffa und genie\u00dfe einzigartige Erlebnisse zwischen Str\u00e4nden, Vulkanen und lokaler Kultur. Deine idealen Ferien warten auf dich!\" \/>\n<meta name=\"robots\" content=\"index, follow, max-snippet:-1, max-image-preview:large, max-video-preview:-1\" \/>\n<link rel=\"canonical\" href=\"https:\/\/nestshostels.com\/de\/tenerife\/\" \/>\n<meta property=\"og:locale\" content=\"de_DE\" \/>\n<meta property=\"og:type\" content=\"article\" \/>\n<meta property=\"og:title\" content=\"Teneriffa von Nests Hostels und mit Nest Pass\" \/>\n<meta property=\"og:description\" content=\"Entdecke unser Hostel auf Teneriffa und genie\u00dfe einzigartige Erlebnisse zwischen Str\u00e4nden, Vulkanen und lokaler Kultur. Deine idealen Ferien warten auf dich!\" \/>\n<meta property=\"og:url\" content=\"https:\/\/nestshostels.com\/de\/tenerife\/\" \/>\n<meta property=\"og:site_name\" content=\"Nests Hostels\" \/>\n<meta property=\"article:publisher\" content=\"https:\/\/www.facebook.com\/nesthosteltenerife\/\" \/>\n<meta property=\"article:modified_time\" content=\"2025-10-08T10:09:00+00:00\" \/>\n<meta property=\"og:image\" content=\"https:\/\/nestshostels.com\/wp-content\/uploads\/garachico-tenerife-nests-hostels.jpg\" \/>\n\t<meta property=\"og:image:width\" content=\"1920\" \/>\n\t<meta property=\"og:image:height\" content=\"1352\" \/>\n\t<meta property=\"og:image:type\" content=\"image\/jpeg\" \/>\n<meta name=\"twitter:card\" content=\"summary_large_image\" \/>\n<meta name=\"twitter:label1\" content=\"Gesch\u00e4tzte Lesezeit\" \/>\n\t<meta name=\"twitter:data1\" content=\"2\u00a0Minuten\" \/>\n<script type=\"application\/ld+json\" class=\"yoast-schema-graph\">{\"@context\":\"https:\/\/schema.org\",\"@graph\":[{\"@type\":\"WebPage\",\"@id\":\"https:\/\/nestshostels.com\/de\/tenerife\/\",\"url\":\"https:\/\/nestshostels.com\/de\/tenerife\/\",\"name\":\"Teneriffa von Nests Hostels und mit Nest Pass | Nests Hostels\",\"isPartOf\":{\"@id\":\"https:\/\/nestshostels.com\/de\/#website\"},\"primaryImageOfPage\":{\"@id\":\"https:\/\/nestshostels.com\/de\/tenerife\/#primaryimage\"},\"image\":{\"@id\":\"https:\/\/nestshostels.com\/de\/tenerife\/#primaryimage\"},\"thumbnailUrl\":\"https:\/\/nestshostels.com\/wp-content\/uploads\/map-nests-hostels-tenerife.png\",\"datePublished\":\"2019-10-04T08:16:10+00:00\",\"dateModified\":\"2025-10-08T10:09:00+00:00\",\"description\":\"Entdecke unser Hostel auf Teneriffa und genie\u00dfe einzigartige Erlebnisse zwischen Str\u00e4nden, Vulkanen und lokaler Kultur. Deine idealen Ferien warten auf dich!\",\"breadcrumb\":{\"@id\":\"https:\/\/nestshostels.com\/de\/tenerife\/#breadcrumb\"},\"inLanguage\":\"de\",\"potentialAction\":[{\"@type\":\"ReadAction\",\"target\":[\"https:\/\/nestshostels.com\/de\/tenerife\/\"]}]},{\"@type\":\"ImageObject\",\"inLanguage\":\"de\",\"@id\":\"https:\/\/nestshostels.com\/de\/tenerife\/#primaryimage\",\"url\":\"https:\/\/nestshostels.com\/wp-content\/uploads\/map-nests-hostels-tenerife.png\",\"contentUrl\":\"https:\/\/nestshostels.com\/wp-content\/uploads\/map-nests-hostels-tenerife.png\",\"width\":1870,\"height\":783},{\"@type\":\"BreadcrumbList\",\"@id\":\"https:\/\/nestshostels.com\/de\/tenerife\/#breadcrumb\",\"itemListElement\":[{\"@type\":\"ListItem\",\"position\":1,\"name\":\"Portada\",\"item\":\"https:\/\/nestshostels.com\/de\/\"},{\"@type\":\"ListItem\",\"position\":2,\"name\":\"Teneriffa von Nests Hostels und mit Nest Pass\"}]},{\"@type\":\"WebSite\",\"@id\":\"https:\/\/nestshostels.com\/de\/#website\",\"url\":\"https:\/\/nestshostels.com\/de\/\",\"name\":\"Nests Hostels\",\"description\":\"Tenerife Hostels for Travellers &amp; Digital Nomads\",\"publisher\":{\"@id\":\"https:\/\/nestshostels.com\/de\/#organization\"},\"alternateName\":\"Nest\",\"potentialAction\":[{\"@type\":\"SearchAction\",\"target\":{\"@type\":\"EntryPoint\",\"urlTemplate\":\"https:\/\/nestshostels.com\/de\/?s={search_term_string}\"},\"query-input\":{\"@type\":\"PropertyValueSpecification\",\"valueRequired\":true,\"valueName\":\"search_term_string\"}}],\"inLanguage\":\"de\"},{\"@type\":\"Organization\",\"@id\":\"https:\/\/nestshostels.com\/de\/#organization\",\"name\":\"Nests Hostels\",\"alternateName\":\"Nest\",\"url\":\"https:\/\/nestshostels.com\/de\/\",\"logo\":{\"@type\":\"ImageObject\",\"inLanguage\":\"de\",\"@id\":\"https:\/\/nestshostels.com\/de\/#\/schema\/logo\/image\/\",\"url\":\"https:\/\/nestshostels.com\/wp-content\/uploads\/logo-nests-hostel.webp\",\"contentUrl\":\"https:\/\/nestshostels.com\/wp-content\/uploads\/logo-nests-hostel.webp\",\"width\":200,\"height\":217,\"caption\":\"Nests Hostels\"},\"image\":{\"@id\":\"https:\/\/nestshostels.com\/de\/#\/schema\/logo\/image\/\"},\"sameAs\":[\"https:\/\/www.facebook.com\/nesthosteltenerife\/\",\"https:\/\/www.instagram.com\/nestshostels\/\",\"https:\/\/www.tiktok.com\/@nestshostels\",\"https:\/\/www.threads.com\/@nestshostels\/\",\"https:\/\/www.youtube.com\/@nestshostels\/\"]}]}<\/script>\n<!-- \/ Yoast SEO plugin. -->","yoast_head_json":{"title":"Teneriffa von Nests Hostels und mit Nest Pass | Nests Hostels","description":"Entdecke unser Hostel auf Teneriffa und genie\u00dfe einzigartige Erlebnisse zwischen Str\u00e4nden, Vulkanen und lokaler Kultur. Deine idealen Ferien warten auf dich!","robots":{"index":"index","follow":"follow","max-snippet":"max-snippet:-1","max-image-preview":"max-image-preview:large","max-video-preview":"max-video-preview:-1"},"canonical":"https:\/\/nestshostels.com\/de\/tenerife\/","og_locale":"de_DE","og_type":"article","og_title":"Teneriffa von Nests Hostels und mit Nest Pass","og_description":"Entdecke unser Hostel auf Teneriffa und genie\u00dfe einzigartige Erlebnisse zwischen Str\u00e4nden, Vulkanen und lokaler Kultur. Deine idealen Ferien warten auf dich!","og_url":"https:\/\/nestshostels.com\/de\/tenerife\/","og_site_name":"Nests Hostels","article_publisher":"https:\/\/www.facebook.com\/nesthosteltenerife\/","article_modified_time":"2025-10-08T10:09:00+00:00","og_image":[{"width":1920,"height":1352,"url":"https:\/\/nestshostels.com\/wp-content\/uploads\/garachico-tenerife-nests-hostels.jpg","type":"image\/jpeg"}],"twitter_card":"summary_large_image","twitter_misc":{"Gesch\u00e4tzte Lesezeit":"2\u00a0Minuten"},"schema":{"@context":"https:\/\/schema.org","@graph":[{"@type":"WebPage","@id":"https:\/\/nestshostels.com\/de\/tenerife\/","url":"https:\/\/nestshostels.com\/de\/tenerife\/","name":"Teneriffa von Nests Hostels und mit Nest Pass | Nests Hostels","isPartOf":{"@id":"https:\/\/nestshostels.com\/de\/#website"},"primaryImageOfPage":{"@id":"https:\/\/nestshostels.com\/de\/tenerife\/#primaryimage"},"image":{"@id":"https:\/\/nestshostels.com\/de\/tenerife\/#primaryimage"},"thumbnailUrl":"https:\/\/nestshostels.com\/wp-content\/uploads\/map-nests-hostels-tenerife.png","datePublished":"2019-10-04T08:16:10+00:00","dateModified":"2025-10-08T10:09:00+00:00","description":"Entdecke unser Hostel auf Teneriffa und genie\u00dfe einzigartige Erlebnisse zwischen Str\u00e4nden, Vulkanen und lokaler Kultur. Deine idealen Ferien warten auf dich!","breadcrumb":{"@id":"https:\/\/nestshostels.com\/de\/tenerife\/#breadcrumb"},"inLanguage":"de","potentialAction":[{"@type":"ReadAction","target":["https:\/\/nestshostels.com\/de\/tenerife\/"]}]},{"@type":"ImageObject","inLanguage":"de","@id":"https:\/\/nestshostels.com\/de\/tenerife\/#primaryimage","url":"https:\/\/nestshostels.com\/wp-content\/uploads\/map-nests-hostels-tenerife.png","contentUrl":"https:\/\/nestshostels.com\/wp-content\/uploads\/map-nests-hostels-tenerife.png","width":1870,"height":783},{"@type":"BreadcrumbList","@id":"https:\/\/nestshostels.com\/de\/tenerife\/#breadcrumb","itemListElement":[{"@type":"ListItem","position":1,"name":"Portada","item":"https:\/\/nestshostels.com\/de\/"},{"@type":"ListItem","position":2,"name":"Teneriffa von Nests Hostels und mit Nest Pass"}]},{"@type":"WebSite","@id":"https:\/\/nestshostels.com\/de\/#website","url":"https:\/\/nestshostels.com\/de\/","name":"Nests Hostels","description":"Tenerife Hostels for Travellers &amp; Digital Nomads","publisher":{"@id":"https:\/\/nestshostels.com\/de\/#organization"},"alternateName":"Nest","potentialAction":[{"@type":"SearchAction","target":{"@type":"EntryPoint","urlTemplate":"https:\/\/nestshostels.com\/de\/?s={search_term_string}"},"query-input":{"@type":"PropertyValueSpecification","valueRequired":true,"valueName":"search_term_string"}}],"inLanguage":"de"},{"@type":"Organization","@id":"https:\/\/nestshostels.com\/de\/#organization","name":"Nests Hostels","alternateName":"Nest","url":"https:\/\/nestshostels.com\/de\/","logo":{"@type":"ImageObject","inLanguage":"de","@id":"https:\/\/nestshostels.com\/de\/#\/schema\/logo\/image\/","url":"https:\/\/nestshostels.com\/wp-content\/uploads\/logo-nests-hostel.webp","contentUrl":"https:\/\/nestshostels.com\/wp-content\/uploads\/logo-nests-hostel.webp","width":200,"height":217,"caption":"Nests Hostels"},"image":{"@id":"https:\/\/nestshostels.com\/de\/#\/schema\/logo\/image\/"},"sameAs":["https:\/\/www.facebook.com\/nesthosteltenerife\/","https:\/\/www.instagram.com\/nestshostels\/","https:\/\/www.tiktok.com\/@nestshostels","https:\/\/www.threads.com\/@nestshostels\/","https:\/\/www.youtube.com\/@nestshostels\/"]}]}},"_links":{"self":[{"href":"https:\/\/nestshostels.com\/de\/wp-json\/wp\/v2\/pages\/11168","targetHints":{"allow":["GET"]}}],"collection":[{"href":"https:\/\/nestshostels.com\/de\/wp-json\/wp\/v2\/pages"}],"about":[{"href":"https:\/\/nestshostels.com\/de\/wp-json\/wp\/v2\/types\/page"}],"author":[{"embeddable":true,"href":"https:\/\/nestshostels.com\/de\/wp-json\/wp\/v2\/users\/2"}],"replies":[{"embeddable":true,"href":"https:\/\/nestshostels.com\/de\/wp-json\/wp\/v2\/comments?post=11168"}],"version-history":[{"count":2,"href":"https:\/\/nestshostels.com\/de\/wp-json\/wp\/v2\/pages\/11168\/revisions"}],"predecessor-version":[{"id":20001,"href":"https:\/\/nestshostels.com\/de\/wp-json\/wp\/v2\/pages\/11168\/revisions\/20001"}],"wp:featuredmedia":[{"embeddable":true,"href":"https:\/\/nestshostels.com\/de\/wp-json\/wp\/v2\/media\/16492"}],"wp:attachment":[{"href":"https:\/\/nestshostels.com\/de\/wp-json\/wp\/v2\/media?parent=11168"}],"curies":[{"name":"wp","href":"https:\/\/api.w.org\/{rel}","templated":true}]}}